{"id":473,"date":"2026-01-14T08:26:18","date_gmt":"2026-01-14T08:26:18","guid":{"rendered":"https:\/\/aircompressorforlasercutter.com\/product\/portable-mini-air-compressor-for-laser-marking\/"},"modified":"2026-01-14T08:41:19","modified_gmt":"2026-01-14T08:41:19","slug":"portable-mini-air-compressor-for-laser-marking","status":"publish","type":"product","link":"https:\/\/aircompressorforlasercutter.com\/it\/prodotto\/mini-compressore-daria-portatile-per-marcatura-laser\/","title":{"rendered":"Mini compressore d'aria portatile per marcatura laser"},"content":{"rendered":"<h1>Mini compressore d'aria portatile per marcatura laser: l'eroe sconosciuto della tua configurazione di incisione laser<\/h1>\n<h2>1. Contesto: la realt\u00e0 del mercato<\/h2>\n<p>Nel competitivo panorama dell'incisione laser, la maggior parte degli acquirenti investe in modo significativo in macchine per il taglio laser di fascia alta, spesso trascurando un componente altrettanto cruciale: il compressore d'aria. Questo accessorio essenziale svolge un ruolo fondamentale nel migliorare le prestazioni complessive e la longevit\u00e0 dei sistemi laser.<\/p>\n<p>L'assistenza aerea non \u00e8 semplicemente un'unit\u00e0 ausiliaria; \u00e8 un fattore decisivo che influenza sia la <strong>qualit\u00e0 di taglio<\/strong> e il <strong>durata della macchina<\/strong>Un compressore d'aria di alta qualit\u00e0 pu\u00f2 fare la differenza tra un'incisione impeccabile e un risultato mediocre.<\/p>\n<h2>Valore fondamentale<\/h2>\n<p>Per i distributori, la scelta di una pompa dell'aria affidabile si traduce direttamente in una riduzione dei reclami dei clienti riguardanti problemi come <strong>tagli incompleti<\/strong> O <strong>lenti danneggiate<\/strong>Ci\u00f2 non solo aumenta la soddisfazione del cliente, ma aumenta anche significativamente <strong>tassi di fidelizzazione dei clienti<\/strong>Investire in un compressore d'aria di alta qualit\u00e0 pu\u00f2 quindi essere visto come un investimento nella longevit\u00e0 dei rapporti con i clienti.<\/p>\n<h2>2. Analisi dei punti critici: costi nascosti delle pompe ad aria economiche<\/h2>\n<h3>Scarsa qualit\u00e0 di taglio<\/h3>\n<p>Uno degli inconvenienti pi\u00f9 comuni associati alle pompe pneumatiche economiche \u00e8 l'instabilit\u00e0 del flusso d'aria. Questo pu\u00f2 portare a risultati indesiderati come bordi del materiale carbonizzati, riduzione dell'efficienza di taglio e un impatto negativo complessivo sull'aspetto estetico dei prodotti finali.<\/p>\n<h3>Rischio di danni all'attrezzatura<\/h3>\n<p>Le pompe dell'aria di qualit\u00e0 scadente, in particolare quelle a base di olio, possono inavvertitamente spruzzare nebbia d'olio o umidit\u00e0 sulla lente laser, con conseguenti costose riparazioni e resi logistici. Questo costo nascosto pu\u00f2 erodere i margini di profitto di qualsiasi azienda.<\/p>\n<h3>Funzionamento rumoroso<\/h3>\n<p>I compressori d'aria tradizionali spesso operano a livelli di rumore elevati, il che ne limita l'applicabilit\u00e0 in ambienti domestici o in spazi dedicati alla formazione. Questo limita la portata del mercato e riduce le opportunit\u00e0 di vendita.<\/p>\n<h2>3. La nostra soluzione: ridefinire l'assistenza aerea di livello professionale<\/h2>\n<h3>Design senza olio e senza umidit\u00e0<\/h3>\n<p>Il nostro mini compressore d'aria portatile \u00e8 dotato di un design 100% privo di olio e umidit\u00e0, che garantisce la protezione delle lenti laser. Questo non solo semplifica la manutenzione per gli utenti finali, ma aumenta anche la produttivit\u00e0 e la tranquillit\u00e0.<\/p>\n<h3>Tecnologia ultra silenziosa<\/h3>\n<p>Progettato specificamente per applicazioni indoor e home studio, il nostro compressore mantiene i livelli di rumorosit\u00e0 al di sotto dei 60 dB. Questo funzionamento ultra silenzioso migliora l'esperienza utente, rendendolo ideale per ambienti in cui il rumore potrebbe rappresentare un problema.<\/p>\n<h3>Prestazioni robuste<\/h3>\n<p>Con una portata stabile di 30 l\/min, questo compressore d'aria garantisce tagli puliti e senza fumo, anche quando si lavora con materiali pi\u00f9 spessi come compensato o acrilico. Il flusso d'aria costante \u00e8 essenziale per ottenere risultati di incisione superiori.<\/p>\n<h2>4. Ampia compatibilit\u00e0: corrispondenza unificata (problemi di inventario risolti)<\/h2>\n<h3>Ampia applicabilit\u00e0<\/h3>\n<p>Questo compressore \u00e8 stato progettato per integrarsi perfettamente con i modelli laser 95% pi\u00f9 diffusi sul mercato, tra cui marchi famosi come xTool, Ortur, Atomstack e varie macchine laser CO2.<\/p>\n<h3>Vantaggi per i distributori<\/h3>\n<p>Fornendo un unico SKU compatibile con pi\u00f9 macchine, i distributori possono ridurre significativamente la pressione sulle scorte e semplificare le complessit\u00e0 di stoccaggio, semplificando la gestione delle linee di prodotti.<\/p>\n<h2>5. Vantaggi della catena di fornitura e della partnership<\/h2>\n<h3>Forza della fabbrica<\/h3>\n<p>I nostri rigorosi processi di controllo qualit\u00e0 garantiscono un tasso di difettosit\u00e0 notevolmente basso, inferiore a 1%. Questa affidabilit\u00e0 vi consente di risparmiare sui costi logistici associati a resi e cambi.<\/p>\n<h3>Servizi di personalizzazione (OEM\/ODM)<\/h3>\n<p>Offriamo soluzioni personalizzate, tra cui la stampa del logo, la progettazione del packaging e l'adattamento a diverse specifiche di spina in base alle esigenze regionali. Questa flessibilit\u00e0 vi consente di affermare e promuovere il vostro marchio in modo efficace.<\/p>\n<h3>Assistenza post-vendita<\/h3>\n<p>Il nostro impegno nei confronti del servizio clienti comprende una rapida risposta tecnica e la capacit\u00e0 di fornire pezzi di ricambio, garantendo che le vostre operazioni procedano senza intoppi e senza inutili tempi di inattivit\u00e0.<\/p>\n<h2>6.<\/h2>\n<p>Non lasciare che componenti di qualit\u00e0 inferiore rovinino la reputazione dei tuoi macchinari di fascia alta. Scegliere un compressore d'aria di alta qualit\u00e0 \u00e8 fondamentale per mantenere la qualit\u00e0 e l'affidabilit\u00e0 che i tuoi clienti si aspettano.<\/p>\n<p>Contattateci oggi stesso per un test campione o per ottenere i prezzi all'ingrosso B2B pi\u00f9 aggiornati. Lasciate che vi aiutiamo a migliorare la vostra offerta di prodotti e a rafforzare le relazioni con i clienti.<\/p>\n<p>Per maggiori informazioni, visitare <a href=\"https:\/\/aircompressorforlasercutter.com\/it\/contattaci\/\">la nostra pagina dei contatti<\/a>.<\/p>","protected":false},"excerpt":{"rendered":"<p>Portable Mini Air Compressor for Laser Marking: The Unsung Hero of Your Laser Engraving Setup 1. Background: The Market Reality In the competitive landscape of laser engraving, most buyers invest significantly in high-end laser cutting machines, often overlooking an equally crucial component: the air compressor. This essential accessory plays a pivotal role in enhancing the [&hellip;]<\/p>","protected":false},"featured_media":456,"comment_status":"open","ping_status":"closed","template":"","meta":{"_et_pb_use_builder":"","_et_pb_old_content":"","_et_gb_content_width":""},"product_brand":[],"product_cat":[1093],"product_tag":[1096],"class_list":{"0":"post-473","1":"product","2":"type-product","3":"status-publish","4":"has-post-thumbnail","6":"product_cat-air-compressor-for-laser-cutter","7":"product_tag-air-compressor-for-laser-cutter-cost","9":"first","10":"instock","11":"shipping-taxable","12":"product-type-simple"},"_links":{"self":[{"href":"https:\/\/aircompressorforlasercutter.com\/it\/wp-json\/wp\/v2\/product\/473","targetHints":{"allow":["GET"]}}],"collection":[{"href":"https:\/\/aircompressorforlasercutter.com\/it\/wp-json\/wp\/v2\/product"}],"about":[{"href":"https:\/\/aircompressorforlasercutter.com\/it\/wp-json\/wp\/v2\/types\/product"}],"replies":[{"embeddable":true,"href":"https:\/\/aircompressorforlasercutter.com\/it\/wp-json\/wp\/v2\/comments?post=473"}],"wp:featuredmedia":[{"embeddable":true,"href":"https:\/\/aircompressorforlasercutter.com\/it\/wp-json\/wp\/v2\/media\/456"}],"wp:attachment":[{"href":"https:\/\/aircompressorforlasercutter.com\/it\/wp-json\/wp\/v2\/media?parent=473"}],"wp:term":[{"taxonomy":"product_brand","embeddable":true,"href":"https:\/\/aircompressorforlasercutter.com\/it\/wp-json\/wp\/v2\/product_brand?post=473"},{"taxonomy":"product_cat","embeddable":true,"href":"https:\/\/aircompressorforlasercutter.com\/it\/wp-json\/wp\/v2\/product_cat?post=473"},{"taxonomy":"product_tag","embeddable":true,"href":"https:\/\/aircompressorforlasercutter.com\/it\/wp-json\/wp\/v2\/product_tag?post=473"}],"curies":[{"name":"wp","href":"https:\/\/api.w.org\/{rel}","templated":true}]}}