{"id":474,"date":"2026-01-14T08:26:19","date_gmt":"2026-01-14T08:26:19","guid":{"rendered":"https:\/\/aircompressorforlasercutter.com\/product\/continuous-duty-air-pump-for-commercial-laser-cutting\/"},"modified":"2026-01-14T08:39:03","modified_gmt":"2026-01-14T08:39:03","slug":"continuous-duty-air-pump-for-commercial-laser-cutting","status":"publish","type":"product","link":"https:\/\/aircompressorforlasercutter.com\/it\/prodotto\/pompa-dellaria-a-servizio-continuo-per-taglio-laser-commerciale\/","title":{"rendered":"Pompa ad aria a servizio continuo per taglio laser commerciale"},"content":{"rendered":"<h1>Pompa ad aria a servizio continuo per taglio laser commerciale<\/h1>\n<h2>L'eroe non celebrato<\/h2>\n<p>Nel mondo del taglio laser, dove precisione e qualit\u00e0 regnano sovrane, un componente fondamentale passa spesso in secondo piano: la pompa dell'aria. Mentre gli acquirenti investono ingenti somme in macchine per incisione laser di fascia alta, l'importanza della pompa dell'aria, un accessorio essenziale, rimane ampiamente trascurata. Questa svista pu\u00f2 compromettere gli obiettivi che questi acquirenti si sforzano di raggiungere.<\/p>\n<p>L'assistenza pneumatica trascende il ruolo di un semplice accessorio; svolge un ruolo fondamentale nel determinare la qualit\u00e0 di taglio ottimale e la longevit\u00e0 dell'attrezzatura. In un mercato in cui efficienza e soddisfazione del cliente sono fondamentali, la scelta della pompa pneumatica giusta pu\u00f2 avere un impatto significativo sui risultati aziendali.<\/p>\n<h2>Approfondimenti di mercato: il costo di ignorare le pompe dell'aria<\/h2>\n<p>Per i distributori, scegliere una pompa ad aria di alta qualit\u00e0 significa ridurre i reclami dei clienti relativi a problemi come \"tagli incompleti\" e \"lenti danneggiate\". Questa scelta si traduce direttamente in tassi di fidelizzazione dei clienti pi\u00f9 elevati, favorendo relazioni a lungo termine e rafforzando la fedelt\u00e0 al marchio.<\/p>\n<h3>Analisi dei punti deboli: i costi nascosti delle pompe ad aria economiche<\/h3>\n<p>Anche se potrebbe essere allettante optare per alternative pi\u00f9 economiche, i costi nascosti associati alle pompe dell'aria economiche possono essere dannosi:<\/p>\n<ul>\n<li><strong>Scarsa qualit\u00e0 di taglio:<\/strong> Un flusso d'aria instabile provoca la carbonizzazione dei bordi del materiale e una riduzione dell'efficienza di taglio, con effetti negativi sull'aspetto del prodotto finale per gli utenti finali.<\/li>\n<li><strong>Rischio di danni all'attrezzatura:<\/strong> Le pompe di qualit\u00e0 inferiore, in particolare quelle cariche d'olio, possono emettere nebbia d'olio o umidit\u00e0 che contaminano l'ottica laser, con conseguenti costosi costi di riparazione e resi del prodotto.<\/li>\n<li><strong>Inquinamento acustico:<\/strong> I compressori d'aria tradizionali spesso operano a livelli di rumore elevati, limitandone l'uso in ambienti domestici e spazi educativi creativi, riducendone cos\u00ec la potenziale portata di mercato.<\/li>\n<\/ul>\n<h2>La nostra soluzione: ridefinire l'assistenza aerea di \"livello professionale\"<\/h2>\n<p>Ever-power \u00e8 orgogliosa di presentare una rivoluzionaria pompa pneumatica progettata specificamente per applicazioni di taglio laser commerciali. La nostra pompa pneumatica a servizio continuo ridefinisce gli standard dell'assistenza pneumatica, concentrandosi su prestazioni, affidabilit\u00e0 ed esperienza d'uso.<\/p>\n<h3>Design senza olio e senza acqua<\/h3>\n<p>La nostra pompa ad aria \u00e8 dotata di un design 100% privo di olio e acqua, che garantisce la massima protezione per le lenti laser. Gli utenti non devono pi\u00f9 preoccuparsi della manutenzione, potendo cos\u00ec concentrarsi sulle loro attivit\u00e0 principali senza sforzo.<\/p>\n<h3>Tecnologia ultra silenziosa<\/h3>\n<p>Sviluppata specificamente per ambienti indoor e home studio, la nostra pompa ad aria funziona con un livello di rumorosit\u00e0 inferiore a 60 dB. Questo funzionamento ultra silenzioso migliora significativamente l'esperienza utente, rendendola ideale per applicazioni didattiche e creative.<\/p>\n<h3>Prestazioni robuste<\/h3>\n<p>Con una portata continua di 30 litri al minuto, la nostra pompa pneumatica garantisce un flusso d'aria stabile e potente, garantendo tagli puliti e senza fumo anche durante la lavorazione di legno spesso o materiali acrilici. Queste prestazioni non solo migliorano la qualit\u00e0 del taglio, ma migliorano anche l'efficienza del flusso di lavoro.<\/p>\n<h2>Ampia compatibilit\u00e0: una soluzione unica<\/h2>\n<p>La nostra pompa ad aria \u00e8 progettata per un'ampia compatibilit\u00e0, adattandosi perfettamente fino a 95% delle principali macchine per il taglio laser disponibili sul mercato, inclusi modelli popolari come xTool, Ortur, Atomstack e varie macchine laser CO2.<\/p>\n<p>Per i distributori, ci\u00f2 significa che un singolo SKU pu\u00f2 soddisfare pi\u00f9 tipologie di macchine, riducendo efficacemente la pressione sulle scorte e semplificando la gestione delle scorte.<\/p>\n<h2>Vantaggi della catena di fornitura e della partnership<\/h2>\n<p>In Ever-power, siamo orgogliosi dei nostri rigorosi processi di controllo qualit\u00e0, che garantiscono un tasso di difettosit\u00e0 eccezionalmente basso, inferiore a 1%. Questo impegno si traduce in risparmi sui costi per i distributori, riducendo al minimo i resi e le spese logistiche.<\/p>\n<p>Offriamo anche servizi personalizzati, tra cui opzioni OEM e ODM, che consentono di personalizzare il branding, il design del packaging e le specifiche dei connettori per soddisfare le esigenze di diversi mercati. I nostri rapidi tempi di risposta tecnica e la capacit\u00e0 di fornitura di ricambi consolidano ulteriormente la nostra posizione di partner affidabile.<\/p>\n<p>Non lasciare che accessori scadenti rovinino la reputazione delle tue macchine di fascia alta. Scegliere una pompa dell'aria in linea con la qualit\u00e0 delle tue apparecchiature \u00e8 fondamentale per mantenere l'eccellenza operativa.<\/p>\n<p>Contattateci oggi stesso per richiedere un campione da testare o per ottenere il listino prezzi all'ingrosso B2B pi\u00f9 aggiornato. Arricchite la vostra offerta di prodotti con una pompa pneumatica a servizio continuo che offre prestazioni e affidabilit\u00e0 senza pari.<\/p>\n<p><a href=\"https:\/\/aircompressorforlasercutter.com\/it\/contattaci\/\">Contattaci<\/a><\/p>","protected":false},"excerpt":{"rendered":"<p>Continuous Duty Air Pump for Commercial Laser Cutting The Unsung Hero In the realm of laser cutting, where precision and quality reign supreme, one critical component often fades into the background: the air pump. While buyers invest substantial sums into high-end laser engraving machines, the importance of the air pump??a vital accessory??remains largely overlooked. This [&hellip;]<\/p>","protected":false},"featured_media":456,"comment_status":"open","ping_status":"closed","template":"","meta":{"_et_pb_use_builder":"","_et_pb_old_content":"","_et_gb_content_width":""},"product_brand":[],"product_cat":[1093],"product_tag":[1094],"class_list":{"0":"post-474","1":"product","2":"type-product","3":"status-publish","4":"has-post-thumbnail","6":"product_cat-air-compressor-for-laser-cutter","7":"product_tag-air-compressor-for-laser-cutter","9":"first","10":"instock","11":"shipping-taxable","12":"product-type-simple"},"_links":{"self":[{"href":"https:\/\/aircompressorforlasercutter.com\/it\/wp-json\/wp\/v2\/product\/474","targetHints":{"allow":["GET"]}}],"collection":[{"href":"https:\/\/aircompressorforlasercutter.com\/it\/wp-json\/wp\/v2\/product"}],"about":[{"href":"https:\/\/aircompressorforlasercutter.com\/it\/wp-json\/wp\/v2\/types\/product"}],"replies":[{"embeddable":true,"href":"https:\/\/aircompressorforlasercutter.com\/it\/wp-json\/wp\/v2\/comments?post=474"}],"wp:featuredmedia":[{"embeddable":true,"href":"https:\/\/aircompressorforlasercutter.com\/it\/wp-json\/wp\/v2\/media\/456"}],"wp:attachment":[{"href":"https:\/\/aircompressorforlasercutter.com\/it\/wp-json\/wp\/v2\/media?parent=474"}],"wp:term":[{"taxonomy":"product_brand","embeddable":true,"href":"https:\/\/aircompressorforlasercutter.com\/it\/wp-json\/wp\/v2\/product_brand?post=474"},{"taxonomy":"product_cat","embeddable":true,"href":"https:\/\/aircompressorforlasercutter.com\/it\/wp-json\/wp\/v2\/product_cat?post=474"},{"taxonomy":"product_tag","embeddable":true,"href":"https:\/\/aircompressorforlasercutter.com\/it\/wp-json\/wp\/v2\/product_tag?post=474"}],"curies":[{"name":"wp","href":"https:\/\/api.w.org\/{rel}","templated":true}]}}