{"id":476,"date":"2026-01-14T08:26:19","date_gmt":"2026-01-14T08:26:19","guid":{"rendered":"https:\/\/aircompressorforlasercutter.com\/product\/electromagnetic-air-pump-for-laser-engraving-machine\/"},"modified":"2026-01-14T08:32:52","modified_gmt":"2026-01-14T08:32:52","slug":"electromagnetic-air-pump-for-laser-engraving-machine","status":"publish","type":"product","link":"https:\/\/aircompressorforlasercutter.com\/it\/prodotto\/pompa-ad-aria-elettromagnetica-per-macchina-per-incisione-laser\/","title":{"rendered":"Pompa ad aria elettromagnetica per macchina per incisione laser"},"content":{"rendered":"<h1>Pompa ad aria elettromagnetica per macchine per incisione laser<\/h1>\n<h2>L'eroe sconosciuto dietro le quinte<\/h2>\n<p>Nell'odierno panorama competitivo, \u00e8 frequente che gli acquirenti investano ingenti capitali in macchine per incisione laser trascurando un componente fondamentale: la pompa dell'aria. Questa negligenza pu\u00f2 avere ripercussioni significative sulle prestazioni complessive e sulla durata dell'apparecchiatura. Scopriamo perch\u00e9 l'assistenza pneumatica \u00e8 molto pi\u00f9 di un semplice accessorio: \u00e8 un fattore cruciale che influenza sia la qualit\u00e0 del taglio che la durata della macchina.<\/p>\n<h2>Realt\u00e0 del mercato: trascurare la pompa dell'aria<\/h2>\n<p>L'attuale contesto di mercato \u00e8 caratterizzato da un'elevata domanda di macchine per incisione laser avanzate, spesso a prezzi elevati. Tuttavia, molti acquirenti trascurano l'importanza di integrare una pompa ad aria di alta qualit\u00e0 nel proprio impianto. Questa mancanza di attenzione pu\u00f2 causare inefficienze che incidono direttamente sull'esperienza dell'utente finale.<\/p>\n<p>L'assistenza pneumatica \u00e8 fondamentale: non solo migliora la precisione di taglio, ma contribuisce anche in modo significativo alla durata del sistema laser. Per i rivenditori B2B, la scelta della pompa ad aria giusta pu\u00f2 portare a una riduzione dei reclami dei clienti relativi a problemi come \"tagli incompleti\" o \"lenti danneggiate\", con conseguente aumento dei tassi di fidelizzazione della clientela.<\/p>\n<h2>Punti critici: costi nascosti delle pompe ad aria economiche<\/h2>\n<h3>Qualit\u00e0 di taglio scadente<\/h3>\n<p>Investire in una pompa ad aria economica pu\u00f2 comportare una serie di problemi, principalmente instabilit\u00e0 del flusso d'aria. Tale instabilit\u00e0 pu\u00f2 causare bruciature sui bordi dei materiali, una minore efficienza di taglio e un prodotto finale meno attraente per gli utenti. In un mercato in cui la qualit\u00e0 estetica influenza direttamente le vendite, questi inconvenienti possono essere deleteri.<\/p>\n<h3>Rischio di danni all'attrezzatura<\/h3>\n<p>L'utilizzo di pompe ad aria di qualit\u00e0 inferiore, in particolare quelle contenenti olio, comporta rischi significativi. Queste pompe possono emettere nebbie oleose o umidit\u00e0, contaminando le ottiche laser. Tale contaminazione pu\u00f2 causare costose riparazioni e un aumento dei resi, con conseguenti ripercussioni negative sul bilancio aziendale.<\/p>\n<h3>Deterrente del rumore<\/h3>\n<p>I compressori d'aria tradizionali sono spesso rumorosi, creando un ambiente inadatto agli utenti domestici o ai laboratori didattici. Gli elevati livelli di decibel possono scoraggiare i potenziali clienti, limitando la portata del mercato e le opportunit\u00e0 di vendita.<\/p>\n<h2>La nostra soluzione: ridefinire l'assistenza aerea di livello professionale<\/h2>\n<h3>Design senza olio e senza acqua<\/h3>\n<p>La nostra pompa ad aria elettromagnetica garantisce la protezione 100% per le lenti laser grazie al suo design senza olio e senza acqua. Questa caratteristica assicura che gli utenti finali non debbano preoccuparsi della manutenzione, offrendo un'esperienza senza problemi che aumenta la soddisfazione dell'utente.<\/p>\n<h3>Tecnologia ultra silenziosa<\/h3>\n<p>Progettata specificamente per ambienti interni, la nostra pompa ad aria utilizza una tecnologia acustica all'avanguardia per mantenere i livelli di rumorosit\u00e0 al di sotto dei 60 dB. Questo funzionamento estremamente silenzioso migliora significativamente l'esperienza dell'utente, rendendola ideale per studi di registrazione domestici o contesti didattici.<\/p>\n<h3>Prestazioni robuste<\/h3>\n<p>La nostra pompa ad aria offre una portata continua di 30 l\/min, garantendo un flusso d'aria stabile. Questa prestazione \u00e8 fondamentale per il taglio di materiali spessi come legno o acrilico, consentendo tagli netti e una minima produzione di fumo. Gli utenti possono aspettarsi risultati impeccabili che valorizzano la loro offerta di prodotti.<\/p>\n<h2>Compatibilit\u00e0: una soluzione completa per l'abbinamento.<\/h2>\n<h3>Ampia compatibilit\u00e0<\/h3>\n<p>Questa pompa ad aria \u00e8 progettata per integrarsi perfettamente con il modello 95% dei principali modelli di incisione laser, tra cui xTool, Ortur, Atomstack e diverse macchine laser CO2. Tale versatilit\u00e0 \u00e8 preziosa per i rivenditori B2B, in quanto consente una gestione semplificata delle scorte.<\/p>\n<h3>Vantaggi per i distributori<\/h3>\n<p>Grazie a un unico codice prodotto compatibile con pi\u00f9 macchine, i distributori possono ridurre significativamente la pressione sulle scorte e semplificare i processi di rifornimento. Questa soluzione non solo migliora l'efficienza operativa, ma riduce anche la complessit\u00e0 dell'evasione degli ordini.<\/p>\n<h2>Vantaggi della catena di fornitura e della partnership<\/h2>\n<h3>Forza della fabbrica<\/h3>\n<p>I nostri rigorosi processi di controllo qualit\u00e0 ci consentono di mantenere un tasso di difettosit\u00e0 eccezionalmente basso, inferiore a 1%. Questa affidabilit\u00e0 si traduce in una riduzione dei costi logistici associati a resi e sostituzioni, offrendo una soluzione economicamente vantaggiosa per la vostra azienda.<\/p>\n<h3>Servizi personalizzati (OEM\/ODM)<\/h3>\n<p>Offriamo soluzioni su misura, tra cui la personalizzazione del logo del marchio, la progettazione del packaging e le specifiche delle spine, per soddisfare le esigenze di diversi mercati. Questa flessibilit\u00e0 vi permette di costruire la vostra identit\u00e0 di marca con facilit\u00e0.<\/p>\n<h3>Assistenza post-vendita<\/h3>\n<p>Il nostro impegno per la soddisfazione del cliente include tempi di risposta tecnica rapidi e un'efficiente disponibilit\u00e0 di pezzi di ricambio. Questo sistema di supporto vi garantisce la continuit\u00e0 operativa e la soddisfazione dei vostri clienti.<\/p>\n<h2>Conclusione e invito all'azione<\/h2>\n<p>Non permettete che componenti scadenti compromettano la reputazione delle vostre macchine di alta gamma. Investite in una pompa ad aria che sia all'altezza della qualit\u00e0 delle vostre apparecchiature e che migliori l'esperienza d'uso complessiva.<\/p>\n<p>Contattaci oggi stesso per richiedere dei campioni o per ricevere i prezzi all'ingrosso B2B pi\u00f9 aggiornati. Valorizziamo la tua offerta con un prodotto che mantiene davvero le sue promesse.<\/p>\n<p>Per informazioni, visitare <a href=\"https:\/\/aircompressorforlasercutter.com\/it\/contattaci\/\">Pagina dei contatti di Ever-power<\/a>.<\/p>","protected":false},"excerpt":{"rendered":"<p>Electromagnetic Air Pump for Laser Engraving Machine The Unsung Hero Behind the Scenes In today&#8217;s competitive landscape, it is common for buyers to invest significant capital into laser engraving machines while neglecting one critical component: the air pump. This oversight can have substantial implications on the overall performance and longevity of the equipment. Let&#8217;s explore [&hellip;]<\/p>","protected":false},"featured_media":456,"comment_status":"open","ping_status":"closed","template":"","meta":{"_et_pb_use_builder":"","_et_pb_old_content":"","_et_gb_content_width":""},"product_brand":[],"product_cat":[1093],"product_tag":[1096],"class_list":{"0":"post-476","1":"product","2":"type-product","3":"status-publish","4":"has-post-thumbnail","6":"product_cat-air-compressor-for-laser-cutter","7":"product_tag-air-compressor-for-laser-cutter-cost","9":"first","10":"instock","11":"shipping-taxable","12":"product-type-simple"},"_links":{"self":[{"href":"https:\/\/aircompressorforlasercutter.com\/it\/wp-json\/wp\/v2\/product\/476","targetHints":{"allow":["GET"]}}],"collection":[{"href":"https:\/\/aircompressorforlasercutter.com\/it\/wp-json\/wp\/v2\/product"}],"about":[{"href":"https:\/\/aircompressorforlasercutter.com\/it\/wp-json\/wp\/v2\/types\/product"}],"replies":[{"embeddable":true,"href":"https:\/\/aircompressorforlasercutter.com\/it\/wp-json\/wp\/v2\/comments?post=476"}],"wp:featuredmedia":[{"embeddable":true,"href":"https:\/\/aircompressorforlasercutter.com\/it\/wp-json\/wp\/v2\/media\/456"}],"wp:attachment":[{"href":"https:\/\/aircompressorforlasercutter.com\/it\/wp-json\/wp\/v2\/media?parent=476"}],"wp:term":[{"taxonomy":"product_brand","embeddable":true,"href":"https:\/\/aircompressorforlasercutter.com\/it\/wp-json\/wp\/v2\/product_brand?post=476"},{"taxonomy":"product_cat","embeddable":true,"href":"https:\/\/aircompressorforlasercutter.com\/it\/wp-json\/wp\/v2\/product_cat?post=476"},{"taxonomy":"product_tag","embeddable":true,"href":"https:\/\/aircompressorforlasercutter.com\/it\/wp-json\/wp\/v2\/product_tag?post=476"}],"curies":[{"name":"wp","href":"https:\/\/api.w.org\/{rel}","templated":true}]}}