{"id":477,"date":"2026-01-14T08:26:19","date_gmt":"2026-01-14T08:26:19","guid":{"rendered":"https:\/\/aircompressorforlasercutter.com\/product\/air-compressor-to-prevent-charring-on-wood-laser-cut\/"},"modified":"2026-01-14T08:32:43","modified_gmt":"2026-01-14T08:32:43","slug":"air-compressor-to-prevent-charring-on-wood-laser-cut","status":"publish","type":"product","link":"https:\/\/aircompressorforlasercutter.com\/it\/prodotto\/compressore-daria-per-evitare-la-carbonizzazione-del-legno-tagliato-al-laser\/","title":{"rendered":"Compressore d'aria per evitare la carbonizzazione del legno tagliato al laser"},"content":{"rendered":"<h1>Compressore d'aria per evitare la carbonizzazione del legno tagliato al laser: l'eroe non celebrato<\/h1>\n<h2>1. Contesto: la componente trascurata<\/h2>\n<p>Nel competitivo panorama dell'incisione e del taglio laser, molti acquirenti investono massicciamente in macchine laser di fascia alta, spesso trascurando l'accessorio cruciale che pu\u00f2 influire significativamente sulle prestazioni di taglio: il compressore d'aria. Sebbene la precisione del laser cutter sia pubblicizzata come il suo principale punto di forza, l'efficacia del processo di taglio \u00e8 strettamente legata alla qualit\u00e0 dell'aria compressa. Questo articolo mira a sottolineare che l'assistenza all'aria compressa non \u00e8 un semplice accessorio; \u00e8 un fattore critico che influenza direttamente sia la qualit\u00e0 del taglio che la longevit\u00e0 della macchina.<\/p>\n<h2>Prospettiva fondamentale: il ruolo dell'assistenza aerea nella qualit\u00e0 e nella longevit\u00e0<\/h2>\n<p>Per distributori e produttori, scegliere un compressore d'aria di alta qualit\u00e0 significa ridurre l'insoddisfazione dei clienti derivante da problemi come \"tagli inadeguati\" o \"ottiche danneggiate\". Garantendo agli utenti finali risultati di taglio ottimali, i fornitori possono godere di tassi di fidelizzazione pi\u00f9 elevati e promuovere partnership a lungo termine. Un compressore d'aria efficiente pu\u00f2 aumentare la produttivit\u00e0, migliorare l'esperienza utente e, in definitiva, incrementare le vendite.<\/p>\n<h2>2. Analisi dei punti critici: i costi nascosti dei compressori d'aria economici<\/h2>\n<h3>Scarsa qualit\u00e0 di taglio<\/h3>\n<p>Investire in un compressore d'aria a basso costo pu\u00f2 causare un flusso d'aria instabile, con conseguenti bordi del materiale carbonizzati e una riduzione dell'efficienza di taglio. Ci\u00f2 non solo influisce sull'aspetto estetico del prodotto finale, ma pu\u00f2 anche comportare un aumento degli sprechi di materiale. Per le aziende, mantenere elevati standard qualitativi \u00e8 essenziale, poich\u00e9 risultati scadenti possono danneggiare la reputazione e portare a una diminuzione della fidelizzazione dei clienti.<\/p>\n<h3>Rischio di danni all'attrezzatura<\/h3>\n<p>L'utilizzo di compressori d'aria di qualit\u00e0 inferiore, soprattutto quelli oleosi, pu\u00f2 rilasciare vapori che contaminano le ottiche laser. Questa contaminazione pu\u00f2 comportare costose riparazioni e un aumento dei reclami dei clienti. Proteggere l'integrit\u00e0 delle costose apparecchiature laser \u00e8 fondamentale; pertanto, investire in un compressore d'aria affidabile \u00e8 una decisione strategica che protegge le risorse e riduce al minimo le interruzioni operative.<\/p>\n<h3>Inquinamento acustico<\/h3>\n<p>I compressori d'aria tradizionali possono generare un rumore eccessivo, rendendoli inadatti per utenti domestici e ambienti scolastici. Il funzionamento rumoroso pu\u00f2 scoraggiare potenziali clienti nel settore del fai da te e degli spazi creativi. Scegliendo un modello pi\u00f9 silenzioso, le aziende possono ampliare la propria portata di mercato e rivolgersi a un pubblico pi\u00f9 ampio, inclusi proprietari di case e istituti scolastici.<\/p>\n<h2>3. La nostra soluzione: ridefinire l'assistenza aerea professionale<\/h2>\n<h3>Design senza olio e senza acqua<\/h3>\n<p>Il nostro compressore d'aria \u00e8 dotato di un design 100% oil-free e water-free, che garantisce l'assenza di contaminazione delle ottiche laser. Questo design non solo garantisce tagli pi\u00f9 netti, ma riduce anche gli oneri di manutenzione per gli utenti finali. Senza la necessit\u00e0 di una manutenzione regolare, i clienti possono concentrarsi sui loro progetti senza lo stress della manutenzione delle apparecchiature.<\/p>\n<h3>Tecnologia ultra silenziosa<\/h3>\n<p>Progettato specificamente per applicazioni indoor e home studio, il nostro compressore d'aria funziona a un livello di rumorosit\u00e0 incredibilmente basso (&lt;60 dB). Questa silenziosit\u00e0 elevata migliora notevolmente l&#039;esperienza dell&#039;utente, offrendo un ambiente di lavoro silenzioso. Gli utenti possono dedicarsi ai loro progetti senza rumori molesti, stimolando la creativit\u00e0 e la produttivit\u00e0.<\/p>\n<h3>Prestazioni robuste<\/h3>\n<p>Con una portata costante di 30 l\/min, il nostro compressore d'aria eroga un flusso d'aria potente, garantendo tagli puliti su legno spesso e materiali acrilici. Queste prestazioni affidabili consentono agli utenti di ottenere risultati impeccabili, senza la frustrazione di fumo o residui che compromettono il lavoro. Mantenendo condizioni di taglio pulite, le aziende possono aumentare l'efficienza operativa e la qualit\u00e0 del prodotto.<\/p>\n<h2>4. Ampia compatibilit\u00e0: corrispondenza unica<\/h2>\n<h3>Ampia applicabilit\u00e0<\/h3>\n<p>Il nostro compressore d'aria \u00e8 progettato per integrarsi perfettamente con i modelli 95% di taglio laser pi\u00f9 diffusi sul mercato, tra cui xTool, Ortur, Atomstack e diverse macchine laser CO2. Questa straordinaria compatibilit\u00e0 consente ai distributori di ottimizzare il proprio inventario e offrire una soluzione versatile ai propri clienti.<\/p>\n<h3>Vantaggi per i distributori<\/h3>\n<p>La strategia \"un unico SKU per pi\u00f9 macchine\" riduce significativamente la pressione sulle scorte e le complessit\u00e0 di stoccaggio per i distributori. Semplificando l'offerta di prodotti, le aziende possono migliorare l'efficienza operativa e concentrarsi sull'offerta di un servizio eccezionale ai propri clienti.<\/p>\n<h2>5. Vantaggi della catena di fornitura e della partnership<\/h2>\n<h3>Forza della fabbrica<\/h3>\n<p>I nostri rigorosi processi di controllo qualit\u00e0 garantiscono un tasso di difettosit\u00e0 estremamente basso (&lt;1%), che si traduce in una riduzione dei costi logistici legati a resi e cambi. Scegliendo i nostri compressori d&#039;aria, i distributori investono in attrezzature affidabili e durevoli che soddisfano standard elevati.<\/p>\n<h3>Servizi personalizzabili (OEM\/ODM)<\/h3>\n<p>Offriamo opzioni di personalizzazione complete, tra cui il branding con il vostro logo, design di packaging personalizzati e diverse specifiche di plug-in per diversi mercati. Questa flessibilit\u00e0 vi consente di costruire e promuovere efficacemente la vostra brand identity.<\/p>\n<h3>Assistenza post-vendita<\/h3>\n<p>Il nostro impegno per la soddisfazione del cliente va oltre la vendita. Forniamo risposte tecniche rapide e una fornitura affidabile di ricambi, garantendo la soddisfazione e l'operativit\u00e0 dei vostri clienti. Questo livello di supporto \u00e8 fondamentale per instaurare relazioni a lungo termine e rafforzare la fedelt\u00e0 al marchio.<\/p>\n<h2>6. Conclusione e invito all'azione (CTA)<\/h2>\n<p>In conclusione, non lasciate che accessori di qualit\u00e0 inferiore rovinino la reputazione delle vostre macchine laser di fascia alta. Scegliere un compressore d'aria all'altezza della qualit\u00e0 della vostra attrezzatura \u00e8 una decisione fondamentale che pu\u00f2 migliorare le prestazioni di taglio, ridurre i problemi di manutenzione e aumentare la soddisfazione del cliente. Agite subito contattandoci per un test di prova o per richiedere i prezzi all'ingrosso B2B pi\u00f9 aggiornati.<\/p>\n<p><a href=\"https:\/\/aircompressorforlasercutter.com\/it\/contattaci\/\">Contattaci oggi<\/a> per migliorare le tue soluzioni di taglio e garantire il meglio ai tuoi clienti.<\/p>","protected":false},"excerpt":{"rendered":"<p>Air Compressor to Prevent Charring on Wood Laser Cut: The Unsung Hero 1. Background: The Overlooked Component In the competitive landscape of laser engraving and cutting, many buyers invest heavily in high-end laser machines, often neglecting the crucial accessory that can significantly impact their cutting performance: the air compressor. While the laser cutter??s precision is [&hellip;]<\/p>","protected":false},"featured_media":456,"comment_status":"open","ping_status":"closed","template":"","meta":{"_et_pb_use_builder":"","_et_pb_old_content":"","_et_gb_content_width":""},"product_brand":[],"product_cat":[1093],"product_tag":[1094],"class_list":{"0":"post-477","1":"product","2":"type-product","3":"status-publish","4":"has-post-thumbnail","6":"product_cat-air-compressor-for-laser-cutter","7":"product_tag-air-compressor-for-laser-cutter","9":"first","10":"instock","11":"shipping-taxable","12":"product-type-simple"},"_links":{"self":[{"href":"https:\/\/aircompressorforlasercutter.com\/it\/wp-json\/wp\/v2\/product\/477","targetHints":{"allow":["GET"]}}],"collection":[{"href":"https:\/\/aircompressorforlasercutter.com\/it\/wp-json\/wp\/v2\/product"}],"about":[{"href":"https:\/\/aircompressorforlasercutter.com\/it\/wp-json\/wp\/v2\/types\/product"}],"replies":[{"embeddable":true,"href":"https:\/\/aircompressorforlasercutter.com\/it\/wp-json\/wp\/v2\/comments?post=477"}],"wp:featuredmedia":[{"embeddable":true,"href":"https:\/\/aircompressorforlasercutter.com\/it\/wp-json\/wp\/v2\/media\/456"}],"wp:attachment":[{"href":"https:\/\/aircompressorforlasercutter.com\/it\/wp-json\/wp\/v2\/media?parent=477"}],"wp:term":[{"taxonomy":"product_brand","embeddable":true,"href":"https:\/\/aircompressorforlasercutter.com\/it\/wp-json\/wp\/v2\/product_brand?post=477"},{"taxonomy":"product_cat","embeddable":true,"href":"https:\/\/aircompressorforlasercutter.com\/it\/wp-json\/wp\/v2\/product_cat?post=477"},{"taxonomy":"product_tag","embeddable":true,"href":"https:\/\/aircompressorforlasercutter.com\/it\/wp-json\/wp\/v2\/product_tag?post=477"}],"curies":[{"name":"wp","href":"https:\/\/api.w.org\/{rel}","templated":true}]}}