{"id":478,"date":"2026-01-14T08:26:19","date_gmt":"2026-01-14T08:26:19","guid":{"rendered":"https:\/\/aircompressorforlasercutter.com\/product\/air-compressor-for-cleaner-laser-engraving-edges\/"},"modified":"2026-01-14T08:36:17","modified_gmt":"2026-01-14T08:36:17","slug":"air-compressor-for-cleaner-laser-engraving-edges","status":"publish","type":"product","link":"https:\/\/aircompressorforlasercutter.com\/it\/prodotto\/compressore-daria-per-bordi-di-incisione-laser-piu-puliti\/","title":{"rendered":"Compressore d'aria per bordi di incisione laser pi\u00f9 puliti"},"content":{"rendered":"<h1>Compressore d'aria per bordi di incisione laser pi\u00f9 puliti<\/h1>\n<h2>L'eroe sconosciuto dietro le quinte<\/h2>\n<p>Nel mondo in rapida evoluzione dell'incisione laser, un elemento cruciale rimane spesso nell'ombra: il compressore d'aria. La maggior parte degli acquirenti investe in modo significativo in macchine per incisione laser di fascia alta, ma spesso trascura l'importanza di una pompa dell'aria affidabile. Questa negligenza pu\u00f2 compromettere la qualit\u00e0 del lavoro, incidendo in ultima analisi sulla reputazione e sulla produttivit\u00e0.<\/p>\n<h2>Contesto: panorama attuale del mercato<\/h2>\n<p>Il mercato \u00e8 inondato di opzioni per macchinari per l'incisione laser, ognuna delle quali promette precisione ed efficienza senza pari. Tuttavia, molti utenti non si rendono conto che l'assistenza pneumatica non \u00e8 un semplice accessorio; \u00e8 un componente fondamentale che influenza direttamente la qualit\u00e0 del taglio e la longevit\u00e0 della macchina. Il giusto compressore d'aria pu\u00f2 fare una differenza significativa nel risultato finale.<\/p>\n<h2>Intuizione di base<\/h2>\n<p>Per i distributori, scegliere una pompa dell'aria di alta qualit\u00e0 si traduce in una riduzione dei reclami da parte dei clienti per problemi come tagli incompleti o danni alle lenti. Questo miglioramento non solo aumenta la soddisfazione del cliente, ma porta anche a tassi di fidelizzazione pi\u00f9 elevati. Comprendendo il ruolo fondamentale svolto dai compressori d'aria, i distributori possono offrire ai propri clienti una soluzione pi\u00f9 solida e in linea con le loro esigenze operative.<\/p>\n<p><img loading=\"lazy\" decoding=\"async\" class=\"wp-image-455 size-full aligncenter\" src=\"https:\/\/aircompressorforlasercutter.com\/wp-content\/uploads\/2026\/01\/Air-Compressor-For-Laser-Cutter2.webp\" alt=\"Compressore d&#039;aria per taglierina laser\" width=\"800\" height=\"800\" srcset=\"https:\/\/aircompressorforlasercutter.com\/wp-content\/uploads\/2026\/01\/Air-Compressor-For-Laser-Cutter2.webp 800w, https:\/\/aircompressorforlasercutter.com\/wp-content\/uploads\/2026\/01\/Air-Compressor-For-Laser-Cutter2-480x480.webp 480w\" sizes=\"auto, (min-width: 0px) and (max-width: 480px) 480px, (min-width: 481px) 800px, 100vw\" \/><\/p>\n<h2>Analisi dei punti critici: costi nascosti delle pompe ad aria economiche<\/h2>\n<h3>Scarsa qualit\u00e0 di taglio<\/h3>\n<p>Investire in una pompa ad aria a basso costo spesso si traduce in un flusso d'aria instabile, con conseguente bruciatura o carbonizzazione dei bordi del materiale. Questa incoerenza influisce negativamente sull'aspetto dei prodotti finiti, con conseguente diminuzione della soddisfazione del cliente e potenziale perdita di fatturato.<\/p>\n<h3>Rischio di danni all'attrezzatura<\/h3>\n<p>Le pompe dell'aria di qualit\u00e0 scadente, in particolare quelle contenenti olio, possono rilasciare nebbia d'olio o umidit\u00e0 che contaminano le lenti laser. Questo non solo fa aumentare i costi di manutenzione, ma pu\u00f2 anche comportare costose riparazioni o resi, con un impatto significativo sul budget operativo.<\/p>\n<h3>Operazioni rumorose<\/h3>\n<p>I compressori d'aria tradizionali sono noti per i loro livelli di rumorosit\u00e0 eccessivi, che possono scoraggiare gli utenti domestici e gli spazi creativi didattici dall'utilizzare la tecnologia di incisione laser. Questa limitazione riduce la potenziale base di clienti e limita le opportunit\u00e0 di crescita del mercato.<\/p>\n<h2>La nostra soluzione: ridefinire l'assistenza aerea professionale<\/h2>\n<h3>Design senza olio e senza acqua<\/h3>\n<p>Il nostro compressore d'aria \u00e8 caratterizzato da un innovativo design oil-free e water-free, che garantisce la protezione 100% per le lenti laser. Ci\u00f2 significa che gli utenti possono concentrarsi sui loro progetti senza preoccuparsi della manutenzione, con un conseguente flusso di lavoro pi\u00f9 efficiente.<\/p>\n<h3>Tecnologia ultra silenziosa<\/h3>\n<p>Progettato specificamente per studi di registrazione indoor e home studio, il nostro compressore d'aria funziona con un livello di rumorosit\u00e0 incredibilmente basso, inferiore a 60 dB. Questa innovazione migliora significativamente l'esperienza utente, rendendolo la scelta ideale sia per gli hobbisti che per i professionisti.<\/p>\n<h3>Prestazioni robuste<\/h3>\n<p>Con una portata stabile di 30 l\/min, il nostro compressore d'aria garantisce tagli puliti e senza fumo, anche quando si lavora con materiali pi\u00f9 spessi come compensato o acrilico. Questa affidabilit\u00e0 garantisce agli utenti risultati di alta qualit\u00e0 costanti.<\/p>\n<p><img loading=\"lazy\" decoding=\"async\" class=\"wp-image-458 size-full aligncenter\" src=\"https:\/\/aircompressorforlasercutter.com\/wp-content\/uploads\/2026\/01\/Air-Compressor-For-Laser-Cutter6.webp\" alt=\"Compressore d&#039;aria per taglierina laser\" width=\"800\" height=\"800\" srcset=\"https:\/\/aircompressorforlasercutter.com\/wp-content\/uploads\/2026\/01\/Air-Compressor-For-Laser-Cutter6.webp 800w, https:\/\/aircompressorforlasercutter.com\/wp-content\/uploads\/2026\/01\/Air-Compressor-For-Laser-Cutter6-480x480.webp 480w\" sizes=\"auto, (min-width: 0px) and (max-width: 480px) 480px, (min-width: 481px) 800px, 100vw\" \/><\/p>\n<h2>Ampia compatibilit\u00e0<\/h2>\n<h3>Ampia applicabilit\u00e0<\/h3>\n<p>Il nostro compressore d'aria \u00e8 progettato per integrarsi perfettamente con le principali macchine per incisione laser 95% presenti sul mercato, tra cui xTool, Ortur, Atomstack e vari sistemi laser CO2. Questa versatilit\u00e0 ne consente un'adozione semplice senza la necessit\u00e0 di modifiche sostanziali.<\/p>\n<h3>Vantaggi per i distributori<\/h3>\n<p>Offrendo un unico SKU compatibile con pi\u00f9 macchine, i distributori possono ridurre significativamente la pressione sulle scorte e semplificare i processi di stoccaggio, migliorando in definitiva l'efficienza operativa.<\/p>\n<h2>Vantaggi della catena di fornitura e della collaborazione<\/h2>\n<h3>Forza della fabbrica<\/h3>\n<p>I nostri rigorosi processi di controllo qualit\u00e0 garantiscono un tasso di difettosit\u00e0 eccezionalmente basso, inferiore a 1%. Questa meticolosa attenzione ai dettagli evita ai distributori di sostenere costi logistici legati a resi e cambi, aumentando la redditivit\u00e0.<\/p>\n<h3>Servizi di personalizzazione<\/h3>\n<p>Offriamo servizi su misura, tra cui la personalizzazione del logo, la progettazione del packaging e la capacit\u00e0 di adattarci alle diverse specifiche delle spine dei vari Paesi. Questa flessibilit\u00e0 consente ai distributori di sviluppare la propria identit\u00e0 di marca, soddisfacendo al contempo le esigenze del mercato.<\/p>\n<h3>Assistenza post-vendita<\/h3>\n<p>La nostra rapida risposta tecnica e la capacit\u00e0 di fornire pezzi di ricambio garantiscono ai clienti un'assistenza tempestiva, migliorando ulteriormente la loro esperienza operativa e la fiducia nei nostri prodotti.<\/p>\n<p>Non lasciare che accessori di qualit\u00e0 inferiore rovinino la reputazione delle tue macchine di fascia alta. Scegli una pompa dell'aria che si adatti alla qualit\u00e0 della tua attrezzatura per garantire risultati superiori e accrescere la credibilit\u00e0 del tuo marchio.<\/p>\n<p>Contattateci oggi stesso per richiedere un campione da testare o per conoscere i prezzi all'ingrosso B2B pi\u00f9 aggiornati. Fate un passo avanti per far crescere la vostra attivit\u00e0 con i compressori d'aria all'avanguardia di Ever-power.<\/p>\n<p style=\"text-align: center;\"><span style=\"font-size: 18pt;\"><a href=\"https:\/\/aircompressorforlasercutter.com\/it\/contattaci\/\">Contattaci<\/a><\/span><\/p>","protected":false},"excerpt":{"rendered":"<p>Air Compressor for Cleaner Laser Engraving Edges The Unsung Hero Behind the Scenes In the fast-evolving world of laser engraving, one crucial element often remains in the shadows??the air compressor. Most buyers invest significantly in high-end laser engraving machines, yet they frequently overlook the importance of a reliable air pump. This oversight can undermine the [&hellip;]<\/p>","protected":false},"featured_media":457,"comment_status":"open","ping_status":"closed","template":"","meta":{"_et_pb_use_builder":"","_et_pb_old_content":"","_et_gb_content_width":""},"product_brand":[],"product_cat":[1093],"product_tag":[1095],"class_list":{"0":"post-478","1":"product","2":"type-product","3":"status-publish","4":"has-post-thumbnail","6":"product_cat-air-compressor-for-laser-cutter","7":"product_tag-air-compressor-for-laser-cutter-price","9":"first","10":"instock","11":"shipping-taxable","12":"product-type-simple"},"_links":{"self":[{"href":"https:\/\/aircompressorforlasercutter.com\/it\/wp-json\/wp\/v2\/product\/478","targetHints":{"allow":["GET"]}}],"collection":[{"href":"https:\/\/aircompressorforlasercutter.com\/it\/wp-json\/wp\/v2\/product"}],"about":[{"href":"https:\/\/aircompressorforlasercutter.com\/it\/wp-json\/wp\/v2\/types\/product"}],"replies":[{"embeddable":true,"href":"https:\/\/aircompressorforlasercutter.com\/it\/wp-json\/wp\/v2\/comments?post=478"}],"wp:featuredmedia":[{"embeddable":true,"href":"https:\/\/aircompressorforlasercutter.com\/it\/wp-json\/wp\/v2\/media\/457"}],"wp:attachment":[{"href":"https:\/\/aircompressorforlasercutter.com\/it\/wp-json\/wp\/v2\/media?parent=478"}],"wp:term":[{"taxonomy":"product_brand","embeddable":true,"href":"https:\/\/aircompressorforlasercutter.com\/it\/wp-json\/wp\/v2\/product_brand?post=478"},{"taxonomy":"product_cat","embeddable":true,"href":"https:\/\/aircompressorforlasercutter.com\/it\/wp-json\/wp\/v2\/product_cat?post=478"},{"taxonomy":"product_tag","embeddable":true,"href":"https:\/\/aircompressorforlasercutter.com\/it\/wp-json\/wp\/v2\/product_tag?post=478"}],"curies":[{"name":"wp","href":"https:\/\/api.w.org\/{rel}","templated":true}]}}