{"id":479,"date":"2026-01-14T08:26:20","date_gmt":"2026-01-14T08:26:20","guid":{"rendered":"https:\/\/aircompressorforlasercutter.com\/product\/high-pressure-air-assist-for-deep-laser-cutting\/"},"modified":"2026-01-14T08:32:16","modified_gmt":"2026-01-14T08:32:16","slug":"high-pressure-air-assist-for-deep-laser-cutting","status":"publish","type":"product","link":"https:\/\/aircompressorforlasercutter.com\/it\/prodotto\/assistenza-ad-aria-ad-alta-pressione-per-taglio-laser-profondo\/","title":{"rendered":"Assistenza ad aria ad alta pressione per taglio laser profondo"},"content":{"rendered":"<h1>Assistenza ad aria ad alta pressione per il taglio laser profondo: l'eroe trascurato e misconosciuto<\/h1>\n<h2>1. Contesto: l'attuale panorama del mercato<\/h2>\n<p>Nel panorama in rapida evoluzione della tecnologia del taglio laser, la maggior parte degli acquirenti investe ingenti somme di denaro in macchine per incisione laser avanzate, spesso trascurando un componente fondamentale: il compressore d'aria. Sebbene l'attenzione sia principalmente rivolta al dispositivo di taglio in s\u00e9, la pompa dell'aria svolge un ruolo fondamentale nel garantire prestazioni, efficienza e qualit\u00e0 di produzione ottimali. Infatti, l'assistenza pneumatica non \u00e8 un semplice accessorio; influenza in modo fondamentale la qualit\u00e0 del taglio e prolunga la durata delle macchine laser.<\/p>\n<p>L'importanza dell'assistenza pneumatica non pu\u00f2 essere sopravvalutata. Per i clienti B2B, scegliere la pompa pneumatica giusta si traduce in un minor numero di reclami relativi a problemi come tagli incompleti o lenti danneggiate, con conseguente aumento dei tassi di fidelizzazione dei clienti. \u00c8 fondamentale riconoscere che i sistemi di assistenza pneumatica hanno un impatto diretto sui profitti, migliorando sia l'usabilit\u00e0 che la soddisfazione del cliente.<\/p>\n<h2>2. Analisi dei punti critici: i costi nascosti delle pompe ad aria economiche<\/h2>\n<p>Optare per pompe ad aria a basso costo pu\u00f2 comportare una moltitudine di costi nascosti che compromettono sia la qualit\u00e0 che la soddisfazione del cliente. Le conseguenze della scelta di un compressore d'aria di qualit\u00e0 inferiore possono manifestarsi in vari modi:<\/p>\n<h3>Problemi di qualit\u00e0 del taglio<\/h3>\n<p>Un flusso d'aria instabile proveniente da compressori di qualit\u00e0 inferiore pu\u00f2 causare bruciature o carbonizzazioni sui bordi dei materiali, compromettendone l'aspetto estetico. L'efficienza di taglio ne risente, con risultati incoerenti. Quando gli utenti finali ricevono prodotti di qualit\u00e0 inferiore, le loro vendite e la loro reputazione ne risentono negativamente.<\/p>\n<h3>Rischio di danni all'attrezzatura<\/h3>\n<p>L'utilizzo di pompe ad aria di bassa qualit\u00e0, in particolare quelle cariche d'olio, pu\u00f2 rilasciare nebbia d'olio o umidit\u00e0, contaminando le lenti laser. Ci\u00f2 non solo richiede costose riparazioni, ma pu\u00f2 anche comportare un aumento dei resi, incidendo in ultima analisi sulla redditivit\u00e0.<\/p>\n<h3>Deterrenza del rumore<\/h3>\n<p>I compressori d'aria tradizionali producono spesso un rumore eccessivo, che pu\u00f2 scoraggiare gli utenti domestici e gli spazi creativi didattici dall'utilizzare la tecnologia di taglio laser. Questa limitazione riduce il potenziale mercato di vendita, incidendo sulla crescita del fatturato.<\/p>\n<h2>3. La nostra soluzione: ridefinire l'assistenza pneumatica di \"livello professionale\"<\/h2>\n<p>In Ever-power, ci impegniamo a fornire una soluzione di assistenza pneumatica ad alte prestazioni che risolva i difetti dei compressori d'aria convenzionali. Le nostre caratteristiche innovative migliorano l'esperienza utente e garantiscono risultati di taglio superiori:<\/p>\n<h3>Design senza olio e senza acqua<\/h3>\n<p>Le nostre pompe ad aria sono dotate di un design 100% privo di olio e acqua, che garantisce la protezione delle lenti laser. Questo elimina le preoccupazioni relative alla manutenzione per gli utenti finali, offrendo un'esperienza senza problemi.<\/p>\n<h3>Tecnologia ultra silenziosa<\/h3>\n<p>Progettate specificamente per ambienti indoor e home studio, le nostre pompe ad aria mantengono livelli di rumorosit\u00e0 inferiori a 60 dB. Questo funzionamento ultra silenzioso aumenta la soddisfazione dell'utente e ne amplia l'usabilit\u00e0 in diverse situazioni.<\/p>\n<h3>Prestazioni robuste<\/h3>\n<p>Grazie a un flusso d'aria costante e stabile di 30 l\/min, le nostre pompe pneumatiche garantiscono un taglio netto e pulito anche di materiali spessi come legno o acrilico, senza fumo o polvere. Questo si traduce in prodotti finali di alta qualit\u00e0 per gli utenti finali.<\/p>\n<h2>4. Ampia compatibilit\u00e0: corrispondenza completa (inventario senza pensieri)<\/h2>\n<p>La nostra soluzione di assistenza pneumatica vanta un'ampia compatibilit\u00e0 con i modelli 95% pi\u00f9 diffusi sul mercato, tra cui xTool, Ortur, Atomstack e diverse macchine laser CO2. Questa versatilit\u00e0 offre vantaggi significativi per i distributori:<\/p>\n<h3>Compatibilit\u00e0 SKU singola<\/h3>\n<p>Con un unico SKU compatibile con pi\u00f9 macchine, i distributori possono ridurre significativamente la pressione sulle scorte e le complessit\u00e0 associate alla gestione delle scorte. Questa semplificazione si traduce in una migliore efficienza operativa.<\/p>\n<h2>5. Vantaggi della catena di fornitura e della collaborazione<\/h2>\n<p>Ever-power si impegna a fornire ai propri partner solide capacit\u00e0 di supply chain che migliorino l'affidabilit\u00e0 dei prodotti e la soddisfazione del cliente:<\/p>\n<h3>Forza della fabbrica e controllo di qualit\u00e0<\/h3>\n<p>I nostri rigorosi processi di controllo qualit\u00e0 garantiscono un tasso di difettosit\u00e0 inferiore a 1%. Questa significativa riduzione dei guasti dei prodotti si traduce in notevoli risparmi sui resi e sui costi logistici per i nostri partner.<\/p>\n<h3>Servizi personalizzati (OEM\/ODM)<\/h3>\n<p>Offriamo soluzioni su misura, tra cui opportunit\u00e0 di branding con loghi personalizzati, design di packaging e specifiche di spina per diversi Paesi. Questo vi consente di costruire un'identit\u00e0 di marca unica sul mercato.<\/p>\n<h3>Assistenza post-vendita<\/h3>\n<p>Il nostro impegno per un servizio clienti di qualit\u00e0 superiore comprende tempi di risposta tecnica rapidi e capacit\u00e0 di fornitura di pezzi di ricambio efficienti, garantendo che le vostre operazioni si svolgano senza intoppi ed efficacemente.<\/p>\n<h2>6. Conclusione e invito all'azione (CTA)<\/h2>\n<p>Non lasciare che componenti di qualit\u00e0 inferiore rovinino la reputazione delle tue macchine di fascia alta. Scegli una pompa pneumatica all'altezza della qualit\u00e0 delle tue attrezzature. Investendo in una soluzione di assistenza pneumatica di alta qualit\u00e0, aumenterai la soddisfazione e la fidelizzazione dei clienti.<\/p>\n<p>Contattateci oggi stesso per richiedere un test campione o per ottenere le ultime informazioni sui prezzi all'ingrosso B2B. Insieme, miglioriamo l'esperienza del taglio laser.<\/p>\n<p><a href=\"https:\/\/aircompressorforlasercutter.com\/it\/contattaci\/\">Contattaci<\/a><\/p>","protected":false},"excerpt":{"rendered":"<p>High Pressure Air Assist for Deep Laser Cutting: The Overlooked Unsung Hero 1. Background: The Current Market Landscape In the rapidly evolving landscape of laser cutting technology, most buyers invest substantial amounts in advanced laser engraving machines, often overlooking a critical component: the air compressor. While the focus is primarily on the cutting device itself, [&hellip;]<\/p>","protected":false},"featured_media":457,"comment_status":"open","ping_status":"closed","template":"","meta":{"_et_pb_use_builder":"","_et_pb_old_content":"","_et_gb_content_width":""},"product_brand":[],"product_cat":[1093],"product_tag":[1096],"class_list":{"0":"post-479","1":"product","2":"type-product","3":"status-publish","4":"has-post-thumbnail","6":"product_cat-air-compressor-for-laser-cutter","7":"product_tag-air-compressor-for-laser-cutter-cost","9":"first","10":"instock","11":"shipping-taxable","12":"product-type-simple"},"_links":{"self":[{"href":"https:\/\/aircompressorforlasercutter.com\/it\/wp-json\/wp\/v2\/product\/479","targetHints":{"allow":["GET"]}}],"collection":[{"href":"https:\/\/aircompressorforlasercutter.com\/it\/wp-json\/wp\/v2\/product"}],"about":[{"href":"https:\/\/aircompressorforlasercutter.com\/it\/wp-json\/wp\/v2\/types\/product"}],"replies":[{"embeddable":true,"href":"https:\/\/aircompressorforlasercutter.com\/it\/wp-json\/wp\/v2\/comments?post=479"}],"wp:featuredmedia":[{"embeddable":true,"href":"https:\/\/aircompressorforlasercutter.com\/it\/wp-json\/wp\/v2\/media\/457"}],"wp:attachment":[{"href":"https:\/\/aircompressorforlasercutter.com\/it\/wp-json\/wp\/v2\/media?parent=479"}],"wp:term":[{"taxonomy":"product_brand","embeddable":true,"href":"https:\/\/aircompressorforlasercutter.com\/it\/wp-json\/wp\/v2\/product_brand?post=479"},{"taxonomy":"product_cat","embeddable":true,"href":"https:\/\/aircompressorforlasercutter.com\/it\/wp-json\/wp\/v2\/product_cat?post=479"},{"taxonomy":"product_tag","embeddable":true,"href":"https:\/\/aircompressorforlasercutter.com\/it\/wp-json\/wp\/v2\/product_tag?post=479"}],"curies":[{"name":"wp","href":"https:\/\/api.w.org\/{rel}","templated":true}]}}