{"id":480,"date":"2026-01-14T08:26:20","date_gmt":"2026-01-14T08:26:20","guid":{"rendered":"https:\/\/aircompressorforlasercutter.com\/product\/laser-lens-cooling-air-pump-system\/"},"modified":"2026-01-14T08:32:05","modified_gmt":"2026-01-14T08:32:05","slug":"laser-lens-cooling-air-pump-system","status":"publish","type":"product","link":"https:\/\/aircompressorforlasercutter.com\/it\/prodotto\/sistema-di-pompaggio-dellaria-per-il-raffreddamento-delle-lenti-laser\/","title":{"rendered":"Sistema di pompaggio dell'aria di raffreddamento delle lenti laser"},"content":{"rendered":"<h1>Sistema di pompaggio dell'aria per il raffreddamento della lente laser: l'eroe sconosciuto del taglio laser<\/h1>\n<h2>1. Introduzione: L'eroe sconosciuto<\/h2>\n<p>Nel mondo del taglio e dell'incisione laser, gli acquirenti investono spesso somme considerevoli in macchine laser di fascia alta, ma il ruolo cruciale delle pompe ad aria viene frequentemente trascurato. Questi componenti possono sembrare secondari, ma svolgono un ruolo vitale nel migliorare le prestazioni complessive e la durata dei sistemi laser. Senza un'adeguata assistenza pneumatica, i risultati delle operazioni laser possono essere seriamente compromessi, influenzando sia la qualit\u00e0 del taglio che la durata della macchina.<\/p>\n<h2>2. Panorama del mercato: la componente spesso trascurata<\/h2>\n<p>Il mercato odierno mostra una tendenza in cui l'attenzione si concentra prevalentemente sull'acquisto di macchine per incisione laser all'avanguardia. Tuttavia, la pompa ad aria, essenziale per il funzionamento di queste macchine, viene spesso trascurata. Chi investe ingenti somme nella tecnologia laser deve comprendere che l'assistenza pneumatica non \u00e8 una semplice caratteristica aggiuntiva, ma un fattore determinante che influenza la qualit\u00e0 di taglio finale e la durata dell'apparecchiatura.<\/p>\n<h3>Approfondimento fondamentale: l'impatto diretto dell'assistenza aerea<\/h3>\n<p>Per i clienti B2B, la scelta della pompa ad aria giusta si traduce in un minor numero di reclami relativi a tagli incompleti o lenti danneggiate. Questo, a sua volta, contribuisce ad aumentare la fidelizzazione dei clienti. Una pompa ad aria affidabile elimina i problemi legati alla qualit\u00e0 del taglio e garantisce un'esperienza operativa fluida, migliorando cos\u00ec la soddisfazione e la fedelt\u00e0 del cliente.<\/p>\n<h2>3. Analisi dei punti critici: i costi nascosti delle pompe ad aria economiche<\/h2>\n<p>Sebbene optare per una pompa ad aria pi\u00f9 economica possa sembrare inizialmente conveniente, pu\u00f2 comportare costi nascosti significativi che compromettono l'efficienza operativa.<\/p>\n<h3>Scarsa qualit\u00e0 di taglio<\/h3>\n<p>Un flusso d'aria inaffidabile dovuto a pompe di scarsa qualit\u00e0 spesso provoca bordi bruciati o tagli sbavati, con conseguenti finiture scadenti che possono danneggiare la reputazione di un'azienda. La qualit\u00e0 estetica del prodotto finale \u00e8 fondamentale, soprattutto per gli utenti finali che si affidano a precisione e nitidezza.<\/p>\n<h3>Rischio di danni all'attrezzatura<\/h3>\n<p>Le pompe ad aria di bassa qualit\u00e0, in particolare quelle contenenti olio, possono emettere nebbie oleose o umidit\u00e0 che contaminano le lenti laser. Ci\u00f2 non solo comporta costose riparazioni, ma pu\u00f2 anche causare resi di prodotti, con un ulteriore impatto negativo sulla redditivit\u00e0.<\/p>\n<h3>Deterrente del rumore<\/h3>\n<p>I compressori d'aria tradizionali possono produrre un rumore eccessivo, il che scoraggia gli utenti domestici e i laboratori didattici dall'utilizzare le macchine per il taglio laser. Questa limitazione restringe il potenziale di mercato e le opportunit\u00e0 di vendita per i distributori.<\/p>\n<h2>4. La nostra soluzione: ridefinire l'assistenza aerea professionale.<\/h2>\n<h3>Design senza olio e senza acqua<\/h3>\n<p>La nostra pompa ad aria vanta un design senza olio e senza acqua 100%, garantendo la completa protezione delle lenti laser. Ci\u00f2 significa che gli utenti finali possono utilizzare le proprie macchine in tutta tranquillit\u00e0, senza problemi di manutenzione e senza preoccupazioni relative alla contaminazione.<\/p>\n<h3>Tecnologia ultra silenziosa<\/h3>\n<p>Progettata specificamente per ambienti interni e studi di registrazione domestici, la nostra pompa ad aria funziona con un livello di rumorosit\u00e0 eccezionalmente basso (inferiore a 60 dB). Questa caratteristica migliora significativamente l'esperienza dell'utente, rendendola adatta a una variet\u00e0 di applicazioni senza disturbare l'ambiente circostante.<\/p>\n<h3>Prestazioni potenti<\/h3>\n<p>Grazie a una portata costante di 30 l\/min, la nostra pompa garantisce che, anche durante il taglio di legno spesso o materiali acrilici, i tagli rimangano puliti e privi di fumo e detriti. Questa affidabilit\u00e0 si traduce in maggiore efficienza e migliore qualit\u00e0 del prodotto finale per gli utenti.<\/p>\n<h2>5. Ampia compatibilit\u00e0: abbinamento in un unico punto<\/h2>\n<p>La nostra pompa ad aria \u00e8 progettata per essere compatibile con il modello 95% delle principali macchine da taglio laser presenti sul mercato, tra cui xTool, Ortur, Atomstack e diversi sistemi laser a CO2. Questa ampia compatibilit\u00e0 offre ai distributori un vantaggio significativo.<\/p>\n<h3>Vantaggi per i distributori<\/h3>\n<p>Grazie all'acquisto delle nostre pompe ad aria, i distributori possono usufruire della comodit\u00e0 di avere \"un unico codice prodotto compatibile con diverse macchine\", riducendo notevolmente la pressione sulle scorte e la complessit\u00e0 della gestione del magazzino. Questa efficienza consente ai distributori di concentrarsi sulla crescita della propria attivit\u00e0 senza il peso di un'eccessiva gestione delle scorte.<\/p>\n<h2>6. Vantaggi della catena di fornitura e della partnership<\/h2>\n<h3>Forza della fabbrica<\/h3>\n<p>Il nostro impegno per la qualit\u00e0 si riflette nei nostri rigorosi processi di controllo qualit\u00e0, che garantiscono un tasso di difettosit\u00e0 straordinariamente basso, inferiore a 1%. Questa affidabilit\u00e0 contribuisce a ridurre i costi logistici relativi a resi e cambi, offrendo ai nostri partner un'esperienza operativa senza intoppi.<\/p>\n<h3>Servizi personalizzati (OEM\/ODM)<\/h3>\n<p>Offriamo servizi personalizzabili, tra cui l'inserimento del logo del marchio, la progettazione del packaging e l'adattamento a diverse specifiche di spina. Questa flessibilit\u00e0 consente ai partner di definire la propria identit\u00e0 di marca, rafforzando ulteriormente la presenza sul mercato.<\/p>\n<h3>Assistenza post-vendita<\/h3>\n<p>Il nostro team si impegna a fornire risposte tecniche rapide e a garantire la fornitura di pezzi di ricambio. Questo impegno nel supporto assicura ai clienti la possibilit\u00e0 di contare su di noi per un'assistenza tempestiva e una continua efficienza operativa.<\/p>\n<h2>7. Conclusione e invito all'azione (CTA)<\/h2>\n<p>In conclusione, non permettete che accessori di qualit\u00e0 inferiore compromettano la reputazione delle vostre macchine di alta gamma. Scegliere una pompa ad aria di qualit\u00e0, all'altezza delle vostre apparecchiature, \u00e8 fondamentale per mantenere un'ottima reputazione nel settore.<\/p>\n<p>Contattateci oggi stesso per richiedere dei campioni da testare o per ricevere i prezzi all'ingrosso B2B pi\u00f9 aggiornati.<\/p>\n<p>Visita <a href=\"https:\/\/aircompressorforlasercutter.com\/it\/contattaci\/\">Qui<\/a> per contattare.<\/p>","protected":false},"excerpt":{"rendered":"<p>Laser Lens Cooling Air Pump System: The Unsung Hero of Laser Cutting 1. Introduction: The Unsung Hero In the world of laser cutting and engraving, buyers often invest significantly in high-end laser machines, yet the critical role of air pumps is frequently overlooked. These components might seem secondary, but they play a vital role in [&hellip;]<\/p>","protected":false},"featured_media":457,"comment_status":"open","ping_status":"closed","template":"","meta":{"_et_pb_use_builder":"","_et_pb_old_content":"","_et_gb_content_width":""},"product_brand":[],"product_cat":[1093],"product_tag":[1094],"class_list":{"0":"post-480","1":"product","2":"type-product","3":"status-publish","4":"has-post-thumbnail","6":"product_cat-air-compressor-for-laser-cutter","7":"product_tag-air-compressor-for-laser-cutter","9":"first","10":"instock","11":"shipping-taxable","12":"product-type-simple"},"_links":{"self":[{"href":"https:\/\/aircompressorforlasercutter.com\/it\/wp-json\/wp\/v2\/product\/480","targetHints":{"allow":["GET"]}}],"collection":[{"href":"https:\/\/aircompressorforlasercutter.com\/it\/wp-json\/wp\/v2\/product"}],"about":[{"href":"https:\/\/aircompressorforlasercutter.com\/it\/wp-json\/wp\/v2\/types\/product"}],"replies":[{"embeddable":true,"href":"https:\/\/aircompressorforlasercutter.com\/it\/wp-json\/wp\/v2\/comments?post=480"}],"wp:featuredmedia":[{"embeddable":true,"href":"https:\/\/aircompressorforlasercutter.com\/it\/wp-json\/wp\/v2\/media\/457"}],"wp:attachment":[{"href":"https:\/\/aircompressorforlasercutter.com\/it\/wp-json\/wp\/v2\/media?parent=480"}],"wp:term":[{"taxonomy":"product_brand","embeddable":true,"href":"https:\/\/aircompressorforlasercutter.com\/it\/wp-json\/wp\/v2\/product_brand?post=480"},{"taxonomy":"product_cat","embeddable":true,"href":"https:\/\/aircompressorforlasercutter.com\/it\/wp-json\/wp\/v2\/product_cat?post=480"},{"taxonomy":"product_tag","embeddable":true,"href":"https:\/\/aircompressorforlasercutter.com\/it\/wp-json\/wp\/v2\/product_tag?post=480"}],"curies":[{"name":"wp","href":"https:\/\/api.w.org\/{rel}","templated":true}]}}