{"id":481,"date":"2026-01-14T08:26:20","date_gmt":"2026-01-14T08:26:20","guid":{"rendered":"https:\/\/aircompressorforlasercutter.com\/product\/air-blower-for-laser-cutter-debris-removal\/"},"modified":"2026-01-14T08:31:51","modified_gmt":"2026-01-14T08:31:51","slug":"air-blower-for-laser-cutter-debris-removal","status":"publish","type":"product","link":"https:\/\/aircompressorforlasercutter.com\/it\/prodotto\/soffiatore-daria-per-la-rimozione-dei-detriti-del-taglio-laser\/","title":{"rendered":"Soffiatore d'aria per la rimozione dei detriti del taglio laser"},"content":{"rendered":"<h1>Soffiatore d'aria per la rimozione dei detriti del taglio laser: l'eroe non celebrato<\/h1>\n<h2>Introduzione: L'eroe sconosciuto<\/h2>\n<p>Nel campo della tecnologia del taglio laser, un componente fondamentale viene spesso messo in ombra da macchinari pi\u00f9 prestigiosi: il soffiatore d'aria. Sebbene gli acquirenti investano cifre significative in macchine per incisione laser di fascia alta, spesso trascurano l'importanza di una pompa dell'aria di qualit\u00e0. Il sistema di assistenza all'aria non \u00e8 un semplice accessorio; svolge un ruolo essenziale nel determinare sia la qualit\u00e0 del taglio che la longevit\u00e0 dell'attrezzatura.<\/p>\n<h2>Contesto di mercato: panorama attuale<\/h2>\n<p>Il mercato del taglio laser sta assistendo a una crescita senza precedenti, con aziende desiderose di adottare tecnologie all'avanguardia. Tuttavia, molti acquirenti trascurano il soffiatore d'aria, parte integrante del processo di taglio. Senza un sistema di assistenza dell'aria efficace, il potenziale delle macchine per il taglio laser \u00e8 gravemente compromesso. Questa negligenza pu\u00f2 portare a risultati di taglio scadenti, maggiori costi di manutenzione e insoddisfazione dei clienti.<\/p>\n<h2>Approfondimento: l'importanza dell'assistenza aerea<\/h2>\n<p>Investire in un soffiatore d'aria di alta qualit\u00e0 si traduce in vantaggi tangibili. Per i distributori, scegliere la pompa dell'aria giusta significa ridurre i reclami relativi a tagli imprecisi e lenti danneggiate, con conseguente aumento del tasso di fidelizzazione dei clienti. Un sistema di assistenza all'aria affidabile garantisce ai clienti che il loro investimento nella tecnologia di taglio laser produrr\u00e0 i migliori risultati.<\/p>\n<h2>Punti dolenti: costi nascosti dei soffiatori d'aria economici<\/h2>\n<p>Anche se potrebbe essere allettante optare per una pompa dell'aria pi\u00f9 economica, i costi nascosti possono essere dannosi:<\/p>\n<h3>Scarsa qualit\u00e0 di taglio<\/h3>\n<p>Un flusso d'aria instabile proveniente da pompe di qualit\u00e0 inferiore provoca bordi bruciati e una bassa efficienza di taglio. Ci\u00f2 non solo compromette l'estetica dei prodotti finiti, ma influisce anche sulla soddisfazione dell'utente finale.<\/p>\n<h3>Rischio di danni all'attrezzatura<\/h3>\n<p>Le pompe dell'aria di bassa qualit\u00e0, in particolare quelle impregnate d'olio, possono rilasciare vapori d'olio o umidit\u00e0 che contaminano le lenti laser. Ci\u00f2 comporta costose riparazioni o sostituzioni, riducendo il valore complessivo dell'investimento.<\/p>\n<h3>Funzionamento rumoroso<\/h3>\n<p>I compressori d'aria tradizionali sono spesso rumorosi, il che ne scoraggia l'uso in laboratori domestici e in contesti di formazione per artigiani. Questo limita il potenziale di mercato e rende difficile per le aziende soddisfare un pubblico pi\u00f9 ampio.<\/p>\n<h2>La nostra soluzione: ridefinire l'assistenza aerea professionale<\/h2>\n<p>Presentiamo uno standard ridefinito nella tecnologia di assistenza pneumatica:<\/p>\n<h3>Design senza olio e senza acqua<\/h3>\n<p>Il nostro soffiatore \u00e8 dotato di un design oil-free 100%, che garantisce una protezione completa delle lenti laser ed elimina la necessit\u00e0 di frequenti manutenzioni. Questo consente agli utenti finali di concentrarsi sui propri progetti creativi senza doversi preoccupare della manutenzione dell'attrezzatura.<\/p>\n<h3>Tecnologia ultra silenziosa<\/h3>\n<p>Progettato specificamente per l'uso in ambienti interni e in home studio, il nostro soffiatore d'aria funziona a un livello di rumore estremamente basso (&lt;60 dB), migliorando notevolmente l&#039;esperienza dell&#039;utente e rendendolo adatto a vari ambienti.<\/p>\n<h3>Prestazioni robuste<\/h3>\n<p>Con una portata costante di 30 l\/min (o in base ai parametri desiderati), il nostro soffiatore d'aria garantisce tagli puliti e senza fumo anche su materiali spessi come legno e acrilico. Queste prestazioni eccezionali migliorano la qualit\u00e0 complessiva del taglio, garantendo una maggiore soddisfazione dell'utente finale.<\/p>\n<h2>Ampia compatibilit\u00e0: una soluzione unica<\/h2>\n<p>Il nostro soffiatore d'aria \u00e8 progettato per un'ampia compatibilit\u00e0:<\/p>\n<h3>Ampia gamma<\/h3>\n<p>Si abbina perfettamente al 95% dei modelli pi\u00f9 diffusi sul mercato (tra cui xTool, Ortur, Atomstack e vari laser CO2). Questa versatilit\u00e0 lo rende un'aggiunta preziosa all'inventario di qualsiasi distributore.<\/p>\n<h3>Vantaggi per i distributori<\/h3>\n<p>Con un unico SKU compatibile con pi\u00f9 macchine, \u00e8 possibile ridurre significativamente la pressione sulle scorte e la complessit\u00e0 dei processi di stoccaggio. Questo approccio semplificato migliora l'efficienza operativa e la redditivit\u00e0.<\/p>\n<h2>Vantaggi della catena di fornitura e della partnership<\/h2>\n<p>Collaborare con noi offre numerosi vantaggi:<\/p>\n<h3>Credenziali di fabbrica solide<\/h3>\n<p>Implementiamo rigorosi processi di controllo qualit\u00e0, garantendo un tasso di difettosit\u00e0 eccezionalmente basso (&lt;1%). Questo impegno per la qualit\u00e0 vi consente di risparmiare sui costi logistici relativi a resi e cambi, migliorando cos\u00ec i vostri profitti.<\/p>\n<h3>Servizi personalizzati (OEM\/ODM)<\/h3>\n<p>Offriamo opzioni di personalizzazione, tra cui l'applicazione del logo del marchio, la progettazione del packaging e specifiche di spina personalizzate per diversi Paesi. Questo ti consente di costruire efficacemente la tua brand identity.<\/p>\n<h3>Assistenza post-vendita<\/h3>\n<p>La nostra rapida risposta tecnica e la capacit\u00e0 di fornire pezzi di ricambio garantiscono il perfetto svolgimento delle vostre attivit\u00e0, riducendo al minimo i tempi di fermo e aumentando la soddisfazione del cliente.<\/p>\n<h2>Conclusione e invito all'azione<\/h2>\n<p>Non lasciare che componenti di qualit\u00e0 inferiore rovinino la reputazione delle tue macchine di alta qualit\u00e0. Scegli un soffiatore d'aria che sia in linea con gli standard qualitativi della tua attrezzatura e offra prestazioni eccezionali.<\/p>\n<p>Contattateci oggi stesso per effettuare dei test campione o per ottenere le informazioni pi\u00f9 aggiornate sui prezzi all'ingrosso B2B. <a href=\"https:\/\/aircompressorforlasercutter.com\/it\/contattaci\/\">Contattaci qui!<\/a><\/p>","protected":false},"excerpt":{"rendered":"<p>Air Blower for Laser Cutter Debris Removal: The Unsung Hero Introduction: The Unsung Hero In the realm of laser cutting technology, one critical component often gets overshadowed by the more glamorous machinery??the air blower. While buyers invest significant amounts in high-end laser engraving machines, they frequently overlook the importance of a quality air pump. The [&hellip;]<\/p>","protected":false},"featured_media":457,"comment_status":"open","ping_status":"closed","template":"","meta":{"_et_pb_use_builder":"","_et_pb_old_content":"","_et_gb_content_width":""},"product_brand":[],"product_cat":[1093],"product_tag":[1095],"class_list":{"0":"post-481","1":"product","2":"type-product","3":"status-publish","4":"has-post-thumbnail","6":"product_cat-air-compressor-for-laser-cutter","7":"product_tag-air-compressor-for-laser-cutter-price","9":"first","10":"instock","11":"shipping-taxable","12":"product-type-simple"},"_links":{"self":[{"href":"https:\/\/aircompressorforlasercutter.com\/it\/wp-json\/wp\/v2\/product\/481","targetHints":{"allow":["GET"]}}],"collection":[{"href":"https:\/\/aircompressorforlasercutter.com\/it\/wp-json\/wp\/v2\/product"}],"about":[{"href":"https:\/\/aircompressorforlasercutter.com\/it\/wp-json\/wp\/v2\/types\/product"}],"replies":[{"embeddable":true,"href":"https:\/\/aircompressorforlasercutter.com\/it\/wp-json\/wp\/v2\/comments?post=481"}],"wp:featuredmedia":[{"embeddable":true,"href":"https:\/\/aircompressorforlasercutter.com\/it\/wp-json\/wp\/v2\/media\/457"}],"wp:attachment":[{"href":"https:\/\/aircompressorforlasercutter.com\/it\/wp-json\/wp\/v2\/media?parent=481"}],"wp:term":[{"taxonomy":"product_brand","embeddable":true,"href":"https:\/\/aircompressorforlasercutter.com\/it\/wp-json\/wp\/v2\/product_brand?post=481"},{"taxonomy":"product_cat","embeddable":true,"href":"https:\/\/aircompressorforlasercutter.com\/it\/wp-json\/wp\/v2\/product_cat?post=481"},{"taxonomy":"product_tag","embeddable":true,"href":"https:\/\/aircompressorforlasercutter.com\/it\/wp-json\/wp\/v2\/product_tag?post=481"}],"curies":[{"name":"wp","href":"https:\/\/api.w.org\/{rel}","templated":true}]}}