{"id":482,"date":"2026-01-14T08:26:20","date_gmt":"2026-01-14T08:26:20","guid":{"rendered":"https:\/\/aircompressorforlasercutter.com\/product\/precision-air-assist-for-detailed-photo-engraving\/"},"modified":"2026-01-14T08:26:20","modified_gmt":"2026-01-14T08:26:20","slug":"precision-air-assist-for-detailed-photo-engraving","status":"publish","type":"product","link":"https:\/\/aircompressorforlasercutter.com\/it\/prodotto\/assistenza-pneumatica-di-precisione-per-incisione-fotografica-dettagliata\/","title":{"rendered":"Assistenza pneumatica di precisione per un'incisione fotografica dettagliata"},"content":{"rendered":"<h1>Assistenza pneumatica di precisione per incisione fotografica dettagliata<\/h1>\n<h2>L'eroe sconosciuto dell'incisione laser<\/h2>\n<p>Nel competitivo panorama dell'incisione laser, dove la tecnologia incontra l'arte, \u00e8 facile trascurare i componenti essenziali che contribuiscono alla qualit\u00e0 complessiva del prodotto finito. Mentre molti acquirenti investono ingenti somme di denaro nell'acquisto di macchine per incisione laser di fascia alta, spesso trascurano il ruolo fondamentale del compressore d'aria, un accessorio essenziale che influenza in modo significativo il processo di incisione.<\/p>\n<p>Il sistema di assistenza pneumatica di precisione non \u00e8 semplicemente un accessorio aggiuntivo; svolge un ruolo cruciale nel determinare la qualit\u00e0 del taglio finale e la longevit\u00e0 della macchina stessa. Per le aziende che puntano a fornire servizi di incisione di qualit\u00e0 superiore, comprendere l'importanza di un sistema di assistenza pneumatica di alta qualit\u00e0 pu\u00f2 fare la differenza.<\/p>\n<h2>Contesto di mercato e approfondimenti fondamentali<\/h2>\n<p>L'attuale panorama di mercato rivela una tendenza preoccupante. Molti rivenditori e utenti finali danno priorit\u00e0 all'acquisto di macchine da taglio e incisione laser avanzate, spesso trascurando il compressore d'aria o il sistema di assistenza pneumatica. Quando si valuta l'intera configurazione per l'incisione laser, \u00e8 essenziale riconoscere che l'assistenza pneumatica non si limita a migliorare le prestazioni, ma influisce in modo significativo sulla soddisfazione e sulla fidelizzazione dei clienti.<\/p>\n<p>Per i rivenditori, scegliere un compressore d'aria affidabile significa ridurre al minimo i reclami dei clienti relativi a una qualit\u00e0 di taglio inadeguata o a danni alle lenti di incisione. Questa considerazione si traduce in tassi di fidelizzazione dei clienti pi\u00f9 elevati, rafforzando l'importanza di investire in una soluzione di assistenza pneumatica di qualit\u00e0 superiore.<\/p>\n<h2>Analisi dei punti critici: costi nascosti delle pompe dell'aria di bassa qualit\u00e0<\/h2>\n<h3>Scarsa qualit\u00e0 di taglio<\/h3>\n<p>Uno degli svantaggi pi\u00f9 significativi dell'utilizzo di una pompa ad aria a basso costo \u00e8 l'effetto negativo sulla qualit\u00e0 del taglio. Un flusso d'aria instabile pu\u00f2 causare bordi bruciati sui materiali, ridurre l'efficienza del taglio e, in ultima analisi, compromettere l'aspetto estetico dei prodotti dell'utente finale. Tali difetti non solo riducono la qualit\u00e0, ma possono anche causare insoddisfazione dei clienti.<\/p>\n<h3>Rischi di danni alle apparecchiature<\/h3>\n<p>L'utilizzo di pompe ad aria di qualit\u00e0 inferiore, in particolare quelle che rilasciano olio o umidit\u00e0, rappresenta un rischio considerevole per le lenti laser. I contaminanti provenienti da sistemi di assistenza ad aria di scarsa qualit\u00e0 possono comportare costose riparazioni e resi per danni, influendo negativamente sulla reputazione dell'azienda e sui suoi profitti.<\/p>\n<h3>Deterrenti del rumore<\/h3>\n<p>I compressori d'aria tradizionali generano spesso un rumore eccessivo, che ne limita l'utilizzo in ambienti domestici o scolastici. Questa limitazione riduce il vostro mercato potenziale, poich\u00e9 gli appassionati del fai da te e gli istituti scolastici sono scoraggiati dal funzionamento rumoroso dei compressori convenzionali.<\/p>\n<h2>La nostra soluzione: ridefinire l'assistenza aerea professionale<\/h2>\n<h3>Design senza olio e senza acqua<\/h3>\n<p>Il nostro sistema di assistenza pneumatica di precisione \u00e8 progettato con un design privo di olio e acqua che garantisce la protezione 100% per le lenti laser. Questa caratteristica non solo riduce la manutenzione per gli utenti finali, ma aumenta anche la longevit\u00e0 delle loro apparecchiature, offrendo tranquillit\u00e0 e un'esperienza di incisione impeccabile.<\/p>\n<h3>Tecnologia ultra silenziosa<\/h3>\n<p>Sviluppato specificamente per applicazioni indoor e home studio, il nostro sistema Air Assist impiega una tecnologia ultra silenziosa, mantenendo i livelli di rumore al di sotto dei 60 dB. Questa significativa riduzione del rumore operativo migliora l'esperienza utente, rendendolo ideale per ambienti in cui la riduzione del rumore \u00e8 fondamentale.<\/p>\n<h3>Prestazioni robuste<\/h3>\n<p>Con una portata costante di 30 litri al minuto, il nostro sistema di assistenza ad aria compressa garantisce tagli puliti e senza fumo, anche su legno spesso o materiali acrilici. Queste potenti prestazioni garantiscono ai professionisti dell'incisione di offrire prodotti di alta qualit\u00e0 che soddisfano le aspettative dei loro clienti pi\u00f9 esigenti.<\/p>\n<h2>Compatibilit\u00e0 completa: una soluzione unica<\/h2>\n<h3>Ampia applicabilit\u00e0<\/h3>\n<p>Il nostro sistema di assistenza ad aria compressa \u00e8 progettato per integrarsi perfettamente con le principali macchine per incisione laser 95% presenti sul mercato, tra cui marchi noti come xTool, Ortur, Atomstack e vari laser CO2. Questa ampia compatibilit\u00e0 garantisce ai rivenditori la possibilit\u00e0 di soddisfare una clientela diversificata senza la necessit\u00e0 di gestire pi\u00f9 SKU.<\/p>\n<h3>Vantaggi per i rivenditori<\/h3>\n<p>Offrendo un unico SKU compatibile con pi\u00f9 macchine, i concessionari possono ridurre significativamente la pressione sulle scorte e la complessit\u00e0 nella gestione delle scorte. Questo approccio semplificato non solo migliora l'efficienza operativa, ma consente anche di rispondere pi\u00f9 rapidamente alle richieste del mercato.<\/p>\n<h2>Vantaggi della catena di fornitura e della partnership<\/h2>\n<h3>Forza della fabbrica<\/h3>\n<p>Il nostro impegno per la qualit\u00e0 si riflette nei nostri rigorosi processi di controllo qualit\u00e0, che mantengono un tasso di difettosit\u00e0 inferiore a 1%. Questa eccezionale garanzia di qualit\u00e0 riduce al minimo i costi logistici associati a resi e cambi, a tutto vantaggio della vostra redditivit\u00e0.<\/p>\n<h3>Servizi di personalizzazione (OEM\/ODM)<\/h3>\n<p>Offriamo servizi su misura che includono la personalizzazione del logo, la progettazione del packaging e l'adattamento a diverse specifiche di spina. Questa versatilit\u00e0 vi consente di costruire e promuovere efficacemente l'identit\u00e0 del vostro marchio, soddisfacendo le preferenze specifiche del vostro mercato.<\/p>\n<h3>Assistenza post-vendita<\/h3>\n<p>La nostra rapida risposta tecnica e la capacit\u00e0 di fornire ricambi garantiscono la continuit\u00e0 operativa senza intoppi. Comprendiamo l'importanza di un supporto tempestivo, soprattutto nel frenetico ambiente dell'incisione laser, ed \u00e8 per questo che il nostro servizio post-vendita \u00e8 progettato per soddisfare le vostre esigenze in modo rapido ed efficiente.<\/p>\n<h2>Conclusione e invito all'azione<\/h2>\n<p>In conclusione, non permettete che accessori di qualit\u00e0 inferiore rovinino la reputazione delle vostre macchine di fascia alta. Scegliere un sistema di assistenza pneumatica all'altezza della qualit\u00e0 delle vostre attrezzature \u00e8 fondamentale per garantire la soddisfazione del cliente e il successo operativo.<\/p>\n<p>Contattaci oggi stesso per richiedere un test campione o per ricevere le ultime informazioni sui prezzi all'ingrosso B2B. Aumenta le tue capacit\u00e0 di incisione con il sistema di assistenza pneumatica di precisione Ever-power e scopri la differenza in termini di qualit\u00e0 e prestazioni.<\/p>\n<p><a href=\"https:\/\/aircompressorforlasercutter.com\/it\/contattaci\/\">Contattaci subito!<\/a><\/p>","protected":false},"excerpt":{"rendered":"<p>Precision Air Assist for Detailed Photo Engraving The Unsung Hero in Laser Engraving In the competitive landscape of laser engraving, where technology meets artistry, it is easy to overlook the essential components that contribute to the overall quality of the finished product. While many buyers invest substantial amounts in purchasing high-end laser engraving machines, they [&hellip;]<\/p>","protected":false},"featured_media":457,"comment_status":"open","ping_status":"closed","template":"","meta":{"_et_pb_use_builder":"","_et_pb_old_content":"","_et_gb_content_width":""},"product_brand":[],"product_cat":[1093],"product_tag":[1096],"class_list":{"0":"post-482","1":"product","2":"type-product","3":"status-publish","4":"has-post-thumbnail","6":"product_cat-air-compressor-for-laser-cutter","7":"product_tag-air-compressor-for-laser-cutter-cost","9":"first","10":"instock","11":"shipping-taxable","12":"product-type-simple"},"_links":{"self":[{"href":"https:\/\/aircompressorforlasercutter.com\/it\/wp-json\/wp\/v2\/product\/482","targetHints":{"allow":["GET"]}}],"collection":[{"href":"https:\/\/aircompressorforlasercutter.com\/it\/wp-json\/wp\/v2\/product"}],"about":[{"href":"https:\/\/aircompressorforlasercutter.com\/it\/wp-json\/wp\/v2\/types\/product"}],"replies":[{"embeddable":true,"href":"https:\/\/aircompressorforlasercutter.com\/it\/wp-json\/wp\/v2\/comments?post=482"}],"wp:featuredmedia":[{"embeddable":true,"href":"https:\/\/aircompressorforlasercutter.com\/it\/wp-json\/wp\/v2\/media\/457"}],"wp:attachment":[{"href":"https:\/\/aircompressorforlasercutter.com\/it\/wp-json\/wp\/v2\/media?parent=482"}],"wp:term":[{"taxonomy":"product_brand","embeddable":true,"href":"https:\/\/aircompressorforlasercutter.com\/it\/wp-json\/wp\/v2\/product_brand?post=482"},{"taxonomy":"product_cat","embeddable":true,"href":"https:\/\/aircompressorforlasercutter.com\/it\/wp-json\/wp\/v2\/product_cat?post=482"},{"taxonomy":"product_tag","embeddable":true,"href":"https:\/\/aircompressorforlasercutter.com\/it\/wp-json\/wp\/v2\/product_tag?post=482"}],"curies":[{"name":"wp","href":"https:\/\/api.w.org\/{rel}","templated":true}]}}