{"id":485,"date":"2026-01-14T08:26:21","date_gmt":"2026-01-14T08:26:21","guid":{"rendered":"https:\/\/aircompressorforlasercutter.com\/product\/air-compressor-with-tube-fittings-for-laser-cutter\/"},"modified":"2026-01-14T08:26:21","modified_gmt":"2026-01-14T08:26:21","slug":"air-compressor-with-tube-fittings-for-laser-cutter","status":"publish","type":"product","link":"https:\/\/aircompressorforlasercutter.com\/it\/prodotto\/compressore-daria-con-raccordi-per-tubi-per-taglio-laser\/","title":{"rendered":"Compressore d'aria con raccordi per tubi per taglio laser"},"content":{"rendered":"<h1>Compressore d'aria con raccordi per tubi per taglierina laser: l'eroe non celebrato<\/h1>\n<h2>Introduzione: L'eroe sconosciuto<\/h2>\n<p>Nel mondo del taglio e dell'incisione laser, l'attenzione \u00e8 spesso rivolta alla macchina laser stessa. Gli acquirenti investono somme ingenti in tecnologie di incisione laser avanzate, ma spesso trascurano il ruolo essenziale di un compressore d'aria. Questo componente essenziale, sebbene spesso considerato un accessorio, gioca un ruolo fondamentale nel determinare la qualit\u00e0 del taglio e la longevit\u00e0 della macchina.<\/p>\n<p>L'assistenza pneumatica non \u00e8 semplicemente una caratteristica supplementare; \u00e8 un fattore critico che influisce direttamente sia sulla qualit\u00e0 del taglio finale che sulla durata della vostra attrezzatura. Un compressore d'aria affidabile pu\u00f2 migliorare significativamente l'efficienza e l'efficacia del vostro laser cutter.<\/p>\n<h2>Valore fondamentale: il vantaggio B2B<\/h2>\n<p>Per i distributori, scegliere una pompa dell'aria di qualit\u00e0 si traduce in una significativa riduzione dei reclami dei clienti relativi a problemi come \"taglio inadeguato\" o \"lenti danneggiate\". Questo miglioramento \u00e8 direttamente correlato all'aumento dei tassi di fidelizzazione dei clienti. Fornendo ai vostri clienti un compressore d'aria di qualit\u00e0 superiore, garantite una maggiore soddisfazione e una riduzione dei problemi post-vendita.<\/p>\n<h2>Punti dolenti: i costi nascosti delle pompe ad aria economiche<\/h2>\n<h3>Scarsa qualit\u00e0 di taglio<\/h3>\n<p>L'utilizzo di una pompa dell'aria di bassa qualit\u00e0 pu\u00f2 causare un flusso d'aria instabile, con conseguenti bordi bruciati sui materiali e una riduzione dell'efficienza di taglio. Ci\u00f2 non solo influisce sulla resa immediata, ma influisce anche sulla commerciabilit\u00e0 del prodotto finale. I clienti potrebbero trovare i loro articoli meno attraenti a causa di finiture di qualit\u00e0 inferiore.<\/p>\n<h3>Rischio di danni all'attrezzatura<\/h3>\n<p>Le pompe pneumatiche economiche, soprattutto quelle cariche di olio, possono espellere nebbia d'olio o umidit\u00e0, contaminando le ottiche laser. Questa contaminazione pu\u00f2 comportare costose riparazioni e resi, gravando i distributori con spese impreviste e riducendo i margini di profitto.<\/p>\n<h3>Disturbo da rumore<\/h3>\n<p>I compressori d'aria tradizionali sono noti per i loro livelli di rumorosit\u00e0 eccessivi, che possono scoraggiare gli utenti domestici e gli spazi creativi dedicati all'istruzione. Il funzionamento rumoroso limita la potenziale clientela e riduce le opportunit\u00e0 di vendita. Pertanto, una soluzione silenziosa \u00e8 essenziale per entrare in questi mercati.<\/p>\n<h2>La nostra soluzione: ridefinire l'assistenza aerea di livello professionale<\/h2>\n<h3>Design senza olio e senza acqua<\/h3>\n<p>Il nostro compressore d'aria \u00e8 dotato di un design 100% oil-free e water-free, che garantisce una protezione completa delle lenti laser. Questo si traduce in una manutenzione minima per gli utenti finali, con un risparmio di tempo e fatica e la massimizzazione dell'efficienza operativa.<\/p>\n<h3>Tecnologia ultra silenziosa<\/h3>\n<p>Sviluppato specificamente per applicazioni indoor e home studio, il nostro compressore opera con un livello di rumorosit\u00e0 incredibilmente basso, inferiore a 60 dB. Questa innovazione migliora significativamente l'esperienza utente, offrendo un ambiente di lavoro pi\u00f9 silenzioso, rendendolo adatto sia ad ambienti residenziali che educativi.<\/p>\n<h3>Prestazioni potenti<\/h3>\n<p>Con una portata di 30 l\/min, il nostro compressore d'aria garantisce un flusso d'aria costante e stabile. Che si tratti di tagliare legno spesso o acrilico, garantisce tagli puliti e senza fumo, migliorando cos\u00ec la qualit\u00e0 del prodotto finito.<\/p>\n<h2>Ampia compatibilit\u00e0: corrispondenza completa<\/h2>\n<h3>Ampia gamma di applicazioni<\/h3>\n<p>Il nostro compressore d'aria \u00e8 progettato per adattarsi perfettamente al 95% dei principali modelli disponibili sul mercato, tra cui xTool, Ortur, Atomstack e vari macchinari laser CO2. Questa versatilit\u00e0 garantisce ai vostri clienti di utilizzare il nostro prodotto senza problemi con le loro apparecchiature esistenti.<\/p>\n<h3>Vantaggi per i distributori<\/h3>\n<p>Con un solo SKU compatibile con pi\u00f9 macchine, puoi ridurre significativamente la pressione e la complessit\u00e0 dell'inventario. Questo approccio semplificato non solo semplifica la logistica, ma ottimizza anche la gestione delle scorte, consentendo un migliore flusso di cassa e un'efficienza operativa.<\/p>\n<h2>Vantaggi della catena di fornitura e della partnership<\/h2>\n<h3>Forza della fabbrica<\/h3>\n<p>I nostri rigorosi processi di controllo qualit\u00e0 (QC) garantiscono un tasso di difettosit\u00e0 incredibilmente basso, inferiore a 1%. Questo impegno per la qualit\u00e0 vi aiuta a risparmiare sui costi logistici relativi a resi e cambi, migliorando in definitiva i vostri profitti.<\/p>\n<h3>Servizi personalizzati (OEM\/ODM)<\/h3>\n<p>Offriamo opzioni personalizzabili che includono il branding con il vostro logo, design di packaging personalizzati e diverse specifiche di spina per adattarsi a diversi paesi. Questa flessibilit\u00e0 vi consente di creare un'identit\u00e0 di marca distintiva che risuoni con il vostro mercato di riferimento.<\/p>\n<h3>Assistenza post-vendita<\/h3>\n<p>La nostra rapida risposta tecnica e la capacit\u00e0 di fornire ricambi garantiscono ai vostri clienti l'assistenza di cui hanno bisogno senza ritardi significativi. Questo livello di supporto aumenta la soddisfazione del cliente e promuove relazioni commerciali a lungo termine.<\/p>\n<h2>Conclusione e invito all'azione<\/h2>\n<p>Non lasciare che accessori scadenti rovinino la reputazione dei tuoi macchinari di fascia alta. Scegliere un compressore d'aria all'altezza della qualit\u00e0 delle tue attrezzature \u00e8 essenziale per mantenere la soddisfazione e la fidelizzazione dei clienti.<\/p>\n<p>Contattateci oggi stesso per richiedere un test campione o per ottenere il listino prezzi all'ingrosso B2B pi\u00f9 aggiornato. Arricchite la vostra offerta con le nostre soluzioni di compressori d'aria di alta qualit\u00e0.<\/p>\n<p><a href=\"https:\/\/aircompressorforlasercutter.com\/it\/contattaci\/\">Clicca qui per contattarci.<\/a><\/p>","protected":false},"excerpt":{"rendered":"<p>Air Compressor with Tube Fittings for Laser Cutter: The Unsung Hero Introduction: The Unsung Hero In the world of laser cutting and engraving, the focus often lies on the laser machine itself. Buyers invest significant sums in advanced laser engraving technology, yet they frequently overlook the essential role of an air compressor. This vital component, [&hellip;]<\/p>","protected":false},"featured_media":457,"comment_status":"open","ping_status":"closed","template":"","meta":{"_et_pb_use_builder":"","_et_pb_old_content":"","_et_gb_content_width":""},"product_brand":[],"product_cat":[1093],"product_tag":[1096],"class_list":{"0":"post-485","1":"product","2":"type-product","3":"status-publish","4":"has-post-thumbnail","6":"product_cat-air-compressor-for-laser-cutter","7":"product_tag-air-compressor-for-laser-cutter-cost","9":"first","10":"instock","11":"shipping-taxable","12":"product-type-simple"},"_links":{"self":[{"href":"https:\/\/aircompressorforlasercutter.com\/it\/wp-json\/wp\/v2\/product\/485","targetHints":{"allow":["GET"]}}],"collection":[{"href":"https:\/\/aircompressorforlasercutter.com\/it\/wp-json\/wp\/v2\/product"}],"about":[{"href":"https:\/\/aircompressorforlasercutter.com\/it\/wp-json\/wp\/v2\/types\/product"}],"replies":[{"embeddable":true,"href":"https:\/\/aircompressorforlasercutter.com\/it\/wp-json\/wp\/v2\/comments?post=485"}],"wp:featuredmedia":[{"embeddable":true,"href":"https:\/\/aircompressorforlasercutter.com\/it\/wp-json\/wp\/v2\/media\/457"}],"wp:attachment":[{"href":"https:\/\/aircompressorforlasercutter.com\/it\/wp-json\/wp\/v2\/media?parent=485"}],"wp:term":[{"taxonomy":"product_brand","embeddable":true,"href":"https:\/\/aircompressorforlasercutter.com\/it\/wp-json\/wp\/v2\/product_brand?post=485"},{"taxonomy":"product_cat","embeddable":true,"href":"https:\/\/aircompressorforlasercutter.com\/it\/wp-json\/wp\/v2\/product_cat?post=485"},{"taxonomy":"product_tag","embeddable":true,"href":"https:\/\/aircompressorforlasercutter.com\/it\/wp-json\/wp\/v2\/product_tag?post=485"}],"curies":[{"name":"wp","href":"https:\/\/api.w.org\/{rel}","templated":true}]}}