{"id":486,"date":"2026-01-14T08:26:21","date_gmt":"2026-01-14T08:26:21","guid":{"rendered":"https:\/\/aircompressorforlasercutter.com\/product\/diode-laser-air-assist-system-with-adjustable-knob\/"},"modified":"2026-01-14T08:29:15","modified_gmt":"2026-01-14T08:29:15","slug":"diode-laser-air-assist-system-with-adjustable-knob","status":"publish","type":"product","link":"https:\/\/aircompressorforlasercutter.com\/it\/prodotto\/sistema-di-assistenza-allaria-con-laser-a-diodo-con-manopola-regolabile\/","title":{"rendered":"Sistema di assistenza all'aria con laser a diodo con manopola regolabile"},"content":{"rendered":"<h1><span style=\"font-size: 26px;\">1. Contesto: l'essenziale trascurato<\/span><\/h1>\n<p>Nel mercato competitivo odierno, molti acquirenti investono massicciamente in macchine per incisione laser avanzate, spesso trascurando un componente fondamentale: il sistema di assistenza pneumatica. Sebbene il laser cutter possa essere il fiore all'occhiello, la pompa pneumatica svolge un ruolo fondamentale nel migliorare le prestazioni e la longevit\u00e0. L'assistenza pneumatica non \u00e8 un semplice accessorio; influenza direttamente la qualit\u00e0 del taglio finale e la durata della macchina.<\/p>\n<p>Per i clienti B2B, scegliere la pompa dell'aria giusta si traduce in un minor numero di reclami riguardanti problemi come tagli incompleti o lenti danneggiate, con conseguente aumento dei tassi di fidelizzazione dei clienti.<\/p>\n<p><img loading=\"lazy\" decoding=\"async\" class=\"wp-image-455 size-full aligncenter\" src=\"https:\/\/aircompressorforlasercutter.com\/wp-content\/uploads\/2026\/01\/Air-Compressor-For-Laser-Cutter2.webp\" alt=\"Compressore d&#039;aria per taglierina laser\" width=\"800\" height=\"800\" srcset=\"https:\/\/aircompressorforlasercutter.com\/wp-content\/uploads\/2026\/01\/Air-Compressor-For-Laser-Cutter2.webp 800w, https:\/\/aircompressorforlasercutter.com\/wp-content\/uploads\/2026\/01\/Air-Compressor-For-Laser-Cutter2-480x480.webp 480w\" sizes=\"auto, (min-width: 0px) and (max-width: 480px) 480px, (min-width: 481px) 800px, 100vw\" \/><\/p>\n<h2>2. Analisi dei punti critici: i costi nascosti delle pompe ad aria economiche<\/h2>\n<h3>Scarsa qualit\u00e0 di taglio<\/h3>\n<p>L'utilizzo di una pompa ad aria a basso costo pu\u00f2 causare un flusso d'aria instabile, che porta a bordi bruciati e a una riduzione dell'efficienza di taglio. Questo deterioramento non solo influisce sulla resa immediata, ma compromette anche l'aspetto estetico del prodotto finale. Ci\u00f2 pu\u00f2 avere effetti a cascata, incidendo sulla soddisfazione del cliente e sulla fidelizzazione del cliente.<\/p>\n<h3>Rischio di danni all'attrezzatura<\/h3>\n<p>Le pompe di qualit\u00e0 inferiore, in particolare quelle lubrificate a olio, possono rilasciare nebbia d'olio o umidit\u00e0 che contaminano la lente laser. Questa contaminazione pu\u00f2 comportare costose riparazioni e resi, compromettendo i margini di profitto dei distributori che si affidano a macchinari di alta qualit\u00e0.<\/p>\n<h3>Deterrenza del rumore<\/h3>\n<p>I compressori d'aria tradizionali possono produrre un rumore eccessivo, il che ne limita l'utilizzo in ambito domestico e in contesti didattici. Tali limitazioni riducono il potenziale di mercato, poich\u00e9 proprietari di case e insegnanti spesso cercano soluzioni pi\u00f9 silenziose per i loro progetti.<\/p>\n<h2>3. La nostra soluzione: ridefinire l'assistenza pneumatica di livello professionale<\/h2>\n<h3>Design senza olio e senza acqua<\/h3>\n<p>Il sistema di assistenza ad aria laser a diodi vanta un design 100% privo di olio e acqua, che offre una protezione senza pari per le lenti laser, eliminando al contempo i problemi di manutenzione per gli utenti finali. Ci\u00f2 significa tranquillit\u00e0 e prestazioni costanti senza la necessit\u00e0 di manutenzione.<\/p>\n<h3>Tecnologia ultra silenziosa<\/h3>\n<p>Progettato specificamente per l'uso in ambienti interni e in home studio, il nostro sistema opera a un livello di rumore estremamente basso (&lt;60 dB). Questa innovazione migliora significativamente l&#039;esperienza utente, rendendolo ideale per ambienti in cui il controllo del rumore \u00e8 fondamentale.<\/p>\n<h3>Prestazioni robuste<\/h3>\n<p>Con una portata costante di 30 l\/min, questo sistema di assistenza all'aria assicura tagli puliti e senza fumo quando si lavora con materiali spessi come legno e acrilico. Queste prestazioni affidabili migliorano l'efficienza del processo di taglio, garantendo risultati di qualit\u00e0 superiore.<\/p>\n<p><img loading=\"lazy\" decoding=\"async\" class=\"alignnone wp-image-453 size-full\" src=\"https:\/\/aircompressorforlasercutter.com\/wp-content\/uploads\/2026\/01\/Air-Compressor-For-Laser-Cutter.webp\" alt=\"Compressore d&#039;aria per taglierina laser\" width=\"800\" height=\"800\" srcset=\"https:\/\/aircompressorforlasercutter.com\/wp-content\/uploads\/2026\/01\/Air-Compressor-For-Laser-Cutter.webp 800w, https:\/\/aircompressorforlasercutter.com\/wp-content\/uploads\/2026\/01\/Air-Compressor-For-Laser-Cutter-480x480.webp 480w\" sizes=\"auto, (min-width: 0px) and (max-width: 480px) 480px, (min-width: 481px) 800px, 100vw\" \/><\/p>\n<h2>4. Ampia compatibilit\u00e0: corrispondenza completa<\/h2>\n<h3>Ampia applicabilit\u00e0<\/h3>\n<p>Il nostro sistema di assistenza ad aria compressa \u00e8 progettato per adattarsi perfettamente alle principali macchine laser presenti sul mercato, tra cui xTool, Ortur, Atomstack e vari sistemi laser CO2. Questa versatilit\u00e0 consente ai distributori di soddisfare un'ampia base di clienti senza l'onere di un inventario estensivo.<\/p>\n<h3>Vantaggi per i distributori<\/h3>\n<p>Con un unico SKU compatibile con pi\u00f9 macchine, la complessit\u00e0 della gestione delle scorte si riduce significativamente. I distributori possono semplificare i processi di inventario, il che si traduce in una minore pressione sulle scorte e una maggiore efficienza operativa.<\/p>\n<h2>5. Vantaggi della catena di fornitura e della partnership<\/h2>\n<h3>Forza della fabbrica<\/h3>\n<p>I nostri rigorosi processi di controllo qualit\u00e0 garantiscono un tasso di difettosit\u00e0 eccezionalmente basso (&lt;1%), consentendo ai distributori di risparmiare ingenti costi logistici legati a resi e cambi. Questa affidabilit\u00e0 favorisce solidi rapporti tra produttori e distributori, rafforzando la fiducia complessiva del mercato.<\/p>\n<h3>Servizi personalizzati (OEM\/ODM)<\/h3>\n<p>Supportiamo la personalizzazione del logo del marchio, la progettazione del packaging e l'adattamento delle specifiche globali dei plug-in, consentendo ai nostri partner di creare la propria identit\u00e0 sul mercato. Queste soluzioni personalizzate consentono ai distributori di differenziarsi dalla concorrenza.<\/p>\n<h3>Assistenza post-vendita<\/h3>\n<p>Il nostro impegno nel fornire un supporto tecnico rapido e la disponibilit\u00e0 di ricambi garantisce la pronta risoluzione di qualsiasi problema. Questo livello di servizio \u00e8 fondamentale per mantenere la soddisfazione e la fidelizzazione dei clienti.<\/p>\n<h2>6. Conclusione e invito all'azione (CTA)<\/h2>\n<p>La qualit\u00e0 della tua attrezzatura non dovrebbe essere compromessa da componenti di qualit\u00e0 inferiore. Migliora la tua offerta scegliendo una pompa dell'aria adatta al calibro delle tue macchine laser.<\/p>\n<p>Contattateci oggi stesso per richiedere un campione da testare o per conoscere i prezzi all'ingrosso B2B pi\u00f9 aggiornati. Fate la scelta che privilegia prestazioni e affidabilit\u00e0 nelle vostre operazioni di taglio laser.<\/p>\n<p style=\"text-align: center;\"><a href=\"https:\/\/aircompressorforlasercutter.com\/it\/contattaci\/\"><span style=\"font-size: 18pt;\">Contattaci subito!<\/span><\/a><\/p>","protected":false},"excerpt":{"rendered":"<p>1. Background: The Overlooked Essential In today??s competitive market, many buyers invest heavily in advanced laser engraving machines, often overlooking a critical component: the air assist system. While the laser cutter may be the star of the show, the air pump plays a pivotal role in enhancing performance and longevity. Air assist is not merely [&hellip;]<\/p>","protected":false},"featured_media":457,"comment_status":"open","ping_status":"closed","template":"","meta":{"_et_pb_use_builder":"","_et_pb_old_content":"","_et_gb_content_width":""},"product_brand":[],"product_cat":[1093],"product_tag":[1096],"class_list":{"0":"post-486","1":"product","2":"type-product","3":"status-publish","4":"has-post-thumbnail","6":"product_cat-air-compressor-for-laser-cutter","7":"product_tag-air-compressor-for-laser-cutter-cost","9":"first","10":"instock","11":"shipping-taxable","12":"product-type-simple"},"_links":{"self":[{"href":"https:\/\/aircompressorforlasercutter.com\/it\/wp-json\/wp\/v2\/product\/486","targetHints":{"allow":["GET"]}}],"collection":[{"href":"https:\/\/aircompressorforlasercutter.com\/it\/wp-json\/wp\/v2\/product"}],"about":[{"href":"https:\/\/aircompressorforlasercutter.com\/it\/wp-json\/wp\/v2\/types\/product"}],"replies":[{"embeddable":true,"href":"https:\/\/aircompressorforlasercutter.com\/it\/wp-json\/wp\/v2\/comments?post=486"}],"wp:featuredmedia":[{"embeddable":true,"href":"https:\/\/aircompressorforlasercutter.com\/it\/wp-json\/wp\/v2\/media\/457"}],"wp:attachment":[{"href":"https:\/\/aircompressorforlasercutter.com\/it\/wp-json\/wp\/v2\/media?parent=486"}],"wp:term":[{"taxonomy":"product_brand","embeddable":true,"href":"https:\/\/aircompressorforlasercutter.com\/it\/wp-json\/wp\/v2\/product_brand?post=486"},{"taxonomy":"product_cat","embeddable":true,"href":"https:\/\/aircompressorforlasercutter.com\/it\/wp-json\/wp\/v2\/product_cat?post=486"},{"taxonomy":"product_tag","embeddable":true,"href":"https:\/\/aircompressorforlasercutter.com\/it\/wp-json\/wp\/v2\/product_tag?post=486"}],"curies":[{"name":"wp","href":"https:\/\/api.w.org\/{rel}","templated":true}]}}