{"id":462,"date":"2026-01-14T08:26:17","date_gmt":"2026-01-14T08:26:17","guid":{"rendered":"https:\/\/aircompressorforlasercutter.com\/product\/air-assist-pump-for-xtool-d1-pro-laser-engraver\/"},"modified":"2026-01-14T08:50:32","modified_gmt":"2026-01-14T08:50:32","slug":"air-assist-pump-for-xtool-d1-pro-laser-engraver","status":"publish","type":"product","link":"https:\/\/aircompressorforlasercutter.com\/pl\/produkt\/pompa-wspomagajaca-powietrze-do-grawerki-laserowej-xtool-d1-pro\/","title":{"rendered":"Pompa wspomagaj\u0105ca powietrze do grawerki laserowej xTool D1 Pro"},"content":{"rendered":"<h1>Pompa wspomagaj\u0105ca powietrze do grawerki laserowej xTool D1 Pro: niedoceniany bohater ci\u0119cia laserowego<\/h1>\n<h2>1. T\u0142o: pomijany rynek<\/h2>\n<p>W konkurencyjnym \u015brodowisku grawerowania laserowego, nabywcy cz\u0119sto inwestuj\u0105 znaczne \u015brodki w wysokiej jako\u015bci urz\u0105dzenia laserowe, takie jak xTool D1 Pro. Jednak cz\u0119sto pomijanym elementem jest pompa powietrza wspomagaj\u0105cego \u2013 kluczowe akcesorium, kt\u00f3re bezpo\u015brednio wp\u0142ywa na wydajno\u015b\u0107 i \u017cywotno\u015b\u0107 tych maszyn. Chocia\u017c sama grawerka laserowa cieszy si\u0119 du\u017cym zainteresowaniem, pompa powietrza wspomagaj\u0105cego odgrywa kluczow\u0105 rol\u0119 w poprawie jako\u015bci ci\u0119cia i zapewnieniu trwa\u0142o\u015bci urz\u0105dzenia.<\/p>\n<p>Wspomaganie pneumatyczne to nie tylko element dodatkowy; to decyduj\u0105cy element wp\u0142ywaj\u0105cy na ko\u0144cowy efekt projekt\u00f3w grawerowania laserowego. Dla klient\u00f3w B2B wyb\u00f3r odpowiedniej pompy wspomagania pneumatycznego przek\u0142ada si\u0119 na mniejsz\u0105 liczb\u0119 skarg klient\u00f3w dotycz\u0105cych takich problem\u00f3w, jak niewystarczaj\u0105ca g\u0142\u0119boko\u015b\u0107 ci\u0119cia czy uszkodzone soczewki, co ostatecznie przek\u0142ada si\u0119 na wy\u017cszy wska\u017anik lojalno\u015b\u0107 klient\u00f3w.<\/p>\n<h2>2. Analiza punkt\u00f3w zapalnych: ukryte koszty tanich pomp powietrza<\/h2>\n<h3>Ni\u017csza jako\u015b\u0107 ci\u0119cia<\/h3>\n<p>U\u017cycie taniej pompy powietrza mo\u017ce skutkowa\u0107 niestabilnym przep\u0142ywem powietrza, co znacz\u0105co wp\u0142ywa na jako\u015b\u0107 ci\u0119cia. S\u0142aby przep\u0142yw powietrza prowadzi do przypalenia kraw\u0119dzi materia\u0142\u00f3w, niskiej wydajno\u015bci ci\u0119cia i pogorszenia wygl\u0105du produktu ko\u0144cowego, co mo\u017ce zniech\u0119ci\u0107 potencjalnych nabywc\u00f3w. To nie tylko pogarsza wra\u017cenia u\u017cytkownika ko\u0144cowego, ale tak\u017ce wp\u0142ywa na og\u00f3ln\u0105 reputacj\u0119 marki firm korzystaj\u0105cych z technologii grawerowania laserowego.<\/p>\n<h3>Ryzyko uszkodzenia sprz\u0119tu<\/h3>\n<p>Pompy powietrza niskiej jako\u015bci, zw\u0142aszcza te na bazie oleju, stanowi\u0105 powa\u017cne zagro\u017cenie dla grawer\u00f3w laserowych. Mog\u0105 one emitowa\u0107 mg\u0142\u0119 olejow\u0105 lub wilgo\u0107, kt\u00f3re mog\u0105 zanieczy\u015bci\u0107 soczewk\u0119 lasera, co skutkuje kosztownymi naprawami i zwi\u0119kszon\u0105 liczb\u0105 zwrot\u00f3w. Te ukryte koszty mog\u0105 szybko si\u0119 kumulowa\u0107, wp\u0142ywaj\u0105c na rentowno\u015b\u0107 i zadowolenie klient\u00f3w.<\/p>\n<h3>Odstraszacze ha\u0142asu<\/h3>\n<p>Tradycyjne spr\u0119\u017carki powietrza cz\u0119sto generuj\u0105 wysoki poziom ha\u0142asu, przez co nie nadaj\u0105 si\u0119 do u\u017cytku domowego i w plac\u00f3wkach edukacyjnych. Wysoki poziom ha\u0142asu ogranicza zasi\u0119g rynkowy i segmenty klient\u00f3w, kt\u00f3re mog\u0142yby skorzysta\u0107 z technologii grawerowania laserowego, co ogranicza mo\u017cliwo\u015bci sprzeda\u017cy.<\/p>\n<h2>3. Nasze rozwi\u0105zanie<\/h2>\n<h3>Konstrukcja bezolejowa i bezwodna<\/h3>\n<p>Nasza pompa wspomagana powietrzem posiada bezolejow\u0105 i bezwodn\u0105 konstrukcj\u0119 100%, kt\u00f3ra zapewnia maksymaln\u0105 ochron\u0119 soczewki lasera. Oznacza to, \u017ce u\u017cytkownicy mog\u0105 obs\u0142ugiwa\u0107 urz\u0105dzenie bez konieczno\u015bci cz\u0119stej konserwacji. Zwi\u0119ksza to komfort u\u017cytkowania, zapewniaj\u0105c jednocze\u015bnie spok\u00f3j ducha, co czyni j\u0105 idealnym wyborem do zastosowa\u0144 profesjonalnych.<\/p>\n<h3>Ultracicha technologia<\/h3>\n<p>Zaprojektowana specjalnie do zastosowa\u0144 w pomieszczeniach i domowych studiach, nasza pompa wspomagana powietrzem pracuje niezwykle cicho, poni\u017cej 60 dB. To nie tylko poprawia komfort u\u017cytkowania, ale tak\u017ce zapewnia wi\u0119ksz\u0105 elastyczno\u015b\u0107 w r\u00f3\u017cnych ustawieniach, dzi\u0119ki czemu d\u017awi\u0119k nie stanowi ju\u017c bariery uniemo\u017cliwiaj\u0105cej korzystanie z wysokiej jako\u015bci grawerek laserowych.<\/p>\n<h3>Solidna wydajno\u015b\u0107<\/h3>\n<p>Dzi\u0119ki sta\u0142ej wydajno\u015bci 30 l\/min, nasza pompa wspomagana powietrzem gwarantuje niezawodny przep\u0142yw. Jest to kluczowe przy ci\u0119ciu grubych materia\u0142\u00f3w, takich jak twarde drewno czy akryl, zapewniaj\u0105c czyste ci\u0119cia bez dymu i pozosta\u0142o\u015bci. Taka wydajno\u015b\u0107 jest niezb\u0119dna do utrzymania jako\u015bci produktu i spe\u0142nienia oczekiwa\u0144 klient\u00f3w w r\u00f3\u017cnych zastosowaniach.<\/p>\n<h2>4. Szeroka kompatybilno\u015b\u0107: kompleksowe dopasowanie u\u0142atwiaj\u0105ce zarz\u0105dzanie zapasami<\/h2>\n<h3>Szeroki zakres zastosowa\u0144<\/h3>\n<p>Nasza pompa wspomagania pneumatycznego zosta\u0142a zaprojektowana tak, aby idealnie pasowa\u0142a do modelu 95% popularnych maszyn dost\u0119pnych na rynku, w tym xTool, Ortur, Atomstack i r\u00f3\u017cnych laser\u00f3w CO2. Ta wszechstronno\u015b\u0107 sprawia, \u017ce \u200b\u200bjest to doskona\u0142a inwestycja dla dystrybutor\u00f3w, kt\u00f3rzy chc\u0105 usprawni\u0107 swoje zapasy.<\/p>\n<h3>Korzy\u015bci dla dystrybutor\u00f3w<\/h3>\n<p>Oferuj\u0105c jeden SKU, kt\u00f3ry jest kompatybilny z wieloma maszynami, mo\u017cesz znacz\u0105co zmniejszy\u0107 presj\u0119 na zapasy i z\u0142o\u017cono\u015b\u0107 zarz\u0105dzania zapasami. Ta efektywno\u015b\u0107 przek\u0142ada si\u0119 na lepsz\u0105 efektywno\u015b\u0107 operacyjn\u0105 i oszcz\u0119dno\u015bci koszt\u00f3w dla Twojej firmy.<\/p>\n<h2>5. Korzy\u015bci z \u0142a\u0144cucha dostaw i partnerstwa<\/h2>\n<h3>Si\u0142a produkcyjna<\/h3>\n<p>Przestrzegamy rygorystycznych procedur kontroli jako\u015bci, zapewniaj\u0105c wyj\u0105tkowo niski wska\u017anik defekt\u00f3w, poni\u017cej 1%. To zapewnienie jako\u015bci przek\u0142ada si\u0119 na ni\u017csze koszty logistyczne zwi\u0105zane ze zwrotami i wymianami, co pozwala na efektywniejsze alokowanie zasob\u00f3w.<\/p>\n<h3>Us\u0142ugi niestandardowe (OEM\/ODM)<\/h3>\n<p>Ever-power obs\u0142uguje personalizacj\u0119 logo marki, projektowanie opakowa\u0144 i specyfikacje wtyczek dla r\u00f3\u017cnych kraj\u00f3w. Ta elastyczno\u015b\u0107 pozwala Ci rozwija\u0107 w\u0142asn\u0105 identyfikacj\u0119 marki i zaspokaja\u0107 specyficzne potrzeby rynku, zwi\u0119kszaj\u0105c Twoj\u0105 przewag\u0119 konkurencyjn\u0105.<\/p>\n<h3>Wsparcie posprzeda\u017cowe<\/h3>\n<p>Nasze zaanga\u017cowanie w zapewnianie szybkiego wsparcia technicznego i dost\u0119pno\u015bci cz\u0119\u015bci zamiennych gwarantuje utrzymanie wysokiego poziomu zadowolenia klienta na d\u0142ugo po pierwszej sprzeda\u017cy. Zdajemy sobie spraw\u0119, \u017ce sta\u0142e wsparcie jest kluczowe dla budowania d\u0142ugoterminowych relacji z u\u017cytkownikami ko\u0144cowymi.<\/p>\n<h2>6. Wnioski i wezwanie do dzia\u0142ania<\/h2>\n<p>Nie pozw\u00f3l, aby akcesoria niskiej jako\u015bci zniszczy\u0142y reputacj\u0119 Twoich maszyn premium. Wyb\u00f3r wysokiej jako\u015bci pompy powietrza wspomagaj\u0105cego, dopasowanej do parametr\u00f3w Twojego sprz\u0119tu, jest kluczowy dla osi\u0105gni\u0119cia optymalnej wydajno\u015bci i zadowolenia klienta.<\/p>\n<p>Dzia\u0142aj ju\u017c dzi\u015b! Skontaktuj si\u0119 z nami ju\u017c dzi\u015b, aby zam\u00f3wi\u0107 pr\u00f3bk\u0119 testow\u0105 lub uzyska\u0107 najnowsze informacje o cenach hurtowych B2B. Odwied\u017a nas na <a href=\"https:\/\/aircompressorforlasercutter.com\/pl\/skontaktuj-sie-z-nami\/\">Zawsze pot\u0119\u017cny kontakt<\/a>.<\/p>","protected":false},"excerpt":{"rendered":"<p>Air Assist Pump for xTool D1 Pro Laser Engraver: The Unsung Hero of Laser Cutting 1. Background: A Market Overlooked In the competitive landscape of laser engraving, it is commonplace for buyers to invest significant resources into acquiring high-quality laser machines like the xTool D1 Pro. However, an often overlooked component is the air assist [&hellip;]<\/p>","protected":false},"featured_media":454,"comment_status":"open","ping_status":"closed","template":"","meta":{"_et_pb_use_builder":"","_et_pb_old_content":"","_et_gb_content_width":""},"product_brand":[],"product_cat":[1093],"product_tag":[1094],"class_list":{"0":"post-462","1":"product","2":"type-product","3":"status-publish","4":"has-post-thumbnail","6":"product_cat-air-compressor-for-laser-cutter","7":"product_tag-air-compressor-for-laser-cutter","9":"first","10":"instock","11":"shipping-taxable","12":"product-type-simple"},"_links":{"self":[{"href":"https:\/\/aircompressorforlasercutter.com\/pl\/wp-json\/wp\/v2\/product\/462","targetHints":{"allow":["GET"]}}],"collection":[{"href":"https:\/\/aircompressorforlasercutter.com\/pl\/wp-json\/wp\/v2\/product"}],"about":[{"href":"https:\/\/aircompressorforlasercutter.com\/pl\/wp-json\/wp\/v2\/types\/product"}],"replies":[{"embeddable":true,"href":"https:\/\/aircompressorforlasercutter.com\/pl\/wp-json\/wp\/v2\/comments?post=462"}],"wp:featuredmedia":[{"embeddable":true,"href":"https:\/\/aircompressorforlasercutter.com\/pl\/wp-json\/wp\/v2\/media\/454"}],"wp:attachment":[{"href":"https:\/\/aircompressorforlasercutter.com\/pl\/wp-json\/wp\/v2\/media?parent=462"}],"wp:term":[{"taxonomy":"product_brand","embeddable":true,"href":"https:\/\/aircompressorforlasercutter.com\/pl\/wp-json\/wp\/v2\/product_brand?post=462"},{"taxonomy":"product_cat","embeddable":true,"href":"https:\/\/aircompressorforlasercutter.com\/pl\/wp-json\/wp\/v2\/product_cat?post=462"},{"taxonomy":"product_tag","embeddable":true,"href":"https:\/\/aircompressorforlasercutter.com\/pl\/wp-json\/wp\/v2\/product_tag?post=462"}],"curies":[{"name":"wp","href":"https:\/\/api.w.org\/{rel}","templated":true}]}}