{"id":463,"date":"2026-01-14T08:26:17","date_gmt":"2026-01-14T08:26:17","guid":{"rendered":"https:\/\/aircompressorforlasercutter.com\/product\/laser-cutter-air-compressor-for-ortur-laser-master-3\/"},"modified":"2026-01-14T08:50:02","modified_gmt":"2026-01-14T08:50:02","slug":"laser-cutter-air-compressor-for-ortur-laser-master-3","status":"publish","type":"product","link":"https:\/\/aircompressorforlasercutter.com\/pl\/produkt\/sprezarka-powietrza-do-lasera-ortur-laser-master-3\/","title":{"rendered":"Kompresor powietrza do przecinarki laserowej Ortur Laser Master 3"},"content":{"rendered":"<h1>Kompresor powietrza do przecinarki laserowej Ortur Laser Master 3: Nieopiewany bohater<\/h1>\n<h2>1. T\u0142o: pomijany komponent<\/h2>\n<p>Na dzisiejszym konkurencyjnym rynku wielu nabywc\u00f3w inwestuje znaczne \u015brodki w wysokiej jako\u015bci maszyny do grawerowania laserowego, cz\u0119sto ignoruj\u0105c kluczowy sprz\u0119t pomocniczy: spr\u0119\u017cark\u0119 powietrza. Chocia\u017c najwy\u017cszej klasy ploter laserowy mo\u017ce precyzyjnie obrabia\u0107 materia\u0142y, to systemy pomocnicze naprawd\u0119 zwi\u0119kszaj\u0105 wydajno\u015b\u0107.<\/p>\n<p>Wspomaganie powietrzne nie jest jedynie dodatkiem; odgrywa ono kluczow\u0105 rol\u0119 w okre\u015blaniu ostatecznego wyniku <strong>jako\u015b\u0107 ci\u0119cia<\/strong> i <strong>trwa\u0142o\u015b\u0107 maszyny<\/strong>W bran\u017cy, w kt\u00f3rej priorytetem jest zadowolenie klienta, zrozumienie warto\u015bci niezawodnego kompresora powietrza mo\u017ce pom\u00f3c Ci wyr\u00f3\u017cni\u0107 si\u0119 na tle konkurencji.<\/p>\n<p>Dla dystrybutor\u00f3w wyb\u00f3r odpowiedniej pompki powietrza oznacza mniej skarg dotycz\u0105cych takich problem\u00f3w, jak \u201eniekompletne ci\u0119cia\u201d i \u201euszkodzone soczewki\u201d, co ostatecznie przek\u0142ada si\u0119 na wy\u017cszy wska\u017anik utrzymania klient\u00f3w.<\/p>\n<h2>2. Analiza punkt\u00f3w zapalnych: ukryte koszty tanich kompresor\u00f3w<\/h2>\n<h3>S\u0142aba jako\u015b\u0107 ci\u0119cia<\/h3>\n<p>W przypadku stosowania pompki powietrza niskiej jako\u015bci, niestabilno\u015b\u0107 przep\u0142ywu powietrza mo\u017ce prowadzi\u0107 do niepo\u017c\u0105danych efekt\u00f3w. Na przyk\u0142ad, kraw\u0119dzie mog\u0105 ulec zw\u0119gleniu lub przypaleniu, co znacz\u0105co wp\u0142ywa na estetyk\u0119 produktu ko\u0144cowego. Ma to negatywny wp\u0142yw nie tylko na zadowolenie klienta, ale mo\u017ce r\u00f3wnie\u017c skutkowa\u0107 utrat\u0105 sprzeda\u017cy.<\/p>\n<h3>Ryzyko uszkodzenia sprz\u0119tu<\/h3>\n<p>Spr\u0119\u017carki powietrza niskiej jako\u015bci, zw\u0142aszcza te zasilane olejem, mog\u0105 uwalnia\u0107 mg\u0142\u0119 olejow\u0105 lub wilgo\u0107, kt\u00f3ra zanieczyszcza optyk\u0119 lasera. Takie zanieczyszczenie mo\u017ce skutkowa\u0107 kosztownymi naprawami i zwrotami, kt\u00f3rych mo\u017cna by unikn\u0105\u0107, stosuj\u0105c niezawodny system zasilania powietrzem.<\/p>\n<h3>\u015arodek odstraszaj\u0105cy ha\u0142as<\/h3>\n<p>Tradycyjne spr\u0119\u017carki powietrza s\u0105 znane z tego, \u017ce s\u0105 g\u0142o\u015bne, co stanowi barier\u0119 dla u\u017cytkownik\u00f3w domowych i przestrzeni edukacyjnych. To zanieczyszczenie ha\u0142asem zmniejsza u\u017cyteczno\u015b\u0107 produktu w warunkach domowych i ogranicza zasi\u0119g rynkowy.<\/p>\n<h2>3. Nasze rozwi\u0105zanie<\/h2>\n<h3>Konstrukcja bezolejowa i odporna na wilgo\u0107<\/h3>\n<p>Nasz kompresor powietrza charakteryzuje si\u0119 konstrukcj\u0105 bezolejow\u0105 i bezwodn\u0105 100%, kt\u00f3ra gwarantuje ochron\u0119 soczewek laserowych. U\u017cytkownicy ko\u0144cowi mog\u0105 cieszy\u0107 si\u0119 spokojem ducha, wiedz\u0105c, \u017ce nie napotkaj\u0105 problem\u00f3w konserwacyjnych, co pozwala im skupi\u0107 si\u0119 wy\u0142\u0105cznie na swoich projektach kreatywnych.<\/p>\n<h3>Ultracicha technologia<\/h3>\n<p>Specjalnie zaprojektowany do zastosowa\u0144 w pomieszczeniach i domowym studiu, nasz kompresor pracuje przy zadziwiaj\u0105co niskim poziomie ha\u0142asu <strong>&lt;60dB<\/strong>Dzi\u0119ki temu u\u017cytkownik ma jeszcze lepsze do\u015bwiadczenia, co czyni urz\u0105dzenie idealnym dla mi\u0142o\u015bnik\u00f3w r\u0119kodzie\u0142a, kt\u00f3rzy potrzebuj\u0105 spokojnego miejsca pracy.<\/p>\n<h3>Solidna wydajno\u015b\u0107<\/h3>\n<p>Dzi\u0119ki ci\u0105g\u0142ej i stabilnej wydajno\u015bci 30 l\/min, nasz kompresor zapewnia czyste i bezdymne ci\u0119cie nawet najgrubszych materia\u0142\u00f3w, takich jak twarde drewno czy akryl. Taka wydajno\u015b\u0107 nie tylko zwi\u0119ksza wydajno\u015b\u0107 ci\u0119cia, ale tak\u017ce pozwala zachowa\u0107 jako\u015b\u0107 produktu ko\u0144cowego.<\/p>\n<h2>4. Szeroka kompatybilno\u015b\u0107: kompleksowe dopasowanie (bezproblemowy inwentarz)<\/h2>\n<h3>Szeroki zakres zastosowania<\/h3>\n<p>Nasz kompresor powietrza jest w pe\u0142ni kompatybilny z modelem 95% popularnych modeli wycinarek laserowych, w tym xTool, Ortur, Atomstack i r\u00f3\u017cnymi urz\u0105dzeniami laserowymi CO2. Ten poziom kompatybilno\u015bci gwarantuje, \u017ce bez problemu sprostasz zr\u00f3\u017cnicowanym potrzebom klient\u00f3w.<\/p>\n<h3>Korzy\u015bci dla dystrybutor\u00f3w<\/h3>\n<p>Dzi\u0119ki jednemu SKU, kt\u00f3ry pasuje do wielu maszyn, radykalnie zmniejszasz presj\u0119 na zapasy i upraszczasz zarz\u0105dzanie zapasami. To usprawnione podej\u015bcie pozwala Ci skupi\u0107 si\u0119 na rozwoju firmy, zamiast zmaga\u0107 si\u0119 ze skomplikowan\u0105 logistyk\u0105.<\/p>\n<h2>5. Korzy\u015bci z \u0142a\u0144cucha dostaw i partnerstwa<\/h2>\n<h3>Si\u0142a fabryki<\/h3>\n<p>Nasze rygorystyczne procesy kontroli jako\u015bci zapewniaj\u0105 imponuj\u0105co niski wska\u017anik wad, wynosz\u0105cy mniej ni\u017c <strong>1%<\/strong>Dzi\u0119ki temu nie tylko minimalizujesz koszty logistyki zwrot\u00f3w, ale tak\u017ce budujesz zaufanie klient\u00f3w, kt\u00f3rzy otrzymuj\u0105 produkty wysokiej jako\u015bci.<\/p>\n<h3>Rozwi\u0105zania niestandardowe (OEM\/ODM)<\/h3>\n<p>Oferujemy rozwi\u0105zania szyte na miar\u0119, w tym personalizacj\u0119 logo, projektowanie opakowa\u0144 oraz r\u00f3\u017cnorodne specyfikacje wtyczek dla r\u00f3\u017cnych kraj\u00f3w. Ta elastyczno\u015b\u0107 pozwala Ci budowa\u0107 w\u0142asn\u0105 to\u017csamo\u015b\u0107 marki i odpowiada\u0107 na specyficzne wymagania rynku.<\/p>\n<h3>Wsparcie posprzeda\u017cowe<\/h3>\n<p>Nasze zaanga\u017cowanie w zadowolenie klienta wykracza poza sprzeda\u017c. Zapewniamy szybkie wsparcie techniczne i dostaw\u0119 cz\u0119\u015bci zamiennych, aby zapewni\u0107 p\u0142ynne i efektywne funkcjonowanie Twojej dzia\u0142alno\u015bci.<\/p>\n<h2>6. Wnioski i wezwanie do dzia\u0142ania<\/h2>\n<p>Nie pozw\u00f3l, aby podzespo\u0142y niskiej jako\u015bci zniszczy\u0142y reputacj\u0119 Twoich wysokiej klasy maszyn. Wybierz spr\u0119\u017cark\u0119 powietrza, kt\u00f3ra odpowiada jako\u015bci Twojego sprz\u0119tu.<\/p>\n<p><strong>Skontaktuj si\u0119 z nami<\/strong> ju\u017c dzi\u015b, aby zam\u00f3wi\u0107 pr\u00f3bk\u0119 do test\u00f3w lub uzyska\u0107 najnowszy cennik hurtowy B2B na stronie <a href=\"https:\/\/aircompressorforlasercutter.com\/pl\/skontaktuj-sie-z-nami\/\">Zawsze mocna<\/a>Twoi klienci zas\u0142uguj\u0105 na to, co najlepsze, a my jeste\u015bmy tu po to, \u017ceby im to zapewni\u0107.<\/p>","protected":false},"excerpt":{"rendered":"<p>Laser Cutter Air Compressor for Ortur Laser Master 3: The Unsung Hero 1. Background: The Overlooked Component In today&#8217;s competitive market, many buyers invest significantly in high-quality laser engraving machines, often overlooking the critical support equipment: the air compressor. While a top-of-the-line laser cutter can transform materials with precision, it is the auxiliary systems that [&hellip;]<\/p>","protected":false},"featured_media":454,"comment_status":"open","ping_status":"closed","template":"","meta":{"_et_pb_use_builder":"","_et_pb_old_content":"","_et_gb_content_width":""},"product_brand":[],"product_cat":[1093],"product_tag":[1095],"class_list":{"0":"post-463","1":"product","2":"type-product","3":"status-publish","4":"has-post-thumbnail","6":"product_cat-air-compressor-for-laser-cutter","7":"product_tag-air-compressor-for-laser-cutter-price","9":"first","10":"instock","11":"shipping-taxable","12":"product-type-simple"},"_links":{"self":[{"href":"https:\/\/aircompressorforlasercutter.com\/pl\/wp-json\/wp\/v2\/product\/463","targetHints":{"allow":["GET"]}}],"collection":[{"href":"https:\/\/aircompressorforlasercutter.com\/pl\/wp-json\/wp\/v2\/product"}],"about":[{"href":"https:\/\/aircompressorforlasercutter.com\/pl\/wp-json\/wp\/v2\/types\/product"}],"replies":[{"embeddable":true,"href":"https:\/\/aircompressorforlasercutter.com\/pl\/wp-json\/wp\/v2\/comments?post=463"}],"wp:featuredmedia":[{"embeddable":true,"href":"https:\/\/aircompressorforlasercutter.com\/pl\/wp-json\/wp\/v2\/media\/454"}],"wp:attachment":[{"href":"https:\/\/aircompressorforlasercutter.com\/pl\/wp-json\/wp\/v2\/media?parent=463"}],"wp:term":[{"taxonomy":"product_brand","embeddable":true,"href":"https:\/\/aircompressorforlasercutter.com\/pl\/wp-json\/wp\/v2\/product_brand?post=463"},{"taxonomy":"product_cat","embeddable":true,"href":"https:\/\/aircompressorforlasercutter.com\/pl\/wp-json\/wp\/v2\/product_cat?post=463"},{"taxonomy":"product_tag","embeddable":true,"href":"https:\/\/aircompressorforlasercutter.com\/pl\/wp-json\/wp\/v2\/product_tag?post=463"}],"curies":[{"name":"wp","href":"https:\/\/api.w.org\/{rel}","templated":true}]}}