{"id":464,"date":"2026-01-14T08:26:17","date_gmt":"2026-01-14T08:26:17","guid":{"rendered":"https:\/\/aircompressorforlasercutter.com\/product\/co2-laser-air-compressor-for-k40-laser-cutter\/"},"modified":"2026-01-14T08:48:53","modified_gmt":"2026-01-14T08:48:53","slug":"co2-laser-air-compressor-for-k40-laser-cutter","status":"publish","type":"product","link":"https:\/\/aircompressorforlasercutter.com\/pl\/produkt\/kompresor-powietrza-co2-do-lasera-k40\/","title":{"rendered":"Kompresor powietrza CO2 do lasera K40"},"content":{"rendered":"<h1>Kompresor powietrza CO2 do lasera K40: Nieopiewany bohater<\/h1>\n<h2>1. T\u0142o: pomijane elementy podstawowe<\/h2>\n<p>Na dzisiejszym konkurencyjnym rynku grawerowania laserowego, kupuj\u0105cy cz\u0119sto inwestuj\u0105 znaczne \u015brodki w wysokiej jako\u015bci maszyny do ci\u0119cia laserowego, cz\u0119sto ignoruj\u0105c kluczowy dodatek: spr\u0119\u017cark\u0119 powietrza. Podczas gdy sama wycinarka laserowa jest kluczowa dla precyzji i wydajno\u015bci, spr\u0119\u017carka powietrza dzia\u0142a jako jej cichy partner, zapewniaj\u0105c optymaln\u0105 wydajno\u015b\u0107. Wspomaganie pneumatyczne to nie tylko dodatek; ma ono bezpo\u015bredni wp\u0142yw na ostateczn\u0105 jako\u015b\u0107 ci\u0119cia i \u017cywotno\u015b\u0107 urz\u0105dzenia.<\/p>\n<p>W przypadku klient\u00f3w B2B wyb\u00f3r odpowiedniej pompki powietrza przek\u0142ada si\u0119 na mniejsz\u0105 liczb\u0119 skarg dotycz\u0105cych takich problem\u00f3w, jak \u201eniekompletne ci\u0119cia\u201d i \u201euszkodzone soczewki\u201d. To z kolei przek\u0142ada si\u0119 na wy\u017cszy wska\u017anik utrzymania klient\u00f3w, poniewa\u017c zadowoleni klienci ch\u0119tniej wracaj\u0105 po kolejne zakupy.<\/p>\n<p><img loading=\"lazy\" decoding=\"async\" class=\"size-full wp-image-456 aligncenter\" src=\"https:\/\/aircompressorforlasercutter.com\/wp-content\/uploads\/2026\/01\/Air-Compressor-For-Laser-Cutter4.webp\" alt=\"Kompresor powietrza do przecinarki laserowej\" width=\"800\" height=\"800\" srcset=\"https:\/\/aircompressorforlasercutter.com\/wp-content\/uploads\/2026\/01\/Air-Compressor-For-Laser-Cutter4.webp 800w, https:\/\/aircompressorforlasercutter.com\/wp-content\/uploads\/2026\/01\/Air-Compressor-For-Laser-Cutter4-480x480.webp 480w\" sizes=\"auto, (min-width: 0px) and (max-width: 480px) 480px, (min-width: 481px) 800px, 100vw\" \/><\/p>\n<h2>2. Analiza punkt\u00f3w zapalnych: ukryte koszty tanich pomp powietrza<\/h2>\n<h3>S\u0142aba jako\u015b\u0107 ci\u0119cia<\/h3>\n<p>Pompy powietrza niskiej jako\u015bci cz\u0119sto powoduj\u0105 niestabilny przep\u0142yw powietrza, co prowadzi do przypalenia kraw\u0119dzi materia\u0142\u00f3w i zmniejszenia wydajno\u015bci ci\u0119cia. To z kolei negatywnie wp\u0142ywa na estetyk\u0119 produktu ko\u0144cowego, wp\u0142ywaj\u0105c na og\u00f3lne zadowolenie klient\u00f3w i konkurencyjno\u015b\u0107 rynkow\u0105.<\/p>\n<h3>Ryzyko uszkodzenia sprz\u0119tu<\/h3>\n<p>Pompy powietrza niskiej jako\u015bci, zw\u0142aszcza te nasycone olejem, mog\u0105 emitowa\u0107 mg\u0142\u0119 olejow\u0105 lub wilgo\u0107, kt\u00f3ra zanieczyszcza soczewk\u0119 lasera. Zanieczyszczenie to prowadzi do kosztownych napraw posprzeda\u017cowych i zwrot\u00f3w, obni\u017caj\u0105c mar\u017c\u0119 zysku i szkodz\u0105c reputacji marki.<\/p>\n<h3>Zak\u0142\u00f3cenia ha\u0142asu<\/h3>\n<p>Tradycyjne spr\u0119\u017carki powietrza s\u0142yn\u0105 z wysokiego poziomu ha\u0142asu, kt\u00f3ry zniech\u0119ca u\u017cytkownik\u00f3w domowych i ogranicza ich zastosowanie w edukacyjnych przestrzeniach tw\u00f3rczych. Nadmierny ha\u0142as ogranicza potencjalny rynek zbytu i pogarsza komfort u\u017cytkowania, szczeg\u00f3lnie dla majsterkowicz\u00f3w poszukuj\u0105cych cichszego otoczenia.<\/p>\n<h2>3. Nasze rozwi\u0105zanie<\/h2>\n<h3>Konstrukcja bezolejowa i bezwodna<\/h3>\n<p>Nasz kompresor powietrza do laser\u00f3w CO2 charakteryzuje si\u0119 konstrukcj\u0105 100%, kt\u00f3ra jest bezolejowa i bezwodna, zapewniaj\u0105c pe\u0142n\u0105 ochron\u0119 soczewek laserowych. U\u017cytkownicy ko\u0144cowi mog\u0105 cieszy\u0107 si\u0119 bezproblemow\u0105 prac\u0105 bez konieczno\u015bci regularnej konserwacji, oszcz\u0119dzaj\u0105c czas i wysi\u0142ek.<\/p>\n<h3>Ultracicha technologia<\/h3>\n<p>Zaprojektowany specjalnie do zastosowa\u0144 w pomieszczeniach i domowym studiu, nasz kompresor pracuje wyj\u0105tkowo cicho (&lt;60 dB). Ta innowacja poprawia komfort u\u017cytkowania, tworz\u0105c ciche miejsce pracy, odpowiednie zar\u00f3wno dla hobbyst\u00f3w, jak i profesjonalist\u00f3w.<\/p>\n<h3>Solidna wydajno\u015b\u0107<\/h3>\n<p>Dzi\u0119ki ci\u0105g\u0142ej, stabilnej wydajno\u015bci 30 l\/min, nasz kompresor gwarantuje czyste i bezdymne ci\u0119cie, nawet w przypadku grubych materia\u0142\u00f3w drewnianych lub akrylowych. Taka wydajno\u015b\u0107 gwarantuje, \u017ce Twoje projekty b\u0119d\u0105 spe\u0142nia\u0107 wysokie standardy, do kt\u00f3rych d\u0105\u017cysz.<\/p>\n<h2>4. Szeroka kompatybilno\u015b\u0107: kompleksowe rozwi\u0105zanie do dopasowywania<\/h2>\n<h3>Szerokie zastosowanie<\/h3>\n<p>Ten kompresor powietrza zosta\u0142 zaprojektowany tak, aby idealnie pasowa\u0142 do popularnych modeli 95% dost\u0119pnych na rynku, w tym xTool, Ortur, Atomstack i r\u00f3\u017cnych urz\u0105dze\u0144 laserowych CO2. Ten poziom kompatybilno\u015bci u\u0142atwia podejmowanie decyzji zakupowych.<\/p>\n<h3>Korzy\u015bci dla dystrybutor\u00f3w<\/h3>\n<p>Dzi\u0119ki pojedynczemu SKU kompatybilnemu z wieloma maszynami, dystrybutorzy mog\u0105 znacz\u0105co zmniejszy\u0107 presj\u0119 na zapasy i usprawni\u0107 proces magazynowania. To uproszczone podej\u015bcie sprzyja bardziej wydajnemu \u0142a\u0144cuchowi dostaw, umo\u017cliwiaj\u0105c wi\u0119ksz\u0105 koncentracj\u0119 na sprzeda\u017cy i zaanga\u017cowaniu klient\u00f3w.<\/p>\n<h2>5. Korzy\u015bci z \u0142a\u0144cucha dostaw i partnerstwa<\/h2>\n<h3>Si\u0142a fabryki<\/h3>\n<p>Nasze rygorystyczne procesy kontroli jako\u015bci gwarantuj\u0105 wyj\u0105tkowo niski wska\u017anik defekt\u00f3w (&lt;1%), co pozwala zaoszcz\u0119dzi\u0107 na kosztach logistycznych zwi\u0105zanych ze zwrotami i wymianami. Wybieraj\u0105c nas, inwestujesz w niezawodno\u015b\u0107 i spok\u00f3j ducha.<\/p>\n<h3>Us\u0142ugi dostosowywania (OEM\/ODM)<\/h3>\n<p>Oferujemy opcje personalizacji, w tym branding z Twoim logo, spersonalizowane projekty opakowa\u0144 oraz r\u00f3\u017cne specyfikacje wtyczek dla r\u00f3\u017cnych kraj\u00f3w. Ta elastyczno\u015b\u0107 pozwala Ci stworzy\u0107 unikaln\u0105 identyfikacj\u0119 marki, jednocze\u015bnie spe\u0142niaj\u0105c zr\u00f3\u017cnicowane potrzeby klient\u00f3w.<\/p>\n<h3>Wsparcie posprzeda\u017cowe<\/h3>\n<p>Nasze zaanga\u017cowanie wykracza poza sprzeda\u017c. Zapewniamy szybk\u0105 reakcj\u0119 techniczn\u0105 i terminow\u0105 dostaw\u0119 cz\u0119\u015bci zamiennych, gwarantuj\u0105c nieprzerwan\u0105 dzia\u0142alno\u015b\u0107 i zadowolenie klient\u00f3w.<\/p>\n<p><img loading=\"lazy\" decoding=\"async\" class=\"aligncenter size-full wp-image-458\" src=\"https:\/\/aircompressorforlasercutter.com\/wp-content\/uploads\/2026\/01\/Air-Compressor-For-Laser-Cutter6.webp\" alt=\"Kompresor powietrza do przecinarki laserowej\" width=\"800\" height=\"800\" srcset=\"https:\/\/aircompressorforlasercutter.com\/wp-content\/uploads\/2026\/01\/Air-Compressor-For-Laser-Cutter6.webp 800w, https:\/\/aircompressorforlasercutter.com\/wp-content\/uploads\/2026\/01\/Air-Compressor-For-Laser-Cutter6-480x480.webp 480w\" sizes=\"auto, (min-width: 0px) and (max-width: 480px) 480px, (min-width: 481px) 800px, 100vw\" \/><\/p>\n<h2>6.<\/h2>\n<p>Nie pozw\u00f3l, aby podzespo\u0142y niskiej jako\u015bci zniszczy\u0142y reputacj\u0119 Twoich wysokiej klasy maszyn. Wyb\u00f3r pompy powietrza, kt\u00f3ra b\u0119dzie odpowiada\u0107 jako\u015bci Twojego sprz\u0119tu, ma kluczowe znaczenie dla sukcesu Twojej marki.<\/p>\n<p>Skontaktuj si\u0119 z nami ju\u017c dzi\u015b, aby zam\u00f3wi\u0107 pr\u00f3bk\u0119 do test\u00f3w lub uzyska\u0107 aktualne ceny hurtowe B2B. Przekonaj si\u0119 osobi\u015bcie, jak nasz kompresor powietrza do laser\u00f3w CO2 mo\u017ce podnie\u015b\u0107 jako\u015b\u0107 ci\u0119cia i zadowolenie klienta.<\/p>\n<p>Aby uzyska\u0107 wi\u0119cej informacji, odwied\u017a <a href=\"https:\/\/aircompressorforlasercutter.com\/pl\/skontaktuj-sie-z-nami\/\">nasza strona kontaktowa<\/a>.<\/p>","protected":false},"excerpt":{"rendered":"<p>CO2 Laser Air Compressor for K40 Laser Cutter: The Unsung Hero 1. Background: The Overlooked Essential In today&#8217;s competitive laser engraving market, it&#8217;s common for buyers to invest significantly in high-quality laser cutting machines, often overlooking a critical accessory: the air compressor. While the laser cutter itself is pivotal for precision and efficiency, the air [&hellip;]<\/p>","protected":false},"featured_media":454,"comment_status":"open","ping_status":"closed","template":"","meta":{"_et_pb_use_builder":"","_et_pb_old_content":"","_et_gb_content_width":""},"product_brand":[],"product_cat":[1093],"product_tag":[1096],"class_list":{"0":"post-464","1":"product","2":"type-product","3":"status-publish","4":"has-post-thumbnail","6":"product_cat-air-compressor-for-laser-cutter","7":"product_tag-air-compressor-for-laser-cutter-cost","9":"first","10":"instock","11":"shipping-taxable","12":"product-type-simple"},"_links":{"self":[{"href":"https:\/\/aircompressorforlasercutter.com\/pl\/wp-json\/wp\/v2\/product\/464","targetHints":{"allow":["GET"]}}],"collection":[{"href":"https:\/\/aircompressorforlasercutter.com\/pl\/wp-json\/wp\/v2\/product"}],"about":[{"href":"https:\/\/aircompressorforlasercutter.com\/pl\/wp-json\/wp\/v2\/types\/product"}],"replies":[{"embeddable":true,"href":"https:\/\/aircompressorforlasercutter.com\/pl\/wp-json\/wp\/v2\/comments?post=464"}],"wp:featuredmedia":[{"embeddable":true,"href":"https:\/\/aircompressorforlasercutter.com\/pl\/wp-json\/wp\/v2\/media\/454"}],"wp:attachment":[{"href":"https:\/\/aircompressorforlasercutter.com\/pl\/wp-json\/wp\/v2\/media?parent=464"}],"wp:term":[{"taxonomy":"product_brand","embeddable":true,"href":"https:\/\/aircompressorforlasercutter.com\/pl\/wp-json\/wp\/v2\/product_brand?post=464"},{"taxonomy":"product_cat","embeddable":true,"href":"https:\/\/aircompressorforlasercutter.com\/pl\/wp-json\/wp\/v2\/product_cat?post=464"},{"taxonomy":"product_tag","embeddable":true,"href":"https:\/\/aircompressorforlasercutter.com\/pl\/wp-json\/wp\/v2\/product_tag?post=464"}],"curies":[{"name":"wp","href":"https:\/\/api.w.org\/{rel}","templated":true}]}}