{"id":465,"date":"2026-01-14T08:26:17","date_gmt":"2026-01-14T08:26:17","guid":{"rendered":"https:\/\/aircompressorforlasercutter.com\/product\/air-assist-kit-for-sculpfun-s9-s10-s30\/"},"modified":"2026-01-14T08:47:40","modified_gmt":"2026-01-14T08:47:40","slug":"air-assist-kit-for-sculpfun-s9-s10-s30","status":"publish","type":"product","link":"https:\/\/aircompressorforlasercutter.com\/pl\/produkt\/zestaw-wspomagania-powietrza-do-sculpfun-s9-s10-s30\/","title":{"rendered":"Zestaw wspomagania powietrza do SCULPFUN S9 S10 S30"},"content":{"rendered":"<h1>Zestaw Air Assist do SCULPFUN S9 S10 S30: Nieznany bohater ci\u0119cia laserowego<\/h1>\n<h2>1. T\u0142o: pomijane elementy podstawowe<\/h2>\n<p>Na dzisiejszym dynamicznym rynku maszyn do grawerowania laserowego, wielu nabywc\u00f3w inwestuje znaczne \u015brodki w sw\u00f3j sprz\u0119t, koncentruj\u0105c si\u0119 na najnowszych modelach i zaawansowanych funkcjach. Jednak kluczowym elementem, kt\u00f3ry cz\u0119sto pozostaje niezauwa\u017cony, jest pompa powietrza. Chocia\u017c sama maszyna laserowa jest cudem techniki, zestaw wspomagaj\u0105cy powietrze to niewidoczny atut, kt\u00f3ry mo\u017ce znacz\u0105co poprawi\u0107 komfort u\u017cytkowania.<\/p>\n<p>Wspomaganie pneumatyczne to co\u015b wi\u0119cej ni\u017c tylko urz\u0105dzenie peryferyjne; odgrywa ono kluczow\u0105 rol\u0119 w okre\u015blaniu ostatecznej \u201ejako\u015bci ci\u0119cia\u201d i \u201e\u017cywotno\u015bci maszyny\u201d. Dla firm wyb\u00f3r odpowiedniej pompki pneumatycznej mo\u017ce przyczyni\u0107 si\u0119 do zmniejszenia liczby skarg klient\u00f3w dotycz\u0105cych takich problem\u00f3w, jak \u201eniekompletne ci\u0119cia\u201d lub \u201euszkodzone soczewki\u201d, co przek\u0142ada si\u0119 na wzrost wska\u017anika utrzymania klient\u00f3w.<\/p>\n<h2>2. Analiza punkt\u00f3w zapalnych: ukryte koszty tanich pomp powietrza<\/h2>\n<h3>S\u0142aba jako\u015b\u0107 ci\u0119cia<\/h3>\n<p>U\u017cycie pompy powietrza niskiej jako\u015bci mo\u017ce prowadzi\u0107 do niezadowalaj\u0105cych rezultat\u00f3w ci\u0119cia. Niestabilny przep\u0142yw powietrza powoduje zw\u0119glenie i przypalenie kraw\u0119dzi materia\u0142\u00f3w, co ostatecznie wp\u0142ywa negatywnie na atrakcyjno\u015b\u0107 wizualn\u0105 produktu ko\u0144cowego dla u\u017cytkownik\u00f3w ko\u0144cowych. Ta niesp\u00f3jno\u015b\u0107 mo\u017ce negatywnie wp\u0142yn\u0105\u0107 na wizerunek Twojej marki.<\/p>\n<h3>Ryzyko uszkodzenia sprz\u0119tu<\/h3>\n<p>Inwestycja w pomp\u0119 powietrza niskiej jako\u015bci, zw\u0142aszcza tak\u0105, kt\u00f3ra wprowadza do uk\u0142adu mg\u0142\u0119 olejow\u0105 lub wilgo\u0107, stwarza znaczne ryzyko zanieczyszczenia soczewki lasera. Takie uszkodzenia skutkuj\u0105 kosztownymi naprawami posprzeda\u017cowymi i mog\u0105 prowadzi\u0107 do wy\u017cszych zwrot\u00f3w, co dodatkowo wp\u0142ywa na wynik finansowy.<\/p>\n<h3>Odstraszanie ha\u0142asem<\/h3>\n<p>Tradycyjne spr\u0119\u017carki powietrza mog\u0105 by\u0107 wyj\u0105tkowo g\u0142o\u015bne, cz\u0119sto przekraczaj\u0105c dopuszczalny poziom decybeli. To zanieczyszczenie ha\u0142asem zniech\u0119ca u\u017cytkownik\u00f3w domowych i plac\u00f3wki edukacyjne do korzystania z technologii ci\u0119cia laserowego, skutecznie zmniejszaj\u0105c liczb\u0119 potencjalnych klient\u00f3w.<\/p>\n<h2>3. Nasze rozwi\u0105zanie: Nowa definicja wspomagania pneumatycznego klasy profesjonalnej<\/h2>\n<h3>Konstrukcja bezolejowa i bezwodna<\/h3>\n<p>Nasz zestaw Air Assist zawiera bezolejow\u0105 i bezwodn\u0105 konstrukcj\u0119 100%, kt\u00f3ra zapewnia pe\u0142n\u0105 ochron\u0119 soczewki lasera. U\u017cytkownicy ko\u0144cowi mog\u0105 cieszy\u0107 si\u0119 bezobs\u0142ugowym dzia\u0142aniem, co pozwala im skupi\u0107 si\u0119 na swoich kreatywnych projektach bez konieczno\u015bci cz\u0119stej konserwacji.<\/p>\n<h3>Ultracicha technologia<\/h3>\n<p>Zaprojektowana specjalnie do zastosowa\u0144 w pomieszczeniach lub domowym studiu, nasza pompa powietrza pracuje z imponuj\u0105co niskim poziomem ha\u0142asu, poni\u017cej 60 dB. Ta wyj\u0105tkowo cicha funkcja znacznie poprawia komfort u\u017cytkowania, czyni\u0105c j\u0105 idealn\u0105 do \u015brodowisk, w kt\u00f3rych ha\u0142as jest problemem.<\/p>\n<h3>Solidna wydajno\u015b\u0107<\/h3>\n<p>Dzi\u0119ki sta\u0142ej wydajno\u015bci 30 l\/min, nasza pompa powietrza zapewnia stabilny przep\u0142yw powietrza, co jest kluczowe podczas ci\u0119cia grubego drewna lub materia\u0142\u00f3w akrylowych. Rezultatem s\u0105 czystsze ci\u0119cia z minimaln\u0105 ilo\u015bci\u0105 dymu, co przek\u0142ada si\u0119 na bardziej l\u015bni\u0105ce wyko\u0144czenie produktu.<\/p>\n<h2>4. Szeroka kompatybilno\u015b\u0107: kompleksowe dopasowanie<\/h2>\n<h3>Szerokie zastosowanie<\/h3>\n<p>Nasz zestaw wspomagania powietrznego zosta\u0142 zaprojektowany tak, aby idealnie pasowa\u0142 do modelu 95% najpopularniejszych modeli laser\u00f3w dost\u0119pnych obecnie na rynku, w tym xTool, Ortur, Atomstack i r\u00f3\u017cnych laser\u00f3w CO2. Ta szeroka kompatybilno\u015b\u0107 pozwala klientom rozszerza\u0107 swoje mo\u017cliwo\u015bci bez konieczno\u015bci poszukiwania wielu rozwi\u0105za\u0144.<\/p>\n<h3>Korzy\u015bci dla dealer\u00f3w<\/h3>\n<p>Oferowanie jednego produktu (SKU), kompatybilnego z wieloma maszynami, znacznie zmniejsza presj\u0119 na zapasy i z\u0142o\u017cono\u015b\u0107 dla dealer\u00f3w. To usprawnione podej\u015bcie pozwala na lepsze zarz\u0105dzanie zapasami i zwi\u0119kszon\u0105 wydajno\u015b\u0107 operacyjn\u0105.<\/p>\n<h2>5. Korzy\u015bci z \u0142a\u0144cucha dostaw i partnerstwa<\/h2>\n<h3>Si\u0142a fabryki<\/h3>\n<p>Przestrzegamy rygorystycznych procedur kontroli jako\u015bci, zapewniaj\u0105c wyj\u0105tkowo niski wska\u017anik defekt\u00f3w, poni\u017cej 1%. To zaanga\u017cowanie w jako\u015b\u0107 minimalizuje zwroty i koszty logistyczne, pozwalaj\u0105c Ci lepiej zarz\u0105dza\u0107 swoimi zasobami.<\/p>\n<h3>Us\u0142ugi dostosowywania (OEM\/ODM)<\/h3>\n<p>Oferujemy us\u0142ugi szyte na miar\u0119, w tym niestandardowe opcje brandingu, projekty opakowa\u0144 i specyfikacje wtyczek dla r\u00f3\u017cnych kraj\u00f3w. Ta elastyczno\u015b\u0107 pozwala Ci budowa\u0107 w\u0142asn\u0105 to\u017csamo\u015b\u0107 marki, jednocze\u015bnie spe\u0142niaj\u0105c specyficzne wymagania rynku.<\/p>\n<h3>Wsparcie posprzeda\u017cowe<\/h3>\n<p>Nasz responsywny zesp\u00f3\u0142 wsparcia technicznego i szybkie dostawy cz\u0119\u015bci zamiennych gwarantuj\u0105, \u017ce mo\u017cesz liczy\u0107 na nasz\u0105 pomoc w ka\u017cdej chwili. Gwarantuje to p\u0142ynn\u0105 i nieprzerwan\u0105 prac\u0119 Twojej firmy.<\/p>\n<h2>6. Wnioski i wezwanie do dzia\u0142ania<\/h2>\n<p>Nie pozw\u00f3l, aby podzespo\u0142y niskiej jako\u015bci zniszczy\u0142y reputacj\u0119 Twoich wysokiej klasy maszyn. Wybierz pomp\u0119 powietrza, kt\u00f3ra odpowiada jako\u015bci Twojego sprz\u0119tu. Nasz zestaw wspomagania powietrza to idealny wyb\u00f3r, zapewniaj\u0105cy optymaln\u0105 wydajno\u015b\u0107 ci\u0119cia i d\u0142ug\u0105 \u017cywotno\u015b\u0107.<\/p>\n<p>Skontaktuj si\u0119 z nami ju\u017c dzi\u015b, aby przetestowa\u0107 pr\u00f3bki lub otrzyma\u0107 najnowsze informacje o cenach hurtowych B2B. Podnie\u015b poziom swojego ci\u0119cia laserowego dzi\u0119ki Ever-power.<\/p>\n<p><a href=\"https:\/\/aircompressorforlasercutter.com\/pl\/skontaktuj-sie-z-nami\/\">Skontaktuj si\u0119 z nami<\/a><\/p>","protected":false},"excerpt":{"rendered":"<p>Air Assist Kit for SCULPFUN S9 S10 S30: The Unsung Hero of Laser Cutting 1. Background: The Overlooked Essential In today&#8217;s vibrant market for laser engraving machines, many buyers invest heavily in their equipment, focusing on the latest models and advanced features. However, a critical component that often goes unnoticed is the air pump. While [&hellip;]<\/p>","protected":false},"featured_media":454,"comment_status":"open","ping_status":"closed","template":"","meta":{"_et_pb_use_builder":"","_et_pb_old_content":"","_et_gb_content_width":""},"product_brand":[],"product_cat":[1093],"product_tag":[1094],"class_list":{"0":"post-465","1":"product","2":"type-product","3":"status-publish","4":"has-post-thumbnail","6":"product_cat-air-compressor-for-laser-cutter","7":"product_tag-air-compressor-for-laser-cutter","9":"first","10":"instock","11":"shipping-taxable","12":"product-type-simple"},"_links":{"self":[{"href":"https:\/\/aircompressorforlasercutter.com\/pl\/wp-json\/wp\/v2\/product\/465","targetHints":{"allow":["GET"]}}],"collection":[{"href":"https:\/\/aircompressorforlasercutter.com\/pl\/wp-json\/wp\/v2\/product"}],"about":[{"href":"https:\/\/aircompressorforlasercutter.com\/pl\/wp-json\/wp\/v2\/types\/product"}],"replies":[{"embeddable":true,"href":"https:\/\/aircompressorforlasercutter.com\/pl\/wp-json\/wp\/v2\/comments?post=465"}],"wp:featuredmedia":[{"embeddable":true,"href":"https:\/\/aircompressorforlasercutter.com\/pl\/wp-json\/wp\/v2\/media\/454"}],"wp:attachment":[{"href":"https:\/\/aircompressorforlasercutter.com\/pl\/wp-json\/wp\/v2\/media?parent=465"}],"wp:term":[{"taxonomy":"product_brand","embeddable":true,"href":"https:\/\/aircompressorforlasercutter.com\/pl\/wp-json\/wp\/v2\/product_brand?post=465"},{"taxonomy":"product_cat","embeddable":true,"href":"https:\/\/aircompressorforlasercutter.com\/pl\/wp-json\/wp\/v2\/product_cat?post=465"},{"taxonomy":"product_tag","embeddable":true,"href":"https:\/\/aircompressorforlasercutter.com\/pl\/wp-json\/wp\/v2\/product_tag?post=465"}],"curies":[{"name":"wp","href":"https:\/\/api.w.org\/{rel}","templated":true}]}}