{"id":466,"date":"2026-01-14T08:26:17","date_gmt":"2026-01-14T08:26:17","guid":{"rendered":"https:\/\/aircompressorforlasercutter.com\/product\/quiet-air-pump-for-omtech-60w-co2-laser\/"},"modified":"2026-01-14T08:26:17","modified_gmt":"2026-01-14T08:26:17","slug":"quiet-air-pump-for-omtech-60w-co2-laser","status":"publish","type":"product","link":"https:\/\/aircompressorforlasercutter.com\/pl\/produkt\/cicha-pompa-powietrza-do-lasera-co2-omtech-60w\/","title":{"rendered":"Cicha pompka powietrza do lasera CO2 OmTech 60W"},"content":{"rendered":"<h1>Cicha pompa powietrza do lasera CO2 OmTech 60 W: Nieznany bohater ci\u0119cia laserowego<\/h1>\n<h2>1. T\u0142o: pomijane elementy podstawowe<\/h2>\n<p>W dziedzinie grawerowania i ci\u0119cia laserowego, wi\u0119kszo\u015b\u0107 nabywc\u00f3w inwestuje znaczne \u015brodki w wysokiej jako\u015bci urz\u0105dzenia laserowe, cz\u0119sto pomijaj\u0105c kluczowy dodatek \u2013 pomp\u0119 powietrza. Cho\u0107 wycinarka laserowa jest niew\u0105tpliwie gwiazd\u0105 tego show, pompa powietrza odgrywa kluczow\u0105 rol\u0119, zapewniaj\u0105c optymaln\u0105 wydajno\u015b\u0107 i trwa\u0142o\u015b\u0107. Wspomaganie powietrza to nie tylko dodatek; ma ono bezpo\u015bredni wp\u0142yw na jako\u015b\u0107 ci\u0119cia i \u017cywotno\u015b\u0107 maszyny. Dla klient\u00f3w B2B wyb\u00f3r odpowiedniej pompy powietrza przek\u0142ada si\u0119 na mniejsz\u0105 liczb\u0119 skarg klient\u00f3w dotycz\u0105cych takich problem\u00f3w, jak niedostateczne ci\u0119cie i uszkodzone soczewki, co ostatecznie przek\u0142ada si\u0119 na wy\u017cszy wska\u017anik utrzymania klient\u00f3w.<\/p>\n<h2>2. Analiza punkt\u00f3w zapalnych: ukryte koszty tanich pomp powietrza<\/h2>\n<h3>Niska jako\u015b\u0107 ci\u0119cia<\/h3>\n<p>U\u017cycie taniej pompy powietrza mo\u017ce prowadzi\u0107 do nier\u00f3wnomiernego przep\u0142ywu powietrza, co skutkuje przypaleniem lub zw\u0119gleniem kraw\u0119dzi materia\u0142\u00f3w i zmniejszon\u0105 wydajno\u015bci\u0105 ci\u0119cia. To nie tylko negatywnie wp\u0142ywa na estetyk\u0119 produktu ko\u0144cowego, ale tak\u017ce na zadowolenie klient\u00f3w i powtarzalno\u015b\u0107 zam\u00f3wie\u0144.<\/p>\n<h3>Ryzyko uszkodzenia sprz\u0119tu<\/h3>\n<p>Pompy powietrza niskiej jako\u015bci, zw\u0142aszcza te z komponentami na bazie oleju, mog\u0105 zanieczy\u015bci\u0107 soczewk\u0119 lasera mg\u0142\u0105 olejow\u0105 lub wilgoci\u0105. Takie uszkodzenia mog\u0105 prowadzi\u0107 do kosztownych napraw i zwrot\u00f3w, co negatywnie wp\u0142ywa na rentowno\u015b\u0107 i zaufanie klient\u00f3w.<\/p>\n<h3>\u015arodek odstraszaj\u0105cy ha\u0142as<\/h3>\n<p>Tradycyjne spr\u0119\u017carki powietrza mog\u0105 generowa\u0107 nadmierny ha\u0142as, co zniech\u0119ca u\u017cytkownik\u00f3w domowych i tw\u00f3rc\u00f3w w plac\u00f3wkach edukacyjnych do ich u\u017cywania. To ograniczenie zmniejsza potencjalny rynek zbytu i znacz\u0105co zmniejsza szanse sprzeda\u017cy.<\/p>\n<h2>3. Nasze rozwi\u0105zanie: Nowa definicja \u201eprofesjonalnej\u201d pomocy lotniczej<\/h2>\n<h3>Konstrukcja bezolejowa i bezwodna<\/h3>\n<p>Nasza pompka powietrza gwarantuje ochron\u0119 soczewek laserowych na poziomie 100%, eliminuj\u0105c potrzeb\u0119 konserwacji ze strony u\u017cytkownik\u00f3w ko\u0144cowych. Ta bezproblemowa obs\u0142uga nie tylko oszcz\u0119dza czas, ale tak\u017ce poprawia komfort u\u017cytkowania.<\/p>\n<h3>Ultracicha technologia<\/h3>\n<p>Nasza pompka powietrza zosta\u0142a zaprojektowana specjalnie do studi\u00f3w nagraniowych w pomieszczeniach i w domu, pracuje przy wyj\u0105tkowo niskim poziomie ha\u0142asu (<60dB). This feature significantly improves the user experience, allowing for a conducive working environment.<\/p>\n<h3>Solidna wydajno\u015b\u0107<\/h3>\n<p>Dzi\u0119ki sta\u0142emu przep\u0142ywowi 30 l\/min, nasza pompa powietrza zapewnia czyste i bezdymne ci\u0119cia nawet podczas pracy z grubymi materia\u0142ami, takimi jak twarde drewno czy akryl. Ta niezr\u00f3wnana wydajno\u015b\u0107 zwi\u0119ksza zar\u00f3wno wydajno\u015b\u0107, jak i jako\u015b\u0107 ka\u017cdego projektu.<\/p>\n<h2>4. Szeroka kompatybilno\u015b\u0107: kompleksowe dopasowanie<\/h2>\n<h3>Szerokie zastosowanie<\/h3>\n<p>Ta pompka powietrza idealnie pasuje do 95% popularnych modeli dost\u0119pnych na rynku, w tym xTool, Ortur, Atomstack i r\u00f3\u017cnych laser\u00f3w CO2. Taka wszechstronno\u015b\u0107 sprawia, \u017ce \u200b\u200bjest to idealny wyb\u00f3r dla firm, kt\u00f3re chc\u0105 usprawni\u0107 zarz\u0105dzanie swoimi zapasami.<\/p>\n<h3>Korzy\u015bci dla dystrybutor\u00f3w<\/h3>\n<p>Oferowanie jednego SKU, pasuj\u0105cego do wielu maszyn, znacznie zmniejsza presj\u0119 na zapasy i z\u0142o\u017cono\u015b\u0107 dla dystrybutor\u00f3w. Ta strategiczna przewaga pozwala na efektywniejsze zarz\u0105dzanie zapasami i uproszczenie proces\u00f3w zaopatrzenia.<\/p>\n<h2>5. Korzy\u015bci z \u0142a\u0144cucha dostaw i partnerstwa<\/h2>\n<h3>Si\u0142a fabryki<\/h3>\n<p>Stosujemy rygorystyczne procesy kontroli jako\u015bci, gwarantuj\u0105c wyj\u0105tkowo niski wska\u017anik wad (<1%). This commitment to quality translates into savings on return logistics and boosts customer confidence in your offerings.<\/p>\n<h3>Us\u0142ugi dostosowywania (OEM\/ODM)<\/h3>\n<p>Wspieramy personalizacj\u0119 logo marki, projektowanie opakowa\u0144 i r\u00f3\u017cne specyfikacje wtyczek, umo\u017cliwiaj\u0105c Ci bezproblemowe budowanie unikalnej to\u017csamo\u015bci marki.<\/p>\n<h3>Wsparcie posprzeda\u017cowe<\/h3>\n<p>Nasza b\u0142yskawiczna reakcja techniczna i mo\u017cliwo\u015b\u0107 dostarczania cz\u0119\u015bci zamiennych to gwarancja, \u017ce \u200b\u200bszybko otrzymasz potrzebne wsparcie, buduj\u0105c d\u0142ugotrwa\u0142e relacje z klientami.<\/p>\n<h2>6. Wnioski i wezwanie do dzia\u0142ania (CTA)<\/h2>\n<p>Nie pozw\u00f3l, aby kiepskiej jako\u015bci akcesoria zniszczy\u0142y reputacj\u0119 Twoich wysokiej klasy maszyn. Wybierz pomp\u0119 powietrza, kt\u00f3ra odpowiada jako\u015bci Twojego sprz\u0119tu. Skontaktuj si\u0119 z nami ju\u017c dzi\u015b, aby zam\u00f3wi\u0107 testowanie pr\u00f3bek lub uzyska\u0107 najnowszy cennik hurtowy B2B. Odwied\u017a <a href=\"https:\/\/aircompressorforlasercutter.com\/pl\/skontaktuj-sie-z-nami\/\">nasza strona kontaktowa<\/a> Aby uzyska\u0107 wi\u0119cej informacji.<\/p>","protected":false},"excerpt":{"rendered":"<p>Quiet Air Pump for OmTech 60W CO2 Laser: The Unsung Hero of Laser Cutting 1. Background: The Overlooked Essential In the realm of laser engraving and cutting, most buyers invest significantly in high-quality laser machines, often overlooking a crucial accessory??the air pump. While the laser cutter is undoubtedly the star of the show, the air [&hellip;]<\/p>","protected":false},"featured_media":454,"comment_status":"open","ping_status":"closed","template":"","meta":{"_et_pb_use_builder":"","_et_pb_old_content":"","_et_gb_content_width":""},"product_brand":[],"product_cat":[1093],"product_tag":[1095],"class_list":{"0":"post-466","1":"product","2":"type-product","3":"status-publish","4":"has-post-thumbnail","6":"product_cat-air-compressor-for-laser-cutter","7":"product_tag-air-compressor-for-laser-cutter-price","9":"first","10":"instock","11":"shipping-taxable","12":"product-type-simple"},"_links":{"self":[{"href":"https:\/\/aircompressorforlasercutter.com\/pl\/wp-json\/wp\/v2\/product\/466","targetHints":{"allow":["GET"]}}],"collection":[{"href":"https:\/\/aircompressorforlasercutter.com\/pl\/wp-json\/wp\/v2\/product"}],"about":[{"href":"https:\/\/aircompressorforlasercutter.com\/pl\/wp-json\/wp\/v2\/types\/product"}],"replies":[{"embeddable":true,"href":"https:\/\/aircompressorforlasercutter.com\/pl\/wp-json\/wp\/v2\/comments?post=466"}],"wp:featuredmedia":[{"embeddable":true,"href":"https:\/\/aircompressorforlasercutter.com\/pl\/wp-json\/wp\/v2\/media\/454"}],"wp:attachment":[{"href":"https:\/\/aircompressorforlasercutter.com\/pl\/wp-json\/wp\/v2\/media?parent=466"}],"wp:term":[{"taxonomy":"product_brand","embeddable":true,"href":"https:\/\/aircompressorforlasercutter.com\/pl\/wp-json\/wp\/v2\/product_brand?post=466"},{"taxonomy":"product_cat","embeddable":true,"href":"https:\/\/aircompressorforlasercutter.com\/pl\/wp-json\/wp\/v2\/product_cat?post=466"},{"taxonomy":"product_tag","embeddable":true,"href":"https:\/\/aircompressorforlasercutter.com\/pl\/wp-json\/wp\/v2\/product_tag?post=466"}],"curies":[{"name":"wp","href":"https:\/\/api.w.org\/{rel}","templated":true}]}}