{"id":467,"date":"2026-01-14T08:26:17","date_gmt":"2026-01-14T08:26:17","guid":{"rendered":"https:\/\/aircompressorforlasercutter.com\/product\/air-compressor-for-neje-master-2s-max\/"},"modified":"2026-01-14T08:47:11","modified_gmt":"2026-01-14T08:47:11","slug":"air-compressor-for-neje-master-2s-max","status":"publish","type":"product","link":"https:\/\/aircompressorforlasercutter.com\/pl\/produkt\/sprezarka-powietrza-do-neje-master-2s-max\/","title":{"rendered":"Kompresor powietrza do NEJE Master 2S Max"},"content":{"rendered":"<h1>Kompresor powietrza do NEJE Master 2S Max: Nieznany bohater precyzyjnego ci\u0119cia<\/h1>\n<h2>1. T\u0142o: pomijany komponent<\/h2>\n<p>Rynek grawerowania laserowego odnotowa\u0142 znaczny wzrost popytu, a klienci inwestuj\u0105 znaczne \u015brodki w najwy\u017cszej klasy maszyny do ci\u0119cia laserowego, takie jak NEJE Master 2S Max. Jednak kluczowym elementem, kt\u00f3ry cz\u0119sto jest pomijany, jest spr\u0119\u017carka powietrza. Klienci, koncentruj\u0105c si\u0119 na specyfikacji i mo\u017cliwo\u015bciach swoich maszyn laserowych, cz\u0119sto pomijaj\u0105 znaczenie wydajnej pompy powietrza. To niedopatrzenie mo\u017ce prowadzi\u0107 do niskiej wydajno\u015bci i kr\u00f3tszej \u017cywotno\u015bci sprz\u0119tu.<\/p>\n<h2>G\u0142\u00f3wny argument: Air Assist to nie tylko dodatek<\/h2>\n<p>Funkcja wspomagania powietrzem ma fundamentalne znaczenie, poniewa\u017c bezpo\u015brednio wp\u0142ywa zar\u00f3wno na jako\u015b\u0107 ci\u0119cia, jak i \u017cywotno\u015b\u0107 urz\u0105dzenia laserowego. Dla klient\u00f3w B2B wyb\u00f3r wysokiej jako\u015bci spr\u0119\u017carki powietrza oznacza mniej reklamacji dotycz\u0105cych takich problem\u00f3w, jak \u201eniekompletne ci\u0119cia\u201d czy \u201euszkodzone soczewki\u201d. To z kolei sprzyja wy\u017cszemu wska\u017anikowi utrzymania klient\u00f3w i zwi\u0119ksza lojalno\u015b\u0107 wobec marki.<\/p>\n<h2>2. Analiza punkt\u00f3w zapalnych: ukryte koszty tanich pomp powietrza<\/h2>\n<h3>Niew\u0142a\u015bciwa jako\u015b\u0107 ci\u0119cia<\/h3>\n<p>U\u017cycie taniej pompy powietrza mo\u017ce powa\u017cnie obni\u017cy\u0107 jako\u015b\u0107 ci\u0119cia. Niestabilny przep\u0142yw powietrza powoduje przypalenie kraw\u0119dzi materia\u0142\u00f3w, co obni\u017ca walory estetyczne produktu ko\u0144cowego. Gdy efekt ko\u0144cowy nie spe\u0142nia oczekiwa\u0144, klienci mog\u0105 szuka\u0107 alternatywnych dostawc\u00f3w, co ostatecznie mo\u017ce kosztowa\u0107 Ci\u0119 utrat\u0119 pracy.<\/p>\n<h3>Ryzyko uszkodzenia sprz\u0119tu<\/h3>\n<p>Pompy powietrza niskiej jako\u015bci, zw\u0142aszcza te zawieraj\u0105ce olej, mog\u0105 wydziela\u0107 mg\u0142\u0119 olejow\u0105 lub wilgo\u0107, zanieczyszczaj\u0105c soczewk\u0119 lasera. Zanieczyszczenie mo\u017ce prowadzi\u0107 do kosztownych napraw i zwrot\u00f3w, kt\u00f3re nie tylko poch\u0142aniaj\u0105 zasoby, ale tak\u017ce niszcz\u0105 reputacj\u0119 marki.<\/p>\n<h3>Odstraszanie ha\u0142asem<\/h3>\n<p>Tradycyjne spr\u0119\u017carki powietrza s\u0105 znane z g\u0142o\u015bnej pracy, co mo\u017ce zniech\u0119ca\u0107 u\u017cytkownik\u00f3w domowych i plac\u00f3wki edukacyjne do korzystania z technologii ci\u0119cia laserowego. To ograniczenie mo\u017ce powa\u017cnie ograniczy\u0107 zasi\u0119g rynkowy i potencja\u0142 sprzeda\u017cy.<\/p>\n<h2>3. Nasze rozwi\u0105zanie: Nowa definicja profesjonalnego wspomagania powietrznego<\/h2>\n<h3>Konstrukcja bezolejowa i bezwodna<\/h3>\n<p>Nasz kompresor powietrza charakteryzuje si\u0119 konstrukcj\u0105 bezolejow\u0105 i bezwodn\u0105 100%, co zapewnia pe\u0142n\u0105 ochron\u0119 soczewki lasera. U\u017cytkownicy korzystaj\u0105 z bezproblemowej obs\u0142ugi, redukuj\u0105c potrzeb\u0119 regularnej konserwacji i pozwalaj\u0105c im skupi\u0107 si\u0119 na swoich projektach.<\/p>\n<h3>Ultracicha technologia<\/h3>\n<p>Zaprojektowany specjalnie do u\u017cytku domowego i studyjnego, nasz kompresor utrzymuje poziom ha\u0142asu poni\u017cej 60 dB. Ta innowacja znacz\u0105co poprawia komfort u\u017cytkowania, dzi\u0119ki czemu nadaje si\u0119 do zastosowa\u0144 edukacyjnych i DIY, bez zak\u0142\u00f3caj\u0105cego ha\u0142asu w tle.<\/p>\n<h3>Solidna wydajno\u015b\u0107<\/h3>\n<p>Dzi\u0119ki sta\u0142emu przep\u0142ywowi powietrza na poziomie 30 l\/min, nasz kompresor gwarantuje czyste ci\u0119cia bez pozosta\u0142o\u015bci, nawet w przypadku grubszych materia\u0142\u00f3w, takich jak sklejka czy akryl. Ta niezawodno\u015b\u0107 przek\u0142ada si\u0119 na wy\u017csz\u0105 jako\u015b\u0107, co przek\u0142ada si\u0119 na zadowolenie klient\u00f3w i powtarzalno\u015b\u0107 zam\u00f3wie\u0144.<\/p>\n<h2>4. Szeroka kompatybilno\u015b\u0107: kompleksowe dopasowanie<\/h2>\n<h3>Szerokie zastosowanie<\/h3>\n<p>Nasz kompresor powietrza zosta\u0142 zaprojektowany tak, aby by\u0142 kompatybilny z popularnymi na rynku grawerkami laserowymi 95%, w tym z markami takimi jak xTool, Ortur, Atomstack i r\u00f3\u017cnymi modelami laser\u00f3w CO2. Ta uniwersalno\u015b\u0107 u\u0142atwia dystrybutorom zarz\u0105dzanie zapasami.<\/p>\n<h3>Korzy\u015bci dla dystrybutor\u00f3w<\/h3>\n<p>Oferuj\u0105c jeden produkt SKU, kt\u00f3ry wsp\u00f3\u0142pracuje z wieloma maszynami, mo\u017cesz znacz\u0105co zmniejszy\u0107 presj\u0119 na zapasy i usprawni\u0107 proces magazynowania, co ostatecznie prze\u0142o\u017cy si\u0119 na wi\u0119ksz\u0105 wydajno\u015b\u0107 operacyjn\u0105.<\/p>\n<h2>5. Zalety \u0142a\u0144cucha dostaw i wsp\u00f3\u0142pracy<\/h2>\n<h3>Si\u0142a fabryki<\/h3>\n<p>Jeste\u015bmy dumni z rygorystycznych proces\u00f3w kontroli jako\u015bci, kt\u00f3re gwarantuj\u0105 wyj\u0105tkowo niski wska\u017anik defekt\u00f3w, poni\u017cej 1%. Ta skrupulatna dba\u0142o\u015b\u0107 o szczeg\u00f3\u0142y pomaga zminimalizowa\u0107 koszty logistyczne zwi\u0105zane ze zwrotami i wymianami, co ostatecznie chroni Pa\u0144stwa zyski.<\/p>\n<h3>Us\u0142ugi niestandardowe (OEM\/ODM)<\/h3>\n<p>Oferujemy us\u0142ugi dostosowane do indywidualnych potrzeb, w tym branding z Twoim logo, projekty opakowa\u0144 na zam\u00f3wienie oraz specyfikacje dla r\u00f3\u017cnych typ\u00f3w wtyczek. Ta elastyczno\u015b\u0107 pozwala Ci skutecznie budowa\u0107 i promowa\u0107 swoj\u0105 mark\u0119 na r\u00f3\u017cnych rynkach.<\/p>\n<h3>Wsparcie posprzeda\u017cowe<\/h3>\n<p>Nasze zaanga\u017cowanie w obs\u0142ug\u0119 klienta obejmuje szybk\u0105 reakcj\u0119 techniczn\u0105 i sprawn\u0105 dostaw\u0119 cz\u0119\u015bci zamiennych, co gwarantuje p\u0142ynne funkcjonowanie Twojej dzia\u0142alno\u015bci bez niepotrzebnych przestoj\u00f3w.<\/p>\n<h2>6. Wnioski i wezwanie do dzia\u0142ania<\/h2>\n<p>Nie pozw\u00f3l, aby podzespo\u0142y niskiej jako\u015bci podwa\u017cy\u0142y \u200b\u200breputacj\u0119 Twoich wysokiej klasy maszyn. Wybierz spr\u0119\u017cark\u0119 powietrza dopasowan\u0105 do kalibru Twojego sprz\u0119tu. Skontaktuj si\u0119 z nami ju\u017c dzi\u015b, aby zam\u00f3wi\u0107 pr\u00f3bk\u0119 do test\u00f3w lub uzyska\u0107 aktualne ceny hurtowe B2B, odwiedzaj\u0105c nasz\u0105 stron\u0119. <a href=\"https:\/\/aircompressorforlasercutter.com\/pl\/skontaktuj-sie-z-nami\/\">ten link<\/a>.<\/p>","protected":false},"excerpt":{"rendered":"<p>Air Compressor for NEJE Master 2S Max: The Unsung Hero Behind Precision Cutting 1. Background: The Overlooked Component The laser engraving market has seen a significant uptick in demand, with buyers investing heavily in top-tier laser cutting machines such as the NEJE Master 2S Max. However, a critical component often overlooked is the air compressor. [&hellip;]<\/p>","protected":false},"featured_media":455,"comment_status":"open","ping_status":"closed","template":"","meta":{"_et_pb_use_builder":"","_et_pb_old_content":"","_et_gb_content_width":""},"product_brand":[],"product_cat":[1093],"product_tag":[1096],"class_list":{"0":"post-467","1":"product","2":"type-product","3":"status-publish","4":"has-post-thumbnail","6":"product_cat-air-compressor-for-laser-cutter","7":"product_tag-air-compressor-for-laser-cutter-cost","9":"first","10":"instock","11":"shipping-taxable","12":"product-type-simple"},"_links":{"self":[{"href":"https:\/\/aircompressorforlasercutter.com\/pl\/wp-json\/wp\/v2\/product\/467","targetHints":{"allow":["GET"]}}],"collection":[{"href":"https:\/\/aircompressorforlasercutter.com\/pl\/wp-json\/wp\/v2\/product"}],"about":[{"href":"https:\/\/aircompressorforlasercutter.com\/pl\/wp-json\/wp\/v2\/types\/product"}],"replies":[{"embeddable":true,"href":"https:\/\/aircompressorforlasercutter.com\/pl\/wp-json\/wp\/v2\/comments?post=467"}],"wp:featuredmedia":[{"embeddable":true,"href":"https:\/\/aircompressorforlasercutter.com\/pl\/wp-json\/wp\/v2\/media\/455"}],"wp:attachment":[{"href":"https:\/\/aircompressorforlasercutter.com\/pl\/wp-json\/wp\/v2\/media?parent=467"}],"wp:term":[{"taxonomy":"product_brand","embeddable":true,"href":"https:\/\/aircompressorforlasercutter.com\/pl\/wp-json\/wp\/v2\/product_brand?post=467"},{"taxonomy":"product_cat","embeddable":true,"href":"https:\/\/aircompressorforlasercutter.com\/pl\/wp-json\/wp\/v2\/product_cat?post=467"},{"taxonomy":"product_tag","embeddable":true,"href":"https:\/\/aircompressorforlasercutter.com\/pl\/wp-json\/wp\/v2\/product_tag?post=467"}],"curies":[{"name":"wp","href":"https:\/\/api.w.org\/{rel}","templated":true}]}}