{"id":468,"date":"2026-01-14T08:26:18","date_gmt":"2026-01-14T08:26:18","guid":{"rendered":"https:\/\/aircompressorforlasercutter.com\/product\/air-assist-compressor-for-two-trees-ts2-engraver\/"},"modified":"2026-01-14T08:46:55","modified_gmt":"2026-01-14T08:46:55","slug":"air-assist-compressor-for-two-trees-ts2-engraver","status":"publish","type":"product","link":"https:\/\/aircompressorforlasercutter.com\/pl\/produkt\/sprezarka-powietrza-wspomagajaca-do-dwoch-drzew-ts2-engraver\/","title":{"rendered":"Kompresor wspomagaj\u0105cy powietrze do grawerki Two Trees TS2"},"content":{"rendered":"<h1>Kompresor powietrza wspomagaj\u0105cy dla dw\u00f3ch drzew TS2 Engraver: Nieopiewany bohater<\/h1>\n<h2>1. T\u0142o: Obecna sytuacja na rynku<\/h2>\n<p>W bran\u017cy grawerowania laserowego wi\u0119kszo\u015b\u0107 nabywc\u00f3w inwestuje znaczne kwoty w wysokiej klasy maszyny do grawerowania laserowego, cz\u0119sto pomijaj\u0105c kluczowy element: spr\u0119\u017cark\u0119 powietrza wspomagaj\u0105cego. Ten niedoceniany element odgrywa kluczow\u0105 rol\u0119 w poprawie og\u00f3lnej wydajno\u015bci i trwa\u0142o\u015bci urz\u0105dze\u0144 laserowych. Nale\u017cy pami\u0119ta\u0107, \u017ce spr\u0119\u017carka powietrza wspomagaj\u0105cego to nie tylko element dodatkowy; jest ona kluczowym czynnikiem decyduj\u0105cym o jako\u015bci ci\u0119cia i trwa\u0142o\u015bci urz\u0105dzenia.<\/p>\n<h3>Najwa\u017cniejsze informacje: Warto\u015b\u0107 wspomagania powietrznego<\/h3>\n<p>Dla dystrybutor\u00f3w wyb\u00f3r odpowiedniego kompresora wspomagania powietrza przek\u0142ada si\u0119 bezpo\u015brednio na zmniejszenie liczby skarg klient\u00f3w dotycz\u0105cych takich problem\u00f3w, jak \u201eniekompletne ci\u0119cia\u201d i \u201euszkodzone soczewki\u201d. Widocznym efektem ubocznym jest wy\u017cszy wska\u017anik utrzymania klient\u00f3w. Inwestycja w wysokiej jako\u015bci kompresor powietrza oznacza zapewnienie klientom wyj\u0105tkowych rezultat\u00f3w i niezawodnej wydajno\u015bci.<\/p>\n<h2>2. Analiza punkt\u00f3w zapalnych: ukryte koszty tanich kompresor\u00f3w<\/h2>\n<p>Wybieraj\u0105c tani kompresor powietrza, firmy cz\u0119sto napotykaj\u0105 na kilka ukrytych koszt\u00f3w, kt\u00f3re mog\u0105 przewy\u017cszy\u0107 pocz\u0105tkowe oszcz\u0119dno\u015bci.<\/p>\n<h3>S\u0142aba jako\u015b\u0107 ci\u0119cia<\/h3>\n<p>Niestabilny przep\u0142yw powietrza z kompresor\u00f3w niskiej jako\u015bci mo\u017ce prowadzi\u0107 do niepo\u017c\u0105danych efekt\u00f3w, takich jak przypalanie kraw\u0119dzi materia\u0142\u00f3w, co skutkuje nieestetycznym wyko\u0144czeniem produkt\u00f3w. Ma to negatywny wp\u0142yw nie tylko na estetyk\u0119, ale r\u00f3wnie\u017c obni\u017ca postrzegan\u0105 warto\u015b\u0107 produktu ko\u0144cowego.<\/p>\n<h3>Ryzyko uszkodzenia sprz\u0119tu<\/h3>\n<p>Spr\u0119\u017carki niskiej jako\u015bci, zw\u0142aszcza te zasilane olejem, stanowi\u0105 powa\u017cne zagro\u017cenie, poniewa\u017c emituj\u0105 mg\u0142\u0119 olejow\u0105 lub wilgo\u0107, kt\u00f3ra mo\u017ce zanieczy\u015bci\u0107 optyk\u0119 lasera. Zanieczyszczenie to mo\u017ce prowadzi\u0107 do kosztownych napraw i potencjalnych zwrot\u00f3w, a w konsekwencji do spadku zysk\u00f3w.<\/p>\n<h3>Odstraszanie ha\u0142asem<\/h3>\n<p>Tradycyjne spr\u0119\u017carki powietrza s\u0105 znane z g\u0142o\u015bnej pracy, co ogranicza ich u\u017cyteczno\u015b\u0107 w warunkach domowych i edukacyjnych. Ha\u0142as ten mo\u017ce zniech\u0119ci\u0107 potencjalnych klient\u00f3w, skutecznie zaw\u0119\u017caj\u0105c zasi\u0119g rynkowy.<\/p>\n<h2>3. Nasze rozwi\u0105zanie: Nowa definicja profesjonalnego wspomagania powietrznego<\/h2>\n<p>Przedstawiamy spr\u0119\u017cark\u0119 wspomagan\u0105 powietrzem nowej generacji, zaprojektowan\u0105 w celu rozwi\u0105zania najcz\u0119stszych problem\u00f3w, z jakimi borykaj\u0105 si\u0119 u\u017cytkownicy maszyn do grawerowania laserowego.<\/p>\n<h3>Konstrukcja bezolejowa i bezwodna<\/h3>\n<p>Nasz kompresor gwarantuje ochron\u0119 optyki laserowej na poziomie 100%, nie wymagaj\u0105c konserwacji ze strony u\u017cytkownik\u00f3w ko\u0144cowych. To oznacza spok\u00f3j ducha oraz znaczn\u0105 oszcz\u0119dno\u015b\u0107 czasu i zasob\u00f3w.<\/p>\n<h3>Ultracicha technologia<\/h3>\n<p>Zaprojektowany do zastosowa\u0144 w pomieszczeniach i domowym studiu, nasz kompresor pracuje przy wyj\u0105tkowo niskim poziomie ha\u0142asu (poni\u017cej 60 dB), co znacznie poprawia komfort u\u017cytkowania i sprawia, \u017ce \u200b\u200bjest odpowiedni dla szerszego grona odbiorc\u00f3w.<\/p>\n<h3>Solidna wydajno\u015b\u0107<\/h3>\n<p>Dzi\u0119ki sta\u0142ej i wydajnej wydajno\u015bci 30 l\/min nasz kompresor gwarantuje, \u017ce ci\u0119cie grubych materia\u0142\u00f3w, takich jak drewno i akryl, b\u0119dzie czyste, bez dymu i sadzy, co przek\u0142ada si\u0119 na lepsz\u0105 jako\u015b\u0107 i wydajno\u015b\u0107.<\/p>\n<h2>4. Szeroka kompatybilno\u015b\u0107: kompleksowe dopasowanie<\/h2>\n<p>Nasz kompresor wspomagany powietrzem zosta\u0142 zaprojektowany tak, aby by\u0142 kompatybilny z ponad 95% popularnymi grawerkami dost\u0119pnymi na rynku, w tym modelami xTool, Ortur, Atomstack i r\u00f3\u017cnymi urz\u0105dzeniami laserowymi CO2.<\/p>\n<h3>Korzy\u015bci dla dystrybutor\u00f3w<\/h3>\n<p>Oferowanie jednego produktu (SKU), kt\u00f3ry pasuje do wielu maszyn, znacznie zmniejsza obci\u0105\u017cenie zapas\u00f3w i komplikacje zwi\u0105zane z magazynowaniem wielu produkt\u00f3w. Usprawnia to operacje i zwi\u0119ksza rentowno\u015b\u0107.<\/p>\n<h2>5. Korzy\u015bci z \u0142a\u0144cucha dostaw i partnerstwa<\/h2>\n<p>Jeste\u015bmy dumni z naszego solidnego \u0142a\u0144cucha dostaw i zdolno\u015bci produkcyjnych, gwarantuj\u0105c jako\u015b\u0107 i niezawodno\u015b\u0107 ka\u017cdej jednostki.<\/p>\n<h3>Mocne strony fabryki<\/h3>\n<p>Nasze rygorystyczne procesy kontroli jako\u015bci (QC) gwarantuj\u0105 wyj\u0105tkowo niski wska\u017anik wad (mniej ni\u017c 1%), co ostatecznie pozwala zaoszcz\u0119dzi\u0107 Pa\u0144stwu na kosztach zwi\u0105zanych ze zwrotami i logistyk\u0105.<\/p>\n<h3>Us\u0142ugi dostosowywane (OEM\/ODM)<\/h3>\n<p>Wspieramy budowanie marki poprzez dostosowywanie logotyp\u00f3w, projekt\u00f3w opakowa\u0144 i specyfikacji wtyczek dla r\u00f3\u017cnych kraj\u00f3w, umo\u017cliwiaj\u0105c skuteczne budowanie to\u017csamo\u015bci marki.<\/p>\n<h3>Kompleksowe wsparcie posprzeda\u017cowe<\/h3>\n<p>Nasza b\u0142yskawiczna reakcja techniczna i dost\u0119pno\u015b\u0107 cz\u0119\u015bci zamiennych gwarantuj\u0105, \u017ce Twoi klienci otrzymaj\u0105 wyj\u0105tkowe wsparcie, wzmacniaj\u0105c tym samym ich zaufanie do Twojej marki.<\/p>\n<h2>6. Wnioski i wezwanie do dzia\u0142ania<\/h2>\n<p>Podsumowuj\u0105c, nie pozw\u00f3l, aby kiepskiej jako\u015bci akcesoria zaszkodzi\u0142y reputacji Twoich wysokiej klasy urz\u0105dze\u0144. Wyb\u00f3r kompresora, kt\u00f3ry odpowiada jako\u015bci Twojego sprz\u0119tu, jest kluczowy dla utrzymania doskona\u0142ej wydajno\u015bci.<\/p>\n<p>Skontaktuj si\u0119 z nami ju\u017c dzi\u015b, aby przetestowa\u0107 pr\u00f3bki lub otrzyma\u0107 najnowsze ceny hurtowe B2B. Nie przegap okazji, aby rozwin\u0105\u0107 swoj\u0105 firm\u0119 dzi\u0119ki zaawansowanej technologii wspomagania powietrza.<\/p>\n<p>Odwied\u017a nas na <a href=\"https:\/\/aircompressorforlasercutter.com\/pl\/skontaktuj-sie-z-nami\/\">nasza strona kontaktowa<\/a> aby dowiedzie\u0107 si\u0119 wi\u0119cej.<\/p>","protected":false},"excerpt":{"rendered":"<p>Air Assist Compressor for Two Trees TS2 Engraver: The Unsung Hero 1. Background: The Current Market Landscape In the laser engraving industry, most buyers invest significant sums into high-end laser engraving machines, often overlooking a critical accessory: the air assist compressor. This underappreciated component plays a vital role in enhancing the overall performance and longevity [&hellip;]<\/p>","protected":false},"featured_media":455,"comment_status":"open","ping_status":"closed","template":"","meta":{"_et_pb_use_builder":"","_et_pb_old_content":"","_et_gb_content_width":""},"product_brand":[],"product_cat":[1093],"product_tag":[1094],"class_list":{"0":"post-468","1":"product","2":"type-product","3":"status-publish","4":"has-post-thumbnail","6":"product_cat-air-compressor-for-laser-cutter","7":"product_tag-air-compressor-for-laser-cutter","9":"first","10":"instock","11":"shipping-taxable","12":"product-type-simple"},"_links":{"self":[{"href":"https:\/\/aircompressorforlasercutter.com\/pl\/wp-json\/wp\/v2\/product\/468","targetHints":{"allow":["GET"]}}],"collection":[{"href":"https:\/\/aircompressorforlasercutter.com\/pl\/wp-json\/wp\/v2\/product"}],"about":[{"href":"https:\/\/aircompressorforlasercutter.com\/pl\/wp-json\/wp\/v2\/types\/product"}],"replies":[{"embeddable":true,"href":"https:\/\/aircompressorforlasercutter.com\/pl\/wp-json\/wp\/v2\/comments?post=468"}],"wp:featuredmedia":[{"embeddable":true,"href":"https:\/\/aircompressorforlasercutter.com\/pl\/wp-json\/wp\/v2\/media\/455"}],"wp:attachment":[{"href":"https:\/\/aircompressorforlasercutter.com\/pl\/wp-json\/wp\/v2\/media?parent=468"}],"wp:term":[{"taxonomy":"product_brand","embeddable":true,"href":"https:\/\/aircompressorforlasercutter.com\/pl\/wp-json\/wp\/v2\/product_brand?post=468"},{"taxonomy":"product_cat","embeddable":true,"href":"https:\/\/aircompressorforlasercutter.com\/pl\/wp-json\/wp\/v2\/product_cat?post=468"},{"taxonomy":"product_tag","embeddable":true,"href":"https:\/\/aircompressorforlasercutter.com\/pl\/wp-json\/wp\/v2\/product_tag?post=468"}],"curies":[{"name":"wp","href":"https:\/\/api.w.org\/{rel}","templated":true}]}}