{"id":469,"date":"2026-01-14T08:26:18","date_gmt":"2026-01-14T08:26:18","guid":{"rendered":"https:\/\/aircompressorforlasercutter.com\/product\/universal-air-assist-pump-for-diode-laser-machines\/"},"modified":"2026-01-14T08:46:24","modified_gmt":"2026-01-14T08:46:24","slug":"universal-air-assist-pump-for-diode-laser-machines","status":"publish","type":"product","link":"https:\/\/aircompressorforlasercutter.com\/pl\/produkt\/uniwersalna-pompa-wspomagajaca-powietrze-do-maszyn-laserowych-diodowych\/","title":{"rendered":"Uniwersalna pompa wspomagaj\u0105ca powietrze do maszyn laserowych diodowych"},"content":{"rendered":"<h1>Uniwersalna pompa wspomagaj\u0105ca powietrze do maszyn laserowych diodowych: Nieopiewany bohater<\/h1>\n<h2>1. T\u0142o: cz\u0119sto pomijany kluczowy element<\/h2>\n<p>W obliczu rosn\u0105cej konkurencji na rynku grawerowania laserowego, wielu nabywc\u00f3w inwestuje znaczne \u015brodki w wysokiej klasy maszyny do ci\u0119cia laserowego, zaniedbuj\u0105c jednocze\u015bnie kluczowy element: pomp\u0119 powietrza wspomagaj\u0105cego. To niedopatrzenie mo\u017ce by\u0107 szkodliwe, poniewa\u017c pompa powietrza wspomagaj\u0105cego nie jest jedynie dodatkiem; bezpo\u015brednio wp\u0142ywa zar\u00f3wno na jako\u015b\u0107 ci\u0119cia, jak i \u017cywotno\u015b\u0107 urz\u0105dzenia.<\/p>\n<p>Prawda jest taka, \u017ce \u200b\u200bwysokowydajna pompa wspomagania powietrzem jest niezb\u0119dna do osi\u0105gni\u0119cia optymalnych rezultat\u00f3w. Koncentruj\u0105c si\u0119 wy\u0142\u0105cznie na urz\u0105dzeniu laserowym, klienci trac\u0105 szans\u0119 na znaczn\u0105 popraw\u0119 jako\u015bci swoich us\u0142ug, co skutkuje s\u0142abymi wynikami i wzrostem koszt\u00f3w operacyjnych.<\/p>\n<h2>Wgl\u0105d podstawowy: bezpo\u015bredni wp\u0142yw wspomagania powietrznego na wydajno\u015b\u0107<\/h2>\n<p>Dla dystrybutor\u00f3w B2B wyb\u00f3r dobrej pompki powietrza oznacza mniej skarg dotycz\u0105cych \u201eniedoko\u0144czonych ci\u0119\u0107\u201d lub \u201euszkodzonych soczewek\u201d, co przek\u0142ada si\u0119 na wy\u017cszy wska\u017anik utrzymania klient\u00f3w. Pompka powietrza jest kluczowym elementem, kt\u00f3ry mo\u017ce decydowa\u0107 o r\u00f3\u017cnicy mi\u0119dzy zadowolonymi klientami a tymi, kt\u00f3rzy mogliby zwr\u00f3ci\u0107 si\u0119 do konkurencji z powodu niezadowolenia z jako\u015bci ci\u0119cia.<\/p>\n<h2>2. Analiza punkt\u00f3w zapalnych: ukryte koszty tanich pomp powietrza<\/h2>\n<p>Inwestowanie w tanie pompy powietrza cz\u0119sto wi\u0105\u017ce si\u0119 z ukrytymi wydatkami, kt\u00f3re mog\u0105 mie\u0107 negatywny wp\u0142yw na og\u00f3ln\u0105 wydajno\u015b\u0107 i rentowno\u015b\u0107:<\/p>\n<h3>S\u0142aba jako\u015b\u0107 ci\u0119cia<\/h3>\n<p>Nier\u00f3wnomierny przep\u0142yw powietrza z pomp gorszej jako\u015bci mo\u017ce prowadzi\u0107 do przypalenia kraw\u0119dzi i obni\u017cenia wydajno\u015bci ci\u0119cia. Wp\u0142ywa to nie tylko na estetyk\u0119 gotowego produktu, ale tak\u017ce zmniejsza jego atrakcyjno\u015b\u0107 rynkow\u0105. Klienci oczekuj\u0105 precyzji, a wszelkie odchylenia mog\u0105 wp\u0142yn\u0105\u0107 na ich zadowolenie i sk\u0142oni\u0107 do kolejnych zam\u00f3wie\u0144.<\/p>\n<h3>Ryzyko uszkodzenia sprz\u0119tu<\/h3>\n<p>Pompy powietrza niskiej jako\u015bci, zw\u0142aszcza te, kt\u00f3re wydzielaj\u0105 olej lub wilgo\u0107, mog\u0105 zanieczy\u015bci\u0107 soczewki laserowe, co prowadzi do kosztownych napraw i zwrot\u00f3w. Zanieczyszczenie mo\u017ce skutkowa\u0107 znacznymi przestojami i spadkiem wydajno\u015bci, co ostatecznie wp\u0142ywa na wynik finansowy.<\/p>\n<h3>Odstraszanie ha\u0142asem<\/h3>\n<p>Tradycyjne spr\u0119\u017carki powietrza mog\u0105 generowa\u0107 nadmierny ha\u0142as, co ogranicza ich zastosowanie w domowych warsztatach i plac\u00f3wkach edukacyjnych. Ten problem z ha\u0142asem zaw\u0119\u017ca rynek zbytu dla Twoich produkt\u00f3w, poniewa\u017c potencjalni klienci unikaj\u0105 obs\u0142ugi g\u0142o\u015bnych maszyn w obszarach mieszkalnych.<\/p>\n<h2>3. Nasze rozwi\u0105zanie: Nowa definicja wspomagania pneumatycznego klasy profesjonalnej<\/h2>\n<p>Przedstawiamy prze\u0142omow\u0105 pomp\u0119 wspomagan\u0105 powietrzem, zaprojektowan\u0105 tak, aby sprosta\u0107 obecnym wyzwaniom na rynku:<\/p>\n<h3>Konstrukcja bezolejowa i bezwodna<\/h3>\n<p>Nasza uniwersalna pompka wspomagana powietrzem posiada konstrukcj\u0119 100%, kt\u00f3ra jest bezolejowa i bezwodna, zapewniaj\u0105c pe\u0142n\u0105 ochron\u0119 soczewek laserowych. Eliminuje to konieczno\u015b\u0107 konserwacji przez u\u017cytkownik\u00f3w ko\u0144cowych, zapewniaj\u0105c im bezproblemow\u0105 obs\u0142ug\u0119 i wyd\u0142u\u017caj\u0105c \u017cywotno\u015b\u0107 sprz\u0119tu.<\/p>\n<h3>Ultracicha technologia<\/h3>\n<p>Zaprojektowana specjalnie do u\u017cytku w pomieszczeniach i domowym studiu, nasza pompa wspomagana powietrzem pracuje wyj\u0105tkowo cicho (&lt;60 dB), co poprawia komfort u\u017cytkowania. Ta funkcja otwiera nowe mo\u017cliwo\u015bci w segmencie majsterkowania i edukacji, umo\u017cliwiaj\u0105c szersze zastosowanie i dotarcie do klient\u00f3w.<\/p>\n<h3>Solidna wydajno\u015b\u0107<\/h3>\n<p>Zapewniaj\u0105c sta\u0142\u0105 i wydajn\u0105 wydajno\u015b\u0107 30 l\/min, nasza pompa gwarantuje czyste i bezdymne ci\u0119cia, nawet w przypadku pracy z grubym drewnem lub materia\u0142ami akrylowymi. U\u017cytkownicy mog\u0105 mie\u0107 pewno\u015b\u0107, \u017ce ich projekty spe\u0142ni\u0105 wysokie standardy, co prze\u0142o\u017cy si\u0119 na wi\u0119ksz\u0105 satysfakcj\u0119 i lojalno\u015b\u0107 klient\u00f3w.<\/p>\n<h2>4. Szeroka kompatybilno\u015b\u0107: kompleksowe rozwi\u0105zanie do dopasowywania<\/h2>\n<p>Nasza pompa wspomagana powietrzem zosta\u0142a zaprojektowana tak, aby bezproblemowo integrowa\u0107 si\u0119 z 95% popularnych modeli dost\u0119pnych na rynku, w tym xTool, Ortur, Atomstack i r\u00f3\u017cnymi urz\u0105dzeniami laserowymi CO2. Ta szeroka kompatybilno\u015b\u0107 gwarantuje, \u017ce dystrybutorzy mog\u0105 sprosta\u0107 zr\u00f3\u017cnicowanym potrzebom klient\u00f3w bez konieczno\u015bci zarz\u0105dzania wieloma jednostkami magazynowymi (SKU).<\/p>\n<h3>Korzy\u015bci dla dystrybutor\u00f3w<\/h3>\n<p>Dzi\u0119ki temu, \u017ce jeden SKU pasuje do wielu maszyn, nasze rozwi\u0105zanie znacz\u0105co zmniejsza presj\u0119 na zapasy i z\u0142o\u017cono\u015b\u0107 dla dystrybutor\u00f3w. Jest to efektywny wyb\u00f3r pozwalaj\u0105cy utrzyma\u0107 poziom zapas\u00f3w przy jednoczesnej obs\u0142udze szerokiego grona klient\u00f3w.<\/p>\n<h2>5. Korzy\u015bci z \u0142a\u0144cucha dostaw i partnerstwa<\/h2>\n<p>Nasze zaanga\u017cowanie na rzecz jako\u015bci i zadowolenia klienta wyr\u00f3\u017cnia nas w bran\u017cy:<\/p>\n<h3>Twarda moc fabryczna<\/h3>\n<p>Wdro\u017cyli\u015bmy rygorystyczne procesy kontroli jako\u015bci, kt\u00f3re gwarantuj\u0105 wyj\u0105tkowo niski wska\u017anik defekt\u00f3w (&lt;1%), minimalizuj\u0105c zwroty i koszty logistyczne. Nasza niezawodno\u015b\u0107 gwarantuje, \u017ce mo\u017cesz zaufa\u0107 produktom, kt\u00f3re oferujesz swoim klientom.<\/p>\n<h3>Us\u0142ugi dostosowywane (OEM\/ODM)<\/h3>\n<p>Oferujemy us\u0142ugi dostosowane do indywidualnych potrzeb, w tym projektowanie logo marki, rozwi\u0105zania dotycz\u0105ce opakowa\u0144 oraz specyfikacje wtyczek dostosowane do r\u00f3\u017cnych kraj\u00f3w. Ta elastyczno\u015b\u0107 pozwala na stworzenie silnej to\u017csamo\u015bci marki, jednocze\u015bnie spe\u0142niaj\u0105c wymagania lokalnego rynku.<\/p>\n<h3>Wsparcie posprzeda\u017cowe<\/h3>\n<p>Nasz zesp\u00f3\u0142 zapewnia szybk\u0105 reakcj\u0119 techniczn\u0105 i mo\u017cliwo\u015b\u0107 dostawy cz\u0119\u015bci zamiennych, co pozwala na szybkie rozwi\u0105zanie wszelkich problem\u00f3w, buduj\u0105c zaufanie i d\u0142ugotrwa\u0142e relacje z klientami.<\/p>\n<h2>6. Wnioski i wezwanie do dzia\u0142ania<\/h2>\n<p>Nie pozw\u00f3l, aby akcesoria niskiej jako\u015bci zaszkodzi\u0142y reputacji Twoich wysokiej klasy urz\u0105dze\u0144 laserowych. Wybierz pomp\u0119 wspomagania powietrza, kt\u00f3ra odpowiada jako\u015bci Twojego sprz\u0119tu, aby zapewni\u0107 optymaln\u0105 wydajno\u015b\u0107.<\/p>\n<p>Skontaktuj si\u0119 z nami ju\u017c dzi\u015b, aby przetestowa\u0107 pr\u00f3bki lub uzyska\u0107 najnowsze ceny hurtowe B2B. Zr\u00f3b pierwszy krok w kierunku udoskonalenia oferty produkt\u00f3w i zwi\u0119kszenia satysfakcji klient\u00f3w dzi\u0119ki naszej uniwersalnej pompie pneumatycznej.<\/p>\n<p>W celu uzyskania informacji odwied\u017a stron\u0119 <a href=\"https:\/\/aircompressorforlasercutter.com\/pl\/skontaktuj-sie-z-nami\/\">ten link<\/a>.<\/p>","protected":false},"excerpt":{"rendered":"<p>Universal Air Assist Pump for Diode Laser Machines: The Unsung Hero 1. Background: A Critical Component Often Overlooked In the competitive landscape of the laser engraving market, many buyers invest heavily in high-end laser cutting machines while neglecting a crucial accessory: the air assist pump. This oversight can be detrimental, as air assist is not [&hellip;]<\/p>","protected":false},"featured_media":455,"comment_status":"open","ping_status":"closed","template":"","meta":{"_et_pb_use_builder":"","_et_pb_old_content":"","_et_gb_content_width":""},"product_brand":[],"product_cat":[1093],"product_tag":[1095],"class_list":{"0":"post-469","1":"product","2":"type-product","3":"status-publish","4":"has-post-thumbnail","6":"product_cat-air-compressor-for-laser-cutter","7":"product_tag-air-compressor-for-laser-cutter-price","9":"first","10":"instock","11":"shipping-taxable","12":"product-type-simple"},"_links":{"self":[{"href":"https:\/\/aircompressorforlasercutter.com\/pl\/wp-json\/wp\/v2\/product\/469","targetHints":{"allow":["GET"]}}],"collection":[{"href":"https:\/\/aircompressorforlasercutter.com\/pl\/wp-json\/wp\/v2\/product"}],"about":[{"href":"https:\/\/aircompressorforlasercutter.com\/pl\/wp-json\/wp\/v2\/types\/product"}],"replies":[{"embeddable":true,"href":"https:\/\/aircompressorforlasercutter.com\/pl\/wp-json\/wp\/v2\/comments?post=469"}],"wp:featuredmedia":[{"embeddable":true,"href":"https:\/\/aircompressorforlasercutter.com\/pl\/wp-json\/wp\/v2\/media\/455"}],"wp:attachment":[{"href":"https:\/\/aircompressorforlasercutter.com\/pl\/wp-json\/wp\/v2\/media?parent=469"}],"wp:term":[{"taxonomy":"product_brand","embeddable":true,"href":"https:\/\/aircompressorforlasercutter.com\/pl\/wp-json\/wp\/v2\/product_brand?post=469"},{"taxonomy":"product_cat","embeddable":true,"href":"https:\/\/aircompressorforlasercutter.com\/pl\/wp-json\/wp\/v2\/product_cat?post=469"},{"taxonomy":"product_tag","embeddable":true,"href":"https:\/\/aircompressorforlasercutter.com\/pl\/wp-json\/wp\/v2\/product_tag?post=469"}],"curies":[{"name":"wp","href":"https:\/\/api.w.org\/{rel}","templated":true}]}}