{"id":470,"date":"2026-01-14T08:26:18","date_gmt":"2026-01-14T08:26:18","guid":{"rendered":"https:\/\/aircompressorforlasercutter.com\/product\/ultra-quiet-air-compressor-for-indoor-laser-engraving\/"},"modified":"2026-01-14T08:46:04","modified_gmt":"2026-01-14T08:46:04","slug":"ultra-quiet-air-compressor-for-indoor-laser-engraving","status":"publish","type":"product","link":"https:\/\/aircompressorforlasercutter.com\/pl\/produkt\/ultracichy-kompresor-powietrza-do-grawerowania-laserowego-w-pomieszczeniach\/","title":{"rendered":"Ultracichy kompresor powietrza do grawerowania laserowego w pomieszczeniach"},"content":{"rendered":"<h1>Ultracichy kompresor powietrza do grawerowania laserowego w pomieszczeniach<\/h1>\n<h2>Nieopiewany bohater grawerowania laserowego<\/h2>\n<p>Na dynamicznie rozwijaj\u0105cym si\u0119 rynku grawerowania laserowego, klienci cz\u0119sto inwestuj\u0105 znaczne kwoty w wysokiej jako\u015bci maszyny, jednocze\u015bnie ignoruj\u0105c kluczow\u0105 pomp\u0119 powietrza, kt\u00f3ra znacz\u0105co wp\u0142ywa na og\u00f3ln\u0105 wydajno\u015b\u0107. To niedopatrzenie mo\u017ce prowadzi\u0107 do licznych problem\u00f3w operacyjnych, kt\u00f3re obni\u017caj\u0105 jako\u015b\u0107 i \u017cywotno\u015b\u0107 procesu grawerowania. Dop\u0142yw powietrza to nie tylko dodatek; odgrywa on kluczow\u0105 rol\u0119 w okre\u015blaniu zar\u00f3wno jako\u015bci ci\u0119cia, jak i \u017cywotno\u015bci maszyny \u2013 kluczowych element\u00f3w ka\u017cdej relacji B2B.<\/p>\n<h2>Zrozumienie krajobrazu rynkowego<\/h2>\n<p>Poniewa\u017c wi\u0119kszo\u015b\u0107 przedsi\u0119biorstw koncentruje si\u0119 na zakupie zaawansowanego sprz\u0119tu do ci\u0119cia laserowego, spr\u0119\u017carka powietrza pozostaje kwesti\u0105 drugorz\u0119dn\u0105. Prawda jest jednak taka, \u017ce \u200b\u200bwspomaganie pneumatyczne bezpo\u015brednio wp\u0142ywa na jako\u015b\u0107 ci\u0119cia i wydajno\u015b\u0107 operacyjn\u0105. Dla dystrybutor\u00f3w wyb\u00f3r wysokiej jako\u015bci pompy powietrza oznacza mniej skarg klient\u00f3w dotycz\u0105cych niewystarczaj\u0105cej wydajno\u015bci ci\u0119cia lub uszkodzonych soczewek, co ostatecznie przek\u0142ada si\u0119 na wy\u017cszy wska\u017anik utrzymania klient\u00f3w.<\/p>\n<h2>Wady pomp powietrza niskiej jako\u015bci<\/h2>\n<p>Cho\u0107 wyb\u00f3r ta\u0144szych spr\u0119\u017carek powietrza mo\u017ce wydawa\u0107 si\u0119 kusz\u0105cy, ukryte koszty zwi\u0105zane z urz\u0105dzeniami niskiej jako\u015bci mog\u0105 by\u0107 szkodliwe:<\/p>\n<h3>S\u0142aba jako\u015b\u0107 ci\u0119cia<\/h3>\n<p>Niestabilny przep\u0142yw powietrza z tanich pomp powietrza mo\u017ce prowadzi\u0107 do zaczernienia lub zw\u0119glenia kraw\u0119dzi materia\u0142\u00f3w, co negatywnie wp\u0142ywa na estetyk\u0119 produkt\u00f3w ko\u0144cowych. Mo\u017ce to skutkowa\u0107 rozczarowaniem klient\u00f3w i utrat\u0105 mo\u017cliwo\u015bci biznesowych.<\/p>\n<h3>Ryzyko uszkodzenia sprz\u0119tu<\/h3>\n<p>Spr\u0119\u017carki powietrza niskiej jako\u015bci, zw\u0142aszcza te wykorzystuj\u0105ce olej, mog\u0105 wydziela\u0107 mg\u0142\u0119 olejow\u0105 lub wilgo\u0107, zanieczyszczaj\u0105c soczewki laserowe. To nie tylko zwi\u0119ksza prawdopodobie\u0144stwo kosztownych napraw, ale mo\u017ce r\u00f3wnie\u017c prowadzi\u0107 do zwrot\u00f3w produkt\u00f3w, co dodatkowo wp\u0142ywa na rentowno\u015b\u0107.<\/p>\n<h3>\u015arodek odstraszaj\u0105cy ha\u0142as<\/h3>\n<p>Tradycyjne spr\u0119\u017carki powietrza s\u0105 cz\u0119sto zbyt g\u0142o\u015bne, co mo\u017ce zniech\u0119ca\u0107 u\u017cytkownik\u00f3w domowych i plac\u00f3wki edukacyjne do korzystania z technologii grawerowania laserowego, ograniczaj\u0105c w ten spos\u00f3b potencjalne rynki zbytu.<\/p>\n<h2>Nasze rozwi\u0105zanie: Nowa definicja profesjonalnej pomocy lotniczej<\/h2>\n<p>W Ever-power oferujemy spr\u0119\u017cark\u0119 powietrza, kt\u00f3ra na nowo definiuje, czym powinno by\u0107 profesjonalne wspomaganie pneumatyczne:<\/p>\n<h3>Konstrukcja bezolejowa i bezwodna<\/h3>\n<p>Nasz ultracichy kompresor powietrza charakteryzuje si\u0119 konstrukcj\u0105 100%, kt\u00f3ra nie zawiera oleju ani wody, zapewniaj\u0105c pe\u0142n\u0105 ochron\u0119 soczewek laserowych. Dzi\u0119ki temu u\u017cytkownicy ko\u0144cowi mog\u0105 cieszy\u0107 si\u0119 niezr\u00f3wnanym spokojem ducha, nie martwi\u0105c si\u0119 o konserwacj\u0119 ani zanieczyszczenie.<\/p>\n<h3>Ultracicha technologia<\/h3>\n<p>Zaprojektowany specjalnie do zastosowa\u0144 w pomieszczeniach i domowym studiu, nasz kompresor utrzymuje poziom ha\u0142asu poni\u017cej 60 dB, znacz\u0105co poprawiaj\u0105c komfort u\u017cytkowania. Zapewnia to bardziej sprzyjaj\u0105ce kreatywno\u015bci i produktywno\u015bci \u015brodowisko pracy.<\/p>\n<h3>Pot\u0119\u017cna wydajno\u015b\u0107<\/h3>\n<p>Zapewniaj\u0105c wysok\u0105 wydajno\u015b\u0107 przep\u0142ywu 30 l\/min, nasz kompresor zapewnia sta\u0142y i stabilny przep\u0142yw powietrza, co jest kluczowe podczas ci\u0119cia grubych materia\u0142\u00f3w, takich jak drewno czy akryl. Gwarantuje to czyste ci\u0119cia bez dymu i pozosta\u0142o\u015bci, co przek\u0142ada si\u0119 na wy\u017csz\u0105 jako\u015b\u0107 i wydajno\u015b\u0107.<\/p>\n<h2>Szeroka kompatybilno\u015b\u0107: kompleksowe rozwi\u0105zanie<\/h2>\n<p>Nasz kompresor powietrza zosta\u0142 zaprojektowany tak, aby bezproblemowo integrowa\u0107 si\u0119 z modelem 95% najpopularniejszych na rynku urz\u0105dze\u0144 do grawerowania laserowego, w tym takich marek jak xTool, Ortur, Atomstack, a tak\u017ce z r\u00f3\u017cnymi systemami laserowymi CO2.<\/p>\n<h3>Korzy\u015bci dla dystrybutor\u00f3w<\/h3>\n<p>Wybieraj\u0105c nasz kompresor powietrza, dystrybutorzy mog\u0105 cieszy\u0107 si\u0119 mniejszymi zapasami, poniewa\u017c jeden SKU jest kompatybilny z wieloma maszynami. Upraszcza to zarz\u0105dzanie zapasami i usprawnia \u0142a\u0144cuchy dostaw.<\/p>\n<h2>Korzy\u015bci z \u0142a\u0144cucha dostaw i partnerstwa<\/h2>\n<p>Dzi\u0119ki solidnym fundamentom produkcyjnym, Ever-power gwarantuje rygorystyczne procesy kontroli jako\u015bci, kt\u00f3re skutkuj\u0105 wska\u017anikiem awaryjno\u015bci poni\u017cej 1%. Minimalizuje to koszty logistyczne zwi\u0105zane ze zwrotami i wymianami.<\/p>\n<h3>Us\u0142ugi dostosowywane<\/h3>\n<p>Oferujemy kompleksowe us\u0142ugi OEM\/ODM, umo\u017cliwiaj\u0105ce dostosowywanie logotyp\u00f3w marek, projekt\u00f3w opakowa\u0144 i specyfikacji wtyczek do r\u00f3\u017cnych rynk\u00f3w, pomagaj\u0105c firmom budowa\u0107 unikaln\u0105 to\u017csamo\u015b\u0107 marki.<\/p>\n<h3>Wsparcie posprzeda\u017cowe<\/h3>\n<p>Nasze zaanga\u017cowanie wykracza poza sprzeda\u017c, zapewniaj\u0105c szybk\u0105 odpowied\u017a techniczn\u0105 i dost\u0119pno\u015b\u0107 cz\u0119\u015bci zamiennych, aby nasi partnerzy mogli zachowa\u0107 wydajno\u015b\u0107 operacyjn\u0105.<\/p>\n<p>Nie pozw\u00f3l, aby komponenty niskiej jako\u015bci zaszkodzi\u0142y reputacji Twoich wysokiej klasy maszyn. Wybierz spr\u0119\u017cark\u0119 powietrza, kt\u00f3ra odpowiada jako\u015bci Twojego sprz\u0119tu. Zapraszamy do kontaktu z nami ju\u017c dzi\u015b w celu przetestowania pr\u00f3bek lub zapoznania si\u0119 z naszymi najnowszymi cenami hurtowymi B2B. Razem ulepszymy Twoj\u0105 ofert\u0119 produkt\u00f3w i zapewnimy satysfakcj\u0119 Twoim klientom.<\/p>\n<p><a href=\"https:\/\/aircompressorforlasercutter.com\/pl\/skontaktuj-sie-z-nami\/\">Skontaktuj si\u0119 z nami<\/a> w celu uzyskania dalszych informacji i zwi\u0119kszenia potencja\u0142u Twojej firmy.<\/p>","protected":false},"excerpt":{"rendered":"<p>Ultra Quiet Air Compressor for Indoor Laser Engraving The Unsung Hero of Laser Engraving In the bustling market of laser engraving, buyers often invest substantial amounts in high-quality machines, yet tend to overlook the crucial air pump that significantly impacts overall performance. This oversight can lead to a myriad of operational issues that diminish the [&hellip;]<\/p>","protected":false},"featured_media":455,"comment_status":"open","ping_status":"closed","template":"","meta":{"_et_pb_use_builder":"","_et_pb_old_content":"","_et_gb_content_width":""},"product_brand":[],"product_cat":[1093],"product_tag":[1096],"class_list":{"0":"post-470","1":"product","2":"type-product","3":"status-publish","4":"has-post-thumbnail","6":"product_cat-air-compressor-for-laser-cutter","7":"product_tag-air-compressor-for-laser-cutter-cost","9":"first","10":"instock","11":"shipping-taxable","12":"product-type-simple"},"_links":{"self":[{"href":"https:\/\/aircompressorforlasercutter.com\/pl\/wp-json\/wp\/v2\/product\/470","targetHints":{"allow":["GET"]}}],"collection":[{"href":"https:\/\/aircompressorforlasercutter.com\/pl\/wp-json\/wp\/v2\/product"}],"about":[{"href":"https:\/\/aircompressorforlasercutter.com\/pl\/wp-json\/wp\/v2\/types\/product"}],"replies":[{"embeddable":true,"href":"https:\/\/aircompressorforlasercutter.com\/pl\/wp-json\/wp\/v2\/comments?post=470"}],"wp:featuredmedia":[{"embeddable":true,"href":"https:\/\/aircompressorforlasercutter.com\/pl\/wp-json\/wp\/v2\/media\/455"}],"wp:attachment":[{"href":"https:\/\/aircompressorforlasercutter.com\/pl\/wp-json\/wp\/v2\/media?parent=470"}],"wp:term":[{"taxonomy":"product_brand","embeddable":true,"href":"https:\/\/aircompressorforlasercutter.com\/pl\/wp-json\/wp\/v2\/product_brand?post=470"},{"taxonomy":"product_cat","embeddable":true,"href":"https:\/\/aircompressorforlasercutter.com\/pl\/wp-json\/wp\/v2\/product_cat?post=470"},{"taxonomy":"product_tag","embeddable":true,"href":"https:\/\/aircompressorforlasercutter.com\/pl\/wp-json\/wp\/v2\/product_tag?post=470"}],"curies":[{"name":"wp","href":"https:\/\/api.w.org\/{rel}","templated":true}]}}