{"id":471,"date":"2026-01-14T08:26:18","date_gmt":"2026-01-14T08:26:18","guid":{"rendered":"https:\/\/aircompressorforlasercutter.com\/product\/oil-free-air-compressor-for-laser-optics-protection\/"},"modified":"2026-01-14T08:45:27","modified_gmt":"2026-01-14T08:45:27","slug":"oil-free-air-compressor-for-laser-optics-protection","status":"publish","type":"product","link":"https:\/\/aircompressorforlasercutter.com\/pl\/produkt\/bezolejowy-kompresor-powietrza-do-ochrony-optyki-laserowej\/","title":{"rendered":"Bezolejowy kompresor powietrza do ochrony optyki laserowej"},"content":{"rendered":"<h1>Bezolejowy kompresor powietrza do ochrony optyki laserowej<\/h1>\n<h2>Nieopiewany bohater za kulisami<\/h2>\n<p>W bran\u017cy ci\u0119cia i grawerowania laserowego klienci cz\u0119sto inwestuj\u0105 znaczne \u015brodki w maszyny wysokiej klasy, jednocze\u015bnie cz\u0119sto ignoruj\u0105c kluczowy element: spr\u0119\u017cark\u0119 powietrza. To zaniedbanie mo\u017ce prowadzi\u0107 do powa\u017cnych problem\u00f3w z wydajno\u015bci\u0105, co ostatecznie wp\u0142ywa na jako\u015b\u0107 gotowych produkt\u00f3w. Wspomaganie pneumatyczne nie jest jedynie dodatkiem; to kluczowy czynnik, kt\u00f3ry bezpo\u015brednio wp\u0142ywa zar\u00f3wno na jako\u015b\u0107 ci\u0119cia, jak i \u017cywotno\u015b\u0107 maszyny.<\/p>\n<h2>Przegl\u0105d rynku: ukryte koszty zaniedba\u0144<\/h2>\n<p>Pomimo dynamicznego rozwoju rynku urz\u0105dze\u0144 laserowych, wiele firm nie zdaje sobie sprawy, \u017ce wydajno\u015b\u0107 ich wycinarek laserowych jest nierozerwalnie zwi\u0105zana z jako\u015bci\u0105 dostarczanego powietrza. Niezawodny kompresor powietrza mo\u017ce znacz\u0105co zwi\u0119kszy\u0107 precyzj\u0119 ci\u0119cia i wyd\u0142u\u017cy\u0107 \u017cywotno\u015b\u0107 sprz\u0119tu.<\/p>\n<h3>Podstawowe informacje dla klient\u00f3w B2B<\/h3>\n<p>Dla dystrybutor\u00f3w wyb\u00f3r wysokiej jako\u015bci pompki powietrza przek\u0142ada si\u0119 na zmniejszenie liczby skarg klient\u00f3w dotycz\u0105cych takich problem\u00f3w, jak \u201eniedostateczne ci\u0119cie\u201d czy \u201euszkodzone soczewki\u201d. Taka poprawa przek\u0142ada si\u0119 na wy\u017cszy wska\u017anik utrzymania i zadowolenia klient\u00f3w, pozycjonuj\u0105c firm\u0119 jako dostawc\u0119 wysokiej jako\u015bci rozwi\u0105za\u0144.<\/p>\n<h2>Analiza punkt\u00f3w zapalnych: ukryte koszty tanich pomp powietrza<\/h2>\n<h3>S\u0142aba jako\u015b\u0107 ci\u0119cia<\/h3>\n<p>Tanie spr\u0119\u017carki powietrza cz\u0119sto zapewniaj\u0105 niestabilny przep\u0142yw powietrza, co prowadzi do niezadowalaj\u0105cych rezultat\u00f3w ci\u0119cia. Ta niestabilno\u015b\u0107 mo\u017ce prowadzi\u0107 do zw\u0119glenia kraw\u0119dzi materia\u0142\u00f3w i zmniejszenia wydajno\u015bci ci\u0119cia, co negatywnie wp\u0142ywa na estetyk\u0119 produkt\u00f3w ko\u0144cowych.<\/p>\n<h3>Ryzyko uszkodzenia sprz\u0119tu<\/h3>\n<p>Pompy powietrza niskiej jako\u015bci, zw\u0142aszcza te nas\u0105czone olejem, stanowi\u0105 powa\u017cne zagro\u017cenie dla optyki lasera. Mog\u0105 one wydziela\u0107 mg\u0142\u0119 olejow\u0105 lub wilgo\u0107, kt\u00f3ra zanieczyszcza soczewk\u0119 lasera, co skutkuje kosztownymi naprawami i potencjalnymi zwrotami. Koszty mog\u0105 szybko wzrosn\u0105\u0107, niszcz\u0105c reputacj\u0119 firmy.<\/p>\n<h3>Odstraszanie ha\u0142asem<\/h3>\n<p>Tradycyjne spr\u0119\u017carki powietrza s\u0105 znane z g\u0142o\u015bnego d\u017awi\u0119ku, cz\u0119sto przekraczaj\u0105cego dopuszczalny poziom ha\u0142asu dla u\u017cytkownik\u00f3w domowych i plac\u00f3wek edukacyjnych. To zanieczyszczenie ha\u0142asem ogranicza mo\u017cliwo\u015bci rynkowe, odstraszaj\u0105c grup\u0119 potencjalnych klient\u00f3w zainteresowanych projektami DIY lub zastosowaniami edukacyjnymi.<\/p>\n<h2>Nasze innowacyjne rozwi\u0105zanie: Nowa definicja profesjonalnej pomocy lotniczej<\/h2>\n<h3>Konstrukcja bezolejowa i bezwodna<\/h3>\n<p>Nasz bezolejowy i bezwodny kompresor powietrza zapewnia ochron\u0119 optyki laserowej na poziomie 100%, umo\u017cliwiaj\u0105c u\u017cytkownikom ko\u0144cowym obs\u0142ug\u0119 sprz\u0119tu bez ci\u0105g\u0142ych obaw o konserwacj\u0119. To przek\u0142ada si\u0119 na spok\u00f3j ducha i usprawniony przep\u0142yw pracy.<\/p>\n<h3>Ultracicha technologia<\/h3>\n<p>Zaprojektowany specjalnie do zastosowa\u0144 wewn\u0119trznych i domowych studi\u00f3w nagraniowych, nasz kompresor pracuje z imponuj\u0105co niskim poziomem ha\u0142asu, poni\u017cej 60 dB. Ta wyj\u0105tkowo cicha praca poprawia komfort u\u017cytkowania, dzi\u0119ki czemu nadaje si\u0119 do r\u00f3\u017cnych zastosowa\u0144.<\/p>\n<h3>Solidna wydajno\u015b\u0107<\/h3>\n<p>Dzi\u0119ki stale wysokiemu przep\u0142ywowi powietrza wynosz\u0105cemu 30 l\/min, nasz kompresor gwarantuje czyste i bezdymne ci\u0119cia, nawet w przypadku grubszych materia\u0142\u00f3w, takich jak sklejka czy akryl. Niezawodno\u015b\u0107 naszego produktu przek\u0142ada si\u0119 na doskona\u0142e rezultaty ci\u0119cia, gwarantuj\u0105c zadowolenie klienta.<\/p>\n<h2>Szeroka kompatybilno\u015b\u0107: kompleksowe rozwi\u0105zanie<\/h2>\n<h3>Szeroki zakres zastosowa\u0144<\/h3>\n<p>Nasz kompresor powietrza zosta\u0142 zaprojektowany tak, aby bezproblemowo integrowa\u0107 si\u0119 z 95% wiod\u0105cych na rynku urz\u0105dze\u0144 do ci\u0119cia laserowego, w tym z markami takimi jak xTool, Ortur, Atomstack i r\u00f3\u017cnymi urz\u0105dzeniami laserowymi CO2. Ta wszechstronno\u015b\u0107 u\u0142atwia dystrybutorom zarz\u0105dzanie zapasami.<\/p>\n<h3>Korzy\u015bci dla dystrybutor\u00f3w<\/h3>\n<p>Oferowanie jednego produktu (SKU), kt\u00f3ry pasuje do wielu maszyn, znacznie zmniejsza obci\u0105\u017cenie zapas\u00f3w i upraszcza procesy magazynowania. Ta strategiczna przewaga pozwala Twojej firmie szybko reagowa\u0107 na potrzeby rynku.<\/p>\n<h2>Korzy\u015bci z \u0142a\u0144cucha dostaw i partnerstwa<\/h2>\n<h3>Si\u0142a fabryki<\/h3>\n<p>Nasz proces produkcyjny jest zgodny z rygorystycznymi protoko\u0142ami kontroli jako\u015bci, co gwarantuje wyj\u0105tkowo niski wska\u017anik defekt\u00f3w, poni\u017cej 1%. To zapewnienie jako\u015bci pozwala zaoszcz\u0119dzi\u0107 na kosztach logistycznych zwi\u0105zanych ze zwrotami i wymianami.<\/p>\n<h3>Us\u0142ugi dostosowywania (OEM\/ODM)<\/h3>\n<p>Oferujemy us\u0142ugi szyte na miar\u0119, obejmuj\u0105ce niestandardowe umieszczenie logo, projektowanie opakowa\u0144 i dostosowanie do r\u00f3\u017cnych specyfikacji wtyczek na ca\u0142ym \u015bwiecie. Ta elastyczno\u015b\u0107 pozwala Ci budowa\u0107 w\u0142asn\u0105 to\u017csamo\u015b\u0107 marki na rynku.<\/p>\n<h3>Wsparcie posprzeda\u017cowe<\/h3>\n<p>Nasze zaanga\u017cowanie w obs\u0142ug\u0119 klienta obejmuje szybk\u0105 reakcj\u0119 techniczn\u0105 i niezawodn\u0105 dostaw\u0119 cz\u0119\u015bci zamiennych, dzi\u0119ki czemu Twoja dzia\u0142alno\u015b\u0107 pozostanie nieprzerwana.<\/p>\n<h2>Wnioski i wezwanie do dzia\u0142ania<\/h2>\n<p>Nie pozw\u00f3l, aby podzespo\u0142y niskiej jako\u015bci zaszkodzi\u0142y reputacji Twoich wysokiej klasy maszyn. Wyb\u00f3r spr\u0119\u017carki, kt\u00f3ra odpowiada jako\u015bci Twojego sprz\u0119tu, jest kluczowy dla sukcesu Twojej firmy. Zapraszamy do\u2026 <a href=\"https:\/\/aircompressorforlasercutter.com\/pl\/skontaktuj-sie-z-nami\/\">Skontaktuj si\u0119 z nami<\/a> w celu przeprowadzenia test\u00f3w pr\u00f3bnych lub uzyskania najnowszych cen hurtowych B2B.<\/p>","protected":false},"excerpt":{"rendered":"<p>Oil Free Air Compressor for Laser Optics Protection The Unsung Hero Behind the Scenes In the laser cutting and engraving industry, buyers often invest substantial resources in high-end machines, yet they frequently overlook a critical component: the air compressor. This neglect can lead to significant performance issues, ultimately impacting the quality of their finished products. [&hellip;]<\/p>","protected":false},"featured_media":455,"comment_status":"open","ping_status":"closed","template":"","meta":{"_et_pb_use_builder":"","_et_pb_old_content":"","_et_gb_content_width":""},"product_brand":[],"product_cat":[1093],"product_tag":[1094],"class_list":{"0":"post-471","1":"product","2":"type-product","3":"status-publish","4":"has-post-thumbnail","6":"product_cat-air-compressor-for-laser-cutter","7":"product_tag-air-compressor-for-laser-cutter","9":"first","10":"instock","11":"shipping-taxable","12":"product-type-simple"},"_links":{"self":[{"href":"https:\/\/aircompressorforlasercutter.com\/pl\/wp-json\/wp\/v2\/product\/471","targetHints":{"allow":["GET"]}}],"collection":[{"href":"https:\/\/aircompressorforlasercutter.com\/pl\/wp-json\/wp\/v2\/product"}],"about":[{"href":"https:\/\/aircompressorforlasercutter.com\/pl\/wp-json\/wp\/v2\/types\/product"}],"replies":[{"embeddable":true,"href":"https:\/\/aircompressorforlasercutter.com\/pl\/wp-json\/wp\/v2\/comments?post=471"}],"wp:featuredmedia":[{"embeddable":true,"href":"https:\/\/aircompressorforlasercutter.com\/pl\/wp-json\/wp\/v2\/media\/455"}],"wp:attachment":[{"href":"https:\/\/aircompressorforlasercutter.com\/pl\/wp-json\/wp\/v2\/media?parent=471"}],"wp:term":[{"taxonomy":"product_brand","embeddable":true,"href":"https:\/\/aircompressorforlasercutter.com\/pl\/wp-json\/wp\/v2\/product_brand?post=471"},{"taxonomy":"product_cat","embeddable":true,"href":"https:\/\/aircompressorforlasercutter.com\/pl\/wp-json\/wp\/v2\/product_cat?post=471"},{"taxonomy":"product_tag","embeddable":true,"href":"https:\/\/aircompressorforlasercutter.com\/pl\/wp-json\/wp\/v2\/product_tag?post=471"}],"curies":[{"name":"wp","href":"https:\/\/api.w.org\/{rel}","templated":true}]}}