{"id":472,"date":"2026-01-14T08:26:18","date_gmt":"2026-01-14T08:26:18","guid":{"rendered":"https:\/\/aircompressorforlasercutter.com\/product\/low-vibration-air-pump-for-desktop-laser-cutter\/"},"modified":"2026-01-14T08:45:10","modified_gmt":"2026-01-14T08:45:10","slug":"low-vibration-air-pump-for-desktop-laser-cutter","status":"publish","type":"product","link":"https:\/\/aircompressorforlasercutter.com\/pl\/produkt\/pompa-powietrza-o-niskich-wibracjach-do-stacjonarnej-wycinarki-laserowej\/","title":{"rendered":"Pompa powietrza o niskim poziomie wibracji do stacjonarnej wycinarki laserowej"},"content":{"rendered":"<h1>Pompa powietrza o niskim poziomie wibracji do stacjonarnej wycinarki laserowej: nieznany bohater<\/h1>\n<h2>1. T\u0142o: Rzeczywisto\u015b\u0107 rynkowa<\/h2>\n<p>W dynamicznie rozwijaj\u0105cym si\u0119 \u015bwiecie ci\u0119cia i grawerowania laserowego, wielu nabywc\u00f3w inwestuje znaczne \u015brodki w wysokiej klasy urz\u0105dzenia laserowe, cz\u0119sto ignoruj\u0105c kluczowy element: pomp\u0119 powietrza. To niedopatrzenie mo\u017ce prowadzi\u0107 do pogorszenia rezultat\u00f3w i niepotrzebnych koszt\u00f3w. Wielu nie zdaje sobie sprawy, \u017ce wspomaganie powietrza to nie tylko dodatek; bezpo\u015brednio wp\u0142ywa ono na jako\u015b\u0107 ci\u0119cia, a tym samym na \u017cywotno\u015b\u0107 maszyn. Odpowiednia pompa powietrza mo\u017ce podnie\u015b\u0107 og\u00f3ln\u0105 wydajno\u015b\u0107 system\u00f3w laserowych, zapewniaj\u0105c precyzj\u0119 i wydajno\u015b\u0107 realizacji projekt\u00f3w.<\/p>\n<h2>Wgl\u0105d podstawowy: Pomoc powietrzna jako integralny element<\/h2>\n<p>Dla dystrybutor\u00f3w B2B wyb\u00f3r wysokiej jako\u015bci pompki powietrza przek\u0142ada si\u0119 na mniejsz\u0105 liczb\u0119 skarg klient\u00f3w dotycz\u0105cych takich problem\u00f3w, jak niekompletne ci\u0119cia czy uszkodzone soczewki. To ulepszenie nie tylko zwi\u0119ksza zadowolenie klient\u00f3w, ale tak\u017ce sprzyja wy\u017cszemu wska\u017anikowi retencji. Dystrybutorzy, kt\u00f3rzy rozumiej\u0105 wag\u0119 po\u0142\u0105czenia swoich urz\u0105dze\u0144 laserowych z wydajn\u0105 pompk\u0105 powietrza, mog\u0105 odnie\u015b\u0107 ogromne korzy\u015bci w postaci mniejszych wymaga\u0144 dotycz\u0105cych serwisu posprzeda\u017cowego i wzrostu lojalno\u015bci klient\u00f3w.<\/p>\n<h2>2. Analiza punkt\u00f3w zapalnych: ukryte koszty tanich pomp powietrza<\/h2>\n<h3>S\u0142aba jako\u015b\u0107 ci\u0119cia<\/h3>\n<p>Ekonomiczne pompy powietrza mog\u0105 pocz\u0105tkowo wydawa\u0107 si\u0119 atrakcyjne, ale cz\u0119sto prowadz\u0105 do niskiej jako\u015bci ci\u0119cia. Niestabilny przep\u0142yw powietrza mo\u017ce powodowa\u0107 zw\u0119glanie si\u0119 kraw\u0119dzi materia\u0142u, co obni\u017ca walory estetyczne produktu ko\u0144cowego. Wp\u0142ywa to nie tylko na zadowolenie klienta, ale r\u00f3wnie\u017c na postrzegan\u0105 warto\u015b\u0107 produktu ko\u0144cowego.<\/p>\n<h3>Ryzyko uszkodzenia sprz\u0119tu<\/h3>\n<p>Niedrogie pompy powietrza, zw\u0142aszcza te nasycone olejem, mog\u0105 uwalnia\u0107 mg\u0142\u0119 olejow\u0105 lub wilgo\u0107, kt\u00f3ra zanieczyszcza soczewki laserowe. Zanieczyszczenie to mo\u017ce prowadzi\u0107 do kosztownych napraw i zwrot\u00f3w, obni\u017caj\u0105c mar\u017c\u0119 zysku i niszcz\u0105c reputacj\u0119.<\/p>\n<h3>Odstraszanie ha\u0142asem<\/h3>\n<p>Tradycyjne spr\u0119\u017carki powietrza s\u0105 znane z g\u0142o\u015bnej pracy, co mo\u017ce zniech\u0119ca\u0107 u\u017cytkownik\u00f3w domowych i tw\u00f3rc\u00f3w w plac\u00f3wkach edukacyjnych. To zanieczyszczenie ha\u0142asem ogranicza u\u017cyteczno\u015b\u0107 wycinarek laserowych w mniejszych pomieszczeniach i ogranicza mo\u017cliwo\u015bci rynkowe dostawc\u00f3w.<\/p>\n<h2>3. Nasze rozwi\u0105zanie: Nowa definicja profesjonalnej pomocy lotniczej<\/h2>\n<h3>Konstrukcja bezolejowa i odporna na wilgo\u0107<\/h3>\n<p>Nasza niskowibracyjna pompa powietrza jest wyposa\u017cona w bezolejow\u0105 i odporn\u0105 na wilgo\u0107 konstrukcj\u0119 100%, co zapewnia najwy\u017csz\u0105 ochron\u0119 soczewek laserowych. Eliminuje to konieczno\u015b\u0107 regularnej konserwacji przez u\u017cytkownik\u00f3w ko\u0144cowych, zapewniaj\u0105c spok\u00f3j ducha i redukuj\u0105c koszty operacyjne.<\/p>\n<h3>Ultracicha technologia<\/h3>\n<p>Zaprojektowana specjalnie do studi\u00f3w nagraniowych w pomieszczeniach i w domu, nasza pompka powietrza pracuje przy wyj\u0105tkowo niskim poziomie ha\u0142asu, poni\u017cej 60 dB. Ta wyj\u0105tkowo cicha praca znacz\u0105co poprawia komfort u\u017cytkowania, czyni\u0105c j\u0105 idealn\u0105 dla profesjonalist\u00f3w z bran\u017cy kreatywnej, kt\u00f3rzy potrzebuj\u0105 sprzyjaj\u0105cego \u015brodowiska pracy.<\/p>\n<h3>Solidna wydajno\u015b\u0107<\/h3>\n<p>Zapewniaj\u0105c sta\u0142y przep\u0142yw powietrza na poziomie 30 l\/min, nasza pompa powietrza gwarantuje, \u017ce nawet najtwardsze materia\u0142y, takie jak grube drewno czy akryl, b\u0119d\u0105 ci\u0119te z czystymi, pozbawionymi dymu kraw\u0119dziami. To nie tylko poprawia wydajno\u015b\u0107 ci\u0119cia, ale tak\u017ce wyd\u0142u\u017ca \u017cywotno\u015b\u0107 samej wycinarki laserowej.<\/p>\n<h2>4. Szeroka kompatybilno\u015b\u0107: kompleksowe dopasowanie<\/h2>\n<h3>Szeroki zakres zastosowa\u0144<\/h3>\n<p>Nasza pompa powietrza zosta\u0142a zaprojektowana tak, aby by\u0142a idealnie kompatybilna z 95% popularnych modeli dost\u0119pnych na rynku, w tym xTool, Ortur, Atomstack i r\u00f3\u017cnymi urz\u0105dzeniami laserowymi CO2. Ta szeroka kompatybilno\u015b\u0107 gwarantuje klientom bezproblemow\u0105 integracj\u0119 naszej pompy bez konieczno\u015bci dodatkowych modyfikacji.<\/p>\n<h3>Korzy\u015bci dla dystrybutor\u00f3w<\/h3>\n<p>Dzi\u0119ki pojedynczemu SKU kompatybilnemu z wieloma maszynami, dystrybutorzy mog\u0105 znacz\u0105co zmniejszy\u0107 presj\u0119 na zapasy i usprawni\u0107 proces magazynowania. Taka efektywno\u015b\u0107 przek\u0142ada si\u0119 na ni\u017csze koszty operacyjne i popraw\u0119 og\u00f3lnej rentowno\u015bci.<\/p>\n<h2>5. \u0141a\u0144cuch dostaw i korzy\u015bci wynikaj\u0105ce ze wsp\u00f3\u0142pracy<\/h2>\n<h3>Si\u0142a fabryki<\/h3>\n<p>Jeste\u015bmy dumni z naszych rygorystycznych proces\u00f3w kontroli jako\u015bci, kt\u00f3re gwarantuj\u0105 wyj\u0105tkowo niski wska\u017anik defekt\u00f3w, poni\u017cej 1%. To zaanga\u017cowanie w jako\u015b\u0107 przek\u0142ada si\u0119 na znaczne oszcz\u0119dno\u015bci w zakresie logistyki zwrot\u00f3w dla naszych partner\u00f3w.<\/p>\n<h3>Us\u0142ugi niestandardowe (OEM\/ODM)<\/h3>\n<p>Oferujemy rozwi\u0105zania personalizowane, w tym projektowanie logo marki, modyfikacje opakowa\u0144 i specyfikacje wtyczek dla r\u00f3\u017cnych kraj\u00f3w. Ta elastyczno\u015b\u0107 pozwala Ci stworzy\u0107 unikaln\u0105 identyfikacj\u0119 marki, kt\u00f3ra rezonuje z Twoim rynkiem docelowym.<\/p>\n<h3>Wsparcie posprzeda\u017cowe<\/h3>\n<p>Nasze zaanga\u017cowanie wykracza poza sprzeda\u017c, zapewniaj\u0105c szybk\u0105 pomoc techniczn\u0105 i dost\u0119pno\u015b\u0107 cz\u0119\u015bci zamiennych, dzi\u0119ki czemu Twoja dzia\u0142alno\u015b\u0107 b\u0119dzie przebiega\u0107 sprawnie, bez niepotrzebnych przestoj\u00f3w.<\/p>\n<h2>6. Wnioski i wezwanie do dzia\u0142ania<\/h2>\n<p>Nie pozw\u00f3l, aby podzespo\u0142y niskiej jako\u015bci zaszkodzi\u0142y reputacji Twoich wysokiej klasy maszyn. Zainwestuj w pomp\u0119 powietrza, kt\u00f3ra odpowiada jako\u015bci Twojego sprz\u0119tu. Wybieraj\u0105c nasz\u0105 pomp\u0119 powietrza o niskim poziomie wibracji, masz pewno\u015b\u0107, \u017ce Twoje procesy ci\u0119cia b\u0119d\u0105 nie tylko wydajne, ale tak\u017ce przynios\u0105 doskona\u0142e rezultaty.<\/p>\n<p>Skontaktuj si\u0119 z nami ju\u017c dzi\u015b, aby otrzyma\u0107 pr\u00f3bki do test\u00f3w lub najnowsze informacje o cenach hurtowych B2B. Odwied\u017a nasz\u0105 stron\u0119 internetow\u0105 pod adresem <a href=\"https:\/\/aircompressorforlasercutter.com\/pl\/skontaktuj-sie-z-nami\/\">Ever-power Skontaktuj si\u0119 z nami<\/a> aby dowiedzie\u0107 si\u0119 wi\u0119cej o tym, jak nasze rozwi\u0105zania mog\u0105 przynie\u015b\u0107 korzy\u015bci Twojej firmie.<\/p>","protected":false},"excerpt":{"rendered":"<p>Low Vibration Air Pump for Desktop Laser Cutter: The Unsung Hero 1. Background: The Market Reality In the burgeoning world of laser cutting and engraving, many buyers invest significantly in high-end laser machines, often overlooking a crucial component: the air pump. This oversight can lead to compromised results and unnecessary costs. Many do not realize [&hellip;]<\/p>","protected":false},"featured_media":455,"comment_status":"open","ping_status":"closed","template":"","meta":{"_et_pb_use_builder":"","_et_pb_old_content":"","_et_gb_content_width":""},"product_brand":[],"product_cat":[1093],"product_tag":[1095],"class_list":{"0":"post-472","1":"product","2":"type-product","3":"status-publish","4":"has-post-thumbnail","6":"product_cat-air-compressor-for-laser-cutter","7":"product_tag-air-compressor-for-laser-cutter-price","9":"first","10":"instock","11":"shipping-taxable","12":"product-type-simple"},"_links":{"self":[{"href":"https:\/\/aircompressorforlasercutter.com\/pl\/wp-json\/wp\/v2\/product\/472","targetHints":{"allow":["GET"]}}],"collection":[{"href":"https:\/\/aircompressorforlasercutter.com\/pl\/wp-json\/wp\/v2\/product"}],"about":[{"href":"https:\/\/aircompressorforlasercutter.com\/pl\/wp-json\/wp\/v2\/types\/product"}],"replies":[{"embeddable":true,"href":"https:\/\/aircompressorforlasercutter.com\/pl\/wp-json\/wp\/v2\/comments?post=472"}],"wp:featuredmedia":[{"embeddable":true,"href":"https:\/\/aircompressorforlasercutter.com\/pl\/wp-json\/wp\/v2\/media\/455"}],"wp:attachment":[{"href":"https:\/\/aircompressorforlasercutter.com\/pl\/wp-json\/wp\/v2\/media?parent=472"}],"wp:term":[{"taxonomy":"product_brand","embeddable":true,"href":"https:\/\/aircompressorforlasercutter.com\/pl\/wp-json\/wp\/v2\/product_brand?post=472"},{"taxonomy":"product_cat","embeddable":true,"href":"https:\/\/aircompressorforlasercutter.com\/pl\/wp-json\/wp\/v2\/product_cat?post=472"},{"taxonomy":"product_tag","embeddable":true,"href":"https:\/\/aircompressorforlasercutter.com\/pl\/wp-json\/wp\/v2\/product_tag?post=472"}],"curies":[{"name":"wp","href":"https:\/\/api.w.org\/{rel}","templated":true}]}}