{"id":473,"date":"2026-01-14T08:26:18","date_gmt":"2026-01-14T08:26:18","guid":{"rendered":"https:\/\/aircompressorforlasercutter.com\/product\/portable-mini-air-compressor-for-laser-marking\/"},"modified":"2026-01-14T08:41:19","modified_gmt":"2026-01-14T08:41:19","slug":"portable-mini-air-compressor-for-laser-marking","status":"publish","type":"product","link":"https:\/\/aircompressorforlasercutter.com\/pl\/produkt\/przenosny-mini-kompresor-powietrza-do-znakowania-laserowego\/","title":{"rendered":"Przeno\u015bny mini kompresor powietrza do znakowania laserowego"},"content":{"rendered":"<h1>Przeno\u015bny mini kompresor powietrza do znakowania laserowego: niedoceniany bohater Twojego stanowiska do grawerowania laserowego<\/h1>\n<h2>1. T\u0142o: Rzeczywisto\u015b\u0107 rynkowa<\/h2>\n<p>W obliczu rosn\u0105cej konkurencji na rynku grawerowania laserowego, wi\u0119kszo\u015b\u0107 nabywc\u00f3w inwestuje znaczne \u015brodki w wysokiej klasy maszyny do ci\u0119cia laserowego, cz\u0119sto ignoruj\u0105c r\u00f3wnie istotny element: spr\u0119\u017cark\u0119 powietrza. To niezb\u0119dne akcesorium odgrywa kluczow\u0105 rol\u0119 w poprawie og\u00f3lnej wydajno\u015bci i \u017cywotno\u015bci system\u00f3w laserowych.<\/p>\n<p>Wspomaganie powietrzne nie jest jedynie jednostk\u0105 pomocnicz\u0105; jest to decyduj\u0105cy czynnik, kt\u00f3ry wp\u0142ywa zar\u00f3wno na <strong>jako\u015b\u0107 ci\u0119cia<\/strong> i <strong>trwa\u0142o\u015b\u0107 maszyny<\/strong>Wysokiej jako\u015bci kompresor powietrza mo\u017ce stanowi\u0107 r\u00f3\u017cnic\u0119 mi\u0119dzy idealnym grawerunkiem a s\u0142abym rezultatem.<\/p>\n<h2>Warto\u015b\u0107 podstawowa<\/h2>\n<p>Dla dystrybutor\u00f3w wyb\u00f3r niezawodnej pompy powietrza oznacza bezpo\u015brednio zmniejszenie liczby skarg klient\u00f3w dotycz\u0105cych takich problem\u00f3w, jak: <strong>niekompletne ci\u0119cia<\/strong> Lub <strong>uszkodzone soczewki<\/strong>. To nie tylko zwi\u0119ksza zadowolenie klienta, ale tak\u017ce znacz\u0105co podnosi <strong>wska\u017aniki retencji klient\u00f3w<\/strong>Inwestycj\u0119 w wysokiej jako\u015bci spr\u0119\u017cark\u0119 powietrza mo\u017cna zatem postrzega\u0107 jako inwestycj\u0119 w trwa\u0142o\u015b\u0107 relacji z klientami.<\/p>\n<h2>2. Analiza punkt\u00f3w zapalnych: ukryte koszty tanich pomp powietrza<\/h2>\n<h3>S\u0142aba jako\u015b\u0107 ci\u0119cia<\/h3>\n<p>Jedn\u0105 z najcz\u0119stszych pu\u0142apek zwi\u0105zanych z tanimi pompami powietrza jest niestabilno\u015b\u0107 przep\u0142ywu powietrza. Mo\u017ce to prowadzi\u0107 do niepo\u017c\u0105danych efekt\u00f3w, takich jak zw\u0119glenie kraw\u0119dzi materia\u0142u, zmniejszenie wydajno\u015bci ci\u0119cia i og\u00f3lnie negatywny wp\u0142yw na estetyk\u0119 produkt\u00f3w ko\u0144cowych.<\/p>\n<h3>Ryzyko uszkodzenia sprz\u0119tu<\/h3>\n<p>Pompy powietrza niskiej jako\u015bci, zw\u0142aszcza te na bazie oleju, mog\u0105 nieumy\u015blnie rozpyli\u0107 mg\u0142\u0119 olejow\u0105 lub wilgo\u0107 na soczewk\u0119 lasera, co skutkuje kosztownymi naprawami i kosztami zwrotu. Ten ukryty koszt mo\u017ce zniweczy\u0107 mar\u017c\u0119 zysku ka\u017cdej firmy.<\/p>\n<h3>Ha\u0142a\u015bliwa praca<\/h3>\n<p>Tradycyjne spr\u0119\u017carki powietrza cz\u0119sto generuj\u0105 ha\u0142as, kt\u00f3ry mo\u017ce zak\u0142\u00f3ca\u0107 ich dzia\u0142anie, co ogranicza ich zastosowanie w domach lub w przestrzeniach edukacyjnych. Ogranicza to zasi\u0119g rynkowy i zmniejsza mo\u017cliwo\u015bci sprzeda\u017cy.<\/p>\n<h2>3. Nasze rozwi\u0105zanie: Nowa definicja wspomagania pneumatycznego na poziomie profesjonalnym<\/h2>\n<h3>Konstrukcja bezolejowa i odporna na wilgo\u0107<\/h3>\n<p>Nasz przeno\u015bny mini kompresor powietrza charakteryzuje si\u0119 konstrukcj\u0105 bezolejow\u0105 i bezwilgociow\u0105 100%, co gwarantuje, \u017ce soczewki laserowe pozostaj\u0105 wolne od zanieczyszcze\u0144. To nie tylko upraszcza konserwacj\u0119 dla u\u017cytkownik\u00f3w ko\u0144cowych, ale tak\u017ce zwi\u0119ksza produktywno\u015b\u0107 i zapewnia spok\u00f3j ducha.<\/p>\n<h3>Ultracicha technologia<\/h3>\n<p>Zaprojektowany specjalnie do zastosowa\u0144 w pomieszczeniach i domowym studiu, nasz kompresor utrzymuje poziom ha\u0142asu poni\u017cej 60 dB. Ta wyj\u0105tkowo cicha praca poprawia komfort u\u017cytkowania, dzi\u0119ki czemu idealnie nadaje si\u0119 do zastosowa\u0144, w kt\u00f3rych ha\u0142as mo\u017ce stanowi\u0107 problem.<\/p>\n<h3>Solidna wydajno\u015b\u0107<\/h3>\n<p>Dzi\u0119ki stabilnej wydajno\u015bci 30 l\/min, ten kompresor powietrza gwarantuje czyste i bezdymne ci\u0119cia, nawet podczas pracy z grubszymi materia\u0142ami, takimi jak sklejka czy akryl. Sta\u0142y przep\u0142yw powietrza jest niezb\u0119dny do uzyskania doskona\u0142ych rezultat\u00f3w grawerowania.<\/p>\n<h2>4. Szeroka kompatybilno\u015b\u0107: kompleksowe dopasowanie (rozwi\u0105zane problemy z zapasami)<\/h2>\n<h3>Szerokie zastosowanie<\/h3>\n<p>Kompresor ten zosta\u0142 zaprojektowany tak, aby bezproblemowo integrowa\u0107 si\u0119 z modelem 95% popularnych modeli laser\u00f3w dost\u0119pnych na rynku, w tym popularnych marek, takich jak xTool, Ortur, Atomstack, a tak\u017ce z r\u00f3\u017cnymi urz\u0105dzeniami laserowymi CO2.<\/p>\n<h3>Korzy\u015bci dla dystrybutor\u00f3w<\/h3>\n<p>Dzi\u0119ki udost\u0119pnieniu jednego produktu SKU kompatybilnego z wieloma maszynami dystrybutorzy mog\u0105 znacz\u0105co zmniejszy\u0107 presj\u0119 na zapasy i usprawni\u0107 proces magazynowania, co u\u0142atwia zarz\u0105dzanie liniami produkt\u00f3w.<\/p>\n<h2>5. Korzy\u015bci z \u0142a\u0144cucha dostaw i partnerstwa<\/h2>\n<h3>Si\u0142a fabryki<\/h3>\n<p>Nasze rygorystyczne procesy kontroli jako\u015bci gwarantuj\u0105 wyj\u0105tkowo niski wska\u017anik defekt\u00f3w, poni\u017cej 1%. Ta niezawodno\u015b\u0107 pozwala zaoszcz\u0119dzi\u0107 na kosztach logistycznych zwi\u0105zanych ze zwrotami i wymianami.<\/p>\n<h3>Us\u0142ugi dostosowywania (OEM\/ODM)<\/h3>\n<p>Oferujemy rozwi\u0105zania dostosowane do indywidualnych potrzeb, w tym nadruk logo, projekt opakowania oraz adaptacj\u0119 do r\u00f3\u017cnych specyfikacji wtyczek, zgodnie z wymogami regionalnymi. Ta elastyczno\u015b\u0107 pozwala skutecznie budowa\u0107 i promowa\u0107 w\u0142asn\u0105 mark\u0119.<\/p>\n<h3>Wsparcie posprzeda\u017cowe<\/h3>\n<p>Nasze zaanga\u017cowanie w obs\u0142ug\u0119 klienta obejmuje szybk\u0105 reakcj\u0119 techniczn\u0105 i mo\u017cliwo\u015b\u0107 dostarczania cz\u0119\u015bci zamiennych, dzi\u0119ki czemu Twoja dzia\u0142alno\u015b\u0107 b\u0119dzie przebiega\u0107 sprawnie, bez zb\u0119dnych przestoj\u00f3w.<\/p>\n<h2>6.<\/h2>\n<p>Nie pozw\u00f3l, aby podzespo\u0142y niskiej jako\u015bci zaszkodzi\u0142y reputacji Twoich wysokiej klasy maszyn. Wyb\u00f3r wysokiej jako\u015bci spr\u0119\u017carki powietrza jest kluczowy dla utrzymania jako\u015bci i niezawodno\u015bci, jakich oczekuj\u0105 Twoi klienci.<\/p>\n<p>Skontaktuj si\u0119 z nami ju\u017c dzi\u015b, aby przetestowa\u0107 pr\u00f3bki lub uzyska\u0107 najnowsze ceny hurtowe B2B. Pozw\u00f3l nam pom\u00f3c Ci udoskonali\u0107 ofert\u0119 produkt\u00f3w i zbudowa\u0107 silniejsze relacje z klientami.<\/p>\n<p>Aby uzyska\u0107 wi\u0119cej informacji, odwied\u017a stron\u0119 <a href=\"https:\/\/aircompressorforlasercutter.com\/pl\/skontaktuj-sie-z-nami\/\">nasza strona kontaktowa<\/a>.<\/p>","protected":false},"excerpt":{"rendered":"<p>Portable Mini Air Compressor for Laser Marking: The Unsung Hero of Your Laser Engraving Setup 1. Background: The Market Reality In the competitive landscape of laser engraving, most buyers invest significantly in high-end laser cutting machines, often overlooking an equally crucial component: the air compressor. This essential accessory plays a pivotal role in enhancing the [&hellip;]<\/p>","protected":false},"featured_media":456,"comment_status":"open","ping_status":"closed","template":"","meta":{"_et_pb_use_builder":"","_et_pb_old_content":"","_et_gb_content_width":""},"product_brand":[],"product_cat":[1093],"product_tag":[1096],"class_list":{"0":"post-473","1":"product","2":"type-product","3":"status-publish","4":"has-post-thumbnail","6":"product_cat-air-compressor-for-laser-cutter","7":"product_tag-air-compressor-for-laser-cutter-cost","9":"first","10":"instock","11":"shipping-taxable","12":"product-type-simple"},"_links":{"self":[{"href":"https:\/\/aircompressorforlasercutter.com\/pl\/wp-json\/wp\/v2\/product\/473","targetHints":{"allow":["GET"]}}],"collection":[{"href":"https:\/\/aircompressorforlasercutter.com\/pl\/wp-json\/wp\/v2\/product"}],"about":[{"href":"https:\/\/aircompressorforlasercutter.com\/pl\/wp-json\/wp\/v2\/types\/product"}],"replies":[{"embeddable":true,"href":"https:\/\/aircompressorforlasercutter.com\/pl\/wp-json\/wp\/v2\/comments?post=473"}],"wp:featuredmedia":[{"embeddable":true,"href":"https:\/\/aircompressorforlasercutter.com\/pl\/wp-json\/wp\/v2\/media\/456"}],"wp:attachment":[{"href":"https:\/\/aircompressorforlasercutter.com\/pl\/wp-json\/wp\/v2\/media?parent=473"}],"wp:term":[{"taxonomy":"product_brand","embeddable":true,"href":"https:\/\/aircompressorforlasercutter.com\/pl\/wp-json\/wp\/v2\/product_brand?post=473"},{"taxonomy":"product_cat","embeddable":true,"href":"https:\/\/aircompressorforlasercutter.com\/pl\/wp-json\/wp\/v2\/product_cat?post=473"},{"taxonomy":"product_tag","embeddable":true,"href":"https:\/\/aircompressorforlasercutter.com\/pl\/wp-json\/wp\/v2\/product_tag?post=473"}],"curies":[{"name":"wp","href":"https:\/\/api.w.org\/{rel}","templated":true}]}}