{"id":474,"date":"2026-01-14T08:26:19","date_gmt":"2026-01-14T08:26:19","guid":{"rendered":"https:\/\/aircompressorforlasercutter.com\/product\/continuous-duty-air-pump-for-commercial-laser-cutting\/"},"modified":"2026-01-14T08:39:03","modified_gmt":"2026-01-14T08:39:03","slug":"continuous-duty-air-pump-for-commercial-laser-cutting","status":"publish","type":"product","link":"https:\/\/aircompressorforlasercutter.com\/pl\/produkt\/pompa-powietrza-do-pracy-ciaglej-do-komercyjnego-ciecia-laserowego\/","title":{"rendered":"Pompa powietrza do pracy ci\u0105g\u0142ej do komercyjnego ci\u0119cia laserowego"},"content":{"rendered":"<h1>Pompa powietrza o pracy ci\u0105g\u0142ej do komercyjnego ci\u0119cia laserowego<\/h1>\n<h2>Nieopiewany bohater<\/h2>\n<p>W dziedzinie ci\u0119cia laserowego, gdzie precyzja i jako\u015b\u0107 s\u0105 najwa\u017cniejsze, jeden kluczowy element cz\u0119sto schodzi na dalszy plan: pompa powietrza. Podczas gdy kupuj\u0105cy inwestuj\u0105 znaczne kwoty w wysokiej klasy grawerki laserowe, znaczenie pompy powietrza \u2013 niezb\u0119dnego akcesorium \u2013 pozostaje w du\u017cej mierze pomijane. To niedopatrzenie mo\u017ce zagrozi\u0107 celom, do kt\u00f3rych d\u0105\u017c\u0105 ci klienci.<\/p>\n<p>Wspomaganie pneumatyczne wykracza poza rol\u0119 zwyk\u0142ego akcesorium; odgrywa kluczow\u0105 rol\u0119 w okre\u015blaniu ostatecznej jako\u015bci ci\u0119cia i trwa\u0142o\u015bci sprz\u0119tu. Na rynku, gdzie wydajno\u015b\u0107 i zadowolenie klienta s\u0105 priorytetem, wyb\u00f3r odpowiedniej pompy pneumatycznej mo\u017ce znacz\u0105co wp\u0142yn\u0105\u0107 na wyniki biznesowe.<\/p>\n<h2>Wgl\u0105d w rynek: Koszt ignorowania pomp powietrza<\/h2>\n<p>Dla dystrybutor\u00f3w wyb\u00f3r wysokiej jako\u015bci pompki powietrza oznacza zmniejszenie liczby skarg klient\u00f3w dotycz\u0105cych takich problem\u00f3w, jak \u201eniekompletne ci\u0119cia\u201d i \u201euszkodzone soczewki\u201d. Wyb\u00f3r ten bezpo\u015brednio przek\u0142ada si\u0119 na wy\u017cszy wska\u017anik utrzymania klient\u00f3w, buduj\u0105c d\u0142ugoterminowe relacje i zwi\u0119kszaj\u0105c lojalno\u015b\u0107 wobec marki.<\/p>\n<h3>Analiza punkt\u00f3w zapalnych: ukryte koszty tanich pomp powietrza<\/h3>\n<p>Cho\u0107 kusz\u0105ce mo\u017ce by\u0107 wybranie ta\u0144szych alternatyw, ukryte koszty zwi\u0105zane z tanimi pompami powietrza mog\u0105 by\u0107 szkodliwe:<\/p>\n<ul>\n<li><strong>S\u0142aba jako\u015b\u0107 ci\u0119cia:<\/strong> Niestabilny przep\u0142yw powietrza powoduje przypalenie kraw\u0119dzi materia\u0142u i zmniejszon\u0105 wydajno\u015b\u0107 ci\u0119cia, co negatywnie wp\u0142ywa na wygl\u0105d finalnego produktu dla u\u017cytkownika ko\u0144cowego.<\/li>\n<li><strong>Ryzyko uszkodzenia sprz\u0119tu:<\/strong> Pompy niskiej jako\u015bci, zw\u0142aszcza te nasycone olejem, mog\u0105 wydziela\u0107 mg\u0142\u0119 olejow\u0105 lub wilgo\u0107 zanieczyszczaj\u0105c\u0105 optyk\u0119 lasera, co wi\u0105\u017ce si\u0119 z wysokimi kosztami napraw i konieczno\u015bci\u0105 zwrotu produktu.<\/li>\n<li><strong>Zanieczyszczenie ha\u0142asem:<\/strong> Tradycyjne spr\u0119\u017carki powietrza cz\u0119sto pracuj\u0105 bardzo g\u0142o\u015bno, co ogranicza ich zastosowanie w domach i kreatywnych przestrzeniach edukacyjnych, a tym samym ogranicza potencjalny zasi\u0119g rynkowy.<\/li>\n<\/ul>\n<h2>Nasze rozwi\u0105zanie: Nowa definicja \u201eprofesjonalnej\u201d pomocy lotniczej<\/h2>\n<p>Ever-power z dum\u0105 prezentuje rewolucyjn\u0105 pomp\u0119 powietrza zaprojektowan\u0105 specjalnie do komercyjnych zastosowa\u0144 w ci\u0119ciu laserowym. Nasza pompa powietrza o ci\u0105g\u0142ej pracy wyznacza nowe standardy w zakresie wspomagania pneumatycznego, koncentruj\u0105c si\u0119 na wydajno\u015bci, niezawodno\u015bci i komforcie u\u017cytkownika.<\/p>\n<h3>Konstrukcja bezolejowa i bezwodna<\/h3>\n<p>Nasza pompka powietrza jest wyposa\u017cona w bezolejow\u0105 i bezwodn\u0105 konstrukcj\u0119 100%, kt\u00f3ra gwarantuje najwy\u017csz\u0105 ochron\u0119 soczewek laserowych. U\u017cytkownicy nie musz\u0105 ju\u017c martwi\u0107 si\u0119 o konserwacj\u0119, co pozwala im bez wysi\u0142ku skupi\u0107 si\u0119 na swoich podstawowych czynno\u015bciach.<\/p>\n<h3>Ultracicha technologia<\/h3>\n<p>Zaprojektowana specjalnie do zastosowa\u0144 w pomieszczeniach i domowym studiu, nasza pompka powietrza pracuje z poziomem ha\u0142asu poni\u017cej 60 dB. Ta wyj\u0105tkowo cicha praca znacznie poprawia komfort u\u017cytkowania, dzi\u0119ki czemu idealnie nadaje si\u0119 do zastosowa\u0144 edukacyjnych i kreatywnych.<\/p>\n<h3>Solidna wydajno\u015b\u0107<\/h3>\n<p>Dzi\u0119ki ci\u0105g\u0142ej wydajno\u015bci 30 litr\u00f3w na minut\u0119, nasza pompa powietrza zapewnia stabilny i mocny przep\u0142yw powietrza, gwarantuj\u0105c czyste, bezdymne ci\u0119cia nawet podczas obr\u00f3bki grubego drewna lub materia\u0142\u00f3w akrylowych. Taka wydajno\u015b\u0107 nie tylko poprawia jako\u015b\u0107 ci\u0119cia, ale tak\u017ce usprawnia przep\u0142yw pracy.<\/p>\n<h2>Szeroka kompatybilno\u015b\u0107: kompleksowe rozwi\u0105zanie<\/h2>\n<p>Nasza pompa powietrza zosta\u0142a zaprojektowana z my\u015bl\u0105 o szerokiej kompatybilno\u015bci, bezproblemowo pasuj\u0105c do 95% popularnych urz\u0105dze\u0144 do ci\u0119cia laserowego dost\u0119pnych na rynku, w tym popularnych modeli, takich jak xTool, Ortur, Atomstack, a tak\u017ce r\u00f3\u017cnych urz\u0105dze\u0144 laserowych CO2.<\/p>\n<p>Dla dystrybutor\u00f3w oznacza to, \u017ce jeden produkt SKU mo\u017ce by\u0107 stosowany do wielu typ\u00f3w maszyn, co skutecznie zmniejsza presj\u0119 zwi\u0105zan\u0105 z zapasami i upraszcza zarz\u0105dzanie zapasami.<\/p>\n<h2>Korzy\u015bci z \u0142a\u0144cucha dostaw i partnerstwa<\/h2>\n<p>W Ever-power szczycimy si\u0119 naszymi rygorystycznymi procesami kontroli jako\u015bci, gwarantuj\u0105cymi wyj\u0105tkowo niski wska\u017anik defekt\u00f3w, poni\u017cej 1%. To zobowi\u0105zanie przek\u0142ada si\u0119 na oszcz\u0119dno\u015bci dla dystrybutor\u00f3w poprzez minimalizacj\u0119 zwrot\u00f3w i koszt\u00f3w logistycznych.<\/p>\n<p>Oferujemy r\u00f3wnie\u017c us\u0142ugi niestandardowe, w tym opcje OEM i ODM, umo\u017cliwiaj\u0105ce dostosowanie brandingu, projekt\u00f3w opakowa\u0144 i specyfikacji wtyczek do r\u00f3\u017cnych rynk\u00f3w. Nasz szybki czas reakcji technicznej i mo\u017cliwo\u015bci dostaw cz\u0119\u015bci zamiennych dodatkowo umacniaj\u0105 nasz\u0105 pozycj\u0119 wiarygodnego partnera.<\/p>\n<p>Nie pozw\u00f3l, aby kiepskiej jako\u015bci akcesoria zniszczy\u0142y reputacj\u0119 Twoich wysokiej klasy maszyn. Wyb\u00f3r pompy powietrza, kt\u00f3ra odpowiada jako\u015bci Twojego sprz\u0119tu, jest kluczowy dla utrzymania doskona\u0142o\u015bci operacyjnej.<\/p>\n<p>Skontaktuj si\u0119 z nami ju\u017c dzi\u015b, aby zam\u00f3wi\u0107 pr\u00f3bk\u0119 do test\u00f3w lub uzyska\u0107 najnowszy cennik hurtowy B2B. Ulepsz swoj\u0105 ofert\u0119 produkt\u00f3w dzi\u0119ki pompie powietrza o pracy ci\u0105g\u0142ej, kt\u00f3ra zapewnia niezr\u00f3wnan\u0105 wydajno\u015b\u0107 i niezawodno\u015b\u0107.<\/p>\n<p><a href=\"https:\/\/aircompressorforlasercutter.com\/pl\/skontaktuj-sie-z-nami\/\">Skontaktuj si\u0119 z nami<\/a><\/p>","protected":false},"excerpt":{"rendered":"<p>Continuous Duty Air Pump for Commercial Laser Cutting The Unsung Hero In the realm of laser cutting, where precision and quality reign supreme, one critical component often fades into the background: the air pump. While buyers invest substantial sums into high-end laser engraving machines, the importance of the air pump??a vital accessory??remains largely overlooked. This [&hellip;]<\/p>","protected":false},"featured_media":456,"comment_status":"open","ping_status":"closed","template":"","meta":{"_et_pb_use_builder":"","_et_pb_old_content":"","_et_gb_content_width":""},"product_brand":[],"product_cat":[1093],"product_tag":[1094],"class_list":{"0":"post-474","1":"product","2":"type-product","3":"status-publish","4":"has-post-thumbnail","6":"product_cat-air-compressor-for-laser-cutter","7":"product_tag-air-compressor-for-laser-cutter","9":"first","10":"instock","11":"shipping-taxable","12":"product-type-simple"},"_links":{"self":[{"href":"https:\/\/aircompressorforlasercutter.com\/pl\/wp-json\/wp\/v2\/product\/474","targetHints":{"allow":["GET"]}}],"collection":[{"href":"https:\/\/aircompressorforlasercutter.com\/pl\/wp-json\/wp\/v2\/product"}],"about":[{"href":"https:\/\/aircompressorforlasercutter.com\/pl\/wp-json\/wp\/v2\/types\/product"}],"replies":[{"embeddable":true,"href":"https:\/\/aircompressorforlasercutter.com\/pl\/wp-json\/wp\/v2\/comments?post=474"}],"wp:featuredmedia":[{"embeddable":true,"href":"https:\/\/aircompressorforlasercutter.com\/pl\/wp-json\/wp\/v2\/media\/456"}],"wp:attachment":[{"href":"https:\/\/aircompressorforlasercutter.com\/pl\/wp-json\/wp\/v2\/media?parent=474"}],"wp:term":[{"taxonomy":"product_brand","embeddable":true,"href":"https:\/\/aircompressorforlasercutter.com\/pl\/wp-json\/wp\/v2\/product_brand?post=474"},{"taxonomy":"product_cat","embeddable":true,"href":"https:\/\/aircompressorforlasercutter.com\/pl\/wp-json\/wp\/v2\/product_cat?post=474"},{"taxonomy":"product_tag","embeddable":true,"href":"https:\/\/aircompressorforlasercutter.com\/pl\/wp-json\/wp\/v2\/product_tag?post=474"}],"curies":[{"name":"wp","href":"https:\/\/api.w.org\/{rel}","templated":true}]}}