{"id":475,"date":"2026-01-14T08:26:19","date_gmt":"2026-01-14T08:26:19","guid":{"rendered":"https:\/\/aircompressorforlasercutter.com\/product\/high-output-air-assist-pump-30l-min\/"},"modified":"2026-01-14T08:38:39","modified_gmt":"2026-01-14T08:38:39","slug":"high-output-air-assist-pump-30l-min","status":"publish","type":"product","link":"https:\/\/aircompressorforlasercutter.com\/pl\/produkt\/pompa-wspomagajaca-powietrze-o-duzej-wydajnosci-30-l-min\/","title":{"rendered":"Pompa wspomagaj\u0105ca powietrze o du\u017cej wydajno\u015bci 30 l\/min"},"content":{"rendered":"<h1>Pompa wspomagania pneumatycznego o du\u017cej wydajno\u015bci 30 l\/min: niedoceniany bohater ci\u0119cia laserowego<\/h1>\n<h2>Wprowadzenie: Nieopiewany bohater za kulisami<\/h2>\n<p>W dziedzinie grawerowania i ci\u0119cia laserowego, uwaga skupia si\u0119 cz\u0119sto na samych maszynach, a nabywcy inwestuj\u0105 znaczne \u015brodki w wysokiej klasy wycinarki laserowe. Jednak istotnym elementem, kt\u00f3ry cz\u0119sto jest pomijany, jest pompa powietrza wspomagaj\u0105cego. Ten kluczowy system wspomagaj\u0105cy odgrywa kluczow\u0105 rol\u0119 w wydajno\u015bci i trwa\u0142o\u015bci urz\u0105dze\u0144 do ci\u0119cia laserowego, czyni\u0105c je czym\u015b wi\u0119cej ni\u017c tylko akcesorium.<\/p>\n<h2>Kontekst rynkowy: przeoczona konieczno\u015b\u0107<\/h2>\n<p>Podczas gdy kupuj\u0105cy koncentruj\u0105 si\u0119 na specyfikacji i mo\u017cliwo\u015bciach maszyn do ci\u0119cia laserowego, pompa powietrza wspomagaj\u0105cego pozostaje kluczowym, cho\u0107 niedocenianym elementem. Obecny rynek jest nasycony opcjami, a mimo to wielu kupuj\u0105cych zaniedbuje znaczenie wyboru wysokiej jako\u015bci pompy powietrza. To niedopatrzenie mo\u017ce znacz\u0105co wp\u0142yn\u0105\u0107 na jako\u015b\u0107 ci\u0119cia i \u017cywotno\u015b\u0107 maszyny, prowadz\u0105c do niezadowalaj\u0105cych rezultat\u00f3w i potencjalnych awarii sprz\u0119tu.<\/p>\n<h2>G\u0142\u00f3wna idea: wspomaganie powietrzne jako czynnik decyduj\u0105cy o jako\u015bci<\/h2>\n<p>Wspomaganie powietrzne nie jest jedynie elementem pomocniczym; ma ono bezpo\u015bredni wp\u0142yw na jako\u015b\u0107 ci\u0119\u0107 i trwa\u0142o\u015b\u0107 samej maszyny. Niezawodna pompa wspomagania powietrznego mo\u017ce radykalnie poprawi\u0107 jako\u015b\u0107 ci\u0119cia, zapewniaj\u0105c sta\u0142y przep\u0142yw powietrza, kt\u00f3ry zwi\u0119ksza precyzj\u0119 ci\u0119cia, a jednocze\u015bnie chroni soczewk\u0119 lasera.<\/p>\n<h2>Znaczenie wyboru odpowiedniej pompy powietrza<\/h2>\n<p>Dla dystrybutor\u00f3w wyb\u00f3r odpowiedniej pompki powietrza przek\u0142ada si\u0119 na wymierne korzy\u015bci. Wysokowydajna pompka powietrza wspomaganego zmniejsza cz\u0119stotliwo\u015b\u0107 skarg klient\u00f3w dotycz\u0105cych takich problem\u00f3w, jak \u201eniekompletne ci\u0119cia\u201d czy \u201euszkodzone soczewki\u201d. Przek\u0142ada si\u0119 to na wzrost zadowolenia i retencji klient\u00f3w, co ostatecznie przek\u0142ada si\u0119 na popraw\u0119 wynik\u00f3w biznesowych.<\/p>\n<h2>Analiza punkt\u00f3w zapalnych: ukryte koszty tanich pomp powietrza<\/h2>\n<h3>S\u0142aba jako\u015b\u0107 ci\u0119cia<\/h3>\n<p>U\u017cycie pompy powietrza niskiej jako\u015bci mo\u017ce prowadzi\u0107 do nier\u00f3wnomiernego przep\u0142ywu powietrza, co przek\u0142ada si\u0119 na nisk\u0105 jako\u015b\u0107 ci\u0119cia. Ta niestabilno\u015b\u0107 mo\u017ce powodowa\u0107 przypalenie lub zw\u0119glenie kraw\u0119dzi materia\u0142u, co negatywnie wp\u0142ywa na wygl\u0105d produktu ko\u0144cowego. Wizualna jako\u015b\u0107 ci\u0119cia mo\u017ce znacz\u0105co wp\u0142yn\u0105\u0107 na postrzeganie produktu przez klient\u00f3w i sprzeda\u017c.<\/p>\n<h3>Ryzyko uszkodzenia sprz\u0119tu<\/h3>\n<p>Pompy powietrza niskiej jako\u015bci, zw\u0142aszcza te na bazie oleju, stwarzaj\u0105 znaczne ryzyko zanieczyszczenia. Mog\u0105 one emitowa\u0107 mg\u0142\u0119 olejow\u0105 lub wilgo\u0107, kt\u00f3ra uszkadza soczewk\u0119 lasera, co prowadzi do kosztownych napraw i potencjalnych zwrot\u00f3w produktu. Konsekwencje finansowe takich przestoj\u00f3w mog\u0105 szybko si\u0119 kumulowa\u0107, dlatego inwestycja w wysokiej jako\u015bci rozwi\u0105zanie jest konieczno\u015bci\u0105.<\/p>\n<h3>\u015arodek odstraszaj\u0105cy ha\u0142as<\/h3>\n<p>Tradycyjne spr\u0119\u017carki powietrza s\u0105 znane z wysokiego poziomu ha\u0142asu, co mo\u017ce stanowi\u0107 istotn\u0105 wad\u0119, szczeg\u00f3lnie dla u\u017cytkownik\u00f3w domowych i plac\u00f3wek edukacyjnych. Nadmierny ha\u0142as mo\u017ce ograniczy\u0107 u\u017cyteczno\u015b\u0107 laserowych urz\u0105dze\u0144 tn\u0105cych w obszarach mieszkalnych i szko\u0142ach, ograniczaj\u0105c tym samym rynek zbytu i zasi\u0119g.<\/p>\n<h2>Nasze rozwi\u0105zanie<\/h2>\n<h3>Konstrukcja bezolejowa i odporna na wilgo\u0107<\/h3>\n<p>Nasza pompa wspomagana powietrzem charakteryzuje si\u0119 konstrukcj\u0105 100%, kt\u00f3ra jest bezolejowa i odporna na wilgo\u0107, gwarantuj\u0105c pe\u0142n\u0105 ochron\u0119 soczewek laserowych. U\u017cytkownicy ko\u0144cowi mog\u0105 cieszy\u0107 si\u0119 bezproblemow\u0105 obs\u0142ug\u0105 przy minimalnych wymaganiach konserwacyjnych, co pozwala im skupi\u0107 si\u0119 na swoich projektach bez konieczno\u015bci cz\u0119stej konserwacji.<\/p>\n<h3>Ultracicha technologia<\/h3>\n<p>Zaprojektowana specjalnie do u\u017cytku w pomieszczeniach i domowych warsztatach, nasza pompka powietrza pracuje z poziomem ha\u0142asu poni\u017cej 60 dB. Ta wyj\u0105tkowo cicha praca znacznie poprawia komfort u\u017cytkowania, dzi\u0119ki czemu idealnie nadaje si\u0119 do domowych projekt\u00f3w DIY i edukacji majsterkowicz\u00f3w.<\/p>\n<h3>Solidna wydajno\u015b\u0107<\/h3>\n<p>Dzi\u0119ki ci\u0105g\u0142ej i stabilnej wydajno\u015bci 30 l\/min, nasza pompa wspomagana powietrzem zapewnia czyste, bezdymne ci\u0119cia nawet podczas pracy z grubymi materia\u0142ami, takimi jak drewno i akryl. Ten sta\u0142y przep\u0142yw powietrza jest niezb\u0119dny do uzyskania wysokiej jako\u015bci rezultat\u00f3w, szczeg\u00f3lnie w wymagaj\u0105cych zastosowaniach.<\/p>\n<h2>Szeroka kompatybilno\u015b\u0107: kompleksowe dopasowanie zapewniaj\u0105ce spok\u00f3j ducha w zakresie zapas\u00f3w<\/h2>\n<h3>Szerokie zastosowanie<\/h3>\n<p>Nasza pompa wspomagana powietrzem zosta\u0142a zaprojektowana tak, aby by\u0142a idealnie kompatybilna z modelem 95% popularnych maszyn do ci\u0119cia laserowego, w tym xTool, Ortur, Atomstack i r\u00f3\u017cnymi modelami laser\u00f3w CO2. Ta wszechstronno\u015b\u0107 oznacza, \u017ce \u200b\u200bmo\u017cesz \u015bmia\u0142o zaopatrzy\u0107 si\u0119 w nasz\u0105 pomp\u0119, wiedz\u0105c, \u017ce spe\u0142ni ona szeroki zakres potrzeb klient\u00f3w.<\/p>\n<h3>Korzy\u015bci dla dystrybutor\u00f3w<\/h3>\n<p>Oferuj\u0105c jeden SKU, kt\u00f3ry pasuje do wielu maszyn, mo\u017cesz znacz\u0105co zmniejszy\u0107 presj\u0119 na zapasy i z\u0142o\u017cono\u015b\u0107 zarz\u0105dzania zapasami. To uproszczenie pozwala Ci skupi\u0107 si\u0119 na rozwoju firmy bez konieczno\u015bci zarz\u0105dzania rozbudowan\u0105 lini\u0105 produkt\u00f3w.<\/p>\n<h2>Korzy\u015bci z \u0142a\u0144cucha dostaw i partnerstwa<\/h2>\n<h3>Si\u0142a fabryki: rygorystyczna kontrola jako\u015bci<\/h3>\n<p>Przestrzegamy rygorystycznego procesu kontroli jako\u015bci, charakteryzuj\u0105cego si\u0119 wyj\u0105tkowo niskim wska\u017anikiem defekt\u00f3w, poni\u017cej 1%. To zaanga\u017cowanie w jako\u015b\u0107 nie tylko chroni Pa\u0144stwa reputacj\u0119, ale tak\u017ce pozwala zaoszcz\u0119dzi\u0107 na kosztach logistycznych zwi\u0105zanych ze zwrotami i wymianami.<\/p>\n<h3>Us\u0142ugi niestandardowe (OEM\/ODM)<\/h3>\n<p>Oferujemy opcje personalizacji, w tym projekt logo marki, opakowania i specyfikacj\u0119 wtyczki dla r\u00f3\u017cnych kraj\u00f3w. Ta elastyczno\u015b\u0107 pozwala na stworzenie unikalnej identyfikacji marki i efektywne dostosowanie jej do specyficznych potrzeb rynku.<\/p>\n<h3>Wsparcie posprzeda\u017cowe<\/h3>\n<p>Jeste\u015bmy dumni z szybkiego czasu reakcji technicznej i solidnych mo\u017cliwo\u015bci dostaw cz\u0119\u015bci zamiennych. Nasz zaanga\u017cowany zesp\u00f3\u0142 wsparcia jest zawsze gotowy do pomocy, zapewniaj\u0105c p\u0142ynne i efektywne funkcjonowanie Pa\u0144stwa dzia\u0142alno\u015bci.<\/p>\n<p>Nie pozw\u00f3l, aby podzespo\u0142y niskiej jako\u015bci zniszczy\u0142y reputacj\u0119 Twojego sprz\u0119tu. Wybierz pomp\u0119 powietrza, kt\u00f3ra odpowiada jako\u015bci Twojego sprz\u0119tu, zwi\u0119kszaj\u0105c zar\u00f3wno wydajno\u015b\u0107, jak i zadowolenie klienta.<\/p>\n<p>Skontaktuj si\u0119 z nami ju\u017c dzi\u015b, aby zam\u00f3wi\u0107 pr\u00f3bk\u0119 do test\u00f3w lub otrzyma\u0107 najnowsze ceny hurtowe B2B. Zapewnij swoim klientom najlepsze mo\u017cliwe wra\u017cenia z ci\u0119cia.<\/p>\n<p><a href=\"https:\/\/aircompressorforlasercutter.com\/pl\/skontaktuj-sie-z-nami\/\">Skontaktuj si\u0119 z nami ju\u017c teraz!<\/a><\/p>","protected":false},"excerpt":{"rendered":"<p>High Output Air Assist Pump 30L\/min: The Unsung Hero in Laser Cutting Introduction: The Unsung Hero Behind the Scenes In the realm of laser engraving and cutting, the spotlight often shines on the machines themselves, where buyers invest significant capital in high-end laser cutters. However, an essential component that frequently gets overlooked is the air [&hellip;]<\/p>","protected":false},"featured_media":456,"comment_status":"open","ping_status":"closed","template":"","meta":{"_et_pb_use_builder":"","_et_pb_old_content":"","_et_gb_content_width":""},"product_brand":[],"product_cat":[1093],"product_tag":[1095],"class_list":{"0":"post-475","1":"product","2":"type-product","3":"status-publish","4":"has-post-thumbnail","6":"product_cat-air-compressor-for-laser-cutter","7":"product_tag-air-compressor-for-laser-cutter-price","9":"first","10":"instock","11":"shipping-taxable","12":"product-type-simple"},"_links":{"self":[{"href":"https:\/\/aircompressorforlasercutter.com\/pl\/wp-json\/wp\/v2\/product\/475","targetHints":{"allow":["GET"]}}],"collection":[{"href":"https:\/\/aircompressorforlasercutter.com\/pl\/wp-json\/wp\/v2\/product"}],"about":[{"href":"https:\/\/aircompressorforlasercutter.com\/pl\/wp-json\/wp\/v2\/types\/product"}],"replies":[{"embeddable":true,"href":"https:\/\/aircompressorforlasercutter.com\/pl\/wp-json\/wp\/v2\/comments?post=475"}],"wp:featuredmedia":[{"embeddable":true,"href":"https:\/\/aircompressorforlasercutter.com\/pl\/wp-json\/wp\/v2\/media\/456"}],"wp:attachment":[{"href":"https:\/\/aircompressorforlasercutter.com\/pl\/wp-json\/wp\/v2\/media?parent=475"}],"wp:term":[{"taxonomy":"product_brand","embeddable":true,"href":"https:\/\/aircompressorforlasercutter.com\/pl\/wp-json\/wp\/v2\/product_brand?post=475"},{"taxonomy":"product_cat","embeddable":true,"href":"https:\/\/aircompressorforlasercutter.com\/pl\/wp-json\/wp\/v2\/product_cat?post=475"},{"taxonomy":"product_tag","embeddable":true,"href":"https:\/\/aircompressorforlasercutter.com\/pl\/wp-json\/wp\/v2\/product_tag?post=475"}],"curies":[{"name":"wp","href":"https:\/\/api.w.org\/{rel}","templated":true}]}}