{"id":476,"date":"2026-01-14T08:26:19","date_gmt":"2026-01-14T08:26:19","guid":{"rendered":"https:\/\/aircompressorforlasercutter.com\/product\/electromagnetic-air-pump-for-laser-engraving-machine\/"},"modified":"2026-01-14T08:32:52","modified_gmt":"2026-01-14T08:32:52","slug":"electromagnetic-air-pump-for-laser-engraving-machine","status":"publish","type":"product","link":"https:\/\/aircompressorforlasercutter.com\/pl\/produkt\/pompa-powietrza-elektromagnetyczna-do-maszyny-do-grawerowania-laserowego\/","title":{"rendered":"Pompa powietrza elektromagnetyczna do maszyny graweruj\u0105cej laserowo"},"content":{"rendered":"<h1>Elektromagnetyczna pompa powietrza do maszyny do grawerowania laserowego<\/h1>\n<h2>Nieopiewany bohater za kulisami<\/h2>\n<p>W dzisiejszym konkurencyjnym otoczeniu, kupuj\u0105cy cz\u0119sto inwestuj\u0105 znaczne \u015brodki w maszyny do grawerowania laserowego, zaniedbuj\u0105c jednocze\u015bnie jeden kluczowy element: pomp\u0119 powietrza. To niedopatrzenie mo\u017ce mie\u0107 istotny wp\u0142yw na og\u00f3ln\u0105 wydajno\u015b\u0107 i \u017cywotno\u015b\u0107 sprz\u0119tu. Przyjrzyjmy si\u0119, dlaczego wspomaganie pneumatyczne to co\u015b wi\u0119cej ni\u017c tylko akcesorium \u2013 to kluczowy czynnik wp\u0142ywaj\u0105cy zar\u00f3wno na jako\u015b\u0107 ci\u0119cia, jak i \u017cywotno\u015b\u0107 maszyny.<\/p>\n<h2>Rzeczywisto\u015b\u0107 rynkowa: ignoruj\u0105c pomp\u0119 powietrza<\/h2>\n<p>Obecna sytuacja rynkowa charakteryzuje si\u0119 du\u017cym popytem na zaawansowane maszyny do grawerowania laserowego, cz\u0119sto w wysokich cenach. Jednak wielu nabywc\u00f3w pomija znaczenie integracji wysokiej jako\u015bci pompy powietrza z posiadanym sprz\u0119tem. Ten brak uwagi mo\u017ce prowadzi\u0107 do nieefektywno\u015bci, kt\u00f3ra bezpo\u015brednio wp\u0142ywa na komfort u\u017cytkowania.<\/p>\n<p>Wspomaganie pneumatyczne ma kluczowe znaczenie; nie tylko zwi\u0119ksza precyzj\u0119 ci\u0119cia, ale tak\u017ce znacz\u0105co wp\u0142ywa na trwa\u0142o\u015b\u0107 systemu laserowego. W przypadku dealer\u00f3w B2B wyb\u00f3r odpowiedniej pompy pneumatycznej mo\u017ce zmniejszy\u0107 liczb\u0119 skarg klient\u00f3w dotycz\u0105cych takich problem\u00f3w, jak \u201eniekompletne ci\u0119cia\u201d czy \u201euszkodzone soczewki\u201d, co ostatecznie przek\u0142ada si\u0119 na wy\u017cszy wska\u017anik utrzymania klient\u00f3w.<\/p>\n<h2>Problemy: ukryte koszty tanich pomp powietrza<\/h2>\n<h3>Niska jako\u015b\u0107 ci\u0119cia<\/h3>\n<p>Inwestycja w niedrog\u0105 pomp\u0119 powietrza mo\u017ce wi\u0105za\u0107 si\u0119 z wieloma problemami, przede wszystkim z niestabilno\u015bci\u0105 przep\u0142ywu powietrza. Taka niestabilno\u015b\u0107 mo\u017ce prowadzi\u0107 do przypalenia kraw\u0119dzi materia\u0142\u00f3w, zmniejszenia wydajno\u015bci ci\u0119cia i obni\u017cenia atrakcyjno\u015bci produktu ko\u0144cowego dla u\u017cytkownik\u00f3w ko\u0144cowych. Na rynku, gdzie estetyka ma bezpo\u015bredni wp\u0142yw na sprzeda\u017c, te wady mog\u0105 by\u0107 szkodliwe.<\/p>\n<h3>Ryzyko uszkodzenia sprz\u0119tu<\/h3>\n<p>U\u017cywanie pomp powietrza niskiej jako\u015bci, zw\u0142aszcza tych z zawarto\u015bci\u0105 oleju, stwarza powa\u017cne ryzyko. Pompy te mog\u0105 emitowa\u0107 mg\u0142\u0119 olejow\u0105 lub wilgo\u0107, zanieczyszczaj\u0105c optyk\u0119 lasera. Zanieczyszczenie to mo\u017ce prowadzi\u0107 do kosztownych napraw serwisowych i wzrostu liczby zwrot\u00f3w produkt\u00f3w, co ostatecznie negatywnie wp\u0142ywa na wynik finansowy.<\/p>\n<h3>\u015arodek odstraszaj\u0105cy ha\u0142as<\/h3>\n<p>Tradycyjne spr\u0119\u017carki powietrza cz\u0119sto generuj\u0105 ha\u0142as, co utrudnia korzystanie z nich w domu lub w przestrzeniach edukacyjnych. Wysoki poziom decybeli mo\u017ce zniech\u0119ci\u0107 potencjalnych klient\u00f3w, ograniczaj\u0105c zasi\u0119g rynkowy i mo\u017cliwo\u015bci sprzeda\u017cy.<\/p>\n<h2>Nasze rozwi\u0105zanie: Nowa definicja \u201eprofesjonalnej\u201d pomocy lotniczej<\/h2>\n<h3>Konstrukcja bezolejowa i bezwodna<\/h3>\n<p>Nasza elektromagnetyczna pompka powietrza gwarantuje ochron\u0119 soczewek laserowych na poziomie 100% dzi\u0119ki konstrukcji bezolejowej i bezwodnej. Dzi\u0119ki temu u\u017cytkownicy nie musz\u0105 martwi\u0107 si\u0119 o konserwacj\u0119, co zapewnia bezproblemowe u\u017cytkowanie i zwi\u0119ksza satysfakcj\u0119 u\u017cytkownika.<\/p>\n<h3>Ultracicha technologia<\/h3>\n<p>Zaprojektowana specjalnie do zastosowa\u0144 wewn\u0119trznych, nasza pompka powietrza wykorzystuje najnowocze\u015bniejsz\u0105 technologi\u0119 akustyczn\u0105, aby utrzyma\u0107 poziom ha\u0142asu poni\u017cej 60 dB. Ta wyj\u0105tkowo cicha praca znacznie poprawia komfort u\u017cytkowania, dzi\u0119ki czemu idealnie nadaje si\u0119 do domowych studi\u00f3w lub plac\u00f3wek edukacyjnych.<\/p>\n<h3>Solidna wydajno\u015b\u0107<\/h3>\n<p>Nasza pompa powietrza zapewnia sta\u0142y przep\u0142yw powietrza na poziomie 30 l\/min, gwarantuj\u0105c stabilny przep\u0142yw. Ta wydajno\u015b\u0107 jest kluczowa podczas ci\u0119cia grubych materia\u0142\u00f3w, takich jak drewno czy akryl, zapewniaj\u0105c czyste ci\u0119cia i minimaln\u0105 ilo\u015b\u0107 dymu. U\u017cytkownicy mog\u0105 oczekiwa\u0107 nieskazitelnych rezultat\u00f3w, kt\u00f3re podnios\u0105 poziom oferowanych przez nich produkt\u00f3w.<\/p>\n<h2>Zgodno\u015b\u0107: kompleksowe rozwi\u0105zanie do dopasowywania<\/h2>\n<h3>Szeroka kompatybilno\u015b\u0107<\/h3>\n<p>Ta pompa powietrza zosta\u0142a zaprojektowana z my\u015bl\u0105 o bezproblemowej integracji z popularnymi modelami grawerek laserowych 95%, w tym xTool, Ortur, Atomstack i r\u00f3\u017cnymi laserami CO2. Taka wszechstronno\u015b\u0107 jest nieoceniona dla dealer\u00f3w B2B, poniewa\u017c umo\u017cliwia usprawnienie zarz\u0105dzania zapasami.<\/p>\n<h3>Korzy\u015bci dla dystrybutor\u00f3w<\/h3>\n<p>Dzi\u0119ki jednemu kodowi SKU kompatybilnemu z wieloma maszynami, dystrybutorzy mog\u0105 znacz\u0105co zmniejszy\u0107 presj\u0119 na zapasy i upro\u015bci\u0107 procesy uzupe\u0142niania zapas\u00f3w. To rozwi\u0105zanie nie tylko zwi\u0119ksza wydajno\u015b\u0107 operacyjn\u0105, ale tak\u017ce upraszcza proces realizacji zam\u00f3wie\u0144.<\/p>\n<h2>Korzy\u015bci z \u0142a\u0144cucha dostaw i partnerstwa<\/h2>\n<h3>Si\u0142a fabryki<\/h3>\n<p>Nasze rygorystyczne procesy kontroli jako\u015bci gwarantuj\u0105 wyj\u0105tkowo niski wska\u017anik defekt\u00f3w, poni\u017cej 1%. Ta niezawodno\u015b\u0107 przek\u0142ada si\u0119 na ni\u017csze koszty logistyczne zwi\u0105zane ze zwrotami i wymianami, zapewniaj\u0105c ekonomiczne rozwi\u0105zanie dla Twojej firmy.<\/p>\n<h3>Us\u0142ugi dostosowane (OEM\/ODM)<\/h3>\n<p>Oferujemy rozwi\u0105zania szyte na miar\u0119, obejmuj\u0105ce personalizacj\u0119 logo marki, projektowanie opakowa\u0144 i specyfikacje wtyczek, aby sprosta\u0107 potrzebom r\u00f3\u017cnych rynk\u00f3w. Ta elastyczno\u015b\u0107 pozwala z \u0142atwo\u015bci\u0105 budowa\u0107 w\u0142asn\u0105 to\u017csamo\u015b\u0107 marki.<\/p>\n<h3>Wsparcie posprzeda\u017cowe<\/h3>\n<p>Nasze zaanga\u017cowanie w zadowolenie klienta obejmuje szybki czas reakcji technicznej i sprawn\u0105 dost\u0119pno\u015b\u0107 cz\u0119\u015bci zamiennych. Takie ramy wsparcia gwarantuj\u0105 utrzymanie ci\u0105g\u0142o\u015bci operacyjnej i zadowolenie klient\u00f3w.<\/p>\n<h2>Wnioski i wezwanie do dzia\u0142ania<\/h2>\n<p>Nie pozw\u00f3l, aby podzespo\u0142y niskiej jako\u015bci zaszkodzi\u0142y reputacji Twoich wysokiej klasy maszyn. Zainwestuj w pomp\u0119 powietrza, kt\u00f3ra dor\u00f3wnuje jako\u015bci\u0105 Twojemu sprz\u0119towi i poprawia og\u00f3lne wra\u017cenia u\u017cytkownika.<\/p>\n<p>Skontaktuj si\u0119 z nami ju\u017c dzi\u015b, aby przetestowa\u0107 pr\u00f3bki lub otrzyma\u0107 najnowsze ceny hurtowe B2B. Ulepszmy Twoj\u0105 ofert\u0119 dzi\u0119ki produktowi, kt\u00f3ry naprawd\u0119 spe\u0142nia swoje obietnice.<\/p>\n<p>W celu uzyskania informacji odwied\u017a stron\u0119 <a href=\"https:\/\/aircompressorforlasercutter.com\/pl\/skontaktuj-sie-z-nami\/\">Strona kontaktowa Ever-power<\/a>.<\/p>","protected":false},"excerpt":{"rendered":"<p>Electromagnetic Air Pump for Laser Engraving Machine The Unsung Hero Behind the Scenes In today&#8217;s competitive landscape, it is common for buyers to invest significant capital into laser engraving machines while neglecting one critical component: the air pump. This oversight can have substantial implications on the overall performance and longevity of the equipment. Let&#8217;s explore [&hellip;]<\/p>","protected":false},"featured_media":456,"comment_status":"open","ping_status":"closed","template":"","meta":{"_et_pb_use_builder":"","_et_pb_old_content":"","_et_gb_content_width":""},"product_brand":[],"product_cat":[1093],"product_tag":[1096],"class_list":{"0":"post-476","1":"product","2":"type-product","3":"status-publish","4":"has-post-thumbnail","6":"product_cat-air-compressor-for-laser-cutter","7":"product_tag-air-compressor-for-laser-cutter-cost","9":"first","10":"instock","11":"shipping-taxable","12":"product-type-simple"},"_links":{"self":[{"href":"https:\/\/aircompressorforlasercutter.com\/pl\/wp-json\/wp\/v2\/product\/476","targetHints":{"allow":["GET"]}}],"collection":[{"href":"https:\/\/aircompressorforlasercutter.com\/pl\/wp-json\/wp\/v2\/product"}],"about":[{"href":"https:\/\/aircompressorforlasercutter.com\/pl\/wp-json\/wp\/v2\/types\/product"}],"replies":[{"embeddable":true,"href":"https:\/\/aircompressorforlasercutter.com\/pl\/wp-json\/wp\/v2\/comments?post=476"}],"wp:featuredmedia":[{"embeddable":true,"href":"https:\/\/aircompressorforlasercutter.com\/pl\/wp-json\/wp\/v2\/media\/456"}],"wp:attachment":[{"href":"https:\/\/aircompressorforlasercutter.com\/pl\/wp-json\/wp\/v2\/media?parent=476"}],"wp:term":[{"taxonomy":"product_brand","embeddable":true,"href":"https:\/\/aircompressorforlasercutter.com\/pl\/wp-json\/wp\/v2\/product_brand?post=476"},{"taxonomy":"product_cat","embeddable":true,"href":"https:\/\/aircompressorforlasercutter.com\/pl\/wp-json\/wp\/v2\/product_cat?post=476"},{"taxonomy":"product_tag","embeddable":true,"href":"https:\/\/aircompressorforlasercutter.com\/pl\/wp-json\/wp\/v2\/product_tag?post=476"}],"curies":[{"name":"wp","href":"https:\/\/api.w.org\/{rel}","templated":true}]}}