{"id":477,"date":"2026-01-14T08:26:19","date_gmt":"2026-01-14T08:26:19","guid":{"rendered":"https:\/\/aircompressorforlasercutter.com\/product\/air-compressor-to-prevent-charring-on-wood-laser-cut\/"},"modified":"2026-01-14T08:32:43","modified_gmt":"2026-01-14T08:32:43","slug":"air-compressor-to-prevent-charring-on-wood-laser-cut","status":"publish","type":"product","link":"https:\/\/aircompressorforlasercutter.com\/pl\/produkt\/sprezarka-powietrza-zapobiegajaca-przypalaniu-drewna-cietego-laserowo\/","title":{"rendered":"Kompresor powietrza zapobiegaj\u0105cy przypalaniu si\u0119 drewna ci\u0119tego laserowo"},"content":{"rendered":"<h1>Kompresor powietrza zapobiegaj\u0105cy zw\u0119glaniu drewna ci\u0119tego laserowo: Nieopiewany bohater<\/h1>\n<h2>1. T\u0142o: pomijany komponent<\/h2>\n<p>W obliczu rosn\u0105cej konkurencji na rynku grawerowania i ci\u0119cia laserowego, wielu nabywc\u00f3w inwestuje znaczne \u015brodki w wysokiej klasy urz\u0105dzenia laserowe, cz\u0119sto zaniedbuj\u0105c kluczowy dodatek, kt\u00f3ry mo\u017ce znacz\u0105co wp\u0142yn\u0105\u0107 na wydajno\u015b\u0107 ci\u0119cia: spr\u0119\u017cark\u0119 powietrza. Chocia\u017c precyzja wycinarki laserowej jest uznawana za jej g\u0142\u00f3wny atut, efektywno\u015b\u0107 procesu ci\u0119cia jest \u015bci\u015ble zwi\u0105zana z jako\u015bci\u0105 dostarczanego powietrza. Niniejszy artyku\u0142 ma na celu podkre\u015blenie, \u017ce wspomaganie spr\u0119\u017conym powietrzem to nie tylko dodatek; to kluczowy czynnik, kt\u00f3ry bezpo\u015brednio wp\u0142ywa zar\u00f3wno na jako\u015b\u0107 ci\u0119cia, jak i \u017cywotno\u015b\u0107 urz\u0105dzenia.<\/p>\n<h2>G\u0142\u00f3wna perspektywa: Rola powietrza wspomagaj\u0105cego jako\u015b\u0107 i d\u0142ugowieczno\u015b\u0107<\/h2>\n<p>Dla dystrybutor\u00f3w i producent\u00f3w wyb\u00f3r wysokiej jako\u015bci spr\u0119\u017carki powietrza oznacza mniejsze niezadowolenie klient\u00f3w wynikaj\u0105ce z problem\u00f3w takich jak \u201eniedostateczne ci\u0119cia\u201d czy \u201euszkodzona optyka\u201d. Zapewniaj\u0105c u\u017cytkownikom ko\u0144cowym optymalne rezultaty ci\u0119cia, dostawcy mog\u0105 cieszy\u0107 si\u0119 wy\u017cszym wska\u017anikiem utrzymania klient\u00f3w i budowa\u0107 d\u0142ugoterminowe partnerstwa. Wydajna spr\u0119\u017carka powietrza mo\u017ce zwi\u0119kszy\u0107 produktywno\u015b\u0107, poprawi\u0107 do\u015bwiadczenia u\u017cytkownik\u00f3w i ostatecznie nap\u0119dza\u0107 sprzeda\u017c.<\/p>\n<h2>2. Analiza punkt\u00f3w zapalnych: ukryte koszty tanich spr\u0119\u017carek powietrza<\/h2>\n<h3>S\u0142aba jako\u015b\u0107 ci\u0119cia<\/h3>\n<p>Inwestycja w tani kompresor powietrza mo\u017ce skutkowa\u0107 niestabilnym przep\u0142ywem powietrza, co prowadzi do przypalenia kraw\u0119dzi materia\u0142u i obni\u017cenia wydajno\u015bci ci\u0119cia. Wp\u0142ywa to nie tylko na estetyk\u0119 produktu ko\u0144cowego, ale mo\u017ce r\u00f3wnie\u017c prowadzi\u0107 do zwi\u0119kszonego zu\u017cycia materia\u0142u. Dla firm utrzymanie wysokich standard\u00f3w jako\u015bci jest kluczowe, poniewa\u017c niezadowalaj\u0105ce rezultaty mog\u0105 zaszkodzi\u0107 reputacji i prowadzi\u0107 do spadku lojalno\u015bci klient\u00f3w.<\/p>\n<h3>Ryzyko uszkodzenia sprz\u0119tu<\/h3>\n<p>U\u017cywanie spr\u0119\u017carek powietrza niskiej jako\u015bci, zw\u0142aszcza tych z olejem, mo\u017ce powodowa\u0107 uwalnianie si\u0119 mg\u0142y, kt\u00f3ra zanieczyszcza optyk\u0119 lasera. Zanieczyszczenie to mo\u017ce prowadzi\u0107 do kosztownych napraw i wzrostu liczby reklamacji od klient\u00f3w. Ochrona integralno\u015bci drogiego sprz\u0119tu laserowego jest priorytetem, dlatego inwestycja w niezawodn\u0105 spr\u0119\u017cark\u0119 powietrza to strategiczna decyzja, kt\u00f3ra chroni zasoby i minimalizuje zak\u0142\u00f3cenia w dzia\u0142aniu.<\/p>\n<h3>Zanieczyszczenie ha\u0142asem<\/h3>\n<p>Tradycyjne spr\u0119\u017carki powietrza mog\u0105 generowa\u0107 nadmierny ha\u0142as, przez co nie nadaj\u0105 si\u0119 do u\u017cytku domowego i w plac\u00f3wkach edukacyjnych. G\u0142o\u015bna praca mo\u017ce zniech\u0119ci\u0107 potencjalnych klient\u00f3w w warsztatach majsterkowania i rzemios\u0142a. Wybieraj\u0105c cichszy model, firmy mog\u0105 poszerzy\u0107 sw\u00f3j zasi\u0119g rynkowy i dotrze\u0107 do szerszego grona odbiorc\u00f3w, w tym w\u0142a\u015bcicieli dom\u00f3w i instytucji edukacyjnych.<\/p>\n<h2>3. Nasze rozwi\u0105zanie: Nowa definicja profesjonalnego wspomagania powietrznego<\/h2>\n<h3>Konstrukcja bezolejowa i bezwodna<\/h3>\n<p>Nasz kompresor powietrza charakteryzuje si\u0119 konstrukcj\u0105 100%, kt\u00f3ra jest bezolejowa i bezwodna, co gwarantuje brak zanieczyszcze\u0144 optyki laserowej. Taka konstrukcja gwarantuje nie tylko czystsze ci\u0119cia, ale tak\u017ce zmniejsza obci\u0105\u017cenia konserwacyjne dla u\u017cytkownik\u00f3w ko\u0144cowych. Dzi\u0119ki braku konieczno\u015bci regularnej konserwacji klienci mog\u0105 skupi\u0107 si\u0119 na swoich projektach, nie martwi\u0105c si\u0119 o konieczno\u015b\u0107 dbania o sprz\u0119t.<\/p>\n<h3>Ultracicha technologia<\/h3>\n<p>Zaprojektowany specjalnie do zastosowa\u0144 w pomieszczeniach i domowym studiu, nasz kompresor powietrza pracuje imponuj\u0105co cicho (&lt;60 dB). Ta wyj\u0105tkowo cicha praca znacznie poprawia komfort pracy, zapewniaj\u0105c spokojne \u015brodowisko. U\u017cytkownicy mog\u0105 realizowa\u0107 swoje projekty bez zak\u0142\u00f3caj\u0105cego ha\u0142asu, co sprzyja kreatywno\u015bci i produktywno\u015bci.<\/p>\n<h3>Solidna wydajno\u015b\u0107<\/h3>\n<p>Dzi\u0119ki sta\u0142ej wydajno\u015bci 30 l\/min, nasz kompresor powietrza zapewnia silny przep\u0142yw powietrza, gwarantuj\u0105c czyste ci\u0119cie grubego drewna i materia\u0142\u00f3w akrylowych. Ta niezawodna wydajno\u015b\u0107 oznacza, \u017ce \u200b\u200bu\u017cytkownicy mog\u0105 oczekiwa\u0107 nieskazitelnych rezultat\u00f3w, bez irytuj\u0105cego dymu i osad\u00f3w, kt\u00f3re mog\u0142yby negatywnie wp\u0142yn\u0105\u0107 na ich prac\u0119. Utrzymuj\u0105c czyste warunki ci\u0119cia, firmy mog\u0105 zwi\u0119kszy\u0107 swoj\u0105 wydajno\u015b\u0107 operacyjn\u0105 i jako\u015b\u0107 produkt\u00f3w.<\/p>\n<h2>4. Szeroka kompatybilno\u015b\u0107: kompleksowe dopasowanie<\/h2>\n<h3>Szerokie zastosowanie<\/h3>\n<p>Nasz kompresor powietrza zosta\u0142 zaprojektowany tak, aby bezproblemowo integrowa\u0107 si\u0119 z popularnymi modelami wycinarek laserowych 95% dost\u0119pnymi na rynku, w tym xTool, Ortur, Atomstack i r\u00f3\u017cnymi urz\u0105dzeniami laserowymi CO2. Ta niezwyk\u0142a kompatybilno\u015b\u0107 pozwala dystrybutorom usprawni\u0107 zarz\u0105dzanie zapasami i oferowa\u0107 klientom wszechstronne rozwi\u0105zania.<\/p>\n<h3>Korzy\u015bci dla dystrybutor\u00f3w<\/h3>\n<p>Strategia \u201ejeden SKU pasuje do wielu maszyn\u201d znacz\u0105co zmniejsza presj\u0119 na zapasy i z\u0142o\u017cono\u015b\u0107 procesu magazynowania dla dystrybutor\u00f3w. Upraszczaj\u0105c ofert\u0119 produkt\u00f3w, firmy mog\u0105 poprawi\u0107 efektywno\u015b\u0107 operacyjn\u0105 i skupi\u0107 si\u0119 na \u015bwiadczeniu klientom wyj\u0105tkowej obs\u0142ugi.<\/p>\n<h2>5. Korzy\u015bci z \u0142a\u0144cucha dostaw i partnerstwa<\/h2>\n<h3>Si\u0142a fabryki<\/h3>\n<p>Nasze rygorystyczne procesy kontroli jako\u015bci gwarantuj\u0105 wyj\u0105tkowo niski wska\u017anik defekt\u00f3w (&lt;1%), co przek\u0142ada si\u0119 na ni\u017csze koszty logistyczne zwi\u0105zane ze zwrotami i wymianami. Wybieraj\u0105c nasz\u0105 spr\u0119\u017cark\u0119 powietrza, dystrybutorzy inwestuj\u0105 w niezawodny i trwa\u0142y sprz\u0119t spe\u0142niaj\u0105cy wysokie standardy.<\/p>\n<h3>Us\u0142ugi dostosowywane (OEM\/ODM)<\/h3>\n<p>Oferujemy kompleksowe opcje personalizacji, w tym branding z Twoim logo, spersonalizowane projekty opakowa\u0144 oraz r\u00f3\u017cnorodne specyfikacje wtyczek dla r\u00f3\u017cnych rynk\u00f3w. Ta elastyczno\u015b\u0107 pozwala Ci skutecznie budowa\u0107 i promowa\u0107 w\u0142asn\u0105 mark\u0119.<\/p>\n<h3>Wsparcie posprzeda\u017cowe<\/h3>\n<p>Nasze zaanga\u017cowanie w zadowolenie klienta wykracza poza sprzeda\u017c. Zapewniamy szybk\u0105 reakcj\u0119 techniczn\u0105 i niezawodne dostawy cz\u0119\u015bci zamiennych, gwarantuj\u0105c zadowolenie i sprawn\u0105 dzia\u0142alno\u015b\u0107 klient\u00f3w. Ten poziom wsparcia jest kluczowy dla budowania d\u0142ugoterminowych relacji i zwi\u0119kszania lojalno\u015bci wobec marki.<\/p>\n<h2>6. Wnioski i wezwanie do dzia\u0142ania (CTA)<\/h2>\n<p>Podsumowuj\u0105c, nie pozw\u00f3l, aby akcesoria niskiej jako\u015bci zaszkodzi\u0142y reputacji Twoich wysokiej klasy urz\u0105dze\u0144 laserowych. Wyb\u00f3r spr\u0119\u017carki powietrza, kt\u00f3ra odpowiada jako\u015bci Twojego sprz\u0119tu, to kluczowa decyzja, kt\u00f3ra mo\u017ce poprawi\u0107 wydajno\u015b\u0107 ci\u0119cia, ograniczy\u0107 problemy z konserwacj\u0105 i zwi\u0119kszy\u0107 zadowolenie klienta. Skontaktuj si\u0119 z nami ju\u017c teraz, aby uzyska\u0107 pr\u00f3bki do test\u00f3w lub aktualne ceny hurtowe B2B.<\/p>\n<p><a href=\"https:\/\/aircompressorforlasercutter.com\/pl\/skontaktuj-sie-z-nami\/\">Skontaktuj si\u0119 z nami ju\u017c dzi\u015b<\/a> aby udoskonali\u0107 Twoje rozwi\u0105zania w zakresie ci\u0119cia i zapewni\u0107 swoim klientom to, co najlepsze.<\/p>","protected":false},"excerpt":{"rendered":"<p>Air Compressor to Prevent Charring on Wood Laser Cut: The Unsung Hero 1. Background: The Overlooked Component In the competitive landscape of laser engraving and cutting, many buyers invest heavily in high-end laser machines, often neglecting the crucial accessory that can significantly impact their cutting performance: the air compressor. While the laser cutter??s precision is [&hellip;]<\/p>","protected":false},"featured_media":456,"comment_status":"open","ping_status":"closed","template":"","meta":{"_et_pb_use_builder":"","_et_pb_old_content":"","_et_gb_content_width":""},"product_brand":[],"product_cat":[1093],"product_tag":[1094],"class_list":{"0":"post-477","1":"product","2":"type-product","3":"status-publish","4":"has-post-thumbnail","6":"product_cat-air-compressor-for-laser-cutter","7":"product_tag-air-compressor-for-laser-cutter","9":"first","10":"instock","11":"shipping-taxable","12":"product-type-simple"},"_links":{"self":[{"href":"https:\/\/aircompressorforlasercutter.com\/pl\/wp-json\/wp\/v2\/product\/477","targetHints":{"allow":["GET"]}}],"collection":[{"href":"https:\/\/aircompressorforlasercutter.com\/pl\/wp-json\/wp\/v2\/product"}],"about":[{"href":"https:\/\/aircompressorforlasercutter.com\/pl\/wp-json\/wp\/v2\/types\/product"}],"replies":[{"embeddable":true,"href":"https:\/\/aircompressorforlasercutter.com\/pl\/wp-json\/wp\/v2\/comments?post=477"}],"wp:featuredmedia":[{"embeddable":true,"href":"https:\/\/aircompressorforlasercutter.com\/pl\/wp-json\/wp\/v2\/media\/456"}],"wp:attachment":[{"href":"https:\/\/aircompressorforlasercutter.com\/pl\/wp-json\/wp\/v2\/media?parent=477"}],"wp:term":[{"taxonomy":"product_brand","embeddable":true,"href":"https:\/\/aircompressorforlasercutter.com\/pl\/wp-json\/wp\/v2\/product_brand?post=477"},{"taxonomy":"product_cat","embeddable":true,"href":"https:\/\/aircompressorforlasercutter.com\/pl\/wp-json\/wp\/v2\/product_cat?post=477"},{"taxonomy":"product_tag","embeddable":true,"href":"https:\/\/aircompressorforlasercutter.com\/pl\/wp-json\/wp\/v2\/product_tag?post=477"}],"curies":[{"name":"wp","href":"https:\/\/api.w.org\/{rel}","templated":true}]}}