{"id":478,"date":"2026-01-14T08:26:19","date_gmt":"2026-01-14T08:26:19","guid":{"rendered":"https:\/\/aircompressorforlasercutter.com\/product\/air-compressor-for-cleaner-laser-engraving-edges\/"},"modified":"2026-01-14T08:36:17","modified_gmt":"2026-01-14T08:36:17","slug":"air-compressor-for-cleaner-laser-engraving-edges","status":"publish","type":"product","link":"https:\/\/aircompressorforlasercutter.com\/pl\/produkt\/kompresor-powietrza-do-czystszych-krawedzi-grawerowania-laserowego\/","title":{"rendered":"Kompresor powietrza zapewniaj\u0105cy czystsze kraw\u0119dzie grawerowania laserowego"},"content":{"rendered":"<h1>Kompresor powietrza do czystszych kraw\u0119dzi grawerowanych laserowo<\/h1>\n<h2>Nieopiewany bohater za kulisami<\/h2>\n<p>W dynamicznie rozwijaj\u0105cym si\u0119 \u015bwiecie grawerowania laserowego, jeden kluczowy element \u2013 \u200b\u200bspr\u0119\u017carka powietrza \u2013 cz\u0119sto pozostaje w cieniu. Wi\u0119kszo\u015b\u0107 nabywc\u00f3w inwestuje znaczne \u015brodki w wysokiej klasy maszyny do grawerowania laserowego, cz\u0119sto jednak pomija znaczenie niezawodnej pompy powietrza. To niedopatrzenie mo\u017ce negatywnie wp\u0142yn\u0105\u0107 na jako\u015b\u0107 ich pracy, a w konsekwencji na ich reputacj\u0119 i produktywno\u015b\u0107.<\/p>\n<h2>Kontekst: Aktualny krajobraz rynkowy<\/h2>\n<p>Rynek jest zalewany ofertami urz\u0105dze\u0144 do grawerowania laserowego, z kt\u00f3rych ka\u017cde obiecuje niezr\u00f3wnan\u0105 precyzj\u0119 i wydajno\u015b\u0107. Jednak wielu u\u017cytkownik\u00f3w nie zdaje sobie sprawy, \u017ce wspomaganie pneumatyczne to nie tylko dodatek; to fundamentalny element, kt\u00f3ry bezpo\u015brednio wp\u0142ywa na jako\u015b\u0107 ci\u0119cia i \u017cywotno\u015b\u0107 urz\u0105dzenia. Odpowiednia spr\u0119\u017carka powietrza mo\u017ce znacz\u0105co wp\u0142yn\u0105\u0107 na ko\u0144cowy efekt.<\/p>\n<h2>Wgl\u0105d w rdze\u0144<\/h2>\n<p>Dla dystrybutor\u00f3w wyb\u00f3r wysokiej jako\u015bci pompki powietrza oznacza mniej skarg klient\u00f3w dotycz\u0105cych takich problem\u00f3w, jak niekompletne ci\u0119cia czy uszkodzenia soczewek. To ulepszenie nie tylko poprawia zadowolenie klient\u00f3w, ale tak\u017ce prowadzi do wy\u017cszych wska\u017anik\u00f3w retencji. Rozumiej\u0105c istotn\u0105 rol\u0119 spr\u0119\u017carek powietrza, dystrybutorzy mog\u0105 zaoferowa\u0107 swoim klientom bardziej solidne rozwi\u0105zanie, kt\u00f3re odpowiada ich potrzebom operacyjnym.<\/p>\n<p><img loading=\"lazy\" decoding=\"async\" class=\"wp-image-455 size-full aligncenter\" src=\"https:\/\/aircompressorforlasercutter.com\/wp-content\/uploads\/2026\/01\/Air-Compressor-For-Laser-Cutter2.webp\" alt=\"Kompresor powietrza do przecinarki laserowej\" width=\"800\" height=\"800\" srcset=\"https:\/\/aircompressorforlasercutter.com\/wp-content\/uploads\/2026\/01\/Air-Compressor-For-Laser-Cutter2.webp 800w, https:\/\/aircompressorforlasercutter.com\/wp-content\/uploads\/2026\/01\/Air-Compressor-For-Laser-Cutter2-480x480.webp 480w\" sizes=\"auto, (min-width: 0px) and (max-width: 480px) 480px, (min-width: 481px) 800px, 100vw\" \/><\/p>\n<h2>Analiza punkt\u00f3w zapalnych: ukryte koszty tanich pomp powietrza<\/h2>\n<h3>S\u0142aba jako\u015b\u0107 ci\u0119cia<\/h3>\n<p>Inwestycja w tani\u0105 pomp\u0119 powietrza cz\u0119sto skutkuje niestabilnym przep\u0142ywem powietrza, co powoduje przypalanie lub zw\u0119glanie kraw\u0119dzi materia\u0142u. Ta nier\u00f3wnomierno\u015b\u0107 negatywnie wp\u0142ywa na wygl\u0105d gotowych produkt\u00f3w, prowadz\u0105c do spadku zadowolenia klient\u00f3w i potencjalnej utraty klient\u00f3w.<\/p>\n<h3>Ryzyko uszkodzenia sprz\u0119tu<\/h3>\n<p>Pompy powietrza niskiej jako\u015bci, zw\u0142aszcza te zawieraj\u0105ce olej, mog\u0105 wprowadza\u0107 mg\u0142\u0119 olejow\u0105 lub wilgo\u0107, kt\u00f3ra zanieczyszcza soczewki laserowe. To nie tylko zwi\u0119ksza koszty konserwacji, ale mo\u017ce r\u00f3wnie\u017c prowadzi\u0107 do kosztownych napraw lub zwrot\u00f3w, stanowi\u0105c znaczne obci\u0105\u017cenie dla bud\u017cetu operacyjnego.<\/p>\n<h3>Ha\u0142a\u015bliwe operacje<\/h3>\n<p>Tradycyjne spr\u0119\u017carki powietrza s\u0105 znane z wysokiego poziomu ha\u0142asu, co mo\u017ce zniech\u0119ca\u0107 u\u017cytkownik\u00f3w domowych i plac\u00f3wki edukacyjne do korzystania z technologii grawerowania laserowego. To ograniczenie zmniejsza potencjaln\u0105 baz\u0119 klient\u00f3w i ogranicza mo\u017cliwo\u015bci rozwoju rynku.<\/p>\n<h2>Nasze rozwi\u0105zanie: Nowa definicja profesjonalnej pomocy lotniczej<\/h2>\n<h3>Konstrukcja bezolejowa i bezwodna<\/h3>\n<p>Nasz kompresor powietrza charakteryzuje si\u0119 innowacyjn\u0105 konstrukcj\u0105 bezolejow\u0105 i bezwodn\u0105, \u200b\u200bzapewniaj\u0105c\u0105 ochron\u0119 soczewek laserowych 100%. Dzi\u0119ki temu u\u017cytkownicy mog\u0105 skupi\u0107 si\u0119 na swoich projektach bez martwienia si\u0119 o konserwacj\u0119, co przek\u0142ada si\u0119 na bardziej efektywny przep\u0142yw pracy.<\/p>\n<h3>Ultracicha technologia<\/h3>\n<p>Zaprojektowany specjalnie do studi\u00f3w nagraniowych w pomieszczeniach i w domu, nasz kompresor powietrza pracuje z imponuj\u0105co niskim poziomem ha\u0142asu, poni\u017cej 60 dB. Ta innowacja znacz\u0105co poprawia komfort u\u017cytkowania, czyni\u0105c go idealnym wyborem zar\u00f3wno dla hobbyst\u00f3w, jak i profesjonalist\u00f3w.<\/p>\n<h3>Solidna wydajno\u015b\u0107<\/h3>\n<p>Dzi\u0119ki stabilnej wydajno\u015bci 30 l\/min, nasz kompresor powietrza gwarantuje czyste i bezdymne ci\u0119cia, nawet podczas pracy z grubszymi materia\u0142ami, takimi jak sklejka czy akryl. Ta niezawodno\u015b\u0107 gwarantuje u\u017cytkownikom sta\u0142\u0105 wysok\u0105 jako\u015b\u0107 rezultat\u00f3w.<\/p>\n<p><img loading=\"lazy\" decoding=\"async\" class=\"wp-image-458 size-full aligncenter\" src=\"https:\/\/aircompressorforlasercutter.com\/wp-content\/uploads\/2026\/01\/Air-Compressor-For-Laser-Cutter6.webp\" alt=\"Kompresor powietrza do przecinarki laserowej\" width=\"800\" height=\"800\" srcset=\"https:\/\/aircompressorforlasercutter.com\/wp-content\/uploads\/2026\/01\/Air-Compressor-For-Laser-Cutter6.webp 800w, https:\/\/aircompressorforlasercutter.com\/wp-content\/uploads\/2026\/01\/Air-Compressor-For-Laser-Cutter6-480x480.webp 480w\" sizes=\"auto, (min-width: 0px) and (max-width: 480px) 480px, (min-width: 481px) 800px, 100vw\" \/><\/p>\n<h2>Szeroka kompatybilno\u015b\u0107<\/h2>\n<h3>Szerokie zastosowanie<\/h3>\n<p>Nasz kompresor powietrza zosta\u0142 zaprojektowany tak, aby bezproblemowo integrowa\u0107 si\u0119 z modelem 95% popularnych grawerek laserowych dost\u0119pnych na rynku, w tym xTool, Ortur, Atomstack i r\u00f3\u017cnymi systemami laserowymi CO2. Ta wszechstronno\u015b\u0107 pozwala na \u0142atw\u0105 adaptacj\u0119 bez konieczno\u015bci przeprowadzania rozleg\u0142ych modyfikacji.<\/p>\n<h3>Korzy\u015bci dla dystrybutor\u00f3w<\/h3>\n<p>Oferuj\u0105c jeden produkt SKU, kt\u00f3ry jest kompatybilny z wieloma maszynami, dystrybutorzy mog\u0105 znacz\u0105co zmniejszy\u0107 presj\u0119 zwi\u0105zan\u0105 z zapasami i upro\u015bci\u0107 procesy magazynowania, co ostatecznie zwi\u0119ksza wydajno\u015b\u0107 operacyjn\u0105.<\/p>\n<h2>Zalety \u0142a\u0144cucha dostaw i wsp\u00f3\u0142pracy<\/h2>\n<h3>Si\u0142a fabryki<\/h3>\n<p>Nasze rygorystyczne procesy kontroli jako\u015bci gwarantuj\u0105 wyj\u0105tkowo niski wska\u017anik defekt\u00f3w, poni\u017cej 1%. Ta skrupulatna dba\u0142o\u015b\u0107 o szczeg\u00f3\u0142y pozwala dystrybutorom unikn\u0105\u0107 koszt\u00f3w logistycznych zwi\u0105zanych ze zwrotami i wymianami, co przek\u0142ada si\u0119 na wzrost rentowno\u015bci.<\/p>\n<h3>Us\u0142ugi personalizacji<\/h3>\n<p>Oferujemy us\u0142ugi szyte na miar\u0119, w tym personalizacj\u0119 logo, projektowanie opakowa\u0144 oraz mo\u017cliwo\u015b\u0107 dostosowania do r\u00f3\u017cnych specyfikacji wtyczek w r\u00f3\u017cnych krajach. Ta elastyczno\u015b\u0107 pozwala dystrybutorom rozwija\u0107 w\u0142asn\u0105 identyfikacj\u0119 marki, jednocze\u015bnie dostosowuj\u0105c si\u0119 do potrzeb rynku.<\/p>\n<h3>Wsparcie posprzeda\u017cowe<\/h3>\n<p>Nasze mo\u017cliwo\u015bci b\u0142yskawicznej reakcji technicznej i dostawy cz\u0119\u015bci zamiennych gwarantuj\u0105 klientom szybk\u0105 pomoc, co dodatkowo zwi\u0119ksza ich do\u015bwiadczenie operacyjne i zaufanie do naszych produkt\u00f3w.<\/p>\n<p>Nie pozw\u00f3l, aby akcesoria niskiej jako\u015bci zniszczy\u0142y reputacj\u0119 Twoich wysokiej klasy urz\u0105dze\u0144. Wybierz pomp\u0119 powietrza, kt\u00f3ra odpowiada jako\u015bci Twojego sprz\u0119tu, aby zapewni\u0107 doskona\u0142e rezultaty i wzmocni\u0107 wiarygodno\u015b\u0107 Twojej marki.<\/p>\n<p>Skontaktuj si\u0119 z nami ju\u017c dzi\u015b, aby zam\u00f3wi\u0107 pr\u00f3bk\u0119 do test\u00f3w lub uzyska\u0107 aktualne ceny hurtowe B2B. Podejmij proaktywny krok w kierunku rozwoju swojej firmy dzi\u0119ki najnowocze\u015bniejszym spr\u0119\u017carkom powietrza Ever-power.<\/p>\n<p style=\"text-align: center;\"><span style=\"font-size: 18pt;\"><a href=\"https:\/\/aircompressorforlasercutter.com\/pl\/skontaktuj-sie-z-nami\/\">Skontaktuj si\u0119 z nami<\/a><\/span><\/p>","protected":false},"excerpt":{"rendered":"<p>Air Compressor for Cleaner Laser Engraving Edges The Unsung Hero Behind the Scenes In the fast-evolving world of laser engraving, one crucial element often remains in the shadows??the air compressor. Most buyers invest significantly in high-end laser engraving machines, yet they frequently overlook the importance of a reliable air pump. This oversight can undermine the [&hellip;]<\/p>","protected":false},"featured_media":457,"comment_status":"open","ping_status":"closed","template":"","meta":{"_et_pb_use_builder":"","_et_pb_old_content":"","_et_gb_content_width":""},"product_brand":[],"product_cat":[1093],"product_tag":[1095],"class_list":{"0":"post-478","1":"product","2":"type-product","3":"status-publish","4":"has-post-thumbnail","6":"product_cat-air-compressor-for-laser-cutter","7":"product_tag-air-compressor-for-laser-cutter-price","9":"first","10":"instock","11":"shipping-taxable","12":"product-type-simple"},"_links":{"self":[{"href":"https:\/\/aircompressorforlasercutter.com\/pl\/wp-json\/wp\/v2\/product\/478","targetHints":{"allow":["GET"]}}],"collection":[{"href":"https:\/\/aircompressorforlasercutter.com\/pl\/wp-json\/wp\/v2\/product"}],"about":[{"href":"https:\/\/aircompressorforlasercutter.com\/pl\/wp-json\/wp\/v2\/types\/product"}],"replies":[{"embeddable":true,"href":"https:\/\/aircompressorforlasercutter.com\/pl\/wp-json\/wp\/v2\/comments?post=478"}],"wp:featuredmedia":[{"embeddable":true,"href":"https:\/\/aircompressorforlasercutter.com\/pl\/wp-json\/wp\/v2\/media\/457"}],"wp:attachment":[{"href":"https:\/\/aircompressorforlasercutter.com\/pl\/wp-json\/wp\/v2\/media?parent=478"}],"wp:term":[{"taxonomy":"product_brand","embeddable":true,"href":"https:\/\/aircompressorforlasercutter.com\/pl\/wp-json\/wp\/v2\/product_brand?post=478"},{"taxonomy":"product_cat","embeddable":true,"href":"https:\/\/aircompressorforlasercutter.com\/pl\/wp-json\/wp\/v2\/product_cat?post=478"},{"taxonomy":"product_tag","embeddable":true,"href":"https:\/\/aircompressorforlasercutter.com\/pl\/wp-json\/wp\/v2\/product_tag?post=478"}],"curies":[{"name":"wp","href":"https:\/\/api.w.org\/{rel}","templated":true}]}}