{"id":479,"date":"2026-01-14T08:26:20","date_gmt":"2026-01-14T08:26:20","guid":{"rendered":"https:\/\/aircompressorforlasercutter.com\/product\/high-pressure-air-assist-for-deep-laser-cutting\/"},"modified":"2026-01-14T08:32:16","modified_gmt":"2026-01-14T08:32:16","slug":"high-pressure-air-assist-for-deep-laser-cutting","status":"publish","type":"product","link":"https:\/\/aircompressorforlasercutter.com\/pl\/produkt\/wspomaganie-sprezonym-powietrzem-pod-wysokim-cisnieniem-do-glebokiego-ciecia-laserowego\/","title":{"rendered":"Wspomaganie spr\u0119\u017conym powietrzem pod wysokim ci\u015bnieniem do g\u0142\u0119bokiego ci\u0119cia laserowego"},"content":{"rendered":"<h1>Wspomaganie spr\u0119\u017conym powietrzem pod wysokim ci\u015bnieniem do g\u0142\u0119bokiego ci\u0119cia laserowego: niedoceniany bohater<\/h1>\n<h2>1. T\u0142o: Obecna sytuacja na rynku<\/h2>\n<p>W dynamicznie rozwijaj\u0105cym si\u0119 \u015bwiecie technologii ci\u0119cia laserowego, wi\u0119kszo\u015b\u0107 nabywc\u00f3w inwestuje znaczne kwoty w zaawansowane maszyny do grawerowania laserowego, cz\u0119sto pomijaj\u0105c kluczowy element: spr\u0119\u017cark\u0119 powietrza. Podczas gdy nacisk k\u0142adziony jest przede wszystkim na samo urz\u0105dzenie tn\u0105ce, pompa powietrza odgrywa kluczow\u0105 rol\u0119 w zapewnieniu optymalnej wydajno\u015bci, efektywno\u015bci i jako\u015bci wydruku. W rzeczywisto\u015bci wspomaganie pneumatyczne to nie tylko dodatek; ma ono fundamentalny wp\u0142yw na jako\u015b\u0107 ci\u0119cia i wyd\u0142u\u017ca \u017cywotno\u015b\u0107 maszyn laserowych.<\/p>\n<p>Znaczenia wspomagania pneumatycznego nie mo\u017cna przeceni\u0107. Dla klient\u00f3w B2B wyb\u00f3r odpowiedniej pompki pneumatycznej oznacza mniej skarg dotycz\u0105cych takich problem\u00f3w, jak niekompletne skaleczenia czy uszkodzone soczewki, co przek\u0142ada si\u0119 na wy\u017cszy wska\u017anik utrzymania klient\u00f3w. Nale\u017cy pami\u0119ta\u0107, \u017ce systemy wspomagania pneumatycznego bezpo\u015brednio wp\u0142ywaj\u0105 na wyniki finansowe, zwi\u0119kszaj\u0105c zar\u00f3wno u\u017cyteczno\u015b\u0107, jak i zadowolenie klient\u00f3w.<\/p>\n<h2>2. Analiza punkt\u00f3w zapalnych: ukryte koszty tanich pomp powietrza<\/h2>\n<p>Wyb\u00f3r niedrogich pomp powietrza mo\u017ce wi\u0105za\u0107 si\u0119 z wieloma ukrytymi kosztami, kt\u00f3re negatywnie wp\u0142ywaj\u0105 zar\u00f3wno na jako\u015b\u0107, jak i zadowolenie klienta. Konsekwencje wyboru spr\u0119\u017carki powietrza niskiej jako\u015bci mog\u0105 objawia\u0107 si\u0119 na r\u00f3\u017cne sposoby:<\/p>\n<h3>Ci\u0119cie problem\u00f3w z jako\u015bci\u0105<\/h3>\n<p>Niestabilny przep\u0142yw powietrza z kompresor\u00f3w niskiej jako\u015bci mo\u017ce powodowa\u0107 przypalenie lub zw\u0119glenie kraw\u0119dzi materia\u0142\u00f3w, co obni\u017ca ich walory estetyczne. Spada wydajno\u015b\u0107 ci\u0119cia, co prowadzi do niejednolitych rezultat\u00f3w. Otrzymywanie przez u\u017cytkownik\u00f3w ko\u0144cowych produkt\u00f3w niskiej jako\u015bci negatywnie wp\u0142ywa na ich sprzeda\u017c i reputacj\u0119.<\/p>\n<h3>Ryzyko uszkodzenia sprz\u0119tu<\/h3>\n<p>U\u017cywanie pomp powietrza niskiej jako\u015bci, zw\u0142aszcza tych z zawarto\u015bci\u0105 oleju, mo\u017ce powodowa\u0107 uwalnianie mg\u0142y olejowej lub wilgoci, zanieczyszczaj\u0105cej soczewki laserowe. To nie tylko wymaga kosztownych napraw, ale mo\u017ce r\u00f3wnie\u017c prowadzi\u0107 do wzrostu liczby zwrot\u00f3w, co ostatecznie wp\u0142ywa na rentowno\u015b\u0107.<\/p>\n<h3>Odstraszanie ha\u0142asem<\/h3>\n<p>Tradycyjne spr\u0119\u017carki powietrza cz\u0119sto generuj\u0105 nadmierny ha\u0142as, co mo\u017ce zniech\u0119ca\u0107 u\u017cytkownik\u00f3w domowych i plac\u00f3wki edukacyjne do korzystania z technologii ci\u0119cia laserowego. To ograniczenie ogranicza potencjalny rynek zbytu, wp\u0142ywaj\u0105c na wzrost przychod\u00f3w.<\/p>\n<h2>3. Nasze rozwi\u0105zanie: Nowa definicja wspomagania pneumatycznego \u201eklasy profesjonalnej\u201d<\/h2>\n<p>W Ever-power dok\u0142adamy wszelkich stara\u0144, aby dostarcza\u0107 wysokowydajne rozwi\u0105zania wspomagania powietrza, kt\u00f3re eliminuj\u0105 wady konwencjonalnych spr\u0119\u017carek powietrza. Nasze innowacyjne rozwi\u0105zania podnosz\u0105 komfort u\u017cytkowania i gwarantuj\u0105 doskona\u0142e rezultaty ci\u0119cia:<\/p>\n<h3>Konstrukcja bezolejowa i bezwodna<\/h3>\n<p>Nasze pompki powietrza posiadaj\u0105 konstrukcj\u0119 100%, kt\u00f3ra nie zawiera oleju ani wody, co gwarantuje ochron\u0119 soczewek laserowych. Eliminuje to obawy u\u017cytkownik\u00f3w ko\u0144cowych zwi\u0105zane z konserwacj\u0105, zapewniaj\u0105c bezproblemowe u\u017cytkowanie.<\/p>\n<h3>Ultracicha technologia<\/h3>\n<p>Zaprojektowane specjalnie do zastosowa\u0144 w pomieszczeniach i domowych studiach, nasze pompy powietrza utrzymuj\u0105 poziom ha\u0142asu poni\u017cej 60 dB. Ta wyj\u0105tkowo cicha praca zwi\u0119ksza satysfakcj\u0119 u\u017cytkownika i rozszerza mo\u017cliwo\u015bci zastosowania w r\u00f3\u017cnych warunkach.<\/p>\n<h3>Solidna wydajno\u015b\u0107<\/h3>\n<p>Zapewniaj\u0105c sta\u0142y i stabilny przep\u0142yw powietrza na poziomie 30 l\/min, nasze pompy powietrza gwarantuj\u0105 czyste ci\u0119cie nawet grubych materia\u0142\u00f3w drewnianych lub akrylowych, bez dymu i py\u0142u. To przek\u0142ada si\u0119 na wysok\u0105 jako\u015b\u0107 produkt\u00f3w ko\u0144cowych dla u\u017cytkownik\u00f3w ko\u0144cowych.<\/p>\n<h2>4. Szeroka kompatybilno\u015b\u0107: kompleksowe dopasowanie (bezproblemowy stan magazynowy)<\/h2>\n<p>Nasze rozwi\u0105zanie wspomagania powietrznego charakteryzuje si\u0119 szerok\u0105 kompatybilno\u015bci\u0105 z popularnymi modelami 95% dost\u0119pnymi na rynku, w tym xTool, Ortur, Atomstack i r\u00f3\u017cnymi laserami CO2. Ta wszechstronno\u015b\u0107 oferuje dystrybutorom znacz\u0105ce korzy\u015bci:<\/p>\n<h3>Zgodno\u015b\u0107 z pojedynczym SKU<\/h3>\n<p>Dzi\u0119ki pojedynczemu SKU, kt\u00f3ry pasuje do wielu maszyn, dystrybutorzy mog\u0105 znacz\u0105co zmniejszy\u0107 presj\u0119 na zapasy i z\u0142o\u017cono\u015b\u0107 zarz\u0105dzania zapasami. To usprawnienie przek\u0142ada si\u0119 na lepsz\u0105 wydajno\u015b\u0107 operacyjn\u0105.<\/p>\n<h2>5. Zalety \u0142a\u0144cucha dostaw i wsp\u00f3\u0142pracy<\/h2>\n<p>Ever-power stawia sobie za cel zapewnienie naszym partnerom solidnych mo\u017cliwo\u015bci \u0142a\u0144cucha dostaw, kt\u00f3re zwi\u0119kszaj\u0105 niezawodno\u015b\u0107 produkt\u00f3w i zadowolenie klient\u00f3w:<\/p>\n<h3>Si\u0142a i kontrola jako\u015bci fabryki<\/h3>\n<p>Nasze rygorystyczne procesy kontroli jako\u015bci gwarantuj\u0105 imponuj\u0105cy wska\u017anik defekt\u00f3w poni\u017cej 1%. Ta znacz\u0105ca redukcja liczby usterek przek\u0142ada si\u0119 na znaczne oszcz\u0119dno\u015bci w zakresie zwrot\u00f3w i koszt\u00f3w logistycznych dla naszych partner\u00f3w.<\/p>\n<h3>Us\u0142ugi niestandardowe (OEM\/ODM)<\/h3>\n<p>Oferujemy rozwi\u0105zania szyte na miar\u0119, w tym mo\u017cliwo\u015bci brandingu z niestandardowymi logotypami, projektami opakowa\u0144 i specyfikacjami wtyczek dla r\u00f3\u017cnych kraj\u00f3w. Dzi\u0119ki temu mo\u017cesz budowa\u0107 swoj\u0105 unikaln\u0105 to\u017csamo\u015b\u0107 marki na rynku.<\/p>\n<h3>Wsparcie posprzeda\u017cowe<\/h3>\n<p>Nasze zaanga\u017cowanie na rzecz najwy\u017cszej jako\u015bci obs\u0142ugi klienta obejmuje szybk\u0105 reakcj\u0119 techniczn\u0105 i sprawn\u0105 dostaw\u0119 cz\u0119\u015bci zamiennych, dzi\u0119ki czemu Twoja dzia\u0142alno\u015b\u0107 b\u0119dzie przebiega\u0107 sprawnie i efektywnie.<\/p>\n<h2>6. Wnioski i wezwanie do dzia\u0142ania (CTA)<\/h2>\n<p>Nie pozw\u00f3l, aby podzespo\u0142y niskiej jako\u015bci zniszczy\u0142y reputacj\u0119 Twoich wysokiej klasy maszyn. Wybierz pomp\u0119 powietrza, kt\u00f3ra odpowiada jako\u015bci Twojego sprz\u0119tu. Inwestuj\u0105c w wysokiej jako\u015bci rozwi\u0105zanie wspomagania powietrza, zwi\u0119kszysz zadowolenie i lojalno\u015b\u0107 klient\u00f3w.<\/p>\n<p>Skontaktuj si\u0119 z nami ju\u017c dzi\u015b, aby zam\u00f3wi\u0107 testowanie pr\u00f3bek lub uzyska\u0107 najnowsze informacje o cenach hurtowych B2B. Razem podnie\u015bmy jako\u015b\u0107 ci\u0119cia laserowego na wy\u017cszy poziom.<\/p>\n<p><a href=\"https:\/\/aircompressorforlasercutter.com\/pl\/skontaktuj-sie-z-nami\/\">Skontaktuj si\u0119 z nami<\/a><\/p>","protected":false},"excerpt":{"rendered":"<p>High Pressure Air Assist for Deep Laser Cutting: The Overlooked Unsung Hero 1. Background: The Current Market Landscape In the rapidly evolving landscape of laser cutting technology, most buyers invest substantial amounts in advanced laser engraving machines, often overlooking a critical component: the air compressor. While the focus is primarily on the cutting device itself, [&hellip;]<\/p>","protected":false},"featured_media":457,"comment_status":"open","ping_status":"closed","template":"","meta":{"_et_pb_use_builder":"","_et_pb_old_content":"","_et_gb_content_width":""},"product_brand":[],"product_cat":[1093],"product_tag":[1096],"class_list":{"0":"post-479","1":"product","2":"type-product","3":"status-publish","4":"has-post-thumbnail","6":"product_cat-air-compressor-for-laser-cutter","7":"product_tag-air-compressor-for-laser-cutter-cost","9":"first","10":"instock","11":"shipping-taxable","12":"product-type-simple"},"_links":{"self":[{"href":"https:\/\/aircompressorforlasercutter.com\/pl\/wp-json\/wp\/v2\/product\/479","targetHints":{"allow":["GET"]}}],"collection":[{"href":"https:\/\/aircompressorforlasercutter.com\/pl\/wp-json\/wp\/v2\/product"}],"about":[{"href":"https:\/\/aircompressorforlasercutter.com\/pl\/wp-json\/wp\/v2\/types\/product"}],"replies":[{"embeddable":true,"href":"https:\/\/aircompressorforlasercutter.com\/pl\/wp-json\/wp\/v2\/comments?post=479"}],"wp:featuredmedia":[{"embeddable":true,"href":"https:\/\/aircompressorforlasercutter.com\/pl\/wp-json\/wp\/v2\/media\/457"}],"wp:attachment":[{"href":"https:\/\/aircompressorforlasercutter.com\/pl\/wp-json\/wp\/v2\/media?parent=479"}],"wp:term":[{"taxonomy":"product_brand","embeddable":true,"href":"https:\/\/aircompressorforlasercutter.com\/pl\/wp-json\/wp\/v2\/product_brand?post=479"},{"taxonomy":"product_cat","embeddable":true,"href":"https:\/\/aircompressorforlasercutter.com\/pl\/wp-json\/wp\/v2\/product_cat?post=479"},{"taxonomy":"product_tag","embeddable":true,"href":"https:\/\/aircompressorforlasercutter.com\/pl\/wp-json\/wp\/v2\/product_tag?post=479"}],"curies":[{"name":"wp","href":"https:\/\/api.w.org\/{rel}","templated":true}]}}