{"id":480,"date":"2026-01-14T08:26:20","date_gmt":"2026-01-14T08:26:20","guid":{"rendered":"https:\/\/aircompressorforlasercutter.com\/product\/laser-lens-cooling-air-pump-system\/"},"modified":"2026-01-14T08:32:05","modified_gmt":"2026-01-14T08:32:05","slug":"laser-lens-cooling-air-pump-system","status":"publish","type":"product","link":"https:\/\/aircompressorforlasercutter.com\/pl\/produkt\/system-pompy-powietrza-chlodzacego-soczewke-laserowa\/","title":{"rendered":"System pompy powietrza ch\u0142odz\u0105cego soczewk\u0119 laserow\u0105"},"content":{"rendered":"<h1>System pompy powietrza ch\u0142odz\u0105cego soczewki laserowe: niedoceniany bohater ci\u0119cia laserowego<\/h1>\n<h2>1. Wprowadzenie: Nieopiewany bohater<\/h2>\n<p>W \u015bwiecie ci\u0119cia i grawerowania laserowego, klienci cz\u0119sto inwestuj\u0105 znaczne \u015brodki w wysokiej klasy urz\u0105dzenia laserowe, jednak kluczowa rola pomp powietrza jest cz\u0119sto pomijana. Elementy te mog\u0105 wydawa\u0107 si\u0119 drugorz\u0119dne, ale odgrywaj\u0105 kluczow\u0105 rol\u0119 w poprawie og\u00f3lnej wydajno\u015bci i \u017cywotno\u015bci system\u00f3w laserowych. Bez odpowiedniego wspomagania powietrzem, efekty pracy lasera mog\u0105 by\u0107 powa\u017cnie zagro\u017cone, wp\u0142ywaj\u0105c zar\u00f3wno na jako\u015b\u0107 ci\u0119cia, jak i \u017cywotno\u015b\u0107 urz\u0105dzenia.<\/p>\n<h2>2. Krajobraz rynkowy: pomijany element<\/h2>\n<p>Na dzisiejszym rynku obserwuje si\u0119 trend, w kt\u00f3rym nacisk k\u0142adzie si\u0119 przede wszystkim na zakup najnowocze\u015bniejszych grawerek laserowych. Jednak niezb\u0119dna pompa powietrza, kt\u00f3ra obs\u0142uguje te maszyny, cz\u0119sto pozostaje zaniedbanym dodatkiem. Nabywcy, kt\u00f3rzy inwestuj\u0105 znaczne \u015brodki w technologi\u0119 laserow\u0105, musz\u0105 zrozumie\u0107, \u017ce wspomaganie powietrza to nie tylko funkcja dodatkowa; to decyduj\u0105cy czynnik wp\u0142ywaj\u0105cy na ostateczn\u0105 jako\u015b\u0107 ci\u0119cia i trwa\u0142o\u015b\u0107 sprz\u0119tu.<\/p>\n<h3>Wgl\u0105d podstawowy: bezpo\u015bredni wp\u0142yw pomocy lotniczej<\/h3>\n<p>Dla klient\u00f3w B2B wyb\u00f3r odpowiedniej pompki powietrza oznacza mniej skarg na niekompletne ci\u0119cia lub uszkodzone soczewki. To z kolei przek\u0142ada si\u0119 na wy\u017cszy wska\u017anik utrzymania klient\u00f3w. Niezawodna pompka powietrza mo\u017ce wyeliminowa\u0107 problemy zwi\u0105zane z jako\u015bci\u0105 ci\u0119cia i zapewni\u0107 p\u0142ynn\u0105 obs\u0142ug\u0119, zwi\u0119kszaj\u0105c tym samym zadowolenie i lojalno\u015b\u0107 klient\u00f3w.<\/p>\n<h2>3. Analiza punkt\u00f3w zapalnych: ukryte koszty tanich pomp powietrza<\/h2>\n<p>Mimo \u017ce wyb\u00f3r ta\u0144szej pompy powietrza mo\u017ce pocz\u0105tkowo wydawa\u0107 si\u0119 op\u0142acalny, mo\u017ce wi\u0105za\u0107 si\u0119 ze znacznymi ukrytymi kosztami, kt\u00f3re negatywnie wp\u0142ywaj\u0105 na wydajno\u015b\u0107 operacyjn\u0105.<\/p>\n<h3>S\u0142aba jako\u015b\u0107 ci\u0119cia<\/h3>\n<p>Niestabilny przep\u0142yw powietrza spowodowany przez pompy niskiej jako\u015bci cz\u0119sto skutkuje przypalonymi kraw\u0119dziami lub rozmazanymi ci\u0119ciami, co prowadzi do niskiej jako\u015bci wyko\u0144czenia, kt\u00f3re mo\u017ce zaszkodzi\u0107 reputacji firmy. Estetyka produktu ko\u0144cowego jest priorytetem, szczeg\u00f3lnie dla u\u017cytkownik\u00f3w ko\u0144cowych, kt\u00f3rym zale\u017cy na precyzji i przejrzysto\u015bci.<\/p>\n<h3>Ryzyko uszkodzenia sprz\u0119tu<\/h3>\n<p>Pompy powietrza niskiej jako\u015bci, zw\u0142aszcza te nasycone olejem, mog\u0105 emitowa\u0107 mg\u0142\u0119 olejow\u0105 lub wilgo\u0107, kt\u00f3ra zanieczyszcza soczewki laserowe. To nie tylko wymaga kosztownych napraw, ale mo\u017ce r\u00f3wnie\u017c skutkowa\u0107 zwrotami produkt\u00f3w, co dodatkowo wp\u0142ywa na rentowno\u015b\u0107.<\/p>\n<h3>\u015arodek odstraszaj\u0105cy ha\u0142as<\/h3>\n<p>Tradycyjne spr\u0119\u017carki powietrza mog\u0105 generowa\u0107 nadmierny ha\u0142as, co zniech\u0119ca u\u017cytkownik\u00f3w domowych i plac\u00f3wki edukacyjne do korzystania z laserowych urz\u0105dze\u0144 tn\u0105cych. To ograniczenie zaw\u0119\u017ca potencja\u0142 rynkowy i ogranicza mo\u017cliwo\u015bci sprzeda\u017cy dla dystrybutor\u00f3w.<\/p>\n<h2>4. Nasze rozwi\u0105zanie: Nowa definicja profesjonalnej pomocy lotniczej<\/h2>\n<h3>Konstrukcja bezolejowa i bezwodna<\/h3>\n<p>Nasza pompa powietrza charakteryzuje si\u0119 konstrukcj\u0105 100%, kt\u00f3ra nie zawiera oleju ani wody, co zapewnia pe\u0142n\u0105 ochron\u0119 soczewek laserowych. Oznacza to, \u017ce u\u017cytkownicy mog\u0105 obs\u0142ugiwa\u0107 swoje urz\u0105dzenia ze spokojem, bez k\u0142opot\u00f3w z konserwacj\u0105 i obaw o zanieczyszczenia.<\/p>\n<h3>Ultracicha technologia<\/h3>\n<p>Zaprojektowana specjalnie do zastosowa\u0144 w pomieszczeniach i domowym studiu, nasza pompka powietrza pracuje wyj\u0105tkowo cicho (poni\u017cej 60 dB). Ta funkcja znacznie poprawia komfort u\u017cytkowania, dzi\u0119ki czemu nadaje si\u0119 do r\u00f3\u017cnorodnych zastosowa\u0144, nie zak\u0142\u00f3caj\u0105c otoczenia.<\/p>\n<h3>Pot\u0119\u017cna wydajno\u015b\u0107<\/h3>\n<p>Dzi\u0119ki sta\u0142emu przep\u0142ywowi 30 l\/min, nasza pompa gwarantuje, \u017ce nawet podczas ci\u0119cia grubego drewna lub materia\u0142\u00f3w akrylowych, ci\u0119cia pozostaj\u0105 czyste i wolne od dymu i zanieczyszcze\u0144. Ta niezawodno\u015b\u0107 przek\u0142ada si\u0119 na wy\u017csz\u0105 wydajno\u015b\u0107 i lepsz\u0105 jako\u015b\u0107 dla u\u017cytkownik\u00f3w ko\u0144cowych.<\/p>\n<h2>5. Szeroka kompatybilno\u015b\u0107: kompleksowe dopasowanie<\/h2>\n<p>Nasza pompa powietrza zosta\u0142a zaprojektowana tak, aby by\u0142a kompatybilna z modelem 95% popularnych na rynku urz\u0105dze\u0144 do ci\u0119cia laserowego, w tym xTool, Ortur, Atomstack i r\u00f3\u017cnymi systemami laserowymi CO2. Ta szeroka kompatybilno\u015b\u0107 zapewnia dystrybutorom znaczn\u0105 przewag\u0119.<\/p>\n<h3>Korzy\u015bci dla dystrybutor\u00f3w<\/h3>\n<p>Dzi\u0119ki naszym pompom powietrza dystrybutorzy mog\u0105 cieszy\u0107 si\u0119 wygod\u0105 \u201ejednego SKU pasuj\u0105cego do wielu maszyn\u201d, co znacznie zmniejsza presj\u0119 na zapasy i z\u0142o\u017cono\u015b\u0107 zarz\u0105dzania nimi. Taka efektywno\u015b\u0107 pozwala dystrybutorom skupi\u0107 si\u0119 na skalowaniu dzia\u0142alno\u015bci bez obci\u0105\u017cenia nadmiernym zarz\u0105dzaniem zapasami.<\/p>\n<h2>6. Korzy\u015bci z \u0142a\u0144cucha dostaw i partnerstwa<\/h2>\n<h3>Si\u0142a fabryki<\/h3>\n<p>Nasze zaanga\u017cowanie w jako\u015b\u0107 znajduje odzwierciedlenie w rygorystycznych procesach kontroli jako\u015bci (QC), kt\u00f3re gwarantuj\u0105 wyj\u0105tkowo niski wska\u017anik defekt\u00f3w, poni\u017cej 1%. Ta niezawodno\u015b\u0107 pozwala nam oszcz\u0119dza\u0107 na kosztach logistycznych zwi\u0105zanych ze zwrotami i wymianami, zapewniaj\u0105c naszym partnerom p\u0142ynn\u0105 obs\u0142ug\u0119.<\/p>\n<h3>Us\u0142ugi niestandardowe (OEM\/ODM)<\/h3>\n<p>Oferujemy us\u0142ugi personalizowane, obejmuj\u0105ce umieszczanie logo marki, projektowanie opakowa\u0144 i dostosowywanie ich do r\u00f3\u017cnych specyfikacji wtyczek. Ta elastyczno\u015b\u0107 pozwala partnerom budowa\u0107 w\u0142asn\u0105 to\u017csamo\u015b\u0107 marki, co dodatkowo wzmacnia ich obecno\u015b\u0107 na rynku.<\/p>\n<h3>Wsparcie posprzeda\u017cowe<\/h3>\n<p>Nasz zesp\u00f3\u0142 dok\u0142ada wszelkich stara\u0144, aby zapewni\u0107 szybk\u0105 reakcj\u0119 techniczn\u0105 i mo\u017cliwo\u015b\u0107 dostawy cz\u0119\u015bci zamiennych. To zaanga\u017cowanie w pomoc techniczn\u0105 gwarantuje, \u017ce klienci mog\u0105 liczy\u0107 na nasz\u0105 terminow\u0105 pomoc i sta\u0142\u0105 wydajno\u015b\u0107 operacyjn\u0105.<\/p>\n<h2>7. Wnioski i wezwanie do dzia\u0142ania (CTA)<\/h2>\n<p>Podsumowuj\u0105c, nie pozw\u00f3l, aby akcesoria niskiej jako\u015bci zaszkodzi\u0142y reputacji Twoich wysokiej klasy maszyn. Wyb\u00f3r wysokiej jako\u015bci pompki powietrza, dopasowanej do kalibru Twojego sprz\u0119tu, jest kluczowy dla utrzymania znakomitej reputacji w bran\u017cy.<\/p>\n<p>Skontaktuj si\u0119 z nami ju\u017c dzi\u015b, aby zam\u00f3wi\u0107 pr\u00f3bk\u0119 do test\u00f3w lub otrzyma\u0107 najnowsze ceny hurtowe B2B.<\/p>\n<p>Odwiedza\u0107 <a href=\"https:\/\/aircompressorforlasercutter.com\/pl\/skontaktuj-sie-z-nami\/\">Tutaj<\/a> wyci\u0105gn\u0105\u0107 r\u0119k\u0119.<\/p>","protected":false},"excerpt":{"rendered":"<p>Laser Lens Cooling Air Pump System: The Unsung Hero of Laser Cutting 1. Introduction: The Unsung Hero In the world of laser cutting and engraving, buyers often invest significantly in high-end laser machines, yet the critical role of air pumps is frequently overlooked. These components might seem secondary, but they play a vital role in [&hellip;]<\/p>","protected":false},"featured_media":457,"comment_status":"open","ping_status":"closed","template":"","meta":{"_et_pb_use_builder":"","_et_pb_old_content":"","_et_gb_content_width":""},"product_brand":[],"product_cat":[1093],"product_tag":[1094],"class_list":{"0":"post-480","1":"product","2":"type-product","3":"status-publish","4":"has-post-thumbnail","6":"product_cat-air-compressor-for-laser-cutter","7":"product_tag-air-compressor-for-laser-cutter","9":"first","10":"instock","11":"shipping-taxable","12":"product-type-simple"},"_links":{"self":[{"href":"https:\/\/aircompressorforlasercutter.com\/pl\/wp-json\/wp\/v2\/product\/480","targetHints":{"allow":["GET"]}}],"collection":[{"href":"https:\/\/aircompressorforlasercutter.com\/pl\/wp-json\/wp\/v2\/product"}],"about":[{"href":"https:\/\/aircompressorforlasercutter.com\/pl\/wp-json\/wp\/v2\/types\/product"}],"replies":[{"embeddable":true,"href":"https:\/\/aircompressorforlasercutter.com\/pl\/wp-json\/wp\/v2\/comments?post=480"}],"wp:featuredmedia":[{"embeddable":true,"href":"https:\/\/aircompressorforlasercutter.com\/pl\/wp-json\/wp\/v2\/media\/457"}],"wp:attachment":[{"href":"https:\/\/aircompressorforlasercutter.com\/pl\/wp-json\/wp\/v2\/media?parent=480"}],"wp:term":[{"taxonomy":"product_brand","embeddable":true,"href":"https:\/\/aircompressorforlasercutter.com\/pl\/wp-json\/wp\/v2\/product_brand?post=480"},{"taxonomy":"product_cat","embeddable":true,"href":"https:\/\/aircompressorforlasercutter.com\/pl\/wp-json\/wp\/v2\/product_cat?post=480"},{"taxonomy":"product_tag","embeddable":true,"href":"https:\/\/aircompressorforlasercutter.com\/pl\/wp-json\/wp\/v2\/product_tag?post=480"}],"curies":[{"name":"wp","href":"https:\/\/api.w.org\/{rel}","templated":true}]}}