{"id":481,"date":"2026-01-14T08:26:20","date_gmt":"2026-01-14T08:26:20","guid":{"rendered":"https:\/\/aircompressorforlasercutter.com\/product\/air-blower-for-laser-cutter-debris-removal\/"},"modified":"2026-01-14T08:31:51","modified_gmt":"2026-01-14T08:31:51","slug":"air-blower-for-laser-cutter-debris-removal","status":"publish","type":"product","link":"https:\/\/aircompressorforlasercutter.com\/pl\/produkt\/dmuchawa-powietrza-do-usuwania-zanieczyszczen-z-przecinarki-laserowej\/","title":{"rendered":"Dmuchawa powietrza do usuwania zanieczyszcze\u0144 z przecinarki laserowej"},"content":{"rendered":"<h1>Dmuchawa powietrza do usuwania zanieczyszcze\u0144 z przecinarek laserowych: Nieopiewany bohater<\/h1>\n<h2>Wprowadzenie: Nieopiewany bohater<\/h2>\n<p>W dziedzinie technologii ci\u0119cia laserowego, jeden kluczowy element cz\u0119sto pozostaje w cieniu bardziej efektownych maszyn \u2013 dmuchawy powietrza. Chocia\u017c kupuj\u0105cy inwestuj\u0105 znaczne kwoty w wysokiej klasy grawerki laserowe, cz\u0119sto pomijaj\u0105 znaczenie wysokiej jako\u015bci pompy powietrza. System wspomagania powietrza to nie tylko dodatek; odgrywa on kluczow\u0105 rol\u0119 w okre\u015blaniu zar\u00f3wno jako\u015bci ci\u0119cia, jak i trwa\u0142o\u015bci sprz\u0119tu.<\/p>\n<h2>T\u0142o rynku: obecna sytuacja<\/h2>\n<p>Rynek ci\u0119cia laserowego odnotowuje bezprecedensowy wzrost, a firmy ch\u0119tnie wdra\u017caj\u0105 najnowocze\u015bniejsze technologie. Jednak wielu nabywc\u00f3w zaniedbuje dmuchaw\u0119 powietrza, integraln\u0105 cz\u0119\u015b\u0107 procesu ci\u0119cia. Bez skutecznego systemu wspomagania powietrza potencja\u0142 maszyn do ci\u0119cia laserowego jest powa\u017cnie ograniczony. To niedopatrzenie mo\u017ce prowadzi\u0107 do niezadowalaj\u0105cych rezultat\u00f3w ci\u0119cia, wzrostu koszt\u00f3w konserwacji i niezadowolenia klient\u00f3w.<\/p>\n<h2>Podstawowa wiedza: Znaczenie wspomagania powietrznego<\/h2>\n<p>Inwestycja w wysokiej jako\u015bci dmuchaw\u0119 powietrza przek\u0142ada si\u0119 na wymierne korzy\u015bci. Dla dystrybutor\u00f3w wyb\u00f3r odpowiedniej pompki powietrza oznacza zmniejszenie liczby reklamacji zwi\u0105zanych z nieczystymi ci\u0119ciami i uszkodzonymi soczewkami, co ostatecznie przek\u0142ada si\u0119 na wy\u017cszy wska\u017anik utrzymania klient\u00f3w. Niezawodny system wspomagania przep\u0142ywu powietrza daje klientom pewno\u015b\u0107, \u017ce inwestycja w technologi\u0119 ci\u0119cia laserowego przyniesie najlepsze rezultaty.<\/p>\n<h2>Problemy: ukryte koszty tanich dmuchaw powietrza<\/h2>\n<p>Cho\u0107 wyb\u00f3r ta\u0144szej pompki powietrza mo\u017ce wydawa\u0107 si\u0119 kusz\u0105cy, ukryte koszty mog\u0105 okaza\u0107 si\u0119 szkodliwe:<\/p>\n<h3>S\u0142aba jako\u015b\u0107 ci\u0119cia<\/h3>\n<p>Niestabilny przep\u0142yw powietrza z pomp gorszej jako\u015bci skutkuje przypalonymi kraw\u0119dziami i nisk\u0105 wydajno\u015bci\u0105 ci\u0119cia. To nie tylko negatywnie wp\u0142ywa na estetyk\u0119 gotowych produkt\u00f3w, ale tak\u017ce na zadowolenie u\u017cytkownika ko\u0144cowego.<\/p>\n<h3>Ryzyko uszkodzenia sprz\u0119tu<\/h3>\n<p>Pompy powietrza niskiej jako\u015bci, zw\u0142aszcza te nasycone olejem, mog\u0105 uwalnia\u0107 mg\u0142\u0119 olejow\u0105 lub wilgo\u0107, kt\u00f3ra zanieczyszcza soczewki laserowe. Prowadzi to do kosztownych napraw lub wymian, obni\u017caj\u0105c og\u00f3ln\u0105 warto\u015b\u0107 inwestycji.<\/p>\n<h3>Ha\u0142a\u015bliwa praca<\/h3>\n<p>Tradycyjne spr\u0119\u017carki powietrza s\u0105 cz\u0119sto g\u0142o\u015bne, co zniech\u0119ca do ich stosowania w domowych warsztatach i o\u015brodkach edukacji majsterkowicz\u00f3w. Ogranicza to potencja\u0142 rynkowy i utrudnia firmom dotarcie do szerszego grona odbiorc\u00f3w.<\/p>\n<h2>Nasze rozwi\u0105zanie: Nowa definicja profesjonalnego wspomagania powietrznego<\/h2>\n<p>Prezentujemy nowy standard w technologii wspomagania powietrza:<\/p>\n<h3>Konstrukcja bezolejowa i bezwodna<\/h3>\n<p>Nasza dmuchawa powietrza jest wyposa\u017cona w bezolejow\u0105 konstrukcj\u0119 100%, kt\u00f3ra zapewnia pe\u0142n\u0105 ochron\u0119 soczewek laserowych, eliminuj\u0105c jednocze\u015bnie potrzeb\u0119 cz\u0119stej konserwacji. Dzi\u0119ki temu u\u017cytkownicy mog\u0105 skupi\u0107 si\u0119 na swoich projektach kreatywnych, nie martwi\u0105c si\u0119 o konserwacj\u0119 sprz\u0119tu.<\/p>\n<h3>Ultracicha technologia<\/h3>\n<p>Nasza dmuchawa powietrza zosta\u0142a zaprojektowana specjalnie do u\u017cytku w pomieszczeniach i domowym studiu. Pracuje przy wyj\u0105tkowo niskim poziomie ha\u0142asu (&lt;60 dB), co znacznie poprawia komfort u\u017cytkowania i sprawia, \u017ce \u200b\u200bnadaje si\u0119 do stosowania w r\u00f3\u017cnych warunkach.<\/p>\n<h3>Solidna wydajno\u015b\u0107<\/h3>\n<p>Dzi\u0119ki sta\u0142ej wydajno\u015bci 30 l\/min (lub parametrom dostosowanym do indywidualnych potrzeb), nasza dmuchawa powietrza gwarantuje czyste, bezdymne ci\u0119cie nawet grubych materia\u0142\u00f3w, takich jak drewno i akryl. Ta imponuj\u0105ca wydajno\u015b\u0107 poprawia og\u00f3ln\u0105 jako\u015b\u0107 ci\u0119cia, co przek\u0142ada si\u0119 na wi\u0119ksze zadowolenie u\u017cytkownika ko\u0144cowego.<\/p>\n<h2>Szeroka kompatybilno\u015b\u0107: kompleksowe rozwi\u0105zanie<\/h2>\n<p>Nasza dmuchawa powietrza zosta\u0142a zaprojektowana z my\u015bl\u0105 o szerokiej kompatybilno\u015bci:<\/p>\n<h3>Szeroki zakres<\/h3>\n<p>Idealnie pasuje do modelu 95% popularnych modeli dost\u0119pnych na rynku (w tym xTool, Ortur, Atomstack i r\u00f3\u017cnych laser\u00f3w CO2). Ta wszechstronno\u015b\u0107 sprawia, \u017ce \u200b\u200bjest to cenne uzupe\u0142nienie oferty ka\u017cdego dystrybutora.<\/p>\n<h3>Korzy\u015bci dla dystrybutor\u00f3w<\/h3>\n<p>Dzi\u0119ki pojedynczemu SKU kompatybilnemu z wieloma maszynami mo\u017cesz znacz\u0105co zmniejszy\u0107 presj\u0119 na zapasy i z\u0142o\u017cono\u015b\u0107 proces\u00f3w magazynowych. To usprawnione podej\u015bcie zwi\u0119ksza wydajno\u015b\u0107 operacyjn\u0105 i rentowno\u015b\u0107.<\/p>\n<h2>Korzy\u015bci z \u0142a\u0144cucha dostaw i partnerstwa<\/h2>\n<p>Partnerstwo z nami zapewnia liczne korzy\u015bci:<\/p>\n<h3>Silne referencje fabryczne<\/h3>\n<p>Wdra\u017camy rygorystyczne procesy kontroli jako\u015bci, gwarantuj\u0105c wyj\u0105tkowo niski wska\u017anik defekt\u00f3w (&lt;1%). To zaanga\u017cowanie w jako\u015b\u0107 pozwala Ci zaoszcz\u0119dzi\u0107 na kosztach logistycznych zwi\u0105zanych ze zwrotami i wymianami, co przek\u0142ada si\u0119 na popraw\u0119 Twoich wynik\u00f3w finansowych.<\/p>\n<h3>Us\u0142ugi niestandardowe (OEM\/ODM)<\/h3>\n<p>Oferujemy opcje personalizacji, w tym aplikacj\u0119 logo marki, projekt opakowania oraz specyfikacj\u0119 wtyczki dostosowan\u0105 do r\u00f3\u017cnych kraj\u00f3w. Pozwala to skutecznie budowa\u0107 w\u0142asn\u0105 to\u017csamo\u015b\u0107 marki.<\/p>\n<h3>Wsparcie posprzeda\u017cowe<\/h3>\n<p>Nasza szybka reakcja techniczna i mo\u017cliwo\u015b\u0107 dostarczania cz\u0119\u015bci zamiennych gwarantuj\u0105 p\u0142ynne funkcjonowanie Twojej dzia\u0142alno\u015bci, minimalizuj\u0105 przestoje i zwi\u0119kszaj\u0105 zadowolenie klienta.<\/p>\n<h2>Wnioski i wezwanie do dzia\u0142ania<\/h2>\n<p>Nie pozw\u00f3l, aby podzespo\u0142y niskiej jako\u015bci zniszczy\u0142y reputacj\u0119 Twoich wysokiej jako\u015bci maszyn. Wybierz dmuchaw\u0119 powietrza, kt\u00f3ra spe\u0142nia standardy jako\u015bci Twojego sprz\u0119tu i zapewnia wyj\u0105tkow\u0105 wydajno\u015b\u0107.<\/p>\n<p>Skontaktuj si\u0119 z nami ju\u017c dzi\u015b, aby otrzyma\u0107 pr\u00f3bki testowe lub najnowsze informacje o cenach hurtowych B2B. <a href=\"https:\/\/aircompressorforlasercutter.com\/pl\/skontaktuj-sie-z-nami\/\">Skontaktuj si\u0119 z nami tutaj!<\/a><\/p>","protected":false},"excerpt":{"rendered":"<p>Air Blower for Laser Cutter Debris Removal: The Unsung Hero Introduction: The Unsung Hero In the realm of laser cutting technology, one critical component often gets overshadowed by the more glamorous machinery??the air blower. While buyers invest significant amounts in high-end laser engraving machines, they frequently overlook the importance of a quality air pump. The [&hellip;]<\/p>","protected":false},"featured_media":457,"comment_status":"open","ping_status":"closed","template":"","meta":{"_et_pb_use_builder":"","_et_pb_old_content":"","_et_gb_content_width":""},"product_brand":[],"product_cat":[1093],"product_tag":[1095],"class_list":{"0":"post-481","1":"product","2":"type-product","3":"status-publish","4":"has-post-thumbnail","6":"product_cat-air-compressor-for-laser-cutter","7":"product_tag-air-compressor-for-laser-cutter-price","9":"first","10":"instock","11":"shipping-taxable","12":"product-type-simple"},"_links":{"self":[{"href":"https:\/\/aircompressorforlasercutter.com\/pl\/wp-json\/wp\/v2\/product\/481","targetHints":{"allow":["GET"]}}],"collection":[{"href":"https:\/\/aircompressorforlasercutter.com\/pl\/wp-json\/wp\/v2\/product"}],"about":[{"href":"https:\/\/aircompressorforlasercutter.com\/pl\/wp-json\/wp\/v2\/types\/product"}],"replies":[{"embeddable":true,"href":"https:\/\/aircompressorforlasercutter.com\/pl\/wp-json\/wp\/v2\/comments?post=481"}],"wp:featuredmedia":[{"embeddable":true,"href":"https:\/\/aircompressorforlasercutter.com\/pl\/wp-json\/wp\/v2\/media\/457"}],"wp:attachment":[{"href":"https:\/\/aircompressorforlasercutter.com\/pl\/wp-json\/wp\/v2\/media?parent=481"}],"wp:term":[{"taxonomy":"product_brand","embeddable":true,"href":"https:\/\/aircompressorforlasercutter.com\/pl\/wp-json\/wp\/v2\/product_brand?post=481"},{"taxonomy":"product_cat","embeddable":true,"href":"https:\/\/aircompressorforlasercutter.com\/pl\/wp-json\/wp\/v2\/product_cat?post=481"},{"taxonomy":"product_tag","embeddable":true,"href":"https:\/\/aircompressorforlasercutter.com\/pl\/wp-json\/wp\/v2\/product_tag?post=481"}],"curies":[{"name":"wp","href":"https:\/\/api.w.org\/{rel}","templated":true}]}}