{"id":482,"date":"2026-01-14T08:26:20","date_gmt":"2026-01-14T08:26:20","guid":{"rendered":"https:\/\/aircompressorforlasercutter.com\/product\/precision-air-assist-for-detailed-photo-engraving\/"},"modified":"2026-01-14T08:26:20","modified_gmt":"2026-01-14T08:26:20","slug":"precision-air-assist-for-detailed-photo-engraving","status":"publish","type":"product","link":"https:\/\/aircompressorforlasercutter.com\/pl\/produkt\/precyzyjne-wspomaganie-pneumatyczne-zapewniajace-szczegolowe-grawerowanie-zdjec\/","title":{"rendered":"Precyzyjne wspomaganie pneumatyczne zapewniaj\u0105ce szczeg\u00f3\u0142owe grawerowanie zdj\u0119\u0107"},"content":{"rendered":"<h1>Precyzyjne wspomaganie pneumatyczne dla szczeg\u00f3\u0142owego grawerowania zdj\u0119\u0107<\/h1>\n<h2>Nieopiewany bohater grawerowania laserowego<\/h2>\n<p>W konkurencyjnym \u015bwiecie grawerowania laserowego, gdzie technologia spotyka si\u0119 z artyzmem, \u0142atwo przeoczy\u0107 kluczowe elementy wp\u0142ywaj\u0105ce na og\u00f3ln\u0105 jako\u015b\u0107 gotowego produktu. Chocia\u017c wielu nabywc\u00f3w inwestuje znaczne kwoty w zakup wysokiej klasy urz\u0105dze\u0144 do grawerowania laserowego, cz\u0119sto pomijaj\u0105 oni kluczow\u0105 rol\u0119 spr\u0119\u017carki powietrza \u2013 kluczowego elementu, kt\u00f3ry znacz\u0105co wp\u0142ywa na proces grawerowania.<\/p>\n<p>Precyzyjny system wspomagania pneumatycznego to nie tylko dodatkowy element wyposa\u017cenia; odgrywa on kluczow\u0105 rol\u0119 w okre\u015blaniu ostatecznej jako\u015bci ci\u0119cia i trwa\u0142o\u015bci samej maszyny. Dla firm, kt\u00f3rym zale\u017cy na \u015bwiadczeniu najwy\u017cszej jako\u015bci us\u0142ug grawerowania, zrozumienie znaczenia wysokiej jako\u015bci systemu wspomagania pneumatycznego mo\u017ce by\u0107 prze\u0142omem.<\/p>\n<h2>Kontekst rynkowy i kluczowe spostrze\u017cenia<\/h2>\n<p>Obecna sytuacja na rynku ujawnia niepokoj\u0105cy trend. Wielu dealer\u00f3w i u\u017cytkownik\u00f3w ko\u0144cowych priorytetowo traktuje zakup zaawansowanych ploter\u00f3w i grawerek laserowych, co cz\u0119sto prowadzi do istotnego niedopatrzenia \u2013 spr\u0119\u017carki powietrza lub systemu wspomagania pneumatycznego. Oceniaj\u0105c kompletny system do grawerowania laserowego, nale\u017cy pami\u0119ta\u0107, \u017ce wspomaganie pneumatyczne nie tylko poprawia wydajno\u015b\u0107, ale ma r\u00f3wnie\u017c fundamentalny wp\u0142yw na zadowolenie i utrzymanie klient\u00f3w.<\/p>\n<p>Dla dealer\u00f3w wyb\u00f3r niezawodnego kompresora powietrza oznacza minimalizacj\u0119 skarg klient\u00f3w zwi\u0105zanych z niedostateczn\u0105 jako\u015bci\u0105 ci\u0119cia lub uszkodzeniem soczewek graweruj\u0105cych. Przek\u0142ada si\u0119 to na wy\u017cszy wska\u017anik utrzymania klient\u00f3w, co podkre\u015bla wag\u0119 inwestycji w wysokiej jako\u015bci rozwi\u0105zanie wspomagania pneumatycznego.<\/p>\n<h2>Analiza punkt\u00f3w zapalnych: ukryte koszty pomp powietrza niskiej jako\u015bci<\/h2>\n<h3>S\u0142aba jako\u015b\u0107 ci\u0119cia<\/h3>\n<p>Jedn\u0105 z najpowa\u017cniejszych wad stosowania taniej pompy powietrza jest negatywny wp\u0142yw na jako\u015b\u0107 ci\u0119cia. Niestabilny przep\u0142yw powietrza mo\u017ce prowadzi\u0107 do przypalenia kraw\u0119dzi materia\u0142\u00f3w, obni\u017cenia wydajno\u015bci ci\u0119cia i ostatecznie negatywnie wp\u0142yn\u0105\u0107 na estetyk\u0119 produkt\u00f3w ko\u0144cowych. Takie wady nie tylko obni\u017caj\u0105 jako\u015b\u0107, ale mog\u0105 r\u00f3wnie\u017c prowadzi\u0107 do niezadowolenia klient\u00f3w.<\/p>\n<h3>Ryzyko uszkodzenia sprz\u0119tu<\/h3>\n<p>U\u017cywanie pomp powietrza niskiej jako\u015bci, zw\u0142aszcza tych, kt\u00f3re uwalniaj\u0105 olej lub wilgo\u0107, stwarza powa\u017cne zagro\u017cenie dla soczewek laserowych. Zanieczyszczenia pochodz\u0105ce z system\u00f3w wspomagania powietrza niskiej jako\u015bci mog\u0105 prowadzi\u0107 do kosztownych napraw i zwrot\u00f3w z powodu uszkodze\u0144, co negatywnie wp\u0142ywa na reputacj\u0119 firmy i jej wyniki finansowe.<\/p>\n<h3>Odstraszacze ha\u0142asu<\/h3>\n<p>Tradycyjne spr\u0119\u017carki powietrza cz\u0119sto generuj\u0105 nadmierny ha\u0142as, co ogranicza ich u\u017cyteczno\u015b\u0107 w warunkach domowych lub plac\u00f3wkach edukacyjnych. To ograniczenie zmniejsza potencjalny rynek zbytu, poniewa\u017c entuzja\u015bci majsterkowania i instytucje edukacyjne s\u0105 zniech\u0119cane g\u0142o\u015bn\u0105 prac\u0105 konwencjonalnych spr\u0119\u017carek.<\/p>\n<h2>Nasze rozwi\u0105zanie: Nowa definicja profesjonalnego wspomagania powietrznego<\/h2>\n<h3>Konstrukcja bezolejowa i bezwodna<\/h3>\n<p>Nasz precyzyjny system wspomagania pneumatycznego zosta\u0142 zaprojektowany z my\u015bl\u0105 o bezolejowej i bezwodnej konstrukcji, kt\u00f3ra gwarantuje ochron\u0119 soczewek laserowych na poziomie 100%. Ta funkcja nie tylko zmniejsza obci\u0105\u017cenie u\u017cytkownik\u00f3w ko\u0144cowych zwi\u0105zane z konserwacj\u0105, ale tak\u017ce wyd\u0142u\u017ca \u017cywotno\u015b\u0107 ich sprz\u0119tu, zapewniaj\u0105c spok\u00f3j ducha i p\u0142ynne grawerowanie.<\/p>\n<h3>Ultracicha technologia<\/h3>\n<p>Opracowany specjalnie do zastosowa\u0144 w studiach nag\u0142o\u015bnieniowych i domowych, nasz system wspomagania nag\u0142o\u015bnienia wykorzystuje niezwykle cich\u0105 technologi\u0119, utrzymuj\u0105c poziom ha\u0142asu poni\u017cej 60 dB. Ta znacz\u0105ca redukcja ha\u0142asu roboczego podnosi komfort u\u017cytkowania, czyni\u0105c go idealnym rozwi\u0105zaniem w \u015brodowiskach, w kt\u00f3rych redukcja ha\u0142asu ma kluczowe znaczenie.<\/p>\n<h3>Solidna wydajno\u015b\u0107<\/h3>\n<p>Dzi\u0119ki sta\u0142ej wydajno\u015bci 30 litr\u00f3w na minut\u0119, nasz system wspomagania powietrza gwarantuje u\u017cytkownikom czyste, bezdymne ci\u0119cia, nawet w przypadku grubego drewna lub materia\u0142\u00f3w akrylowych. Ta wysoka wydajno\u015b\u0107 gwarantuje, \u017ce profesjonali\u015bci w dziedzinie grawerowania mog\u0105 dostarcza\u0107 wysokiej jako\u015bci produkty, spe\u0142niaj\u0105ce oczekiwania ich wymagaj\u0105cych klient\u00f3w.<\/p>\n<h2>Kompleksowa kompatybilno\u015b\u0107: kompleksowe rozwi\u0105zanie<\/h2>\n<h3>Szerokie zastosowanie<\/h3>\n<p>Nasz system wspomagania pneumatycznego zosta\u0142 zaprojektowany tak, aby bezproblemowo integrowa\u0107 si\u0119 z modelem 95% popularnych grawerek laserowych dost\u0119pnych na rynku, w tym z popularnymi markami, takimi jak xTool, Ortur, Atomstack, a tak\u017ce z r\u00f3\u017cnymi urz\u0105dzeniami laserowymi CO2. Ta szeroka kompatybilno\u015b\u0107 gwarantuje, \u017ce dealerzy mog\u0105 obs\u0142ugiwa\u0107 zr\u00f3\u017cnicowan\u0105 klientel\u0119 bez konieczno\u015bci zarz\u0105dzania wieloma jednostkami magazynowymi (SKU).<\/p>\n<h3>Korzy\u015bci dla dealer\u00f3w<\/h3>\n<p>Oferuj\u0105c jeden SKU, kt\u00f3ry pasuje do wielu maszyn, dealerzy mog\u0105 znacz\u0105co zmniejszy\u0107 presj\u0119 na zapasy i z\u0142o\u017cono\u015b\u0107 zarz\u0105dzania zapasami. To usprawnione podej\u015bcie nie tylko zwi\u0119ksza wydajno\u015b\u0107 operacyjn\u0105, ale tak\u017ce pozwala na szybsze reagowanie na zapotrzebowanie rynku.<\/p>\n<h2>Korzy\u015bci z \u0142a\u0144cucha dostaw i partnerstwa<\/h2>\n<h3>Si\u0142a fabryki<\/h3>\n<p>Nasze zaanga\u017cowanie w jako\u015b\u0107 znajduje odzwierciedlenie w rygorystycznych procesach kontroli jako\u015bci (QC), kt\u00f3re utrzymuj\u0105 wska\u017anik defekt\u00f3w na poziomie poni\u017cej 1%. To wyj\u0105tkowe zapewnienie jako\u015bci minimalizuje koszty logistyczne zwi\u0105zane ze zwrotami i wymianami, co ostatecznie przek\u0142ada si\u0119 na Pa\u0144stwa rentowno\u015b\u0107.<\/p>\n<h3>Us\u0142ugi dostosowywania (OEM\/ODM)<\/h3>\n<p>Oferujemy us\u0142ugi szyte na miar\u0119, obejmuj\u0105ce personalizacj\u0119 logo marki, projektowanie opakowa\u0144 oraz adaptacj\u0119 do r\u00f3\u017cnych specyfikacji wtyczek. Ta wszechstronno\u015b\u0107 pozwala skutecznie budowa\u0107 i promowa\u0107 to\u017csamo\u015b\u0107 marki, dostosowuj\u0105c si\u0119 do unikalnych preferencji rynku.<\/p>\n<h3>Wsparcie posprzeda\u017cowe<\/h3>\n<p>Nasze mo\u017cliwo\u015bci szybkiej reakcji technicznej i dostawy cz\u0119\u015bci zamiennych gwarantuj\u0105 p\u0142ynn\u0105 prac\u0119. Rozumiemy wag\u0119 szybkiego wsparcia, szczeg\u00f3lnie w dynamicznym \u015brodowisku grawerowania laserowego, dlatego nasz serwis posprzeda\u017cowy zosta\u0142 zaprojektowany tak, aby szybko i sprawnie sprosta\u0107 Pa\u0144stwa potrzebom.<\/p>\n<h2>Wnioski i wezwanie do dzia\u0142ania<\/h2>\n<p>Podsumowuj\u0105c, nie pozw\u00f3l, aby akcesoria niskiej jako\u015bci nadszarpn\u0119\u0142y reputacj\u0119 Twoich maszyn z najwy\u017cszej p\u00f3\u0142ki. Wyb\u00f3r systemu wspomagania pneumatycznego, kt\u00f3ry odpowiada jako\u015bci Twojego sprz\u0119tu, ma kluczowe znaczenie dla utrzymania zadowolenia klienta i sukcesu operacyjnego.<\/p>\n<p>Skontaktuj si\u0119 z nami ju\u017c dzi\u015b, aby zam\u00f3wi\u0107 pr\u00f3bk\u0119 do test\u00f3w lub otrzyma\u0107 najnowsze informacje o cenach hurtowych B2B. Zwi\u0119ksz swoje mo\u017cliwo\u015bci grawerowania dzi\u0119ki precyzyjnemu systemowi wspomagania pneumatycznego Ever-power i przekonaj si\u0119 o r\u00f3\u017cnicy w jako\u015bci i wydajno\u015bci.<\/p>\n<p><a href=\"https:\/\/aircompressorforlasercutter.com\/pl\/skontaktuj-sie-z-nami\/\">Skontaktuj si\u0119 z nami ju\u017c teraz!<\/a><\/p>","protected":false},"excerpt":{"rendered":"<p>Precision Air Assist for Detailed Photo Engraving The Unsung Hero in Laser Engraving In the competitive landscape of laser engraving, where technology meets artistry, it is easy to overlook the essential components that contribute to the overall quality of the finished product. While many buyers invest substantial amounts in purchasing high-end laser engraving machines, they [&hellip;]<\/p>","protected":false},"featured_media":457,"comment_status":"open","ping_status":"closed","template":"","meta":{"_et_pb_use_builder":"","_et_pb_old_content":"","_et_gb_content_width":""},"product_brand":[],"product_cat":[1093],"product_tag":[1096],"class_list":{"0":"post-482","1":"product","2":"type-product","3":"status-publish","4":"has-post-thumbnail","6":"product_cat-air-compressor-for-laser-cutter","7":"product_tag-air-compressor-for-laser-cutter-cost","9":"first","10":"instock","11":"shipping-taxable","12":"product-type-simple"},"_links":{"self":[{"href":"https:\/\/aircompressorforlasercutter.com\/pl\/wp-json\/wp\/v2\/product\/482","targetHints":{"allow":["GET"]}}],"collection":[{"href":"https:\/\/aircompressorforlasercutter.com\/pl\/wp-json\/wp\/v2\/product"}],"about":[{"href":"https:\/\/aircompressorforlasercutter.com\/pl\/wp-json\/wp\/v2\/types\/product"}],"replies":[{"embeddable":true,"href":"https:\/\/aircompressorforlasercutter.com\/pl\/wp-json\/wp\/v2\/comments?post=482"}],"wp:featuredmedia":[{"embeddable":true,"href":"https:\/\/aircompressorforlasercutter.com\/pl\/wp-json\/wp\/v2\/media\/457"}],"wp:attachment":[{"href":"https:\/\/aircompressorforlasercutter.com\/pl\/wp-json\/wp\/v2\/media?parent=482"}],"wp:term":[{"taxonomy":"product_brand","embeddable":true,"href":"https:\/\/aircompressorforlasercutter.com\/pl\/wp-json\/wp\/v2\/product_brand?post=482"},{"taxonomy":"product_cat","embeddable":true,"href":"https:\/\/aircompressorforlasercutter.com\/pl\/wp-json\/wp\/v2\/product_cat?post=482"},{"taxonomy":"product_tag","embeddable":true,"href":"https:\/\/aircompressorforlasercutter.com\/pl\/wp-json\/wp\/v2\/product_tag?post=482"}],"curies":[{"name":"wp","href":"https:\/\/api.w.org\/{rel}","templated":true}]}}