{"id":483,"date":"2026-01-14T08:26:20","date_gmt":"2026-01-14T08:26:20","guid":{"rendered":"https:\/\/aircompressorforlasercutter.com\/product\/variable-speed-air-assist-compressor-for-laser\/"},"modified":"2026-01-14T08:31:33","modified_gmt":"2026-01-14T08:31:33","slug":"variable-speed-air-assist-compressor-for-laser","status":"publish","type":"product","link":"https:\/\/aircompressorforlasercutter.com\/pl\/produkt\/variable-speed-air-assist-compressor-for-laser\/","title":{"rendered":"Kompresor pneumatyczny o zmiennej pr\u0119dko\u015bci do lasera"},"content":{"rendered":"<h1>Kompresor powietrza o zmiennej pr\u0119dko\u015bci do lasera<\/h1>\n<h2>Nieopiewany bohater za kulisami<\/h2>\n<p>Bran\u017ca grawerowania laserowego dynamicznie si\u0119 rozwija, a nabywcy inwestuj\u0105 znaczne kwoty w wysokiej jako\u015bci maszyny do grawerowania laserowego. Jednak w tym d\u0105\u017ceniu do doskona\u0142o\u015bci wielu pomija kluczowy element: spr\u0119\u017cark\u0119 powietrza wspomagaj\u0105cego. To niezb\u0119dne akcesorium nie jest jedynie dodatkiem; ma ono fundamentalny wp\u0142yw zar\u00f3wno na jako\u015b\u0107 ci\u0119cia, jak i na \u017cywotno\u015b\u0107 maszyn w trakcie eksploatacji.<\/p>\n<h2>Przegl\u0105d rynku: ignorowane, a jednak niezb\u0119dne<\/h2>\n<p>Na obecnym rynku wi\u0119kszo\u015b\u0107 kupuj\u0105cych koncentruje si\u0119 na mo\u017cliwo\u015bciach swoich grawerek laserowych, cz\u0119sto zaniedbuj\u0105c znaczenie spr\u0119\u017carki powietrza. W rzeczywisto\u015bci wspomaganie pneumatyczne to nie tylko dodatek. Ma ono bezpo\u015bredni wp\u0142yw na precyzj\u0119 ci\u0119cia, jako\u015b\u0107 gotowego produktu i og\u00f3ln\u0105 wydajno\u015b\u0107 maszyny. W transakcjach B2B wyb\u00f3r odpowiedniej spr\u0119\u017carki powietrza przek\u0142ada si\u0119 na mniejsz\u0105 liczb\u0119 reklamacji dotycz\u0105cych takich problem\u00f3w, jak \u201eniekompletne ci\u0119cia\u201d czy \u201euszkodzone soczewki\u201d, co z kolei przek\u0142ada si\u0119 na wy\u017cszy wska\u017anik retencji i zadowolenia klient\u00f3w.<\/p>\n<h2>Problemy: ukryte koszty tanich kompresor\u00f3w<\/h2>\n<h3>S\u0142aba jako\u015b\u0107 ci\u0119cia<\/h3>\n<p>U\u017cywanie spr\u0119\u017carek powietrza niskiej jako\u015bci mo\u017ce prowadzi\u0107 do znacznego spadku jako\u015bci ci\u0119cia. Niestabilny przep\u0142yw powietrza powoduje zw\u0119glenie lub przypalenie kraw\u0119dzi materia\u0142u, co negatywnie wp\u0142ywa na estetyk\u0119 produktu ko\u0144cowego. To nie tylko zmniejsza zadowolenie klient\u00f3w, ale mo\u017ce r\u00f3wnie\u017c skutkowa\u0107 utrat\u0105 mo\u017cliwo\u015bci sprzeda\u017cy.<\/p>\n<h3>Ryzyko uszkodzenia sprz\u0119tu<\/h3>\n<p>Kompresory niskiej jako\u015bci, zw\u0142aszcza te, kt\u00f3re wprowadzaj\u0105 olej do strumienia powietrza, stanowi\u0105 powa\u017cne zagro\u017cenie dla optyki lasera. Mg\u0142a olejowa mo\u017ce zanieczy\u015bci\u0107 soczewk\u0119 lasera, co mo\u017ce prowadzi\u0107 do kosztownych napraw i potencjalnych zwrot\u00f3w. Inwestycja w niezawodny system wspomagania powietrza minimalizuje to ryzyko i chroni inwestycj\u0119 operacyjn\u0105.<\/p>\n<h3>\u015arodek odstraszaj\u0105cy ha\u0142as<\/h3>\n<p>Tradycyjne spr\u0119\u017carki powietrza s\u0105 znane z wysokiego poziomu ha\u0142asu, co mo\u017ce stanowi\u0107 istotn\u0105 barier\u0119 dla u\u017cytkownik\u00f3w domowych i przestrzeni edukacyjnych. Nadmierny ha\u0142as nie tylko ogranicza u\u017cytkowanie, ale mo\u017ce r\u00f3wnie\u017c pogorszy\u0107 og\u00f3lne wra\u017cenia u\u017cytkownika. Wdra\u017caj\u0105c cichsze technologie, mo\u017cesz poszerzy\u0107 sw\u00f3j zasi\u0119g rynkowy i dotrze\u0107 do szerszego grona odbiorc\u00f3w.<\/p>\n<h2>Nasze rozwi\u0105zanie: Nowa definicja profesjonalnego wspomagania powietrznego<\/h2>\n<h3>Konstrukcja bezolejowa i bezwodna<\/h3>\n<p>Nasz kompresor pneumatyczny o zmiennej pr\u0119dko\u015bci obrotowej charakteryzuje si\u0119 bezolejow\u0105 i bezwodn\u0105 konstrukcj\u0105 100%, zapewniaj\u0105c\u0105 najwy\u017csz\u0105 ochron\u0119 soczewek laserowych. To bezobs\u0142ugowe rozwi\u0105zanie zapewnia u\u017cytkownikom ko\u0144cowym spok\u00f3j ducha, pozwalaj\u0105c im skupi\u0107 si\u0119 na swoich projektach bez obaw o integralno\u015b\u0107 sprz\u0119tu.<\/p>\n<h3>Ultracicha technologia<\/h3>\n<p>Zaprojektowany specjalnie do u\u017cytku wewn\u0105trz pomieszcze\u0144, nasz kompresor pracuje przy poziomie ha\u0142asu poni\u017cej 60 dB, co czyni go idealnym rozwi\u0105zaniem dla domowych warsztat\u00f3w i plac\u00f3wek edukacyjnych. Znacznie redukuj\u0105c poziom ha\u0142asu, poprawiamy komfort u\u017cytkowania i zach\u0119camy do szerszego stosowania technologii ci\u0119cia laserowego.<\/p>\n<h3>Solidna wydajno\u015b\u0107<\/h3>\n<p>Dzi\u0119ki sta\u0142ej wydajno\u015bci 30 l\/min, nasz kompresor gwarantuje, \u017ce nawet podczas ci\u0119cia grubych materia\u0142\u00f3w, takich jak drewno czy akryl, ci\u0119cia pozostaj\u0105 czyste i bezdymne. Ta niezawodno\u015b\u0107 przek\u0142ada si\u0119 na wy\u017csz\u0105 jako\u015b\u0107 produkt\u00f3w dla Twoich klient\u00f3w i mo\u017ce prowadzi\u0107 do wzrostu sprzeda\u017cy i lojalno\u015bci klient\u00f3w.<\/p>\n<h2>Szeroka kompatybilno\u015b\u0107: kompleksowe dopasowanie<\/h2>\n<h3>Szeroki zakres<\/h3>\n<p>Nasz kompresor jest kompatybilny z popularnymi modelami grawerek laserowych 95%, takimi jak xTool, Ortur, Atomstack i r\u00f3\u017cnymi urz\u0105dzeniami laserowymi CO2. Ta szeroka kompatybilno\u015b\u0107 pozwala na bezproblemow\u0105 integracj\u0119, redukuj\u0105c problemy z doborem odpowiednich element\u00f3w i regulacj\u0105.<\/p>\n<h3>Korzy\u015bci dla dealer\u00f3w<\/h3>\n<p>Oferuj\u0105c jeden kod SKU, kt\u00f3ry pasuje do wielu maszyn, dealerzy mog\u0105 znacznie zmniejszy\u0107 obci\u0105\u017cenie zapasami i usprawni\u0107 dzia\u0142anie. To uproszczenie nie tylko obni\u017ca koszty, ale tak\u017ce upraszcza proces sk\u0142adania zam\u00f3wie\u0144 dla sprzedawc\u00f3w detalicznych.<\/p>\n<h2>Korzy\u015bci z \u0142a\u0144cucha dostaw i partnerstwa<\/h2>\n<h3>Si\u0142a fabryki<\/h3>\n<p>Nasze rygorystyczne procesy kontroli jako\u015bci gwarantuj\u0105 wyj\u0105tkowo niski wska\u017anik defekt\u00f3w, poni\u017cej 1%. Ten wysoki standard minimalizuje liczb\u0119 zwrot\u00f3w i wymian, oszcz\u0119dzaj\u0105c Pa\u0144stwu koszty logistyczne i zwi\u0119kszaj\u0105c zadowolenie klient\u00f3w.<\/p>\n<h3>Us\u0142ugi dostosowywania (OEM\/ODM)<\/h3>\n<p>Oferujemy kompleksowe opcje personalizacji, w tym aplikacj\u0119 logo marki, projekt opakowania oraz zgodno\u015b\u0107 z r\u00f3\u017cnymi mi\u0119dzynarodowymi specyfikacjami wtyczek. Ta elastyczno\u015b\u0107 pomaga Ci budowa\u0107 unikaln\u0105 to\u017csamo\u015b\u0107 marki na konkurencyjnym rynku.<\/p>\n<h3>Wsparcie posprzeda\u017cowe<\/h3>\n<p>Nasze zaanga\u017cowanie w obs\u0142ug\u0119 klienta obejmuje szybkie wsparcie techniczne i dost\u0119pno\u015b\u0107 cz\u0119\u015bci zamiennych. Dzi\u0119ki temu Twoja dzia\u0142alno\u015b\u0107 pozostanie nieprzerwana, co dodatkowo wzmocni zaufanie klient\u00f3w do Twojej marki.<\/p>\n<h2>Wnioski i wezwanie do dzia\u0142ania<\/h2>\n<p>Nie pozw\u00f3l, aby podzespo\u0142y niskiej jako\u015bci zaszkodzi\u0142y reputacji Twoich wysokiej klasy maszyn. Wybierz spr\u0119\u017cark\u0119 powietrza, kt\u00f3ra odpowiada jako\u015bci Twojego sprz\u0119tu i zwi\u0119kszy potencja\u0142 Twojej firmy.<\/p>\n<p>Skontaktuj si\u0119 z nami ju\u017c teraz, aby otrzyma\u0107 pr\u00f3bk\u0119 lub najnowsze ceny hurtowe B2B. Odwied\u017a <a href=\"https:\/\/aircompressorforlasercutter.com\/pl\/skontaktuj-sie-z-nami\/\">Tutaj<\/a> wyci\u0105gn\u0105\u0107 r\u0119k\u0119.<\/p>","protected":false},"excerpt":{"rendered":"<p>Variable Speed Air Assist Compressor for Laser The Unsung Hero Behind the Scenes The laser engraving industry is burgeoning, with buyers investing substantial amounts in high-quality laser engraving machines. However, in this pursuit of excellence, many overlook a crucial component: the air assist compressor. This essential accessory is not simply an add-on; it fundamentally impacts [&hellip;]<\/p>","protected":false},"featured_media":457,"comment_status":"open","ping_status":"closed","template":"","meta":{"_et_pb_use_builder":"","_et_pb_old_content":"","_et_gb_content_width":""},"product_brand":[],"product_cat":[1093],"product_tag":[1094],"class_list":{"0":"post-483","1":"product","2":"type-product","3":"status-publish","4":"has-post-thumbnail","6":"product_cat-air-compressor-for-laser-cutter","7":"product_tag-air-compressor-for-laser-cutter","9":"first","10":"instock","11":"shipping-taxable","12":"product-type-simple"},"_links":{"self":[{"href":"https:\/\/aircompressorforlasercutter.com\/pl\/wp-json\/wp\/v2\/product\/483","targetHints":{"allow":["GET"]}}],"collection":[{"href":"https:\/\/aircompressorforlasercutter.com\/pl\/wp-json\/wp\/v2\/product"}],"about":[{"href":"https:\/\/aircompressorforlasercutter.com\/pl\/wp-json\/wp\/v2\/types\/product"}],"replies":[{"embeddable":true,"href":"https:\/\/aircompressorforlasercutter.com\/pl\/wp-json\/wp\/v2\/comments?post=483"}],"wp:featuredmedia":[{"embeddable":true,"href":"https:\/\/aircompressorforlasercutter.com\/pl\/wp-json\/wp\/v2\/media\/457"}],"wp:attachment":[{"href":"https:\/\/aircompressorforlasercutter.com\/pl\/wp-json\/wp\/v2\/media?parent=483"}],"wp:term":[{"taxonomy":"product_brand","embeddable":true,"href":"https:\/\/aircompressorforlasercutter.com\/pl\/wp-json\/wp\/v2\/product_brand?post=483"},{"taxonomy":"product_cat","embeddable":true,"href":"https:\/\/aircompressorforlasercutter.com\/pl\/wp-json\/wp\/v2\/product_cat?post=483"},{"taxonomy":"product_tag","embeddable":true,"href":"https:\/\/aircompressorforlasercutter.com\/pl\/wp-json\/wp\/v2\/product_tag?post=483"}],"curies":[{"name":"wp","href":"https:\/\/api.w.org\/{rel}","templated":true}]}}