{"id":484,"date":"2026-01-14T08:26:20","date_gmt":"2026-01-14T08:26:20","guid":{"rendered":"https:\/\/aircompressorforlasercutter.com\/product\/50w-electromagnetic-air-pump-for-laser-assist\/"},"modified":"2026-01-14T08:31:20","modified_gmt":"2026-01-14T08:31:20","slug":"50w-electromagnetic-air-pump-for-laser-assist","status":"publish","type":"product","link":"https:\/\/aircompressorforlasercutter.com\/pl\/produkt\/pompa-powietrza-elektromagnetycznego-50-w-do-wspomagania-laserowego\/","title":{"rendered":"Pompa powietrza elektromagnetycznego 50W do wspomagania laserowego"},"content":{"rendered":"<h2>1. T\u0142o: pomijany komponent<\/h2>\n<p>Na dynamicznie rozwijaj\u0105cym si\u0119 rynku grawerowania i ci\u0119cia laserowego, klienci cz\u0119sto inwestuj\u0105 znaczne kwoty w wysokiej klasy urz\u0105dzenia laserowe. Jednak kluczowy element \u2013 \u200b\u200bpompa powietrza \u2013 pozostaje w du\u017cej mierze pomijany. To niedopatrzenie mo\u017ce znacz\u0105co wp\u0142yn\u0105\u0107 na wydajno\u015b\u0107 operacyjn\u0105 i jako\u015b\u0107 gotowych produkt\u00f3w.<\/p>\n<p>Wspomaganie pneumatyczne to nie tylko dodatek; ma ono bezpo\u015bredni wp\u0142yw na ostateczn\u0105 jako\u015b\u0107 ci\u0119cia i \u017cywotno\u015b\u0107 maszyny. Dobrze dobrana pompa powietrza mo\u017ce poprawi\u0107 wydajno\u015b\u0107, przyczyniaj\u0105c si\u0119 do doskona\u0142ych rezultat\u00f3w ci\u0119cia i zapewniaj\u0105c p\u0142ynn\u0105 prac\u0119 maszyny przez d\u0142ugi czas.<\/p>\n<p><img loading=\"lazy\" decoding=\"async\" class=\"wp-image-458 size-full aligncenter\" src=\"https:\/\/aircompressorforlasercutter.com\/wp-content\/uploads\/2026\/01\/Air-Compressor-For-Laser-Cutter6.webp\" alt=\"Kompresor powietrza do przecinarki laserowej\" width=\"800\" height=\"800\" srcset=\"https:\/\/aircompressorforlasercutter.com\/wp-content\/uploads\/2026\/01\/Air-Compressor-For-Laser-Cutter6.webp 800w, https:\/\/aircompressorforlasercutter.com\/wp-content\/uploads\/2026\/01\/Air-Compressor-For-Laser-Cutter6-480x480.webp 480w\" sizes=\"auto, (min-width: 0px) and (max-width: 480px) 480px, (min-width: 481px) 800px, 100vw\" \/><\/p>\n<h2>Wgl\u0105d podstawowy: warto\u015b\u0107 biznesowa pomocy lotniczej<\/h2>\n<p>Dla dystrybutor\u00f3w wyb\u00f3r odpowiedniej pompki powietrza przek\u0142ada si\u0119 na wymierne korzy\u015bci: mniejsz\u0105 liczb\u0119 skarg klient\u00f3w dotycz\u0105cych takich problem\u00f3w, jak \u201eniekompletne ci\u0119cia\u201d czy \u201euszkodzone soczewki\u201d, co ostatecznie przek\u0142ada si\u0119 na wy\u017cszy wska\u017anik retencji klient\u00f3w. Zrozumienie tego zwi\u0105zku mo\u017ce pom\u00f3c firmom w \u015bwiadczeniu lepszych us\u0142ug, jednocze\u015bnie wzmacniaj\u0105c ich reputacj\u0119 na rynku.<\/p>\n<h2>2. Analiza punkt\u00f3w zapalnych: ukryte koszty tanich pomp powietrza<\/h2>\n<h3>S\u0142aba jako\u015b\u0107 ci\u0119cia<\/h3>\n<p>Inwestycja w tani\u0105 pomp\u0119 powietrza cz\u0119sto skutkuje niestabilnym przep\u0142ywem powietrza, co prowadzi do przypalenia kraw\u0119dzi materia\u0142\u00f3w i zmniejszenia wydajno\u015bci ci\u0119cia. Ta rozbie\u017cno\u015b\u0107 nie tylko wp\u0142ywa na estetyk\u0119 produktu ko\u0144cowego, ale mo\u017ce r\u00f3wnie\u017c zmniejszy\u0107 zadowolenie klienta.<\/p>\n<h3>Ryzyko uszkodzenia sprz\u0119tu<\/h3>\n<p>Pompy powietrza niskiej jako\u015bci, zw\u0142aszcza te na bazie oleju, maj\u0105 tendencj\u0119 do wydzielania mg\u0142y olejowej lub wilgoci, zanieczyszczaj\u0105cej soczewki laserowe. Takie uszkodzenia mog\u0105 skutkowa\u0107 kosztownymi naprawami i zwrotami, co obci\u0105\u017ca bud\u017cety operacyjne.<\/p>\n<h3>\u015arodek odstraszaj\u0105cy ha\u0142as<\/h3>\n<p>Tradycyjne spr\u0119\u017carki powietrza s\u0105 znane z wysokiego poziomu ha\u0142asu, co mo\u017ce zniech\u0119ca\u0107 u\u017cytkownik\u00f3w domowych i utrudnia\u0107 realizacj\u0119 projekt\u00f3w DIY w plac\u00f3wkach edukacyjnych. To ograniczenie zaw\u0119\u017ca potencjaln\u0105 baz\u0119 klient\u00f3w i ogranicza mo\u017cliwo\u015bci sprzeda\u017cy.<\/p>\n<h2>3. Nasze rozwi\u0105zanie: Nowa definicja \u201eprofesjonalnej\u201d pomocy lotniczej<\/h2>\n<h3>Konstrukcja bezolejowa i bezwodna<\/h3>\n<p>Nasza elektromagnetyczna pompka powietrza o mocy 50 W jest wyposa\u017cona w bezolejow\u0105 i bezwodn\u0105 konstrukcj\u0119 100%, co zapewnia najwy\u017csz\u0105 ochron\u0119 soczewek laserowych. U\u017cytkownicy ko\u0144cowi mog\u0105 cieszy\u0107 si\u0119 bezobs\u0142ugow\u0105 prac\u0105, co zapewnia spok\u00f3j ducha i oszcz\u0119dno\u015b\u0107 czasu.<\/p>\n<h3>Ultracicha technologia<\/h3>\n<p>Zaprojektowana specjalnie do u\u017cytku w pomieszczeniach i domowym studiu, nasza pompka powietrza pracuje imponuj\u0105co cicho (&lt;60 dB). To udoskonalenie znacz\u0105co poprawia komfort u\u017cytkowania, czyni\u0105c j\u0105 idealn\u0105 zar\u00f3wno do zastosowa\u0144 osobistych, jak i edukacyjnych.<\/p>\n<h3>Solidna wydajno\u015b\u0107<\/h3>\n<p>Zapewniaj\u0105c ci\u0105g\u0142y i stabilny przep\u0142yw powietrza na poziomie 30 l\/min, nasza pompa gwarantuje czyste i bezdymne ci\u0119cia, nawet podczas pracy z grubym drewnem lub materia\u0142ami akrylowymi. Taka wydajno\u015b\u0107 gwarantuje, \u017ce ka\u017cdy projekt spe\u0142nia wysokie standardy jako\u015bci.<\/p>\n<h2>4. Szeroka kompatybilno\u015b\u0107: kompleksowe dopasowanie<\/h2>\n<h3>Szeroki zakres zastosowa\u0144<\/h3>\n<p>Nasza pompa powietrza jest w pe\u0142ni kompatybilna z popularnymi modelami 95% dost\u0119pnymi na rynku, takimi jak xTool, Ortur, Atomstack i r\u00f3\u017cnymi urz\u0105dzeniami laserowymi CO2. Ta wszechstronno\u015b\u0107 pozwala firmom obs\u0142ugiwa\u0107 szersz\u0105 baz\u0119 klient\u00f3w bez kompromis\u00f3w w zakresie jako\u015bci.<\/p>\n<h3>Korzy\u015bci dla dystrybutor\u00f3w<\/h3>\n<p>Oferuj\u0105c jeden SKU, kt\u00f3ry pasuje do wielu maszyn, dystrybutorzy mog\u0105 znacz\u0105co zmniejszy\u0107 presj\u0119 na zapasy i z\u0142o\u017cono\u015b\u0107 zarz\u0105dzania zapasami. Taka efektywno\u015b\u0107 przek\u0142ada si\u0119 na usprawnienie operacji i wzrost rentowno\u015bci.<\/p>\n<h2>5. Zalety \u0142a\u0144cucha dostaw i wsp\u00f3\u0142pracy<\/h2>\n<h3>Si\u0142a fabryki<\/h3>\n<p>Nasze rygorystyczne procesy kontroli jako\u015bci gwarantuj\u0105 wyj\u0105tkowo niski wska\u017anik defekt\u00f3w (&lt;1%), co pomaga zminimalizowa\u0107 koszty logistyczne zwi\u0105zane ze zwrotami i wymian\u0105. Ta niezawodno\u015b\u0107 jest podstaw\u0105 naszego zaanga\u017cowania wobec partner\u00f3w i klient\u00f3w.<\/p>\n<h3>Us\u0142ugi dostosowywania (OEM\/ODM)<\/h3>\n<p>Wspieramy dostosowywanie logo marki, projektowanie opakowa\u0144 i specyfikacji wtyczek do wymaga\u0144 r\u00f3\u017cnych kraj\u00f3w, umo\u017cliwiaj\u0105c Ci budowanie rozpoznawalno\u015bci marki na konkurencyjnym rynku.<\/p>\n<h3>Wsparcie posprzeda\u017cowe<\/h3>\n<p>Nasza b\u0142yskawiczna reakcja techniczna i mo\u017cliwo\u015b\u0107 dostawy cz\u0119\u015bci zamiennych gwarantuj\u0105 nieprzerwan\u0105 dzia\u0142alno\u015b\u0107 Twojej firmy, wzmacniaj\u0105c Twoje zaufanie do naszej marki.<\/p>\n<h2>6. Wnioski i wezwanie do dzia\u0142ania (CTA)<\/h2>\n<p>Nie pozw\u00f3l, aby podzespo\u0142y niskiej jako\u015bci zniszczy\u0142y reputacj\u0119 Twoich wysokiej klasy maszyn. Wyb\u00f3r pompy powietrza, kt\u00f3ra odpowiada jako\u015bci Twojego sprz\u0119tu, jest kluczowy dla utrzymania zadowolenia i lojalno\u015bci klient\u00f3w.<\/p>\n<p>Skontaktuj si\u0119 z nami ju\u017c dzi\u015b, aby zam\u00f3wi\u0107 pr\u00f3bk\u0119 do test\u00f3w lub uzyska\u0107 aktualne ceny hurtowe B2B. Pozw\u00f3l Ever-power sta\u0107 si\u0119 Twoim zaufanym partnerem w d\u0105\u017ceniu do doskona\u0142o\u015bci operacyjnej.<\/p>\n<p style=\"text-align: center;\"><span style=\"font-size: 18pt;\"><a href=\"https:\/\/aircompressorforlasercutter.com\/pl\/skontaktuj-sie-z-nami\/\">Skontaktuj si\u0119 z nami<\/a><\/span><\/p>","protected":false},"excerpt":{"rendered":"<p>1. Background: The Overlooked Component In the rapidly evolving market of laser engraving and cutting, buyers often invest substantial amounts of capital in high-end laser machines. However, a critical component??the air pump??remains largely overlooked. This oversight can significantly impact operational efficiency and the quality of finished products. Air assistance is not merely an accessory; it [&hellip;]<\/p>","protected":false},"featured_media":457,"comment_status":"open","ping_status":"closed","template":"","meta":{"_et_pb_use_builder":"","_et_pb_old_content":"","_et_gb_content_width":""},"product_brand":[],"product_cat":[1093],"product_tag":[1095],"class_list":{"0":"post-484","1":"product","2":"type-product","3":"status-publish","4":"has-post-thumbnail","6":"product_cat-air-compressor-for-laser-cutter","7":"product_tag-air-compressor-for-laser-cutter-price","9":"first","10":"instock","11":"shipping-taxable","12":"product-type-simple"},"_links":{"self":[{"href":"https:\/\/aircompressorforlasercutter.com\/pl\/wp-json\/wp\/v2\/product\/484","targetHints":{"allow":["GET"]}}],"collection":[{"href":"https:\/\/aircompressorforlasercutter.com\/pl\/wp-json\/wp\/v2\/product"}],"about":[{"href":"https:\/\/aircompressorforlasercutter.com\/pl\/wp-json\/wp\/v2\/types\/product"}],"replies":[{"embeddable":true,"href":"https:\/\/aircompressorforlasercutter.com\/pl\/wp-json\/wp\/v2\/comments?post=484"}],"wp:featuredmedia":[{"embeddable":true,"href":"https:\/\/aircompressorforlasercutter.com\/pl\/wp-json\/wp\/v2\/media\/457"}],"wp:attachment":[{"href":"https:\/\/aircompressorforlasercutter.com\/pl\/wp-json\/wp\/v2\/media?parent=484"}],"wp:term":[{"taxonomy":"product_brand","embeddable":true,"href":"https:\/\/aircompressorforlasercutter.com\/pl\/wp-json\/wp\/v2\/product_brand?post=484"},{"taxonomy":"product_cat","embeddable":true,"href":"https:\/\/aircompressorforlasercutter.com\/pl\/wp-json\/wp\/v2\/product_cat?post=484"},{"taxonomy":"product_tag","embeddable":true,"href":"https:\/\/aircompressorforlasercutter.com\/pl\/wp-json\/wp\/v2\/product_tag?post=484"}],"curies":[{"name":"wp","href":"https:\/\/api.w.org\/{rel}","templated":true}]}}