{"id":485,"date":"2026-01-14T08:26:21","date_gmt":"2026-01-14T08:26:21","guid":{"rendered":"https:\/\/aircompressorforlasercutter.com\/product\/air-compressor-with-tube-fittings-for-laser-cutter\/"},"modified":"2026-01-14T08:26:21","modified_gmt":"2026-01-14T08:26:21","slug":"air-compressor-with-tube-fittings-for-laser-cutter","status":"publish","type":"product","link":"https:\/\/aircompressorforlasercutter.com\/pl\/produkt\/sprezarka-powietrza-z-przylaczami-rurowymi-do-przecinarki-laserowej\/","title":{"rendered":"Kompresor powietrza z przy\u0142\u0105czami rurowymi do przecinarki laserowej"},"content":{"rendered":"<h1>Kompresor powietrza z przy\u0142\u0105czami rurowymi do przecinarki laserowej: Nieopiewany bohater<\/h1>\n<h2>Wprowadzenie: Nieopiewany bohater<\/h2>\n<p>W \u015bwiecie ci\u0119cia i grawerowania laserowego, nacisk cz\u0119sto k\u0142adziony jest na sam\u0105 maszyn\u0119 laserow\u0105. Kupuj\u0105cy inwestuj\u0105 znaczne kwoty w zaawansowan\u0105 technologi\u0119 grawerowania laserowego, a jednocze\u015bnie cz\u0119sto pomijaj\u0105 istotn\u0105 rol\u0119 spr\u0119\u017carki powietrza. Ten kluczowy element, cho\u0107 cz\u0119sto traktowany jako dodatek, odgrywa kluczow\u0105 rol\u0119 w okre\u015blaniu jako\u015bci ci\u0119cia i trwa\u0142o\u015bci urz\u0105dzenia.<\/p>\n<p>Wspomaganie pneumatyczne to nie tylko funkcja dodatkowa; to kluczowy czynnik, kt\u00f3ry bezpo\u015brednio wp\u0142ywa zar\u00f3wno na ostateczn\u0105 jako\u015b\u0107 ci\u0119cia, jak i \u017cywotno\u015b\u0107 urz\u0105dzenia. Niezawodny kompresor powietrza mo\u017ce znacz\u0105co zwi\u0119kszy\u0107 wydajno\u015b\u0107 i efektywno\u015b\u0107 pracy Twojej wycinarki laserowej.<\/p>\n<h2>Warto\u015b\u0107 podstawowa: przewaga B2B<\/h2>\n<p>Dla dystrybutor\u00f3w wyb\u00f3r wyj\u0105tkowej pompy powietrza przek\u0142ada si\u0119 na znacz\u0105ce zmniejszenie liczby skarg klient\u00f3w dotycz\u0105cych takich problem\u00f3w, jak \u201eniedostateczne ci\u0119cie\u201d czy \u201euszkodzone soczewki\u201d. Ta poprawa bezpo\u015brednio przek\u0142ada si\u0119 na wy\u017cszy wska\u017anik utrzymania klient\u00f3w. Zapewniaj\u0105c klientom wysokiej jako\u015bci spr\u0119\u017cark\u0119 powietrza, zapewniasz im wy\u017cszy poziom satysfakcji i zmniejszasz liczb\u0119 problem\u00f3w posprzeda\u017cowych.<\/p>\n<h2>Problemy: ukryte koszty tanich pomp powietrza<\/h2>\n<h3>S\u0142aba jako\u015b\u0107 ci\u0119cia<\/h3>\n<p>U\u017cycie pompy powietrza niskiej jako\u015bci mo\u017ce prowadzi\u0107 do niestabilnego przep\u0142ywu powietrza, co skutkuje przypaleniem kraw\u0119dzi materia\u0142\u00f3w i obni\u017con\u0105 wydajno\u015bci\u0105 ci\u0119cia. Ma to wp\u0142yw nie tylko na natychmiastowy efekt, ale r\u00f3wnie\u017c na atrakcyjno\u015b\u0107 rynkow\u0105 produktu ko\u0144cowego. Klienci mog\u0105 uzna\u0107 swoje produkty za mniej atrakcyjne ze wzgl\u0119du na gorsz\u0105 jako\u015b\u0107 wyko\u0144czenia.<\/p>\n<h3>Ryzyko uszkodzenia sprz\u0119tu<\/h3>\n<p>Niedrogie pompy powietrza, zw\u0142aszcza te nasycone olejem, mog\u0105 wydziela\u0107 mg\u0142\u0119 olejow\u0105 lub wilgo\u0107, zanieczyszczaj\u0105c optyk\u0119 lasera. Zanieczyszczenie to mo\u017ce prowadzi\u0107 do kosztownych napraw i zwrot\u00f3w, obci\u0105\u017caj\u0105c dystrybutor\u00f3w nieoczekiwanymi wydatkami i obni\u017caj\u0105c mar\u017ce zysku.<\/p>\n<h3>Zak\u0142\u00f3cenia ha\u0142asu<\/h3>\n<p>Tradycyjne spr\u0119\u017carki powietrza s\u0105 znane z wysokiego poziomu ha\u0142asu, kt\u00f3ry mo\u017ce zniech\u0119ca\u0107 u\u017cytkownik\u00f3w domowych i tw\u00f3rc\u00f3w w przestrzeniach edukacyjnych. G\u0142o\u015bna praca ogranicza potencjaln\u0105 baz\u0119 klient\u00f3w i zmniejsza szanse sprzeda\u017cy. Dlatego ciche rozwi\u0105zanie jest niezb\u0119dne, aby dotrze\u0107 do tych rynk\u00f3w.<\/p>\n<h2>Nasze rozwi\u0105zanie: Nowa definicja \u201eprofesjonalnej\u201d pomocy lotniczej<\/h2>\n<h3>Konstrukcja bezolejowa i bezwodna<\/h3>\n<p>Nasz kompresor powietrza charakteryzuje si\u0119 konstrukcj\u0105 100%, bezolejow\u0105 i bezwodn\u0105, \u200b\u200bzapewniaj\u0105c\u0105 pe\u0142n\u0105 ochron\u0119 soczewek laserowych. Przek\u0142ada si\u0119 to na minimaln\u0105 konserwacj\u0119 dla u\u017cytkownik\u00f3w ko\u0144cowych, oszcz\u0119dzaj\u0105c im czas i wysi\u0142ek, a jednocze\u015bnie maksymalizuj\u0105c wydajno\u015b\u0107 operacyjn\u0105.<\/p>\n<h3>Ultracicha technologia<\/h3>\n<p>Zaprojektowany specjalnie do zastosowa\u0144 w pomieszczeniach i domowym studiu, nasz kompresor pracuje z imponuj\u0105co niskim poziomem ha\u0142asu, poni\u017cej 60 dB. Ta innowacja znacz\u0105co poprawia komfort u\u017cytkowania, zapewniaj\u0105c cichsze \u015brodowisko pracy, dzi\u0119ki czemu nadaje si\u0119 zar\u00f3wno do zastosowa\u0144 domowych, jak i edukacyjnych.<\/p>\n<h3>Pot\u0119\u017cna wydajno\u015b\u0107<\/h3>\n<p>Dzi\u0119ki du\u017cej wydajno\u015bci 30 l\/min, nasz kompresor powietrza gwarantuje sta\u0142y i stabilny przep\u0142yw powietrza. Niezale\u017cnie od tego, czy tniemy grube drewno, czy akryl, zapewnia on czyste, bezdymne ci\u0119cia, podnosz\u0105c tym samym jako\u015b\u0107 gotowego produktu.<\/p>\n<h2>Szeroka kompatybilno\u015b\u0107: kompleksowe dopasowanie<\/h2>\n<h3>Szeroki zakres zastosowa\u0144<\/h3>\n<p>Nasz kompresor powietrza zosta\u0142 zaprojektowany tak, aby idealnie pasowa\u0142 do popularnych modeli 95% dost\u0119pnych na rynku, w tym xTool, Ortur, Atomstack i r\u00f3\u017cnych urz\u0105dze\u0144 laserowych CO2. Ta wszechstronno\u015b\u0107 gwarantuje, \u017ce Twoi klienci mog\u0105 bezproblemowo korzysta\u0107 z naszego produktu w po\u0142\u0105czeniu z posiadanym sprz\u0119tem.<\/p>\n<h3>Korzy\u015bci dla dystrybutor\u00f3w<\/h3>\n<p>Dzi\u0119ki tylko jednemu SKU kompatybilnemu z wieloma maszynami mo\u017cesz znacznie zmniejszy\u0107 presj\u0119 na zapasy i z\u0142o\u017cono\u015b\u0107 procesu. To usprawnione podej\u015bcie nie tylko upraszcza logistyk\u0119, ale tak\u017ce optymalizuje zarz\u0105dzanie zapasami, zapewniaj\u0105c lepszy przep\u0142yw got\u00f3wki i wydajno\u015b\u0107 operacyjn\u0105.<\/p>\n<h2>Korzy\u015bci z \u0142a\u0144cucha dostaw i partnerstwa<\/h2>\n<h3>Si\u0142a fabryki<\/h3>\n<p>Nasze rygorystyczne procesy kontroli jako\u015bci (QC) gwarantuj\u0105 niezwykle niski wska\u017anik defekt\u00f3w, poni\u017cej 1%. To zaanga\u017cowanie w jako\u015b\u0107 pozwala zaoszcz\u0119dzi\u0107 na kosztach logistycznych zwi\u0105zanych ze zwrotami i wymianami, co ostatecznie przek\u0142ada si\u0119 na popraw\u0119 wynik\u00f3w finansowych.<\/p>\n<h3>Us\u0142ugi niestandardowe (OEM\/ODM)<\/h3>\n<p>Oferujemy opcje personalizacji, takie jak branding z Twoim logo, spersonalizowane projekty opakowa\u0144 oraz r\u00f3\u017cne specyfikacje wtyczek, dopasowane do r\u00f3\u017cnych kraj\u00f3w. Ta elastyczno\u015b\u0107 pozwala Ci stworzy\u0107 wyj\u0105tkow\u0105 identyfikacj\u0119 marki, kt\u00f3ra rezonuje z Twoim rynkiem docelowym.<\/p>\n<h3>Wsparcie posprzeda\u017cowe<\/h3>\n<p>Nasze mo\u017cliwo\u015bci szybkiej reakcji technicznej i dostawy cz\u0119\u015bci zamiennych gwarantuj\u0105, \u017ce Pa\u0144stwa klienci otrzymaj\u0105 potrzebn\u0105 pomoc bez znacz\u0105cych op\u00f3\u017anie\u0144. Taki poziom wsparcia zwi\u0119ksza zadowolenie klient\u00f3w i sprzyja d\u0142ugoterminowym relacjom biznesowym.<\/p>\n<h2>Wnioski i wezwanie do dzia\u0142ania<\/h2>\n<p>Nie pozw\u00f3l, aby kiepskiej jako\u015bci akcesoria zaszkodzi\u0142y reputacji Twoich wysokiej klasy urz\u0105dze\u0144. Wyb\u00f3r spr\u0119\u017carki powietrza, kt\u00f3ra odpowiada jako\u015bci Twojego sprz\u0119tu, jest kluczowy dla utrzymania zadowolenia i lojalno\u015bci klient\u00f3w.<\/p>\n<p>Skontaktuj si\u0119 z nami ju\u017c dzi\u015b, aby zam\u00f3wi\u0107 testy pr\u00f3bek lub uzyska\u0107 najnowszy cennik hurtowy B2B. Ulepsz swoj\u0105 ofert\u0119 dzi\u0119ki naszym najwy\u017cszej klasy rozwi\u0105zaniom w zakresie spr\u0119\u017carek powietrza.<\/p>\n<p><a href=\"https:\/\/aircompressorforlasercutter.com\/pl\/skontaktuj-sie-z-nami\/\">Kliknij tutaj, aby si\u0119 z nami skontaktowa\u0107.<\/a><\/p>","protected":false},"excerpt":{"rendered":"<p>Air Compressor with Tube Fittings for Laser Cutter: The Unsung Hero Introduction: The Unsung Hero In the world of laser cutting and engraving, the focus often lies on the laser machine itself. Buyers invest significant sums in advanced laser engraving technology, yet they frequently overlook the essential role of an air compressor. This vital component, [&hellip;]<\/p>","protected":false},"featured_media":457,"comment_status":"open","ping_status":"closed","template":"","meta":{"_et_pb_use_builder":"","_et_pb_old_content":"","_et_gb_content_width":""},"product_brand":[],"product_cat":[1093],"product_tag":[1096],"class_list":{"0":"post-485","1":"product","2":"type-product","3":"status-publish","4":"has-post-thumbnail","6":"product_cat-air-compressor-for-laser-cutter","7":"product_tag-air-compressor-for-laser-cutter-cost","9":"first","10":"instock","11":"shipping-taxable","12":"product-type-simple"},"_links":{"self":[{"href":"https:\/\/aircompressorforlasercutter.com\/pl\/wp-json\/wp\/v2\/product\/485","targetHints":{"allow":["GET"]}}],"collection":[{"href":"https:\/\/aircompressorforlasercutter.com\/pl\/wp-json\/wp\/v2\/product"}],"about":[{"href":"https:\/\/aircompressorforlasercutter.com\/pl\/wp-json\/wp\/v2\/types\/product"}],"replies":[{"embeddable":true,"href":"https:\/\/aircompressorforlasercutter.com\/pl\/wp-json\/wp\/v2\/comments?post=485"}],"wp:featuredmedia":[{"embeddable":true,"href":"https:\/\/aircompressorforlasercutter.com\/pl\/wp-json\/wp\/v2\/media\/457"}],"wp:attachment":[{"href":"https:\/\/aircompressorforlasercutter.com\/pl\/wp-json\/wp\/v2\/media?parent=485"}],"wp:term":[{"taxonomy":"product_brand","embeddable":true,"href":"https:\/\/aircompressorforlasercutter.com\/pl\/wp-json\/wp\/v2\/product_brand?post=485"},{"taxonomy":"product_cat","embeddable":true,"href":"https:\/\/aircompressorforlasercutter.com\/pl\/wp-json\/wp\/v2\/product_cat?post=485"},{"taxonomy":"product_tag","embeddable":true,"href":"https:\/\/aircompressorforlasercutter.com\/pl\/wp-json\/wp\/v2\/product_tag?post=485"}],"curies":[{"name":"wp","href":"https:\/\/api.w.org\/{rel}","templated":true}]}}