{"id":486,"date":"2026-01-14T08:26:21","date_gmt":"2026-01-14T08:26:21","guid":{"rendered":"https:\/\/aircompressorforlasercutter.com\/product\/diode-laser-air-assist-system-with-adjustable-knob\/"},"modified":"2026-01-14T08:29:15","modified_gmt":"2026-01-14T08:29:15","slug":"diode-laser-air-assist-system-with-adjustable-knob","status":"publish","type":"product","link":"https:\/\/aircompressorforlasercutter.com\/pl\/produkt\/system-wspomagania-powietrznego-laserem-diodowym-z-regulowanym-pokretlem\/","title":{"rendered":"System wspomagania powietrznego laserem diodowym z regulowanym pokr\u0119t\u0142em"},"content":{"rendered":"<h1><span style=\"font-size: 26px;\">1. T\u0142o: pomijane elementy podstawowe<\/span><\/h1>\n<p>Na dzisiejszym konkurencyjnym rynku wielu nabywc\u00f3w inwestuje znaczne \u015brodki w zaawansowane maszyny do grawerowania laserowego, cz\u0119sto ignoruj\u0105c kluczowy element: system wspomagania pneumatycznego. Cho\u0107 wycinarka laserowa mo\u017ce by\u0107 gwiazd\u0105 tego zestawienia, pompa powietrza odgrywa kluczow\u0105 rol\u0119 w zwi\u0119kszaniu wydajno\u015bci i trwa\u0142o\u015bci. Wspomaganie pneumatyczne to nie tylko dodatek; ma ono bezpo\u015bredni wp\u0142yw na ostateczn\u0105 jako\u015b\u0107 ci\u0119cia i \u017cywotno\u015b\u0107 maszyny.<\/p>\n<p>Dla klient\u00f3w B2B wyb\u00f3r odpowiedniej pompki powietrza oznacza mniej skarg dotycz\u0105cych np. niekompletnych skalecze\u0144 lub uszkodzonych soczewek, co ostatecznie przek\u0142ada si\u0119 na wy\u017cszy wska\u017anik utrzymania klient\u00f3w.<\/p>\n<p><img loading=\"lazy\" decoding=\"async\" class=\"wp-image-455 size-full aligncenter\" src=\"https:\/\/aircompressorforlasercutter.com\/wp-content\/uploads\/2026\/01\/Air-Compressor-For-Laser-Cutter2.webp\" alt=\"Kompresor powietrza do przecinarki laserowej\" width=\"800\" height=\"800\" srcset=\"https:\/\/aircompressorforlasercutter.com\/wp-content\/uploads\/2026\/01\/Air-Compressor-For-Laser-Cutter2.webp 800w, https:\/\/aircompressorforlasercutter.com\/wp-content\/uploads\/2026\/01\/Air-Compressor-For-Laser-Cutter2-480x480.webp 480w\" sizes=\"auto, (min-width: 0px) and (max-width: 480px) 480px, (min-width: 481px) 800px, 100vw\" \/><\/p>\n<h2>2. Analiza punkt\u00f3w zapalnych: ukryte koszty tanich pomp powietrza<\/h2>\n<h3>S\u0142aba jako\u015b\u0107 ci\u0119cia<\/h3>\n<p>U\u017cycie taniej pompy powietrza mo\u017ce skutkowa\u0107 niestabilnym przep\u0142ywem powietrza, co prowadzi do przypalenia kraw\u0119dzi i zmniejszenia wydajno\u015bci ci\u0119cia. To pogorszenie nie tylko wp\u0142ywa na natychmiastowy efekt, ale r\u00f3wnie\u017c negatywnie wp\u0142ywa na estetyk\u0119 produktu ko\u0144cowego. Mo\u017ce to mie\u0107 dalekosi\u0119\u017cne skutki, wp\u0142ywaj\u0105c na zadowolenie klient\u00f3w i powtarzalno\u015b\u0107 zam\u00f3wie\u0144.<\/p>\n<h3>Ryzyko uszkodzenia sprz\u0119tu<\/h3>\n<p>Pompy niskiej jako\u015bci, zw\u0142aszcza te smarowane olejem, mog\u0105 uwalnia\u0107 mg\u0142\u0119 olejow\u0105 lub wilgo\u0107, kt\u00f3ra zanieczyszcza soczewk\u0119 lasera. Zanieczyszczenie to mo\u017ce prowadzi\u0107 do kosztownych napraw i zwrot\u00f3w, obni\u017caj\u0105c mar\u017c\u0119 zysku dystrybutor\u00f3w, kt\u00f3rzy polegaj\u0105 na wysokiej jako\u015bci maszynach.<\/p>\n<h3>Odstraszanie ha\u0142asem<\/h3>\n<p>Tradycyjne spr\u0119\u017carki powietrza mog\u0105 generowa\u0107 nadmierny ha\u0142as, co ogranicza ich zastosowanie w warunkach domowych i w edukacji kreatywnej. Takie ograniczenia ograniczaj\u0105 potencjalny rynek, poniewa\u017c w\u0142a\u015bciciele dom\u00f3w i nauczyciele cz\u0119sto szukaj\u0105 cichszych rozwi\u0105za\u0144 do swoich projekt\u00f3w.<\/p>\n<h2>3. Nasze rozwi\u0105zanie: Nowa definicja wspomagania pneumatycznego klasy profesjonalnej<\/h2>\n<h3>Konstrukcja bezolejowa i bezwodna<\/h3>\n<p>System wspomagania powietrznego lasera diodowego charakteryzuje si\u0119 konstrukcj\u0105 100%, kt\u00f3ra jest bezolejowa i bezwodna, zapewniaj\u0105c niezr\u00f3wnan\u0105 ochron\u0119 soczewek laserowych i eliminuj\u0105c problemy konserwacyjne dla u\u017cytkownik\u00f3w ko\u0144cowych. Oznacza to spok\u00f3j ducha i sta\u0142\u0105 wydajno\u015b\u0107 bez konieczno\u015bci konserwacji.<\/p>\n<h3>Ultracicha technologia<\/h3>\n<p>Zaprojektowany specjalnie do u\u017cytku w pomieszczeniach i domowym studiu, nasz system pracuje przy wyj\u0105tkowo niskim poziomie ha\u0142asu (&lt;60 dB). Ta innowacja znacz\u0105co poprawia komfort u\u017cytkowania, dzi\u0119ki czemu idealnie sprawdza si\u0119 w miejscach, w kt\u00f3rych kontrola ha\u0142asu ma kluczowe znaczenie.<\/p>\n<h3>Solidna wydajno\u015b\u0107<\/h3>\n<p>Dzi\u0119ki sta\u0142emu wydatkowi 30 l\/min, ten system wspomagania powietrza zapewnia czyste i bezdymne ci\u0119cia podczas pracy z grubymi materia\u0142ami, takimi jak drewno i akryl. Ta niezawodna wydajno\u015b\u0107 zwi\u0119ksza wydajno\u015b\u0107 procesu ci\u0119cia, co ostatecznie przek\u0142ada si\u0119 na wy\u017csz\u0105 jako\u015b\u0107 rezultat\u00f3w.<\/p>\n<p><img loading=\"lazy\" decoding=\"async\" class=\"alignnone wp-image-453 size-full\" src=\"https:\/\/aircompressorforlasercutter.com\/wp-content\/uploads\/2026\/01\/Air-Compressor-For-Laser-Cutter.webp\" alt=\"Kompresor powietrza do przecinarki laserowej\" width=\"800\" height=\"800\" srcset=\"https:\/\/aircompressorforlasercutter.com\/wp-content\/uploads\/2026\/01\/Air-Compressor-For-Laser-Cutter.webp 800w, https:\/\/aircompressorforlasercutter.com\/wp-content\/uploads\/2026\/01\/Air-Compressor-For-Laser-Cutter-480x480.webp 480w\" sizes=\"auto, (min-width: 0px) and (max-width: 480px) 480px, (min-width: 481px) 800px, 100vw\" \/><\/p>\n<h2>4. Szeroka kompatybilno\u015b\u0107: kompleksowe dopasowanie<\/h2>\n<h3>Szerokie zastosowanie<\/h3>\n<p>Nasz system wspomagania pneumatycznego zosta\u0142 zaprojektowany tak, aby idealnie pasowa\u0142 do modelu 95% popularnych maszyn laserowych dost\u0119pnych na rynku, w tym xTool, Ortur, Atomstack i r\u00f3\u017cnych system\u00f3w laserowych CO2. Ta wszechstronno\u015b\u0107 gwarantuje dystrybutorom mo\u017cliwo\u015b\u0107 obs\u0142ugi szerokiego grona klient\u00f3w bez konieczno\u015bci utrzymywania du\u017cych zapas\u00f3w magazynowych.<\/p>\n<h3>Korzy\u015bci dla dystrybutor\u00f3w<\/h3>\n<p>Dzi\u0119ki \u201ejednemu SKU pasuj\u0105cemu do wielu maszyn\u201d z\u0142o\u017cono\u015b\u0107 zarz\u0105dzania zapasami jest znacznie zmniejszona. Dystrybutorzy mog\u0105 usprawni\u0107 procesy magazynowe, co przek\u0142ada si\u0119 na mniejsz\u0105 presj\u0119 na magazynowanie i wi\u0119ksz\u0105 wydajno\u015b\u0107 operacyjn\u0105.<\/p>\n<h2>5. Korzy\u015bci z \u0142a\u0144cucha dostaw i partnerstwa<\/h2>\n<h3>Si\u0142a fabryki<\/h3>\n<p>Nasze rygorystyczne procesy kontroli jako\u015bci gwarantuj\u0105 wyj\u0105tkowo niski wska\u017anik defekt\u00f3w (&lt;1%), co pozwala dystrybutorom zaoszcz\u0119dzi\u0107 znaczne koszty logistyczne zwi\u0105zane ze zwrotami i wymianami. Ta niezawodno\u015b\u0107 sprzyja silnym relacjom mi\u0119dzy producentami a dystrybutorami, wzmacniaj\u0105c og\u00f3lne zaufanie na rynku.<\/p>\n<h3>Us\u0142ugi niestandardowe (OEM\/ODM)<\/h3>\n<p>Wspieramy personalizacj\u0119 logo marki, projektowanie opakowa\u0144 i dostosowywanie globalnych specyfikacji wtyczek, umo\u017cliwiaj\u0105c naszym partnerom kreowanie w\u0142asnej to\u017csamo\u015bci rynkowej. Takie dostosowane rozwi\u0105zania pozwalaj\u0105 dystrybutorom wyr\u00f3\u017cni\u0107 si\u0119 na tle konkurencji.<\/p>\n<h3>Wsparcie posprzeda\u017cowe<\/h3>\n<p>Nasze zaanga\u017cowanie w szybk\u0105 pomoc techniczn\u0105 i dost\u0119pno\u015b\u0107 cz\u0119\u015bci zamiennych gwarantuje, \u017ce wszelkie problemy mo\u017cna rozwi\u0105za\u0107 b\u0142yskawicznie. Ten poziom obs\u0142ugi jest kluczowy dla utrzymania zadowolenia i lojalno\u015bci klient\u00f3w.<\/p>\n<h2>6. Wnioski i wezwanie do dzia\u0142ania (CTA)<\/h2>\n<p>Jako\u015b\u0107 Twojego sprz\u0119tu nie powinna by\u0107 zagro\u017cona przez podzespo\u0142y niskiej jako\u015bci. Udoskonal swoj\u0105 ofert\u0119, wybieraj\u0105c pomp\u0119 powietrza dopasowan\u0105 do kalibru Twoich urz\u0105dze\u0144 laserowych.<\/p>\n<p>Skontaktuj si\u0119 z nami ju\u017c dzi\u015b, aby zam\u00f3wi\u0107 pr\u00f3bk\u0119 do test\u00f3w lub uzyska\u0107 aktualne ceny hurtowe B2B. Dokonaj wyboru, kt\u00f3ry stawia na wydajno\u015b\u0107 i niezawodno\u015b\u0107 w Twoich operacjach ci\u0119cia laserowego.<\/p>\n<p style=\"text-align: center;\"><a href=\"https:\/\/aircompressorforlasercutter.com\/pl\/skontaktuj-sie-z-nami\/\"><span style=\"font-size: 18pt;\">Skontaktuj si\u0119 z nami ju\u017c teraz!<\/span><\/a><\/p>","protected":false},"excerpt":{"rendered":"<p>1. Background: The Overlooked Essential In today??s competitive market, many buyers invest heavily in advanced laser engraving machines, often overlooking a critical component: the air assist system. While the laser cutter may be the star of the show, the air pump plays a pivotal role in enhancing performance and longevity. Air assist is not merely [&hellip;]<\/p>","protected":false},"featured_media":457,"comment_status":"open","ping_status":"closed","template":"","meta":{"_et_pb_use_builder":"","_et_pb_old_content":"","_et_gb_content_width":""},"product_brand":[],"product_cat":[1093],"product_tag":[1096],"class_list":{"0":"post-486","1":"product","2":"type-product","3":"status-publish","4":"has-post-thumbnail","6":"product_cat-air-compressor-for-laser-cutter","7":"product_tag-air-compressor-for-laser-cutter-cost","9":"first","10":"instock","11":"shipping-taxable","12":"product-type-simple"},"_links":{"self":[{"href":"https:\/\/aircompressorforlasercutter.com\/pl\/wp-json\/wp\/v2\/product\/486","targetHints":{"allow":["GET"]}}],"collection":[{"href":"https:\/\/aircompressorforlasercutter.com\/pl\/wp-json\/wp\/v2\/product"}],"about":[{"href":"https:\/\/aircompressorforlasercutter.com\/pl\/wp-json\/wp\/v2\/types\/product"}],"replies":[{"embeddable":true,"href":"https:\/\/aircompressorforlasercutter.com\/pl\/wp-json\/wp\/v2\/comments?post=486"}],"wp:featuredmedia":[{"embeddable":true,"href":"https:\/\/aircompressorforlasercutter.com\/pl\/wp-json\/wp\/v2\/media\/457"}],"wp:attachment":[{"href":"https:\/\/aircompressorforlasercutter.com\/pl\/wp-json\/wp\/v2\/media?parent=486"}],"wp:term":[{"taxonomy":"product_brand","embeddable":true,"href":"https:\/\/aircompressorforlasercutter.com\/pl\/wp-json\/wp\/v2\/product_brand?post=486"},{"taxonomy":"product_cat","embeddable":true,"href":"https:\/\/aircompressorforlasercutter.com\/pl\/wp-json\/wp\/v2\/product_cat?post=486"},{"taxonomy":"product_tag","embeddable":true,"href":"https:\/\/aircompressorforlasercutter.com\/pl\/wp-json\/wp\/v2\/product_tag?post=486"}],"curies":[{"name":"wp","href":"https:\/\/api.w.org\/{rel}","templated":true}]}}