{"id":462,"date":"2026-01-14T08:26:17","date_gmt":"2026-01-14T08:26:17","guid":{"rendered":"https:\/\/aircompressorforlasercutter.com\/product\/air-assist-pump-for-xtool-d1-pro-laser-engraver\/"},"modified":"2026-01-14T08:50:32","modified_gmt":"2026-01-14T08:50:32","slug":"air-assist-pump-for-xtool-d1-pro-laser-engraver","status":"publish","type":"product","link":"https:\/\/aircompressorforlasercutter.com\/pt\/produto\/bomba-de-assistencia-pneumatica-para-gravador-a-laser-xtool-d1-pro\/","title":{"rendered":"Bomba de assist\u00eancia pneum\u00e1tica para gravador a laser xTool D1 Pro"},"content":{"rendered":"<h1>Bomba de assist\u00eancia pneum\u00e1tica para gravadora a laser xTool D1 Pro: a hero\u00edna desconhecida do corte a laser.<\/h1>\n<h2>1. Contexto: Um Mercado Subestimado<\/h2>\n<p>No competitivo mercado de grava\u00e7\u00e3o a laser, \u00e9 comum que os compradores invistam recursos significativos na aquisi\u00e7\u00e3o de m\u00e1quinas a laser de alta qualidade, como a xTool D1 Pro. No entanto, um componente frequentemente negligenciado \u00e9 a bomba de assist\u00eancia pneum\u00e1tica, um acess\u00f3rio crucial que impacta diretamente o desempenho e a vida \u00fatil dessas m\u00e1quinas. Embora a pr\u00f3pria gravadora a laser receba muita aten\u00e7\u00e3o, a bomba de assist\u00eancia pneum\u00e1tica desempenha um papel fundamental na melhoria da qualidade do corte e na garantia da durabilidade da m\u00e1quina.<\/p>\n<p>O sistema de assist\u00eancia de ar n\u00e3o \u00e9 apenas um acess\u00f3rio complementar; \u00e9 um elemento decisivo que influencia os resultados finais dos projetos de grava\u00e7\u00e3o a laser. Para clientes B2B, selecionar a bomba de assist\u00eancia de ar correta se traduz em menos reclama\u00e7\u00f5es de clientes sobre problemas como profundidade de corte insuficiente ou lentes danificadas, resultando, em \u00faltima an\u00e1lise, em maiores taxas de fideliza\u00e7\u00e3o de clientes.<\/p>\n<h2>2. An\u00e1lise dos Pontos Cr\u00edticos: Os Custos Ocultos das Bombas de Ar Baratas<\/h2>\n<h3>Qualidade de corte inferior<\/h3>\n<p>Utilizar uma bomba de ar de baixo custo pode resultar em fluxo de ar inst\u00e1vel, o que afeta significativamente a qualidade do corte. Um fluxo de ar inadequado leva a bordas carbonizadas nos materiais, baixa efici\u00eancia de corte e uma apar\u00eancia comprometida do produto final, o que pode afastar potenciais compradores. Isso n\u00e3o s\u00f3 prejudica a experi\u00eancia do usu\u00e1rio final, como tamb\u00e9m afeta a reputa\u00e7\u00e3o geral da marca das empresas que dependem da tecnologia de grava\u00e7\u00e3o a laser.<\/p>\n<h3>Risco de danos ao equipamento<\/h3>\n<p>Bombas de ar de qualidade inferior, especialmente as que utilizam \u00f3leo, representam um risco significativo para gravadoras a laser. Elas podem emitir n\u00e9voa de \u00f3leo ou umidade que pode contaminar a lente do laser, resultando em reparos dispendiosos e aumento nas taxas de devolu\u00e7\u00e3o. Esse custo oculto pode se acumular rapidamente, impactando a lucratividade e a satisfa\u00e7\u00e3o do cliente.<\/p>\n<h3>Dispositivos de dissuas\u00e3o de ru\u00eddo<\/h3>\n<p>Os compressores de ar tradicionais costumam gerar altos n\u00edveis de ru\u00eddo, o que os torna inadequados para uso dom\u00e9stico e ambientes educacionais. O ru\u00eddo consider\u00e1vel limita o alcance de mercado e os segmentos de clientes que poderiam se beneficiar da tecnologia de grava\u00e7\u00e3o a laser, restringindo, assim, as oportunidades de venda.<\/p>\n<h2>3. Nossa solu\u00e7\u00e3o<\/h2>\n<h3>Design sem \u00f3leo e sem \u00e1gua<\/h3>\n<p>Nossa bomba de assist\u00eancia de ar possui um design isento de \u00f3leo e \u00e1gua (modelo 100%), que garante m\u00e1xima prote\u00e7\u00e3o para a lente do laser. Isso significa que os usu\u00e1rios podem operar o equipamento sem se preocupar com manuten\u00e7\u00f5es frequentes. Aprimora a experi\u00eancia do usu\u00e1rio e proporciona tranquilidade, tornando-a a escolha ideal para ambientes profissionais.<\/p>\n<h3>Tecnologia ultrassilenciosa<\/h3>\n<p>Projetada especificamente para ambientes internos e est\u00fadios dom\u00e9sticos, nossa bomba de assist\u00eancia de ar opera com um n\u00edvel de ru\u00eddo ultrabaixo de 60dB. Isso n\u00e3o apenas aprimora a experi\u00eancia do usu\u00e1rio, como tamb\u00e9m permite maior flexibilidade em diversas configura\u00e7\u00f5es, garantindo que o som n\u00e3o seja mais um obst\u00e1culo para o uso de gravadoras a laser de alta qualidade.<\/p>\n<h3>Desempenho robusto<\/h3>\n<p>Com uma vaz\u00e3o constante de 30 L\/min, nossa bomba pneum\u00e1tica assistida garante um fluxo confi\u00e1vel. Isso \u00e9 crucial para cortar materiais espessos como madeira dura ou acr\u00edlico, assegurando cortes limpos e sem fuma\u00e7a ou res\u00edduos. Tal desempenho \u00e9 essencial para manter a qualidade do produto e atender \u00e0s expectativas dos clientes em diversas aplica\u00e7\u00f5es.<\/p>\n<h2>4. Ampla compatibilidade: solu\u00e7\u00e3o completa para facilitar a gest\u00e3o de estoque.<\/h2>\n<h3>Ampla gama de aplica\u00e7\u00f5es<\/h3>\n<p>Nossa bomba de assist\u00eancia pneum\u00e1tica foi projetada para se encaixar perfeitamente no modelo 95% das principais m\u00e1quinas do mercado, incluindo xTool, Ortur, Atomstack e diversos lasers de CO2. Essa versatilidade a torna um excelente investimento para distribuidores que buscam otimizar seu estoque.<\/p>\n<h3>Benef\u00edcios para distribuidores<\/h3>\n<p>Ao oferecer um \u00fanico SKU compat\u00edvel com v\u00e1rias m\u00e1quinas, voc\u00ea pode reduzir significativamente a press\u00e3o sobre o estoque e a complexidade na gest\u00e3o de materiais. Essa efici\u00eancia se traduz em maior efic\u00e1cia operacional e economia de custos para sua empresa.<\/p>\n<h2>5. Vantagens da Cadeia de Suprimentos e das Parcerias<\/h2>\n<h3>For\u00e7a de Fabrica\u00e7\u00e3o<\/h3>\n<p>Adotamos processos rigorosos de controle de qualidade, garantindo uma taxa de defeitos excepcionalmente baixa, inferior a 1%. Essa garantia de qualidade se traduz em custos log\u00edsticos reduzidos associados a devolu\u00e7\u00f5es e trocas, permitindo que voc\u00ea aloque recursos com mais efici\u00eancia.<\/p>\n<h3>Servi\u00e7os personalizados (OEM\/ODM)<\/h3>\n<p>A Ever-power oferece suporte \u00e0 personaliza\u00e7\u00e3o do logotipo da marca, design de embalagem e especifica\u00e7\u00f5es de plugues para diversos pa\u00edses. Essa flexibilidade permite que voc\u00ea desenvolva sua pr\u00f3pria identidade de marca e atenda \u00e0s necessidades espec\u00edficas do mercado, aumentando sua vantagem competitiva.<\/p>\n<h3>Suporte p\u00f3s-venda<\/h3>\n<p>Nosso compromisso em fornecer suporte t\u00e9cnico \u00e1gil e disponibilidade de pe\u00e7as de reposi\u00e7\u00e3o garante que voc\u00ea possa manter altos n\u00edveis de satisfa\u00e7\u00e3o do cliente muito tempo depois da venda inicial. Reconhecemos que o suporte cont\u00ednuo \u00e9 fundamental para fomentar relacionamentos de longo prazo com os usu\u00e1rios finais.<\/p>\n<h2>6. Conclus\u00e3o e Chamada \u00e0 A\u00e7\u00e3o<\/h2>\n<p>N\u00e3o deixe que acess\u00f3rios inferiores prejudiquem a reputa\u00e7\u00e3o de suas m\u00e1quinas de alta qualidade. Escolher uma bomba pneum\u00e1tica de assist\u00eancia de qualidade, compat\u00edvel com o n\u00edvel do seu equipamento, \u00e9 essencial para alcan\u00e7ar o desempenho ideal e a satisfa\u00e7\u00e3o do cliente.<\/p>\n<p>Aja agora! Entre em contato conosco hoje mesmo para solicitar um teste de amostra ou obter as informa\u00e7\u00f5es mais recentes sobre pre\u00e7os de atacado B2B. Visite-nos em <a href=\"https:\/\/aircompressorforlasercutter.com\/pt\/contate-nos\/\">Contato Ever-power<\/a>.<\/p>","protected":false},"excerpt":{"rendered":"<p>Air Assist Pump for xTool D1 Pro Laser Engraver: The Unsung Hero of Laser Cutting 1. Background: A Market Overlooked In the competitive landscape of laser engraving, it is commonplace for buyers to invest significant resources into acquiring high-quality laser machines like the xTool D1 Pro. However, an often overlooked component is the air assist [&hellip;]<\/p>","protected":false},"featured_media":454,"comment_status":"open","ping_status":"closed","template":"","meta":{"_et_pb_use_builder":"","_et_pb_old_content":"","_et_gb_content_width":""},"product_brand":[],"product_cat":[1093],"product_tag":[1094],"class_list":{"0":"post-462","1":"product","2":"type-product","3":"status-publish","4":"has-post-thumbnail","6":"product_cat-air-compressor-for-laser-cutter","7":"product_tag-air-compressor-for-laser-cutter","9":"first","10":"instock","11":"shipping-taxable","12":"product-type-simple"},"_links":{"self":[{"href":"https:\/\/aircompressorforlasercutter.com\/pt\/wp-json\/wp\/v2\/product\/462","targetHints":{"allow":["GET"]}}],"collection":[{"href":"https:\/\/aircompressorforlasercutter.com\/pt\/wp-json\/wp\/v2\/product"}],"about":[{"href":"https:\/\/aircompressorforlasercutter.com\/pt\/wp-json\/wp\/v2\/types\/product"}],"replies":[{"embeddable":true,"href":"https:\/\/aircompressorforlasercutter.com\/pt\/wp-json\/wp\/v2\/comments?post=462"}],"wp:featuredmedia":[{"embeddable":true,"href":"https:\/\/aircompressorforlasercutter.com\/pt\/wp-json\/wp\/v2\/media\/454"}],"wp:attachment":[{"href":"https:\/\/aircompressorforlasercutter.com\/pt\/wp-json\/wp\/v2\/media?parent=462"}],"wp:term":[{"taxonomy":"product_brand","embeddable":true,"href":"https:\/\/aircompressorforlasercutter.com\/pt\/wp-json\/wp\/v2\/product_brand?post=462"},{"taxonomy":"product_cat","embeddable":true,"href":"https:\/\/aircompressorforlasercutter.com\/pt\/wp-json\/wp\/v2\/product_cat?post=462"},{"taxonomy":"product_tag","embeddable":true,"href":"https:\/\/aircompressorforlasercutter.com\/pt\/wp-json\/wp\/v2\/product_tag?post=462"}],"curies":[{"name":"wp","href":"https:\/\/api.w.org\/{rel}","templated":true}]}}