{"id":463,"date":"2026-01-14T08:26:17","date_gmt":"2026-01-14T08:26:17","guid":{"rendered":"https:\/\/aircompressorforlasercutter.com\/product\/laser-cutter-air-compressor-for-ortur-laser-master-3\/"},"modified":"2026-01-14T08:50:02","modified_gmt":"2026-01-14T08:50:02","slug":"laser-cutter-air-compressor-for-ortur-laser-master-3","status":"publish","type":"product","link":"https:\/\/aircompressorforlasercutter.com\/pt\/produto\/compressor-de-ar-para-cortadora-a-laser-ortur-laser-master-3\/","title":{"rendered":"Compressor de ar para cortadora a laser Ortur Laser Master 3"},"content":{"rendered":"<h1>Compressor de ar para cortadora a laser Ortur Laser Master 3: O her\u00f3i desconhecido<\/h1>\n<h2>1. Contexto: O componente negligenciado<\/h2>\n<p>No mercado competitivo atual, muitos compradores investem significativamente em m\u00e1quinas de grava\u00e7\u00e3o a laser de alta qualidade, frequentemente negligenciando o equipamento de suporte essencial: o compressor de ar. Embora uma m\u00e1quina de corte a laser de \u00faltima gera\u00e7\u00e3o possa transformar materiais com precis\u00e3o, s\u00e3o os sistemas auxiliares que realmente aprimoram o desempenho.<\/p>\n<p>A assist\u00eancia a\u00e9rea n\u00e3o \u00e9 um mero acess\u00f3rio; ela desempenha um papel fundamental na determina\u00e7\u00e3o do resultado final. <strong>qualidade de corte<\/strong> e o <strong>longevidade da m\u00e1quina<\/strong>Em um setor onde a satisfa\u00e7\u00e3o do cliente \u00e9 fundamental, entender o valor de um compressor de ar confi\u00e1vel pode diferenci\u00e1-lo da concorr\u00eancia.<\/p>\n<p>Para os distribuidores, escolher a bomba de ar certa se traduz em menos reclama\u00e7\u00f5es sobre problemas como \"cortes incompletos\" e \"lentes danificadas\", resultando, em \u00faltima an\u00e1lise, em maiores taxas de reten\u00e7\u00e3o de clientes.<\/p>\n<h2>2. An\u00e1lise dos Pontos Cr\u00edticos: Os Custos Ocultos dos Compressores Baratos<\/h2>\n<h3>Qualidade de corte ruim<\/h3>\n<p>Ao utilizar uma bomba de ar de qualidade inferior, a instabilidade do fluxo de ar pode levar a resultados indesej\u00e1veis. Por exemplo, as bordas podem ficar carbonizadas ou queimadas, afetando significativamente o aspecto est\u00e9tico do produto final. Isso n\u00e3o s\u00f3 impacta a satisfa\u00e7\u00e3o do cliente, como tamb\u00e9m pode resultar em perda de vendas.<\/p>\n<h3>Risco de danos ao equipamento<\/h3>\n<p>Compressores de ar de baixa qualidade, especialmente os que utilizam \u00f3leo, podem liberar n\u00e9voa de \u00f3leo ou umidade que contaminam as lentes do laser. Essa contamina\u00e7\u00e3o pode resultar em reparos e devolu\u00e7\u00f5es dispendiosas, que poderiam ter sido evitadas com um sistema de suprimento de ar confi\u00e1vel.<\/p>\n<h3>Dissuasor de ru\u00eddo<\/h3>\n<p>Os compressores de ar tradicionais s\u00e3o notoriamente barulhentos, criando uma barreira para usu\u00e1rios dom\u00e9sticos e espa\u00e7os de cria\u00e7\u00e3o educacionais. Essa polui\u00e7\u00e3o sonora diminui a usabilidade do seu produto em ambientes residenciais e limita seu alcance de mercado.<\/p>\n<h2>3. Nossa solu\u00e7\u00e3o<\/h2>\n<h3>Design sem \u00f3leo e sem umidade<\/h3>\n<p>Nosso compressor de ar possui um design isento de \u00f3leo e \u00e1gua (modelo 100%) que garante a prote\u00e7\u00e3o das lentes a laser. Os usu\u00e1rios finais t\u00eam a tranquilidade de saber que n\u00e3o enfrentar\u00e3o problemas de manuten\u00e7\u00e3o, podendo se concentrar exclusivamente em seus projetos criativos.<\/p>\n<h3>Tecnologia ultrassilenciosa<\/h3>\n<p>Projetado especificamente para ambientes internos e est\u00fadios dom\u00e9sticos, nosso compressor opera com um n\u00edvel de ru\u00eddo surpreendentemente baixo. <strong>&lt;60dB<\/strong>Isso aprimora a experi\u00eancia do usu\u00e1rio, tornando-a ideal para entusiastas de artesanato que necessitam de um espa\u00e7o de trabalho tranquilo.<\/p>\n<h3>Desempenho robusto<\/h3>\n<p>Com uma vaz\u00e3o cont\u00ednua e est\u00e1vel de 30 L\/min, nosso compressor garante que at\u00e9 mesmo os materiais mais espessos \u2014 como madeira maci\u00e7a ou acr\u00edlico \u2014 recebam um corte limpo e sem fuma\u00e7a. Esse desempenho n\u00e3o s\u00f3 aumenta a efici\u00eancia do corte, como tamb\u00e9m mant\u00e9m a qualidade do produto final.<\/p>\n<h2>4. Ampla compatibilidade: Correspond\u00eancia completa (Invent\u00e1rio sem preocupa\u00e7\u00f5es)<\/h2>\n<h3>Ampla aplica\u00e7\u00e3o<\/h3>\n<p>Nosso compressor de ar \u00e9 perfeitamente compat\u00edvel com o modelo 95% das principais m\u00e1quinas de corte a laser, incluindo xTool, Ortur, Atomstack e diversas m\u00e1quinas a laser de CO2. Esse n\u00edvel de compatibilidade garante que voc\u00ea possa atender \u00e0s diversas necessidades dos clientes sem complica\u00e7\u00f5es.<\/p>\n<h3>Benef\u00edcios para distribuidores<\/h3>\n<p>Com um \u00fanico SKU compat\u00edvel com v\u00e1rias m\u00e1quinas, voc\u00ea reduz drasticamente a press\u00e3o sobre o estoque e simplifica a gest\u00e3o de recursos. Essa abordagem otimizada permite que voc\u00ea se concentre no crescimento do seu neg\u00f3cio, em vez de se preocupar com a complexidade da log\u00edstica.<\/p>\n<h2>5. Vantagens da Cadeia de Suprimentos e das Parcerias<\/h2>\n<h3>For\u00e7a de f\u00e1brica<\/h3>\n<p>Nossos rigorosos processos de controle de qualidade garantem uma taxa de defeitos impressionantemente baixa, inferior a [inserir valor aqui]. <strong>1%<\/strong>Isso n\u00e3o s\u00f3 minimiza os custos de log\u00edstica de devolu\u00e7\u00e3o, como tamb\u00e9m fortalece a confian\u00e7a dos seus clientes, que passam a receber produtos de alta qualidade.<\/p>\n<h3>Solu\u00e7\u00f5es personalizadas (OEM\/ODM)<\/h3>\n<p>Oferecemos solu\u00e7\u00f5es personalizadas, incluindo customiza\u00e7\u00e3o de logotipos, design de embalagens e diversas especifica\u00e7\u00f5es de plugues para diferentes pa\u00edses. Essa flexibilidade permite que voc\u00ea construa sua pr\u00f3pria identidade de marca e atenda \u00e0s demandas espec\u00edficas do mercado.<\/p>\n<h3>Suporte p\u00f3s-venda<\/h3>\n<p>Nosso compromisso com a satisfa\u00e7\u00e3o do cliente vai al\u00e9m da venda. Oferecemos suporte t\u00e9cnico \u00e1gil e fornecimento de pe\u00e7as de reposi\u00e7\u00e3o para garantir que suas opera\u00e7\u00f5es funcionem de forma tranquila e eficiente.<\/p>\n<h2>6. Conclus\u00e3o e Chamada \u00e0 A\u00e7\u00e3o<\/h2>\n<p>N\u00e3o deixe que componentes inferiores prejudiquem a reputa\u00e7\u00e3o de suas m\u00e1quinas de alta qualidade. Opte por um compressor de ar que esteja \u00e0 altura da qualidade de seus equipamentos.<\/p>\n<p><strong>Contate-nos<\/strong> Para solicitar uma amostra para teste ou obter a lista de pre\u00e7os de atacado B2B mais recente, entre em contato conosco hoje mesmo. <a href=\"https:\/\/aircompressorforlasercutter.com\/pt\/contate-nos\/\">Energia eterna<\/a>Seus clientes merecem o melhor, e estamos aqui para oferecer isso.<\/p>","protected":false},"excerpt":{"rendered":"<p>Laser Cutter Air Compressor for Ortur Laser Master 3: The Unsung Hero 1. Background: The Overlooked Component In today&#8217;s competitive market, many buyers invest significantly in high-quality laser engraving machines, often overlooking the critical support equipment: the air compressor. While a top-of-the-line laser cutter can transform materials with precision, it is the auxiliary systems that [&hellip;]<\/p>","protected":false},"featured_media":454,"comment_status":"open","ping_status":"closed","template":"","meta":{"_et_pb_use_builder":"","_et_pb_old_content":"","_et_gb_content_width":""},"product_brand":[],"product_cat":[1093],"product_tag":[1095],"class_list":{"0":"post-463","1":"product","2":"type-product","3":"status-publish","4":"has-post-thumbnail","6":"product_cat-air-compressor-for-laser-cutter","7":"product_tag-air-compressor-for-laser-cutter-price","9":"first","10":"instock","11":"shipping-taxable","12":"product-type-simple"},"_links":{"self":[{"href":"https:\/\/aircompressorforlasercutter.com\/pt\/wp-json\/wp\/v2\/product\/463","targetHints":{"allow":["GET"]}}],"collection":[{"href":"https:\/\/aircompressorforlasercutter.com\/pt\/wp-json\/wp\/v2\/product"}],"about":[{"href":"https:\/\/aircompressorforlasercutter.com\/pt\/wp-json\/wp\/v2\/types\/product"}],"replies":[{"embeddable":true,"href":"https:\/\/aircompressorforlasercutter.com\/pt\/wp-json\/wp\/v2\/comments?post=463"}],"wp:featuredmedia":[{"embeddable":true,"href":"https:\/\/aircompressorforlasercutter.com\/pt\/wp-json\/wp\/v2\/media\/454"}],"wp:attachment":[{"href":"https:\/\/aircompressorforlasercutter.com\/pt\/wp-json\/wp\/v2\/media?parent=463"}],"wp:term":[{"taxonomy":"product_brand","embeddable":true,"href":"https:\/\/aircompressorforlasercutter.com\/pt\/wp-json\/wp\/v2\/product_brand?post=463"},{"taxonomy":"product_cat","embeddable":true,"href":"https:\/\/aircompressorforlasercutter.com\/pt\/wp-json\/wp\/v2\/product_cat?post=463"},{"taxonomy":"product_tag","embeddable":true,"href":"https:\/\/aircompressorforlasercutter.com\/pt\/wp-json\/wp\/v2\/product_tag?post=463"}],"curies":[{"name":"wp","href":"https:\/\/api.w.org\/{rel}","templated":true}]}}