{"id":467,"date":"2026-01-14T08:26:17","date_gmt":"2026-01-14T08:26:17","guid":{"rendered":"https:\/\/aircompressorforlasercutter.com\/product\/air-compressor-for-neje-master-2s-max\/"},"modified":"2026-01-14T08:47:11","modified_gmt":"2026-01-14T08:47:11","slug":"air-compressor-for-neje-master-2s-max","status":"publish","type":"product","link":"https:\/\/aircompressorforlasercutter.com\/pt\/produto\/compressor-de-ar-para-neje-master-2s-max\/","title":{"rendered":"Compressor de ar para NEJE Master 2S Max"},"content":{"rendered":"<h1>Compressor de ar para NEJE Master 2S Max: O her\u00f3i desconhecido por tr\u00e1s do corte de precis\u00e3o<\/h1>\n<h2>1. Contexto: O componente negligenciado<\/h2>\n<p>O mercado de grava\u00e7\u00e3o a laser tem apresentado um aumento significativo na demanda, com compradores investindo pesadamente em m\u00e1quinas de corte a laser de alta qualidade, como a NEJE Master 2S Max. No entanto, um componente cr\u00edtico frequentemente negligenciado \u00e9 o compressor de ar. Embora os clientes se concentrem nas especifica\u00e7\u00f5es e capacidades de suas m\u00e1quinas a laser, muitas vezes ignoram a import\u00e2ncia de uma bomba de ar eficiente. Essa neglig\u00eancia pode levar a um desempenho inferior e a uma vida \u00fatil mais curta para seus equipamentos.<\/p>\n<h2>Argumento principal: A assist\u00eancia pneum\u00e1tica n\u00e3o \u00e9 apenas um acess\u00f3rio.<\/h2>\n<p>O recurso de assist\u00eancia de ar \u00e9 fundamental, pois impacta diretamente tanto a qualidade do corte quanto a vida \u00fatil da m\u00e1quina a laser. Para clientes B2B, selecionar um compressor de ar de alta qualidade se traduz em menos reclama\u00e7\u00f5es relacionadas a problemas como \"cortes incompletos\" ou \"lentes danificadas\". Isso, por sua vez, promove maiores taxas de reten\u00e7\u00e3o de clientes e fortalece a fidelidade \u00e0 marca.<\/p>\n<h2>2. An\u00e1lise dos Pontos Cr\u00edticos: Os Custos Ocultos das Bombas de Ar Baratas<\/h2>\n<h3>Qualidade de corte inadequada<\/h3>\n<p>Utilizar uma bomba de ar de baixo custo pode comprometer seriamente a qualidade do corte. O fluxo de ar inst\u00e1vel resulta em bordas carbonizadas nos materiais, diminuindo o apelo est\u00e9tico do produto final. Quando o resultado n\u00e3o atende \u00e0s expectativas, os clientes podem procurar fornecedores alternativos, o que acaba resultando em perda de neg\u00f3cios.<\/p>\n<h3>Risco de danos ao equipamento<\/h3>\n<p>Bombas de ar de qualidade inferior, especialmente as que cont\u00eam \u00f3leo, podem expelir n\u00e9voa de \u00f3leo ou umidade, contaminando a lente do laser. Essa contamina\u00e7\u00e3o pode levar a reparos e devolu\u00e7\u00f5es dispendiosas, que n\u00e3o apenas consomem recursos, mas tamb\u00e9m prejudicam a reputa\u00e7\u00e3o da sua marca.<\/p>\n<h3>Dissuas\u00e3o sonora<\/h3>\n<p>Os compressores de ar tradicionais s\u00e3o conhecidos pelo seu funcionamento ruidoso, o que pode dissuadir utilizadores dom\u00e9sticos e espa\u00e7os de cria\u00e7\u00e3o educacionais de utilizarem a tecnologia de corte a laser. Esta restri\u00e7\u00e3o pode limitar severamente o seu alcance de mercado e reduzir o potencial de vendas.<\/p>\n<h2>3. Nossa solu\u00e7\u00e3o: Redefinindo a assist\u00eancia a\u00e9rea profissional<\/h2>\n<h3>Design sem \u00f3leo e sem \u00e1gua<\/h3>\n<p>Nosso compressor de ar possui um design isento de \u00f3leo e \u00e1gua (modelo 100%), garantindo prote\u00e7\u00e3o completa para a lente do laser. Os usu\u00e1rios se beneficiam de uma opera\u00e7\u00e3o descomplicada, reduzindo a necessidade de manuten\u00e7\u00e3o regular e permitindo que se concentrem em seus projetos.<\/p>\n<h3>Tecnologia ultrassilenciosa<\/h3>\n<p>Projetado especificamente para uso dom\u00e9stico e em est\u00fadio, nosso compressor mant\u00e9m os n\u00edveis de ru\u00eddo abaixo de 60dB. Essa inova\u00e7\u00e3o aprimora significativamente a experi\u00eancia do usu\u00e1rio, tornando-o adequado para ambientes educacionais e de projetos \"fa\u00e7a voc\u00ea mesmo\" sem ru\u00eddos de fundo inc\u00f4modos.<\/p>\n<h3>Desempenho robusto<\/h3>\n<p>Com uma vaz\u00e3o de ar constante de 30 L\/min, nosso compressor garante cortes limpos e sem res\u00edduos, mesmo ao trabalhar com materiais mais espessos, como madeira compensada ou acr\u00edlico. Essa confiabilidade promove resultados de maior qualidade, garantindo a satisfa\u00e7\u00e3o do cliente e a fideliza\u00e7\u00e3o.<\/p>\n<h2>4. Ampla compatibilidade: solu\u00e7\u00e3o completa para suas necessidades.<\/h2>\n<h3>Ampla aplicabilidade<\/h3>\n<p>Nosso compressor de ar foi projetado para ser compat\u00edvel com o modelo 95% das m\u00e1quinas de grava\u00e7\u00e3o a laser mais populares do mercado, incluindo marcas como xTool, Ortur, Atomstack e diversos modelos de laser de CO2. Essa adaptabilidade simplifica o gerenciamento de estoque para distribuidores.<\/p>\n<h3>Benef\u00edcios para distribuidores<\/h3>\n<p>Ao oferecer um \u00fanico SKU compat\u00edvel com v\u00e1rias m\u00e1quinas, voc\u00ea pode reduzir significativamente a press\u00e3o sobre o estoque e simplificar as complexidades de armazenamento, aumentando, em \u00faltima an\u00e1lise, a efici\u00eancia operacional.<\/p>\n<h2>5. Vantagens da Cadeia de Suprimentos e da Colabora\u00e7\u00e3o<\/h2>\n<h3>For\u00e7a de f\u00e1brica<\/h3>\n<p>Orgulhamo-nos dos nossos rigorosos processos de controlo de qualidade que garantem uma taxa de defeitos excecionalmente baixa, inferior a 1%. Esta aten\u00e7\u00e3o meticulosa ao detalhe ajuda a minimizar os custos log\u00edsticos associados a devolu\u00e7\u00f5es e trocas, protegendo, em \u00faltima an\u00e1lise, os seus resultados financeiros.<\/p>\n<h3>Servi\u00e7os personalizados (OEM\/ODM)<\/h3>\n<p>Oferecemos servi\u00e7os personalizados, incluindo a inclus\u00e3o da sua logomarca, designs de embalagens sob medida e especifica\u00e7\u00f5es para diversos tipos de plugues. Essa flexibilidade permite que voc\u00ea construa e promova sua marca com efic\u00e1cia em diversos mercados.<\/p>\n<h3>Suporte p\u00f3s-venda<\/h3>\n<p>Nosso compromisso com o atendimento ao cliente inclui respostas t\u00e9cnicas r\u00e1pidas e fornecimento eficiente de pe\u00e7as de reposi\u00e7\u00e3o, garantindo que suas opera\u00e7\u00f5es funcionem sem problemas e sem interrup\u00e7\u00f5es desnecess\u00e1rias.<\/p>\n<h2>6. Conclus\u00e3o e Chamada \u00e0 A\u00e7\u00e3o<\/h2>\n<p>N\u00e3o deixe que componentes inferiores comprometam a reputa\u00e7\u00e3o de qualidade de suas m\u00e1quinas de ponta. Escolha um compressor de ar \u00e0 altura do n\u00edvel de seus equipamentos. Entre em contato conosco hoje mesmo para solicitar uma amostra para testes ou para obter os pre\u00e7os de atacado B2B mais recentes. <a href=\"https:\/\/aircompressorforlasercutter.com\/pt\/contate-nos\/\">este link<\/a>.<\/p>","protected":false},"excerpt":{"rendered":"<p>Air Compressor for NEJE Master 2S Max: The Unsung Hero Behind Precision Cutting 1. Background: The Overlooked Component The laser engraving market has seen a significant uptick in demand, with buyers investing heavily in top-tier laser cutting machines such as the NEJE Master 2S Max. However, a critical component often overlooked is the air compressor. [&hellip;]<\/p>","protected":false},"featured_media":455,"comment_status":"open","ping_status":"closed","template":"","meta":{"_et_pb_use_builder":"","_et_pb_old_content":"","_et_gb_content_width":""},"product_brand":[],"product_cat":[1093],"product_tag":[1096],"class_list":{"0":"post-467","1":"product","2":"type-product","3":"status-publish","4":"has-post-thumbnail","6":"product_cat-air-compressor-for-laser-cutter","7":"product_tag-air-compressor-for-laser-cutter-cost","9":"first","10":"instock","11":"shipping-taxable","12":"product-type-simple"},"_links":{"self":[{"href":"https:\/\/aircompressorforlasercutter.com\/pt\/wp-json\/wp\/v2\/product\/467","targetHints":{"allow":["GET"]}}],"collection":[{"href":"https:\/\/aircompressorforlasercutter.com\/pt\/wp-json\/wp\/v2\/product"}],"about":[{"href":"https:\/\/aircompressorforlasercutter.com\/pt\/wp-json\/wp\/v2\/types\/product"}],"replies":[{"embeddable":true,"href":"https:\/\/aircompressorforlasercutter.com\/pt\/wp-json\/wp\/v2\/comments?post=467"}],"wp:featuredmedia":[{"embeddable":true,"href":"https:\/\/aircompressorforlasercutter.com\/pt\/wp-json\/wp\/v2\/media\/455"}],"wp:attachment":[{"href":"https:\/\/aircompressorforlasercutter.com\/pt\/wp-json\/wp\/v2\/media?parent=467"}],"wp:term":[{"taxonomy":"product_brand","embeddable":true,"href":"https:\/\/aircompressorforlasercutter.com\/pt\/wp-json\/wp\/v2\/product_brand?post=467"},{"taxonomy":"product_cat","embeddable":true,"href":"https:\/\/aircompressorforlasercutter.com\/pt\/wp-json\/wp\/v2\/product_cat?post=467"},{"taxonomy":"product_tag","embeddable":true,"href":"https:\/\/aircompressorforlasercutter.com\/pt\/wp-json\/wp\/v2\/product_tag?post=467"}],"curies":[{"name":"wp","href":"https:\/\/api.w.org\/{rel}","templated":true}]}}