{"id":470,"date":"2026-01-14T08:26:18","date_gmt":"2026-01-14T08:26:18","guid":{"rendered":"https:\/\/aircompressorforlasercutter.com\/product\/ultra-quiet-air-compressor-for-indoor-laser-engraving\/"},"modified":"2026-01-14T08:46:04","modified_gmt":"2026-01-14T08:46:04","slug":"ultra-quiet-air-compressor-for-indoor-laser-engraving","status":"publish","type":"product","link":"https:\/\/aircompressorforlasercutter.com\/pt\/produto\/compressor-de-ar-ultra-silencioso-para-gravacao-a-laser-em-ambientes-internos\/","title":{"rendered":"Compressor de ar ultrassilencioso para grava\u00e7\u00e3o a laser em ambientes internos."},"content":{"rendered":"<h1>Compressor de ar ultrassilencioso para grava\u00e7\u00e3o a laser em ambientes internos<\/h1>\n<h2>O Her\u00f3i Desconhecido da Grava\u00e7\u00e3o a Laser<\/h2>\n<p>No din\u00e2mico mercado de grava\u00e7\u00e3o a laser, os compradores frequentemente investem quantias consider\u00e1veis \u200b\u200bem m\u00e1quinas de alta qualidade, mas tendem a negligenciar a crucial bomba de ar, que impacta significativamente o desempenho geral. Essa neglig\u00eancia pode levar a uma s\u00e9rie de problemas operacionais que comprometem a qualidade e a vida \u00fatil do processo de grava\u00e7\u00e3o. O suprimento de ar n\u00e3o \u00e9 um mero acess\u00f3rio; ele desempenha um papel fundamental na determina\u00e7\u00e3o da qualidade do corte e da vida \u00fatil da m\u00e1quina, componentes vitais para qualquer relacionamento B2B.<\/p>\n<h2>Entendendo o cen\u00e1rio de mercado<\/h2>\n<p>Como a maioria das empresas se concentra na aquisi\u00e7\u00e3o de equipamentos avan\u00e7ados de corte a laser, o compressor de ar acaba sendo uma considera\u00e7\u00e3o secund\u00e1ria. No entanto, a verdade \u00e9 que o aux\u00edlio de ar comprimido afeta diretamente a qualidade do corte e a efici\u00eancia operacional. Para os distribuidores, selecionar uma bomba de ar de alta qualidade se traduz em menos reclama\u00e7\u00f5es de clientes relacionadas ao desempenho de corte insuficiente ou lentes danificadas, resultando, em \u00faltima an\u00e1lise, em maiores taxas de fideliza\u00e7\u00e3o de clientes.<\/p>\n<h2>Principais problemas das bombas de ar de baixa qualidade<\/h2>\n<p>Embora possa ser tentador optar por compressores de ar mais baratos, os custos ocultos associados a equipamentos de qualidade inferior podem ser prejudiciais:<\/p>\n<h3>Qualidade de corte ruim<\/h3>\n<p>O fluxo de ar inst\u00e1vel proveniente de bombas de ar de baixo custo pode causar o escurecimento ou carboniza\u00e7\u00e3o das bordas dos materiais, afetando negativamente o apelo est\u00e9tico dos produtos finais. Isso pode resultar em clientes insatisfeitos e perda de oportunidades de neg\u00f3cios.<\/p>\n<h3>Risco de danos ao equipamento<\/h3>\n<p>Compressores de ar de baixa qualidade, principalmente os que utilizam \u00f3leo, podem expelir n\u00e9voa de \u00f3leo ou umidade, contaminando as lentes de laser. Isso n\u00e3o s\u00f3 aumenta a probabilidade de reparos dispendiosos, como tamb\u00e9m pode levar \u00e0 devolu\u00e7\u00e3o de produtos, impactando ainda mais a lucratividade.<\/p>\n<h3>Dissuasor de ru\u00eddo<\/h3>\n<p>Os compressores de ar tradicionais costumam ser excessivamente barulhentos, o que pode dissuadir usu\u00e1rios dom\u00e9sticos e espa\u00e7os de cria\u00e7\u00e3o educacionais de utilizarem a tecnologia de grava\u00e7\u00e3o a laser, limitando assim os potenciais mercados de venda.<\/p>\n<h2>Nossa solu\u00e7\u00e3o: Redefinindo a assist\u00eancia a\u00e9rea profissional<\/h2>\n<p>Na Ever-power, oferecemos um compressor de ar que redefine o que um sistema de assist\u00eancia pneum\u00e1tica de n\u00edvel profissional deve ser:<\/p>\n<h3>Design sem \u00f3leo e sem \u00e1gua<\/h3>\n<p>Nosso compressor de ar ultrassilencioso possui um design isento de \u00f3leo e \u00e1gua (modelo 100%), garantindo prote\u00e7\u00e3o completa para as lentes a laser. Isso significa que os usu\u00e1rios finais desfrutam de tranquilidade incompar\u00e1vel, pois n\u00e3o precisar\u00e3o se preocupar com manuten\u00e7\u00e3o ou contamina\u00e7\u00e3o.<\/p>\n<h3>Tecnologia ultrassilenciosa<\/h3>\n<p>Projetado especificamente para ambientes internos e est\u00fadios dom\u00e9sticos, nosso compressor mant\u00e9m os n\u00edveis de ru\u00eddo abaixo de 60dB, melhorando significativamente a experi\u00eancia do usu\u00e1rio. Isso garante um espa\u00e7o de trabalho mais prop\u00edcio \u00e0 criatividade e \u00e0 produtividade.<\/p>\n<h3>Desempenho poderoso<\/h3>\n<p>Com uma vaz\u00e3o robusta de 30 L\/min, nosso compressor garante um fluxo de ar consistente e est\u00e1vel, crucial para cortar materiais espessos como madeira ou acr\u00edlico. Isso garante cortes limpos, sem fuma\u00e7a ou res\u00edduos, aumentando a qualidade e a efici\u00eancia.<\/p>\n<h2>Ampla compatibilidade: uma solu\u00e7\u00e3o completa<\/h2>\n<p>Nosso compressor de ar foi projetado para se integrar perfeitamente ao modelo 95% das principais m\u00e1quinas de grava\u00e7\u00e3o a laser do mercado, incluindo marcas como xTool, Ortur, Atomstack e diversos sistemas de laser de CO2.<\/p>\n<h3>Benef\u00edcios para distribuidores<\/h3>\n<p>Ao optar pelo nosso compressor de ar, os distribuidores podem desfrutar de uma menor press\u00e3o sobre o estoque, j\u00e1 que um \u00fanico SKU \u00e9 compat\u00edvel com v\u00e1rias m\u00e1quinas. Isso simplifica a gest\u00e3o de estoque e otimiza as cadeias de suprimentos.<\/p>\n<h2>Vantagens da Cadeia de Suprimentos e das Parcerias<\/h2>\n<p>Com uma base de fabrica\u00e7\u00e3o s\u00f3lida, a Ever-power garante processos rigorosos de controle de qualidade que resultam em uma taxa de falhas inferior a 1%. Isso minimiza os custos log\u00edsticos associados a devolu\u00e7\u00f5es e substitui\u00e7\u00f5es.<\/p>\n<h3>Servi\u00e7os personaliz\u00e1veis<\/h3>\n<p>Oferecemos servi\u00e7os completos de OEM\/ODM, permitindo a personaliza\u00e7\u00e3o de logotipos de marcas, designs de embalagens e especifica\u00e7\u00f5es de plugues, adaptados a diferentes mercados, ajudando as empresas a construir sua identidade de marca exclusiva.<\/p>\n<h3>Suporte p\u00f3s-venda<\/h3>\n<p>Nosso compromisso vai al\u00e9m da venda, oferecendo respostas t\u00e9cnicas r\u00e1pidas e disponibilidade de pe\u00e7as de reposi\u00e7\u00e3o para garantir que nossos parceiros possam manter a efici\u00eancia operacional.<\/p>\n<p>N\u00e3o permita que componentes de baixa qualidade prejudiquem a reputa\u00e7\u00e3o de suas m\u00e1quinas de ponta. Escolha um compressor de ar que esteja \u00e0 altura da qualidade dos seus equipamentos. Convidamos voc\u00ea a entrar em contato conosco hoje mesmo para solicitar testes de amostra ou para receber nossos pre\u00e7os de atacado B2B mais recentes. Juntos, vamos aprimorar sua oferta de produtos e garantir a satisfa\u00e7\u00e3o dos seus clientes.<\/p>\n<p><a href=\"https:\/\/aircompressorforlasercutter.com\/pt\/contate-nos\/\">Contate-nos<\/a> Para mais informa\u00e7\u00f5es e para impulsionar o potencial do seu neg\u00f3cio.<\/p>","protected":false},"excerpt":{"rendered":"<p>Ultra Quiet Air Compressor for Indoor Laser Engraving The Unsung Hero of Laser Engraving In the bustling market of laser engraving, buyers often invest substantial amounts in high-quality machines, yet tend to overlook the crucial air pump that significantly impacts overall performance. This oversight can lead to a myriad of operational issues that diminish the [&hellip;]<\/p>","protected":false},"featured_media":455,"comment_status":"open","ping_status":"closed","template":"","meta":{"_et_pb_use_builder":"","_et_pb_old_content":"","_et_gb_content_width":""},"product_brand":[],"product_cat":[1093],"product_tag":[1096],"class_list":{"0":"post-470","1":"product","2":"type-product","3":"status-publish","4":"has-post-thumbnail","6":"product_cat-air-compressor-for-laser-cutter","7":"product_tag-air-compressor-for-laser-cutter-cost","9":"first","10":"instock","11":"shipping-taxable","12":"product-type-simple"},"_links":{"self":[{"href":"https:\/\/aircompressorforlasercutter.com\/pt\/wp-json\/wp\/v2\/product\/470","targetHints":{"allow":["GET"]}}],"collection":[{"href":"https:\/\/aircompressorforlasercutter.com\/pt\/wp-json\/wp\/v2\/product"}],"about":[{"href":"https:\/\/aircompressorforlasercutter.com\/pt\/wp-json\/wp\/v2\/types\/product"}],"replies":[{"embeddable":true,"href":"https:\/\/aircompressorforlasercutter.com\/pt\/wp-json\/wp\/v2\/comments?post=470"}],"wp:featuredmedia":[{"embeddable":true,"href":"https:\/\/aircompressorforlasercutter.com\/pt\/wp-json\/wp\/v2\/media\/455"}],"wp:attachment":[{"href":"https:\/\/aircompressorforlasercutter.com\/pt\/wp-json\/wp\/v2\/media?parent=470"}],"wp:term":[{"taxonomy":"product_brand","embeddable":true,"href":"https:\/\/aircompressorforlasercutter.com\/pt\/wp-json\/wp\/v2\/product_brand?post=470"},{"taxonomy":"product_cat","embeddable":true,"href":"https:\/\/aircompressorforlasercutter.com\/pt\/wp-json\/wp\/v2\/product_cat?post=470"},{"taxonomy":"product_tag","embeddable":true,"href":"https:\/\/aircompressorforlasercutter.com\/pt\/wp-json\/wp\/v2\/product_tag?post=470"}],"curies":[{"name":"wp","href":"https:\/\/api.w.org\/{rel}","templated":true}]}}