{"id":476,"date":"2026-01-14T08:26:19","date_gmt":"2026-01-14T08:26:19","guid":{"rendered":"https:\/\/aircompressorforlasercutter.com\/product\/electromagnetic-air-pump-for-laser-engraving-machine\/"},"modified":"2026-01-14T08:32:52","modified_gmt":"2026-01-14T08:32:52","slug":"electromagnetic-air-pump-for-laser-engraving-machine","status":"publish","type":"product","link":"https:\/\/aircompressorforlasercutter.com\/pt\/produto\/bomba-de-ar-eletromagnetica-para-maquina-de-gravacao-a-laser\/","title":{"rendered":"Bomba de ar eletromagn\u00e9tica para m\u00e1quina de grava\u00e7\u00e3o a laser"},"content":{"rendered":"<h1>Bomba de ar eletromagn\u00e9tica para m\u00e1quina de grava\u00e7\u00e3o a laser<\/h1>\n<h2>O Her\u00f3i Desconhecido nos Bastidores<\/h2>\n<p>No cen\u00e1rio competitivo atual, \u00e9 comum que os compradores invistam um capital significativo em m\u00e1quinas de grava\u00e7\u00e3o a laser, negligenciando um componente cr\u00edtico: a bomba de ar. Essa omiss\u00e3o pode ter implica\u00e7\u00f5es substanciais no desempenho geral e na vida \u00fatil do equipamento. Vamos explorar por que a assist\u00eancia pneum\u00e1tica \u00e9 mais do que apenas um acess\u00f3rio \u2014 ela \u00e9 um fator crucial que influencia tanto a qualidade do corte quanto a vida \u00fatil da m\u00e1quina.<\/p>\n<h2>Realidade do mercado: Ignorando a bomba de ar<\/h2>\n<p>O mercado atual \u00e9 caracterizado por uma alta demanda por m\u00e1quinas de grava\u00e7\u00e3o a laser avan\u00e7adas, frequentemente a pre\u00e7os elevados. No entanto, muitos compradores negligenciam a import\u00e2ncia de integrar uma bomba de ar de alta qualidade em seu sistema. Essa falta de aten\u00e7\u00e3o pode levar a inefici\u00eancias que impactam diretamente a experi\u00eancia do usu\u00e1rio final.<\/p>\n<p>A assist\u00eancia de ar \u00e9 crucial; ela n\u00e3o s\u00f3 melhora a precis\u00e3o do corte, como tamb\u00e9m contribui significativamente para a durabilidade do sistema a laser. Para revendedores B2B, selecionar a bomba de ar correta pode levar \u00e0 redu\u00e7\u00e3o de reclama\u00e7\u00f5es de clientes relacionadas a problemas como \"cortes incompletos\" ou \"lentes danificadas\", resultando, em \u00faltima an\u00e1lise, em maiores taxas de fideliza\u00e7\u00e3o de clientes.<\/p>\n<h2>Pontos problem\u00e1ticos: Custos ocultos das bombas de ar baratas<\/h2>\n<h3>Qualidade de corte inferior<\/h3>\n<p>Investir em uma bomba de ar de baixo custo pode acarretar uma s\u00e9rie de problemas, principalmente instabilidades no fluxo de ar. Essa instabilidade pode levar a bordas queimadas nos materiais, diminui\u00e7\u00e3o da efici\u00eancia de corte e um produto final menos atraente para os usu\u00e1rios. Em um mercado onde a qualidade est\u00e9tica influencia diretamente as vendas, essas desvantagens podem ser prejudiciais.<\/p>\n<h3>Risco de danos ao equipamento<\/h3>\n<p>O uso de bombas de ar de qualidade inferior, principalmente aquelas impregnadas de \u00f3leo, apresenta riscos significativos. Essas bombas podem emitir n\u00e9voa de \u00f3leo ou umidade, contaminando as lentes do laser. Essa contamina\u00e7\u00e3o pode levar a reparos dispendiosos e a um aumento nas devolu\u00e7\u00f5es de produtos, impactando negativamente seus resultados financeiros.<\/p>\n<h3>Dissuasor de ru\u00eddo<\/h3>\n<p>Os compressores de ar tradicionais costumam ser barulhentos, criando um ambiente inadequado para usu\u00e1rios dom\u00e9sticos ou espa\u00e7os de cria\u00e7\u00e3o educacionais. Os altos n\u00edveis de ru\u00eddo podem afastar potenciais clientes, restringindo seu alcance de mercado e limitando as oportunidades de venda.<\/p>\n<h2>Nossa solu\u00e7\u00e3o: Redefinindo o conceito de assist\u00eancia a\u00e9rea de n\u00edvel profissional.<\/h2>\n<h3>Design sem \u00f3leo e sem \u00e1gua<\/h3>\n<p>Nossa bomba de ar eletromagn\u00e9tica garante a prote\u00e7\u00e3o 100% para lentes de laser gra\u00e7as ao seu design isento de \u00f3leo e \u00e1gua. Essa caracter\u00edstica assegura que os usu\u00e1rios finais n\u00e3o precisem se preocupar com a manuten\u00e7\u00e3o, proporcionando uma experi\u00eancia descomplicada que aumenta a satisfa\u00e7\u00e3o do usu\u00e1rio.<\/p>\n<h3>Tecnologia ultrassilenciosa<\/h3>\n<p>Projetada especificamente para ambientes internos, nossa bomba de ar utiliza tecnologia ac\u00fastica de ponta para manter os n\u00edveis de ru\u00eddo abaixo de 60 dB. Essa opera\u00e7\u00e3o ultrassilenciosa melhora significativamente a experi\u00eancia do usu\u00e1rio, tornando-a ideal para est\u00fadios dom\u00e9sticos ou ambientes educacionais.<\/p>\n<h3>Desempenho robusto<\/h3>\n<p>Nossa bomba de ar fornece uma vaz\u00e3o cont\u00ednua de 30 L\/min, garantindo um fluxo de ar est\u00e1vel. Esse desempenho \u00e9 crucial para cortar materiais espessos como madeira ou acr\u00edlico, resultando em cortes limpos e com o m\u00ednimo de res\u00edduos de fuma\u00e7a. Os usu\u00e1rios podem esperar resultados impec\u00e1veis \u200b\u200bque aprimoram seus produtos.<\/p>\n<h2>Compatibilidade: Solu\u00e7\u00e3o completa para correspond\u00eancia<\/h2>\n<h3>Ampla compatibilidade<\/h3>\n<p>Esta bomba de ar foi projetada para integrar-se perfeitamente com o modelo 95% dos principais equipamentos de grava\u00e7\u00e3o a laser, incluindo xTool, Ortur, Atomstack e diversas m\u00e1quinas a laser de CO2. Essa versatilidade \u00e9 inestim\u00e1vel para revendedores B2B, pois permite uma gest\u00e3o de estoque otimizada.<\/p>\n<h3>Benef\u00edcios para os distribuidores<\/h3>\n<p>Com um \u00fanico SKU compat\u00edvel com v\u00e1rias m\u00e1quinas, os distribuidores podem reduzir significativamente a press\u00e3o sobre o estoque e simplificar os processos de reabastecimento. Essa solu\u00e7\u00e3o n\u00e3o s\u00f3 aumenta a efici\u00eancia operacional, como tamb\u00e9m reduz a complexidade do processamento de pedidos.<\/p>\n<h2>Vantagens da Cadeia de Suprimentos e das Parcerias<\/h2>\n<h3>For\u00e7a de f\u00e1brica<\/h3>\n<p>Nossos rigorosos processos de controle de qualidade garantem que mantemos uma taxa de defeitos excepcionalmente baixa, inferior a 1%. Essa confiabilidade se traduz em custos log\u00edsticos reduzidos associados a devolu\u00e7\u00f5es e trocas, proporcionando uma solu\u00e7\u00e3o econ\u00f4mica para o seu neg\u00f3cio.<\/p>\n<h3>Servi\u00e7os personalizados (OEM\/ODM)<\/h3>\n<p>Oferecemos solu\u00e7\u00f5es personalizadas, incluindo customiza\u00e7\u00e3o do logotipo da marca, design de embalagens e especifica\u00e7\u00f5es de plugues para atender \u00e0s necessidades de diferentes mercados. Essa flexibilidade permite que voc\u00ea construa sua pr\u00f3pria identidade de marca com facilidade.<\/p>\n<h3>Suporte p\u00f3s-venda<\/h3>\n<p>Nosso compromisso com a satisfa\u00e7\u00e3o do cliente inclui tempos de resposta t\u00e9cnica r\u00e1pidos e disponibilidade eficiente de pe\u00e7as de reposi\u00e7\u00e3o. Essa estrutura de suporte garante que voc\u00ea possa manter a continuidade operacional e seus clientes satisfeitos.<\/p>\n<h2>Conclus\u00e3o e Chamada \u00e0 A\u00e7\u00e3o<\/h2>\n<p>N\u00e3o permita que componentes de qualidade inferior prejudiquem a reputa\u00e7\u00e3o de suas m\u00e1quinas de alta gama. Invista em uma bomba de ar que esteja \u00e0 altura da qualidade do seu equipamento e que aprimore a experi\u00eancia geral do usu\u00e1rio.<\/p>\n<p>Entre em contato conosco hoje mesmo para solicitar amostras ou receber os pre\u00e7os mais recentes para atacado B2B. Vamos aprimorar suas ofertas com um produto que realmente cumpre o que promete.<\/p>\n<p>Para mais informa\u00e7\u00f5es, visite <a href=\"https:\/\/aircompressorforlasercutter.com\/pt\/contate-nos\/\">P\u00e1gina de contato da Ever-power<\/a>.<\/p>","protected":false},"excerpt":{"rendered":"<p>Electromagnetic Air Pump for Laser Engraving Machine The Unsung Hero Behind the Scenes In today&#8217;s competitive landscape, it is common for buyers to invest significant capital into laser engraving machines while neglecting one critical component: the air pump. This oversight can have substantial implications on the overall performance and longevity of the equipment. Let&#8217;s explore [&hellip;]<\/p>","protected":false},"featured_media":456,"comment_status":"open","ping_status":"closed","template":"","meta":{"_et_pb_use_builder":"","_et_pb_old_content":"","_et_gb_content_width":""},"product_brand":[],"product_cat":[1093],"product_tag":[1096],"class_list":{"0":"post-476","1":"product","2":"type-product","3":"status-publish","4":"has-post-thumbnail","6":"product_cat-air-compressor-for-laser-cutter","7":"product_tag-air-compressor-for-laser-cutter-cost","9":"first","10":"instock","11":"shipping-taxable","12":"product-type-simple"},"_links":{"self":[{"href":"https:\/\/aircompressorforlasercutter.com\/pt\/wp-json\/wp\/v2\/product\/476","targetHints":{"allow":["GET"]}}],"collection":[{"href":"https:\/\/aircompressorforlasercutter.com\/pt\/wp-json\/wp\/v2\/product"}],"about":[{"href":"https:\/\/aircompressorforlasercutter.com\/pt\/wp-json\/wp\/v2\/types\/product"}],"replies":[{"embeddable":true,"href":"https:\/\/aircompressorforlasercutter.com\/pt\/wp-json\/wp\/v2\/comments?post=476"}],"wp:featuredmedia":[{"embeddable":true,"href":"https:\/\/aircompressorforlasercutter.com\/pt\/wp-json\/wp\/v2\/media\/456"}],"wp:attachment":[{"href":"https:\/\/aircompressorforlasercutter.com\/pt\/wp-json\/wp\/v2\/media?parent=476"}],"wp:term":[{"taxonomy":"product_brand","embeddable":true,"href":"https:\/\/aircompressorforlasercutter.com\/pt\/wp-json\/wp\/v2\/product_brand?post=476"},{"taxonomy":"product_cat","embeddable":true,"href":"https:\/\/aircompressorforlasercutter.com\/pt\/wp-json\/wp\/v2\/product_cat?post=476"},{"taxonomy":"product_tag","embeddable":true,"href":"https:\/\/aircompressorforlasercutter.com\/pt\/wp-json\/wp\/v2\/product_tag?post=476"}],"curies":[{"name":"wp","href":"https:\/\/api.w.org\/{rel}","templated":true}]}}