{"id":481,"date":"2026-01-14T08:26:20","date_gmt":"2026-01-14T08:26:20","guid":{"rendered":"https:\/\/aircompressorforlasercutter.com\/product\/air-blower-for-laser-cutter-debris-removal\/"},"modified":"2026-01-14T08:31:51","modified_gmt":"2026-01-14T08:31:51","slug":"air-blower-for-laser-cutter-debris-removal","status":"publish","type":"product","link":"https:\/\/aircompressorforlasercutter.com\/pt\/produto\/soprador-de-ar-para-remocao-de-detritos-de-cortadora-a-laser\/","title":{"rendered":"Soprador de ar para remo\u00e7\u00e3o de detritos de corte a laser"},"content":{"rendered":"<h1>Soprador de ar para remo\u00e7\u00e3o de detritos de corte a laser: o her\u00f3i desconhecido<\/h1>\n<h2>Introdu\u00e7\u00e3o: O Her\u00f3i Desconhecido<\/h2>\n<p>No universo da tecnologia de corte a laser, um componente crucial muitas vezes fica ofuscado por m\u00e1quinas mais chamativas: o soprador de ar. Embora os compradores invistam quantias significativas em m\u00e1quinas de grava\u00e7\u00e3o a laser de alta qualidade, frequentemente negligenciam a import\u00e2ncia de uma bomba de ar de qualidade. O sistema de assist\u00eancia de ar n\u00e3o \u00e9 um mero acess\u00f3rio; ele desempenha um papel essencial na determina\u00e7\u00e3o da qualidade do corte e na longevidade do equipamento.<\/p>\n<h2>Contexto de mercado: panorama atual<\/h2>\n<p>O mercado de corte a laser est\u00e1 testemunhando um crescimento sem precedentes, com empresas ansiosas para adotar tecnologia de ponta. No entanto, muitos compradores negligenciam o soprador de ar, parte integrante do processo de corte. Sem um sistema de assist\u00eancia de ar eficaz, o potencial das m\u00e1quinas de corte a laser fica seriamente comprometido. Essa neglig\u00eancia pode levar a resultados de corte inferiores, aumento dos custos de manuten\u00e7\u00e3o e insatisfa\u00e7\u00e3o do cliente.<\/p>\n<h2>Principal conclus\u00e3o: A import\u00e2ncia da assist\u00eancia pneum\u00e1tica<\/h2>\n<p>Investir em um soprador de ar de alta qualidade se traduz em benef\u00edcios tang\u00edveis. Para os distribuidores, selecionar a bomba de ar correta significa reduzir reclama\u00e7\u00f5es relacionadas a cortes imprecisos e lentes danificadas, resultando, em \u00faltima an\u00e1lise, em maiores taxas de fideliza\u00e7\u00e3o de clientes. Um sistema de assist\u00eancia de ar confi\u00e1vel garante aos clientes que seu investimento em tecnologia de corte a laser trar\u00e1 os melhores resultados.<\/p>\n<h2>Pontos problem\u00e1ticos: Custos ocultos de sopradores de ar baratos<\/h2>\n<p>Embora possa ser tentador optar por uma bomba de ar mais barata, os custos ocultos podem ser prejudiciais:<\/p>\n<h3>Qualidade de corte ruim<\/h3>\n<p>O fluxo de ar inst\u00e1vel proveniente de bombas de qualidade inferior resulta em bordas queimadas e baixa efici\u00eancia de corte. Isso n\u00e3o s\u00f3 compromete a est\u00e9tica dos produtos acabados, como tamb\u00e9m afeta a satisfa\u00e7\u00e3o do usu\u00e1rio final.<\/p>\n<h3>Risco de danos ao equipamento<\/h3>\n<p>Bombas de ar de baixa qualidade, especialmente as que cont\u00eam \u00f3leo, podem liberar n\u00e9voa de \u00f3leo ou umidade que contamina as lentes do laser. Isso leva a reparos ou substitui\u00e7\u00f5es dispendiosas, diminuindo o valor geral do investimento.<\/p>\n<h3>Opera\u00e7\u00e3o ruidosa<\/h3>\n<p>Os compressores de ar tradicionais costumam ser barulhentos, o que desestimula o uso em oficinas dom\u00e9sticas e ambientes de ensino maker. Isso limita o potencial de mercado e dificulta que as empresas atendam a um p\u00fablico mais amplo.<\/p>\n<h2>Nossa solu\u00e7\u00e3o: Redefinindo a assist\u00eancia a\u00e9rea profissional<\/h2>\n<p>Apresentamos um novo padr\u00e3o em tecnologia de assist\u00eancia a\u00e9rea:<\/p>\n<h3>Design sem \u00f3leo e sem \u00e1gua<\/h3>\n<p>Nosso soprador de ar possui um design isento de \u00f3leo 100%, garantindo prote\u00e7\u00e3o completa para as lentes a laser e eliminando a necessidade de manuten\u00e7\u00e3o frequente. Isso permite que os usu\u00e1rios finais se concentrem em seus projetos criativos sem se preocuparem com a manuten\u00e7\u00e3o do equipamento.<\/p>\n<h3>Tecnologia ultrassilenciosa<\/h3>\n<p>Projetado especificamente para uso em est\u00fadios dom\u00e9sticos e ambientes internos, nosso soprador de ar opera com um n\u00edvel de ru\u00eddo extremamente baixo (&lt;60dB), melhorando significativamente a experi\u00eancia do usu\u00e1rio e tornando-o adequado para diversos ambientes.<\/p>\n<h3>Desempenho robusto<\/h3>\n<p>Com uma vaz\u00e3o constante de 30 L\/min (ou de acordo com seus par\u00e2metros espec\u00edficos), nosso soprador de ar garante cortes limpos e sem fuma\u00e7a, mesmo em materiais espessos como madeira e acr\u00edlico. Esse desempenho impressionante aprimora a qualidade geral do corte, resultando em maior satisfa\u00e7\u00e3o do usu\u00e1rio final.<\/p>\n<h2>Ampla compatibilidade: uma solu\u00e7\u00e3o completa<\/h2>\n<p>Nosso soprador de ar foi projetado para ampla compatibilidade:<\/p>\n<h3>Ampla variedade<\/h3>\n<p>\u00c9 perfeitamente compat\u00edvel com o modelo 95% dos principais equipamentos dispon\u00edveis no mercado (incluindo xTool, Ortur, Atomstack e diversas m\u00e1quinas a laser de CO2). Essa versatilidade o torna um valioso complemento para o estoque de qualquer distribuidor.<\/p>\n<h3>Benef\u00edcios para os distribuidores<\/h3>\n<p>Com um \u00fanico SKU compat\u00edvel com v\u00e1rias m\u00e1quinas, voc\u00ea pode reduzir significativamente a press\u00e3o sobre o estoque e a complexidade nos processos de armazenamento. Essa abordagem simplificada aumenta a efici\u00eancia operacional e a lucratividade.<\/p>\n<h2>Vantagens da Cadeia de Suprimentos e das Parcerias<\/h2>\n<p>A parceria conosco oferece in\u00fameros benef\u00edcios:<\/p>\n<h3>Fortes credenciais de f\u00e1brica<\/h3>\n<p>Implementamos processos rigorosos de controle de qualidade, garantindo uma taxa de defeitos excepcionalmente baixa (&lt;1%). Esse compromisso com a qualidade reduz os custos log\u00edsticos relacionados a devolu\u00e7\u00f5es e trocas, melhorando assim seus resultados financeiros.<\/p>\n<h3>Servi\u00e7os personalizados (OEM\/ODM)<\/h3>\n<p>Oferecemos op\u00e7\u00f5es de personaliza\u00e7\u00e3o, incluindo a aplica\u00e7\u00e3o do logotipo da marca, design de embalagem e especifica\u00e7\u00f5es de plugues adaptadas a diferentes pa\u00edses. Isso permite que voc\u00ea construa sua pr\u00f3pria identidade de marca de forma eficaz.<\/p>\n<h3>Suporte p\u00f3s-venda<\/h3>\n<p>Nossa r\u00e1pida resposta t\u00e9cnica e capacidade de fornecimento de pe\u00e7as de reposi\u00e7\u00e3o garantem que suas opera\u00e7\u00f5es funcionem sem problemas, minimizando o tempo de inatividade e aumentando a satisfa\u00e7\u00e3o do cliente.<\/p>\n<h2>Conclus\u00e3o e Chamada \u00e0 A\u00e7\u00e3o<\/h2>\n<p>N\u00e3o deixe que componentes inferiores prejudiquem a reputa\u00e7\u00e3o de suas m\u00e1quinas de alta qualidade. Escolha um soprador de ar que esteja \u00e0 altura dos padr\u00f5es de qualidade do seu equipamento e ofere\u00e7a desempenho excepcional.<\/p>\n<p>Entre em contato conosco hoje mesmo para solicitar testes de amostras ou para obter as informa\u00e7\u00f5es mais recentes sobre pre\u00e7os de atacado B2B. <a href=\"https:\/\/aircompressorforlasercutter.com\/pt\/contate-nos\/\">Entre em contato aqui!<\/a><\/p>","protected":false},"excerpt":{"rendered":"<p>Air Blower for Laser Cutter Debris Removal: The Unsung Hero Introduction: The Unsung Hero In the realm of laser cutting technology, one critical component often gets overshadowed by the more glamorous machinery??the air blower. While buyers invest significant amounts in high-end laser engraving machines, they frequently overlook the importance of a quality air pump. The [&hellip;]<\/p>","protected":false},"featured_media":457,"comment_status":"open","ping_status":"closed","template":"","meta":{"_et_pb_use_builder":"","_et_pb_old_content":"","_et_gb_content_width":""},"product_brand":[],"product_cat":[1093],"product_tag":[1095],"class_list":{"0":"post-481","1":"product","2":"type-product","3":"status-publish","4":"has-post-thumbnail","6":"product_cat-air-compressor-for-laser-cutter","7":"product_tag-air-compressor-for-laser-cutter-price","9":"first","10":"instock","11":"shipping-taxable","12":"product-type-simple"},"_links":{"self":[{"href":"https:\/\/aircompressorforlasercutter.com\/pt\/wp-json\/wp\/v2\/product\/481","targetHints":{"allow":["GET"]}}],"collection":[{"href":"https:\/\/aircompressorforlasercutter.com\/pt\/wp-json\/wp\/v2\/product"}],"about":[{"href":"https:\/\/aircompressorforlasercutter.com\/pt\/wp-json\/wp\/v2\/types\/product"}],"replies":[{"embeddable":true,"href":"https:\/\/aircompressorforlasercutter.com\/pt\/wp-json\/wp\/v2\/comments?post=481"}],"wp:featuredmedia":[{"embeddable":true,"href":"https:\/\/aircompressorforlasercutter.com\/pt\/wp-json\/wp\/v2\/media\/457"}],"wp:attachment":[{"href":"https:\/\/aircompressorforlasercutter.com\/pt\/wp-json\/wp\/v2\/media?parent=481"}],"wp:term":[{"taxonomy":"product_brand","embeddable":true,"href":"https:\/\/aircompressorforlasercutter.com\/pt\/wp-json\/wp\/v2\/product_brand?post=481"},{"taxonomy":"product_cat","embeddable":true,"href":"https:\/\/aircompressorforlasercutter.com\/pt\/wp-json\/wp\/v2\/product_cat?post=481"},{"taxonomy":"product_tag","embeddable":true,"href":"https:\/\/aircompressorforlasercutter.com\/pt\/wp-json\/wp\/v2\/product_tag?post=481"}],"curies":[{"name":"wp","href":"https:\/\/api.w.org\/{rel}","templated":true}]}}