{"id":483,"date":"2026-01-14T08:26:20","date_gmt":"2026-01-14T08:26:20","guid":{"rendered":"https:\/\/aircompressorforlasercutter.com\/product\/variable-speed-air-assist-compressor-for-laser\/"},"modified":"2026-01-14T08:31:33","modified_gmt":"2026-01-14T08:31:33","slug":"variable-speed-air-assist-compressor-for-laser","status":"publish","type":"product","link":"https:\/\/aircompressorforlasercutter.com\/pt\/produto\/compressor-de-assistencia-de-ar-de-velocidade-variavel-para-laser\/","title":{"rendered":"Compressor de ar assistido de velocidade vari\u00e1vel para laser"},"content":{"rendered":"<h1>Compressor de ar assistido de velocidade vari\u00e1vel para laser<\/h1>\n<h2>O Her\u00f3i Desconhecido nos Bastidores<\/h2>\n<p>O setor de grava\u00e7\u00e3o a laser est\u00e1 em plena expans\u00e3o, com compradores investindo quantias consider\u00e1veis \u200b\u200bem m\u00e1quinas de grava\u00e7\u00e3o a laser de alta qualidade. No entanto, nessa busca pela excel\u00eancia, muitos negligenciam um componente crucial: o compressor de ar auxiliar. Este acess\u00f3rio essencial n\u00e3o \u00e9 apenas um complemento; ele impacta fundamentalmente tanto a qualidade do corte quanto a vida \u00fatil das m\u00e1quinas em opera\u00e7\u00e3o.<\/p>\n<h2>Vis\u00e3o geral do mercado: ignorado, mas essencial.<\/h2>\n<p>No mercado atual, a maioria dos compradores se concentra nas capacidades de suas gravadoras a laser, muitas vezes negligenciando a import\u00e2ncia do compressor de ar. A realidade \u00e9 que o ar comprimido n\u00e3o \u00e9 apenas um acess\u00f3rio complementar. Ele influencia diretamente a precis\u00e3o do corte, a qualidade do produto final e a efici\u00eancia geral da m\u00e1quina. Em transa\u00e7\u00f5es B2B, selecionar o compressor de ar correto se traduz em menos reclama\u00e7\u00f5es sobre problemas como \"cortes incompletos\" ou \"lentes danificadas\", o que, por sua vez, leva a maiores taxas de fideliza\u00e7\u00e3o e satisfa\u00e7\u00e3o do cliente.<\/p>\n<h2>Pontos Cr\u00edticos: Os Custos Ocultos dos Compressores Baratos<\/h2>\n<h3>Qualidade de corte ruim<\/h3>\n<p>A utiliza\u00e7\u00e3o de compressores de ar de qualidade inferior pode levar a quedas significativas na qualidade do corte. O fluxo de ar inst\u00e1vel faz com que as bordas do material fiquem carbonizadas ou queimadas, afetando negativamente o aspecto est\u00e9tico do produto final. Isso n\u00e3o s\u00f3 diminui a satisfa\u00e7\u00e3o do cliente, como tamb\u00e9m pode resultar em perda de oportunidades de venda.<\/p>\n<h3>Risco de danos ao equipamento<\/h3>\n<p>Compressores de baixa qualidade, especialmente aqueles que introduzem \u00f3leo no fluxo de ar, representam um risco substancial para as lentes do laser. A n\u00e9voa de \u00f3leo pode contaminar a lente do laser, levando a reparos dispendiosos e poss\u00edveis perdas. Investir em um sistema de assist\u00eancia de ar confi\u00e1vel mitiga esse risco e protege seu investimento operacional.<\/p>\n<h3>Dissuasor de ru\u00eddo<\/h3>\n<p>Os compressores de ar tradicionais s\u00e3o conhecidos pelos seus altos n\u00edveis de ru\u00eddo, o que pode ser uma barreira significativa para utilizadores dom\u00e9sticos e espa\u00e7os de cria\u00e7\u00e3o educacionais. O ru\u00eddo excessivo n\u00e3o s\u00f3 restringe a utiliza\u00e7\u00e3o, como tamb\u00e9m pode prejudicar a experi\u00eancia geral do utilizador. Ao adotar tecnologias mais silenciosas, pode expandir o seu alcance de mercado e atrair um p\u00fablico mais vasto.<\/p>\n<h2>Nossa solu\u00e7\u00e3o: Redefinindo a assist\u00eancia a\u00e9rea profissional<\/h2>\n<h3>Design sem \u00f3leo e sem \u00e1gua<\/h3>\n<p>Nosso compressor de ar de velocidade vari\u00e1vel possui um design isento de \u00f3leo e \u00e1gua (modelo 100%), garantindo a m\u00e1xima prote\u00e7\u00e3o para as lentes de laser. Essa solu\u00e7\u00e3o livre de manuten\u00e7\u00e3o proporciona tranquilidade aos usu\u00e1rios finais, permitindo que se concentrem em seus projetos sem se preocuparem com a integridade de seus equipamentos.<\/p>\n<h3>Tecnologia ultrassilenciosa<\/h3>\n<p>Projetado especificamente para uso interno, nosso compressor opera com n\u00edveis de ru\u00eddo abaixo de 60 dB, tornando-o ideal para oficinas dom\u00e9sticas e ambientes educacionais. Ao reduzir significativamente a polui\u00e7\u00e3o sonora, aprimoramos a experi\u00eancia do usu\u00e1rio e incentivamos uma ado\u00e7\u00e3o mais ampla das tecnologias de corte a laser.<\/p>\n<h3>Desempenho robusto<\/h3>\n<p>Com uma vaz\u00e3o constante de 30 L\/min, nosso compressor garante que, mesmo ao cortar materiais espessos como madeira ou acr\u00edlico, os cortes permane\u00e7am limpos e sem fuma\u00e7a. Essa confiabilidade de desempenho se traduz em maior qualidade para seus clientes e pode levar ao aumento das vendas e \u00e0 fideliza\u00e7\u00e3o.<\/p>\n<h2>Ampla compatibilidade: combina\u00e7\u00e3o perfeita em um s\u00f3 lugar.<\/h2>\n<h3>Ampla variedade<\/h3>\n<p>Nosso compressor \u00e9 compat\u00edvel com o modelo 95% de m\u00e1quinas de grava\u00e7\u00e3o a laser populares, incluindo xTool, Ortur, Atomstack e diversas m\u00e1quinas a laser de CO2. Essa ampla compatibilidade permite uma integra\u00e7\u00e3o perfeita, reduzindo a dificuldade de encontrar as conex\u00f5es ou ajustes corretos.<\/p>\n<h3>Benef\u00edcios para o revendedor<\/h3>\n<p>Ao oferecer um \u00fanico SKU compat\u00edvel com v\u00e1rias m\u00e1quinas, os revendedores podem reduzir significativamente seus estoques e otimizar suas opera\u00e7\u00f5es. Essa redu\u00e7\u00e3o na complexidade n\u00e3o s\u00f3 economiza custos, como tamb\u00e9m simplifica o processo de pedidos para os varejistas.<\/p>\n<h2>Vantagens da Cadeia de Suprimentos e das Parcerias<\/h2>\n<h3>For\u00e7a de f\u00e1brica<\/h3>\n<p>Nossos rigorosos processos de controle de qualidade garantem uma taxa de defeitos notavelmente baixa, inferior a 1%. Esse alto padr\u00e3o minimiza devolu\u00e7\u00f5es e trocas, reduzindo custos log\u00edsticos e aumentando a satisfa\u00e7\u00e3o do cliente.<\/p>\n<h3>Servi\u00e7os de personaliza\u00e7\u00e3o (OEM\/ODM)<\/h3>\n<p>Oferecemos op\u00e7\u00f5es abrangentes de personaliza\u00e7\u00e3o, incluindo a aplica\u00e7\u00e3o do logotipo da marca, design de embalagem e conformidade com diversas especifica\u00e7\u00f5es internacionais de plugues. Essa adaptabilidade ajuda voc\u00ea a construir uma identidade de marca \u00fanica em um mercado competitivo.<\/p>\n<h3>Suporte p\u00f3s-venda<\/h3>\n<p>Nosso compromisso com o atendimento ao cliente inclui suporte t\u00e9cnico \u00e1gil e disponibilidade de pe\u00e7as de reposi\u00e7\u00e3o. Isso garante a continuidade das suas opera\u00e7\u00f5es, consolidando ainda mais a confian\u00e7a do cliente na sua marca.<\/p>\n<h2>Conclus\u00e3o e Chamada \u00e0 A\u00e7\u00e3o<\/h2>\n<p>N\u00e3o permita que componentes inferiores prejudiquem a reputa\u00e7\u00e3o de suas m\u00e1quinas de alta qualidade. Escolha um compressor de ar auxiliar que esteja \u00e0 altura do seu equipamento e impulsione o potencial do seu neg\u00f3cio.<\/p>\n<p>Entre em contato conosco agora mesmo para solicitar testes de amostras ou obter os pre\u00e7os de atacado B2B mais recentes. Visite <a href=\"https:\/\/aircompressorforlasercutter.com\/pt\/contate-nos\/\">aqui<\/a> entrar em contato.<\/p>","protected":false},"excerpt":{"rendered":"<p>Variable Speed Air Assist Compressor for Laser The Unsung Hero Behind the Scenes The laser engraving industry is burgeoning, with buyers investing substantial amounts in high-quality laser engraving machines. However, in this pursuit of excellence, many overlook a crucial component: the air assist compressor. This essential accessory is not simply an add-on; it fundamentally impacts [&hellip;]<\/p>","protected":false},"featured_media":457,"comment_status":"open","ping_status":"closed","template":"","meta":{"_et_pb_use_builder":"","_et_pb_old_content":"","_et_gb_content_width":""},"product_brand":[],"product_cat":[1093],"product_tag":[1094],"class_list":{"0":"post-483","1":"product","2":"type-product","3":"status-publish","4":"has-post-thumbnail","6":"product_cat-air-compressor-for-laser-cutter","7":"product_tag-air-compressor-for-laser-cutter","9":"first","10":"instock","11":"shipping-taxable","12":"product-type-simple"},"_links":{"self":[{"href":"https:\/\/aircompressorforlasercutter.com\/pt\/wp-json\/wp\/v2\/product\/483","targetHints":{"allow":["GET"]}}],"collection":[{"href":"https:\/\/aircompressorforlasercutter.com\/pt\/wp-json\/wp\/v2\/product"}],"about":[{"href":"https:\/\/aircompressorforlasercutter.com\/pt\/wp-json\/wp\/v2\/types\/product"}],"replies":[{"embeddable":true,"href":"https:\/\/aircompressorforlasercutter.com\/pt\/wp-json\/wp\/v2\/comments?post=483"}],"wp:featuredmedia":[{"embeddable":true,"href":"https:\/\/aircompressorforlasercutter.com\/pt\/wp-json\/wp\/v2\/media\/457"}],"wp:attachment":[{"href":"https:\/\/aircompressorforlasercutter.com\/pt\/wp-json\/wp\/v2\/media?parent=483"}],"wp:term":[{"taxonomy":"product_brand","embeddable":true,"href":"https:\/\/aircompressorforlasercutter.com\/pt\/wp-json\/wp\/v2\/product_brand?post=483"},{"taxonomy":"product_cat","embeddable":true,"href":"https:\/\/aircompressorforlasercutter.com\/pt\/wp-json\/wp\/v2\/product_cat?post=483"},{"taxonomy":"product_tag","embeddable":true,"href":"https:\/\/aircompressorforlasercutter.com\/pt\/wp-json\/wp\/v2\/product_tag?post=483"}],"curies":[{"name":"wp","href":"https:\/\/api.w.org\/{rel}","templated":true}]}}