{"id":484,"date":"2026-01-14T08:26:20","date_gmt":"2026-01-14T08:26:20","guid":{"rendered":"https:\/\/aircompressorforlasercutter.com\/product\/50w-electromagnetic-air-pump-for-laser-assist\/"},"modified":"2026-01-14T08:31:20","modified_gmt":"2026-01-14T08:31:20","slug":"50w-electromagnetic-air-pump-for-laser-assist","status":"publish","type":"product","link":"https:\/\/aircompressorforlasercutter.com\/pt\/produto\/bomba-de-ar-eletromagnetica-de-50-w-para-assistencia-a-laser\/","title":{"rendered":"Bomba de ar eletromagn\u00e9tica de 50 W para assist\u00eancia a laser"},"content":{"rendered":"<h2>1. Contexto: O componente negligenciado<\/h2>\n<p>No mercado de grava\u00e7\u00e3o e corte a laser, que evolui rapidamente, os compradores frequentemente investem quantias consider\u00e1veis \u200b\u200bem m\u00e1quinas a laser de alta tecnologia. No entanto, um componente cr\u00edtico \u2014 a bomba de ar \u2014 permanece amplamente negligenciado. Essa neglig\u00eancia pode impactar significativamente a efici\u00eancia operacional e a qualidade dos produtos acabados.<\/p>\n<p>A assist\u00eancia pneum\u00e1tica n\u00e3o \u00e9 um mero acess\u00f3rio; ela influencia diretamente a qualidade final do corte e a vida \u00fatil da m\u00e1quina. Uma bomba de ar bem escolhida pode melhorar o desempenho, contribuindo para resultados de corte superiores e garantindo o funcionamento suave da m\u00e1quina ao longo do tempo.<\/p>\n<p><img loading=\"lazy\" decoding=\"async\" class=\"wp-image-458 size-full aligncenter\" src=\"https:\/\/aircompressorforlasercutter.com\/wp-content\/uploads\/2026\/01\/Air-Compressor-For-Laser-Cutter6.webp\" alt=\"Compressor de ar para cortadora a laser\" width=\"800\" height=\"800\" srcset=\"https:\/\/aircompressorforlasercutter.com\/wp-content\/uploads\/2026\/01\/Air-Compressor-For-Laser-Cutter6.webp 800w, https:\/\/aircompressorforlasercutter.com\/wp-content\/uploads\/2026\/01\/Air-Compressor-For-Laser-Cutter6-480x480.webp 480w\" sizes=\"auto, (min-width: 0px) and (max-width: 480px) 480px, (min-width: 481px) 800px, 100vw\" \/><\/p>\n<h2>Principal conclus\u00e3o: O valor comercial da assist\u00eancia a\u00e9rea<\/h2>\n<p>Para os distribuidores, selecionar a bomba de ar correta se traduz em benef\u00edcios tang\u00edveis: redu\u00e7\u00e3o de reclama\u00e7\u00f5es de clientes relacionadas a problemas como \"cortes incompletos\" ou \"lentes danificadas\", o que, em \u00faltima an\u00e1lise, leva a taxas de fideliza\u00e7\u00e3o de clientes mais altas. Compreender essa rela\u00e7\u00e3o pode capacitar as empresas a fornecer um servi\u00e7o melhor e, ao mesmo tempo, aprimorar sua reputa\u00e7\u00e3o no mercado.<\/p>\n<h2>2. An\u00e1lise dos Pontos Cr\u00edticos: Os Custos Ocultos das Bombas de Ar Baratas<\/h2>\n<h3>Qualidade de corte ruim<\/h3>\n<p>Investir em uma bomba de ar de baixo custo geralmente resulta em fluxo de ar inst\u00e1vel, causando bordas queimadas nos materiais e diminuindo a efici\u00eancia de corte. Essa discrep\u00e2ncia n\u00e3o s\u00f3 afeta a est\u00e9tica do produto final, como tamb\u00e9m pode reduzir a satisfa\u00e7\u00e3o do cliente.<\/p>\n<h3>Risco de danos ao equipamento<\/h3>\n<p>Bombas de ar de qualidade inferior, especialmente as que utilizam \u00f3leo, tendem a emitir n\u00e9voa de \u00f3leo ou umidade, contaminando as lentes do laser. Esses danos podem resultar em reparos e devolu\u00e7\u00f5es dispendiosas, impactando negativamente os or\u00e7amentos operacionais.<\/p>\n<h3>Dissuasor de ru\u00eddo<\/h3>\n<p>Os compressores de ar tradicionais s\u00e3o conhecidos pelos seus n\u00edveis de ru\u00eddo excessivos, o que pode dissuadir utilizadores dom\u00e9sticos e inibir projetos de bricolage em ambientes educativos. Esta limita\u00e7\u00e3o reduz a base potencial de clientes e restringe as oportunidades de venda.<\/p>\n<h2>3. Nossa solu\u00e7\u00e3o: Redefinindo o conceito de assist\u00eancia a\u00e9rea de \"n\u00edvel profissional\".<\/h2>\n<h3>Design sem \u00f3leo e sem \u00e1gua<\/h3>\n<p>Nossa bomba de ar eletromagn\u00e9tica de 50 W possui um design isento de \u00f3leo e \u00e1gua (modelo 100%), garantindo a m\u00e1xima prote\u00e7\u00e3o para as lentes a laser. Os usu\u00e1rios finais podem desfrutar de uma experi\u00eancia livre de manuten\u00e7\u00e3o, proporcionando tranquilidade e economia de tempo.<\/p>\n<h3>Tecnologia ultrassilenciosa<\/h3>\n<p>Projetada especificamente para uso em est\u00fadios dom\u00e9sticos e ambientes internos, nossa bomba de ar opera com um n\u00edvel de ru\u00eddo impressionantemente baixo (&lt;60dB). Essa melhoria eleva significativamente a experi\u00eancia do usu\u00e1rio, tornando-a ideal tanto para aplica\u00e7\u00f5es pessoais quanto educacionais.<\/p>\n<h3>Desempenho robusto<\/h3>\n<p>Com um fluxo de ar cont\u00ednuo e est\u00e1vel de 30 L\/min, nossa bomba garante cortes limpos e sem fuma\u00e7a, mesmo ao trabalhar com materiais espessos como madeira ou acr\u00edlico. Esse desempenho assegura que cada projeto atenda aos mais altos padr\u00f5es de qualidade.<\/p>\n<h2>4. Ampla compatibilidade: combina\u00e7\u00e3o completa<\/h2>\n<h3>Ampla gama de aplica\u00e7\u00f5es<\/h3>\n<p>Nossa bomba de ar \u00e9 perfeitamente compat\u00edvel com o modelo 95% dos principais equipamentos dispon\u00edveis no mercado, incluindo xTool, Ortur, Atomstack e diversas m\u00e1quinas a laser de CO2. Essa versatilidade permite que as empresas atendam a uma base de clientes mais ampla sem comprometer a qualidade.<\/p>\n<h3>Benef\u00edcios para distribuidores<\/h3>\n<p>Ao oferecer um \u00fanico SKU compat\u00edvel com v\u00e1rias m\u00e1quinas, os distribuidores podem reduzir significativamente a press\u00e3o sobre o estoque e a complexidade da gest\u00e3o de invent\u00e1rio. Essa efici\u00eancia resulta em opera\u00e7\u00f5es simplificadas e maior lucratividade.<\/p>\n<h2>5. Vantagens da Cadeia de Suprimentos e da Colabora\u00e7\u00e3o<\/h2>\n<h3>For\u00e7a de f\u00e1brica<\/h3>\n<p>Nossos rigorosos processos de controle de qualidade garantem uma taxa de defeitos excepcionalmente baixa (&lt;1%), o que ajuda a minimizar os custos log\u00edsticos de devolu\u00e7\u00e3o e troca. Essa confiabilidade \u00e9 um pilar fundamental do nosso compromisso com parceiros e clientes.<\/p>\n<h3>Servi\u00e7os de personaliza\u00e7\u00e3o (OEM\/ODM)<\/h3>\n<p>Oferecemos suporte \u00e0 personaliza\u00e7\u00e3o do logotipo da marca, design de embalagens e especifica\u00e7\u00f5es de plugues adaptadas a diversos pa\u00edses, permitindo que voc\u00ea estabele\u00e7a a identidade da sua marca em um mercado competitivo.<\/p>\n<h3>Suporte p\u00f3s-venda<\/h3>\n<p>Nossa r\u00e1pida resposta t\u00e9cnica e capacidade de fornecimento de pe\u00e7as de reposi\u00e7\u00e3o garantem que suas opera\u00e7\u00f5es permane\u00e7am ininterruptas, refor\u00e7ando sua confian\u00e7a em nossa marca.<\/p>\n<h2>6. Conclus\u00e3o e Chamada para A\u00e7\u00e3o (CTA)<\/h2>\n<p>N\u00e3o deixe que componentes inferiores prejudiquem a reputa\u00e7\u00e3o de suas m\u00e1quinas de alta qualidade. Escolher uma bomba de ar que corresponda \u00e0 qualidade do seu equipamento \u00e9 crucial para manter a satisfa\u00e7\u00e3o e a fidelidade do cliente.<\/p>\n<p>Entre em contato conosco hoje mesmo para solicitar uma amostra para testes ou para obter os pre\u00e7os de atacado B2B mais recentes. Deixe a Ever-power ser sua parceira de confian\u00e7a na busca pela excel\u00eancia operacional.<\/p>\n<p style=\"text-align: center;\"><span style=\"font-size: 18pt;\"><a href=\"https:\/\/aircompressorforlasercutter.com\/pt\/contate-nos\/\">Contate-nos<\/a><\/span><\/p>","protected":false},"excerpt":{"rendered":"<p>1. Background: The Overlooked Component In the rapidly evolving market of laser engraving and cutting, buyers often invest substantial amounts of capital in high-end laser machines. However, a critical component??the air pump??remains largely overlooked. This oversight can significantly impact operational efficiency and the quality of finished products. Air assistance is not merely an accessory; it [&hellip;]<\/p>","protected":false},"featured_media":457,"comment_status":"open","ping_status":"closed","template":"","meta":{"_et_pb_use_builder":"","_et_pb_old_content":"","_et_gb_content_width":""},"product_brand":[],"product_cat":[1093],"product_tag":[1095],"class_list":{"0":"post-484","1":"product","2":"type-product","3":"status-publish","4":"has-post-thumbnail","6":"product_cat-air-compressor-for-laser-cutter","7":"product_tag-air-compressor-for-laser-cutter-price","9":"first","10":"instock","11":"shipping-taxable","12":"product-type-simple"},"_links":{"self":[{"href":"https:\/\/aircompressorforlasercutter.com\/pt\/wp-json\/wp\/v2\/product\/484","targetHints":{"allow":["GET"]}}],"collection":[{"href":"https:\/\/aircompressorforlasercutter.com\/pt\/wp-json\/wp\/v2\/product"}],"about":[{"href":"https:\/\/aircompressorforlasercutter.com\/pt\/wp-json\/wp\/v2\/types\/product"}],"replies":[{"embeddable":true,"href":"https:\/\/aircompressorforlasercutter.com\/pt\/wp-json\/wp\/v2\/comments?post=484"}],"wp:featuredmedia":[{"embeddable":true,"href":"https:\/\/aircompressorforlasercutter.com\/pt\/wp-json\/wp\/v2\/media\/457"}],"wp:attachment":[{"href":"https:\/\/aircompressorforlasercutter.com\/pt\/wp-json\/wp\/v2\/media?parent=484"}],"wp:term":[{"taxonomy":"product_brand","embeddable":true,"href":"https:\/\/aircompressorforlasercutter.com\/pt\/wp-json\/wp\/v2\/product_brand?post=484"},{"taxonomy":"product_cat","embeddable":true,"href":"https:\/\/aircompressorforlasercutter.com\/pt\/wp-json\/wp\/v2\/product_cat?post=484"},{"taxonomy":"product_tag","embeddable":true,"href":"https:\/\/aircompressorforlasercutter.com\/pt\/wp-json\/wp\/v2\/product_tag?post=484"}],"curies":[{"name":"wp","href":"https:\/\/api.w.org\/{rel}","templated":true}]}}