{"id":464,"date":"2026-01-14T08:26:17","date_gmt":"2026-01-14T08:26:17","guid":{"rendered":"https:\/\/aircompressorforlasercutter.com\/product\/co2-laser-air-compressor-for-k40-laser-cutter\/"},"modified":"2026-01-14T08:48:53","modified_gmt":"2026-01-14T08:48:53","slug":"co2-laser-air-compressor-for-k40-laser-cutter","status":"publish","type":"product","link":"https:\/\/aircompressorforlasercutter.com\/pt_pt\/produto\/compressor-de-ar-para-laser-de-co2-para-cortadora-a-laser-k40\/","title":{"rendered":"Compressor de ar para laser de CO2 para m\u00e1quina de corte a laser K40"},"content":{"rendered":"<h1>Compressor de ar para laser de CO2 para cortadora a laser K40: o her\u00f3i desconhecido<\/h1>\n<h2>1. Contexto: O Essencial Esquecido<\/h2>\n<p>No competitivo mercado de grava\u00e7\u00e3o a laser atual, \u00e9 comum que os compradores invistam significativamente em m\u00e1quinas de corte a laser de alta qualidade, muitas vezes negligenciando um acess\u00f3rio crucial: o compressor de ar. Embora a pr\u00f3pria m\u00e1quina de corte a laser seja fundamental para a precis\u00e3o e a efici\u00eancia, o compressor de ar atua como seu parceiro silencioso, garantindo o desempenho ideal. A assist\u00eancia de ar n\u00e3o \u00e9 apenas um complemento; ela influencia diretamente a qualidade final do corte e a vida \u00fatil da m\u00e1quina.<\/p>\n<p>Para clientes B2B, selecionar a bomba de ar correta se traduz em menos reclama\u00e7\u00f5es sobre problemas como \"cortes incompletos\" e \"lentes danificadas\". Isso, por sua vez, leva a taxas de reten\u00e7\u00e3o de clientes mais altas, j\u00e1 que clientes satisfeitos t\u00eam maior probabilidade de retornar para compras futuras.<\/p>\n<p><img loading=\"lazy\" decoding=\"async\" class=\"size-full wp-image-456 aligncenter\" src=\"https:\/\/aircompressorforlasercutter.com\/wp-content\/uploads\/2026\/01\/Air-Compressor-For-Laser-Cutter4.webp\" alt=\"Compressor de ar para cortadora a laser\" width=\"800\" height=\"800\" srcset=\"https:\/\/aircompressorforlasercutter.com\/wp-content\/uploads\/2026\/01\/Air-Compressor-For-Laser-Cutter4.webp 800w, https:\/\/aircompressorforlasercutter.com\/wp-content\/uploads\/2026\/01\/Air-Compressor-For-Laser-Cutter4-480x480.webp 480w\" sizes=\"auto, (min-width: 0px) and (max-width: 480px) 480px, (min-width: 481px) 800px, 100vw\" \/><\/p>\n<h2>2. An\u00e1lise dos Pontos Cr\u00edticos: Custos Ocultos das Bombas de Ar Baratas<\/h2>\n<h3>Qualidade de corte ruim<\/h3>\n<p>Bombas de ar de baixa qualidade frequentemente resultam em fluxo de ar inst\u00e1vel, causando queimaduras nas bordas dos materiais e diminui\u00e7\u00e3o da efici\u00eancia de corte. Isso compromete o apelo est\u00e9tico do produto final, impactando a satisfa\u00e7\u00e3o geral do cliente e a competitividade no mercado.<\/p>\n<h3>Risco de danos ao equipamento<\/h3>\n<p>Bombas de ar de qualidade inferior, especialmente as que cont\u00eam \u00f3leo, podem emitir n\u00e9voa oleosa ou umidade que contamina a lente do laser. Essa contamina\u00e7\u00e3o leva a reparos e devolu\u00e7\u00f5es dispendiosos ap\u00f3s a venda, reduzindo as margens de lucro e prejudicando a reputa\u00e7\u00e3o da marca.<\/p>\n<h3>Perturba\u00e7\u00e3o sonora<\/h3>\n<p>Os compressores de ar tradicionais s\u00e3o conhecidos pelos seus altos n\u00edveis de ru\u00eddo, o que afasta os utilizadores dom\u00e9sticos e limita as suas aplica\u00e7\u00f5es em espa\u00e7os de cria\u00e7\u00e3o educativos. O ru\u00eddo excessivo restringe o seu mercado potencial e prejudica a experi\u00eancia do utilizador, especialmente para os entusiastas do \"fa\u00e7a voc\u00ea mesmo\" que procuram um ambiente mais silencioso.<\/p>\n<h2>3. Nossa solu\u00e7\u00e3o<\/h2>\n<h3>Design sem \u00f3leo e sem \u00e1gua<\/h3>\n<p>Nosso compressor de ar para laser de CO2 possui um design isento de \u00f3leo e \u00e1gua (modelo 100%), proporcionando prote\u00e7\u00e3o completa para as lentes do laser. Os usu\u00e1rios finais podem desfrutar de uma experi\u00eancia descomplicada, sem a necessidade de manuten\u00e7\u00e3o regular, economizando tempo e esfor\u00e7o.<\/p>\n<h3>Tecnologia ultrassilenciosa<\/h3>\n<p>Projetado especificamente para ambientes internos e est\u00fadios dom\u00e9sticos, nosso compressor opera com um n\u00edvel de ru\u00eddo excepcionalmente baixo (&lt;60dB). Essa inova\u00e7\u00e3o aprimora a experi\u00eancia do usu\u00e1rio, criando um espa\u00e7o de trabalho tranquilo, adequado tanto para amadores quanto para profissionais.<\/p>\n<h3>Desempenho robusto<\/h3>\n<p>Com uma vaz\u00e3o cont\u00ednua e est\u00e1vel de 30 L\/min, nosso compressor garante um corte limpo e sem fuma\u00e7a, mesmo ao trabalhar com materiais espessos como madeira ou acr\u00edlico. Esse n\u00edvel de desempenho assegura que seus projetos reflitam os altos padr\u00f5es que voc\u00ea busca manter.<\/p>\n<h2>4. Ampla compatibilidade: solu\u00e7\u00e3o completa para correspond\u00eancia de cores<\/h2>\n<h3>Ampla aplicabilidade<\/h3>\n<p>Este compressor de ar foi projetado para se encaixar perfeitamente no modelo 95% de m\u00e1quinas populares no mercado, incluindo xTool, Ortur, Atomstack e diversas m\u00e1quinas a laser de CO2. Esse n\u00edvel de compatibilidade simplifica suas decis\u00f5es de compra.<\/p>\n<h3>Benef\u00edcios para distribuidores<\/h3>\n<p>Com um \u00fanico SKU compat\u00edvel com v\u00e1rias m\u00e1quinas, os distribuidores podem reduzir significativamente a press\u00e3o sobre os estoques e simplificar as complexidades de armazenamento. Essa abordagem simplificada promove uma cadeia de suprimentos mais eficiente, permitindo maior foco em vendas e no relacionamento com o cliente.<\/p>\n<h2>5. Vantagens da Cadeia de Suprimentos e das Parcerias<\/h2>\n<h3>For\u00e7a de f\u00e1brica<\/h3>\n<p>Nossos rigorosos processos de controle de qualidade garantem uma taxa de defeitos excepcionalmente baixa (&lt;1%), reduzindo os custos log\u00edsticos associados a devolu\u00e7\u00f5es e trocas. Ao nos escolher, voc\u00ea investe em confiabilidade e tranquilidade.<\/p>\n<h3>Servi\u00e7os de personaliza\u00e7\u00e3o (OEM\/ODM)<\/h3>\n<p>Oferecemos op\u00e7\u00f5es personaliz\u00e1veis, incluindo a inclus\u00e3o da sua logomarca, designs de embalagens sob medida e diversas especifica\u00e7\u00f5es de plugues para diferentes pa\u00edses. Essa flexibilidade permite que voc\u00ea crie uma identidade de marca \u00fanica, atendendo \u00e0s diversas necessidades dos clientes.<\/p>\n<h3>Suporte p\u00f3s-venda<\/h3>\n<p>Nosso compromisso vai al\u00e9m da venda. Oferecemos suporte t\u00e9cnico \u00e1gil e fornecemos pe\u00e7as de reposi\u00e7\u00e3o prontamente, garantindo a continuidade das suas opera\u00e7\u00f5es e a satisfa\u00e7\u00e3o dos seus clientes.<\/p>\n<p><img loading=\"lazy\" decoding=\"async\" class=\"aligncenter size-full wp-image-458\" src=\"https:\/\/aircompressorforlasercutter.com\/wp-content\/uploads\/2026\/01\/Air-Compressor-For-Laser-Cutter6.webp\" alt=\"Compressor de ar para cortadora a laser\" width=\"800\" height=\"800\" srcset=\"https:\/\/aircompressorforlasercutter.com\/wp-content\/uploads\/2026\/01\/Air-Compressor-For-Laser-Cutter6.webp 800w, https:\/\/aircompressorforlasercutter.com\/wp-content\/uploads\/2026\/01\/Air-Compressor-For-Laser-Cutter6-480x480.webp 480w\" sizes=\"auto, (min-width: 0px) and (max-width: 480px) 480px, (min-width: 481px) 800px, 100vw\" \/><\/p>\n<h2>6.<\/h2>\n<p>N\u00e3o deixe que componentes de qualidade inferior prejudiquem a reputa\u00e7\u00e3o de suas m\u00e1quinas de alta gama. Escolher uma bomba de ar que esteja \u00e0 altura da qualidade de seus equipamentos \u00e9 crucial para o sucesso da sua marca.<\/p>\n<p>Entre em contato conosco hoje mesmo para solicitar uma amostra para testes ou para obter os pre\u00e7os de atacado B2B mais recentes. Experimente em primeira m\u00e3o como nosso compressor de ar para laser de CO2 pode elevar a qualidade de corte e a satisfa\u00e7\u00e3o do cliente.<\/p>\n<p>Para obter mais informa\u00e7\u00f5es, visite <a href=\"https:\/\/aircompressorforlasercutter.com\/pt_pt\/contate-nos\/\">nossa p\u00e1gina de contato<\/a>.<\/p>","protected":false},"excerpt":{"rendered":"<p>CO2 Laser Air Compressor for K40 Laser Cutter: The Unsung Hero 1. Background: The Overlooked Essential In today&#8217;s competitive laser engraving market, it&#8217;s common for buyers to invest significantly in high-quality laser cutting machines, often overlooking a critical accessory: the air compressor. While the laser cutter itself is pivotal for precision and efficiency, the air [&hellip;]<\/p>","protected":false},"featured_media":454,"comment_status":"open","ping_status":"closed","template":"","meta":{"_et_pb_use_builder":"","_et_pb_old_content":"","_et_gb_content_width":""},"product_brand":[],"product_cat":[1093],"product_tag":[1096],"class_list":{"0":"post-464","1":"product","2":"type-product","3":"status-publish","4":"has-post-thumbnail","6":"product_cat-air-compressor-for-laser-cutter","7":"product_tag-air-compressor-for-laser-cutter-cost","9":"first","10":"instock","11":"shipping-taxable","12":"product-type-simple"},"_links":{"self":[{"href":"https:\/\/aircompressorforlasercutter.com\/pt_pt\/wp-json\/wp\/v2\/product\/464","targetHints":{"allow":["GET"]}}],"collection":[{"href":"https:\/\/aircompressorforlasercutter.com\/pt_pt\/wp-json\/wp\/v2\/product"}],"about":[{"href":"https:\/\/aircompressorforlasercutter.com\/pt_pt\/wp-json\/wp\/v2\/types\/product"}],"replies":[{"embeddable":true,"href":"https:\/\/aircompressorforlasercutter.com\/pt_pt\/wp-json\/wp\/v2\/comments?post=464"}],"wp:featuredmedia":[{"embeddable":true,"href":"https:\/\/aircompressorforlasercutter.com\/pt_pt\/wp-json\/wp\/v2\/media\/454"}],"wp:attachment":[{"href":"https:\/\/aircompressorforlasercutter.com\/pt_pt\/wp-json\/wp\/v2\/media?parent=464"}],"wp:term":[{"taxonomy":"product_brand","embeddable":true,"href":"https:\/\/aircompressorforlasercutter.com\/pt_pt\/wp-json\/wp\/v2\/product_brand?post=464"},{"taxonomy":"product_cat","embeddable":true,"href":"https:\/\/aircompressorforlasercutter.com\/pt_pt\/wp-json\/wp\/v2\/product_cat?post=464"},{"taxonomy":"product_tag","embeddable":true,"href":"https:\/\/aircompressorforlasercutter.com\/pt_pt\/wp-json\/wp\/v2\/product_tag?post=464"}],"curies":[{"name":"wp","href":"https:\/\/api.w.org\/{rel}","templated":true}]}}