{"id":466,"date":"2026-01-14T08:26:17","date_gmt":"2026-01-14T08:26:17","guid":{"rendered":"https:\/\/aircompressorforlasercutter.com\/product\/quiet-air-pump-for-omtech-60w-co2-laser\/"},"modified":"2026-01-14T08:26:17","modified_gmt":"2026-01-14T08:26:17","slug":"quiet-air-pump-for-omtech-60w-co2-laser","status":"publish","type":"product","link":"https:\/\/aircompressorforlasercutter.com\/pt_pt\/produto\/bomba-de-ar-silenciosa-para-laser-de-co2-omtech-de-60-w\/","title":{"rendered":"Bomba de ar silenciosa para laser de CO2 OmTech de 60 W"},"content":{"rendered":"<h1>Bomba de ar silenciosa para laser de CO2 OmTech de 60 W: a hero\u00edna desconhecida do corte a laser.<\/h1>\n<h2>1. Contexto: O Essencial Esquecido<\/h2>\n<p>No setor de grava\u00e7\u00e3o e corte a laser, a maioria dos compradores investe significativamente em m\u00e1quinas a laser de alta qualidade, muitas vezes negligenciando um acess\u00f3rio crucial: a bomba de ar. Embora a m\u00e1quina de corte a laser seja, sem d\u00favida, a estrela do espet\u00e1culo, a bomba de ar desempenha um papel fundamental nos bastidores, garantindo desempenho ideal e maior durabilidade. O sistema de ar comprimido n\u00e3o \u00e9 apenas um acess\u00f3rio; ele afeta diretamente a qualidade do corte e a vida \u00fatil da m\u00e1quina. Para empresas (B2B), selecionar a bomba de ar correta se traduz em menos reclama\u00e7\u00f5es de clientes sobre problemas como corte insuficiente e lentes danificadas, resultando, em \u00faltima an\u00e1lise, em maiores taxas de fideliza\u00e7\u00e3o de clientes.<\/p>\n<h2>2. An\u00e1lise dos Pontos Cr\u00edticos: Os Custos Ocultos das Bombas de Ar Baratas<\/h2>\n<h3>Qualidade de corte inferior<\/h3>\n<p>Utilizar uma bomba de ar de baixo custo pode levar a um fluxo de ar inconsistente, resultando em bordas queimadas ou carbonizadas nos materiais e diminui\u00e7\u00e3o da efici\u00eancia de corte. Isso n\u00e3o s\u00f3 compromete a qualidade est\u00e9tica do produto final, como tamb\u00e9m afeta a satisfa\u00e7\u00e3o do cliente e a fideliza\u00e7\u00e3o.<\/p>\n<h3>Risco de danos ao equipamento<\/h3>\n<p>Bombas de ar de qualidade inferior, especialmente aquelas com componentes \u00e0 base de \u00f3leo, podem contaminar a lente do laser com n\u00e9voa de \u00f3leo ou umidade. Esses danos podem levar a reparos e devolu\u00e7\u00f5es dispendiosas, prejudicando a lucratividade e a confian\u00e7a do cliente.<\/p>\n<h3>Dissuasor de ru\u00eddo<\/h3>\n<p>Os compressores de ar tradicionais podem produzir ru\u00eddo excessivo, o que impede que usu\u00e1rios dom\u00e9sticos e fabricantes em ambientes educacionais os utilizem. Essa limita\u00e7\u00e3o reduz significativamente o mercado potencial e as oportunidades de venda.<\/p>\n<h2>3. Nossa solu\u00e7\u00e3o: Redefinindo a assist\u00eancia a\u00e9rea de n\u00edvel profissional<\/h2>\n<h3>Design sem \u00f3leo e sem \u00e1gua<\/h3>\n<p>Nossa bomba de ar garante a prote\u00e7\u00e3o 100% para lentes de laser, eliminando a necessidade de manuten\u00e7\u00e3o por parte dos usu\u00e1rios finais. Essa opera\u00e7\u00e3o descomplicada n\u00e3o s\u00f3 economiza tempo, como tamb\u00e9m melhora a experi\u00eancia do usu\u00e1rio.<\/p>\n<h3>Tecnologia ultrassilenciosa<\/h3>\n<p>Projetada especificamente para est\u00fadios internos e dom\u00e9sticos, nossa bomba de ar opera com um n\u00edvel de ru\u00eddo excepcionalmente baixo (<60dB). This feature significantly improves the user experience, allowing for a conducive working environment.<\/p>\n<h3>Desempenho robusto<\/h3>\n<p>Com uma vaz\u00e3o constante de 30 L\/min, nossa bomba de ar garante cortes limpos e sem fuma\u00e7a, mesmo ao trabalhar com materiais espessos como madeira maci\u00e7a ou acr\u00edlico. Esse desempenho incompar\u00e1vel aumenta a efici\u00eancia e a qualidade em todos os projetos.<\/p>\n<h2>4. Ampla compatibilidade: combina\u00e7\u00e3o completa<\/h2>\n<h3>Ampla aplicabilidade<\/h3>\n<p>Esta bomba de ar adapta-se perfeitamente ao modelo 95% dos principais equipamentos do mercado, incluindo xTool, Ortur, Atomstack e diversas m\u00e1quinas de laser de CO2. Essa versatilidade a torna a escolha ideal para empresas que buscam otimizar seu estoque.<\/p>\n<h3>Benef\u00edcios para distribuidores<\/h3>\n<p>Oferecer um \u00fanico SKU compat\u00edvel com v\u00e1rias m\u00e1quinas reduz significativamente a press\u00e3o sobre o estoque e a complexidade para os distribuidores. Essa vantagem estrat\u00e9gica permite uma gest\u00e3o de estoque mais eficiente e processos de aquisi\u00e7\u00e3o simplificados.<\/p>\n<h2>5. Vantagens da Cadeia de Suprimentos e das Parcerias<\/h2>\n<h3>For\u00e7a de f\u00e1brica<\/h3>\n<p>Empregamos processos rigorosos de controle de qualidade, garantindo uma taxa de defeitos excepcionalmente baixa (<1%). This commitment to quality translates into savings on return logistics and boosts customer confidence in your offerings.<\/p>\n<h3>Servi\u00e7os de personaliza\u00e7\u00e3o (OEM\/ODM)<\/h3>\n<p>Oferecemos suporte \u00e0 personaliza\u00e7\u00e3o do logotipo da marca, design de embalagens e diversas especifica\u00e7\u00f5es de plugues, permitindo que voc\u00ea construa sua identidade de marca exclusiva de forma integrada.<\/p>\n<h3>Suporte p\u00f3s-venda<\/h3>\n<p>Nossa r\u00e1pida resposta t\u00e9cnica e capacidade de fornecimento de pe\u00e7as de reposi\u00e7\u00e3o garantem que voc\u00ea receba o suporte necess\u00e1rio prontamente, fomentando relacionamentos de longo prazo com seus clientes.<\/p>\n<h2>6. Conclus\u00e3o e Chamada para A\u00e7\u00e3o (CTA)<\/h2>\n<p>N\u00e3o deixe que acess\u00f3rios de qualidade inferior prejudiquem a reputa\u00e7\u00e3o de seus equipamentos de alta tecnologia. Escolha uma bomba de ar que esteja \u00e0 altura da qualidade do seu equipamento. Entre em contato conosco hoje mesmo para solicitar amostras para teste ou obter a lista de pre\u00e7os de atacado B2B mais recente. Visite [link] <a href=\"https:\/\/aircompressorforlasercutter.com\/pt_pt\/contate-nos\/\">nossa p\u00e1gina de contato<\/a> Para obter mais informa\u00e7\u00f5es.<\/p>","protected":false},"excerpt":{"rendered":"<p>Quiet Air Pump for OmTech 60W CO2 Laser: The Unsung Hero of Laser Cutting 1. Background: The Overlooked Essential In the realm of laser engraving and cutting, most buyers invest significantly in high-quality laser machines, often overlooking a crucial accessory??the air pump. While the laser cutter is undoubtedly the star of the show, the air [&hellip;]<\/p>","protected":false},"featured_media":454,"comment_status":"open","ping_status":"closed","template":"","meta":{"_et_pb_use_builder":"","_et_pb_old_content":"","_et_gb_content_width":""},"product_brand":[],"product_cat":[1093],"product_tag":[1095],"class_list":{"0":"post-466","1":"product","2":"type-product","3":"status-publish","4":"has-post-thumbnail","6":"product_cat-air-compressor-for-laser-cutter","7":"product_tag-air-compressor-for-laser-cutter-price","9":"first","10":"instock","11":"shipping-taxable","12":"product-type-simple"},"_links":{"self":[{"href":"https:\/\/aircompressorforlasercutter.com\/pt_pt\/wp-json\/wp\/v2\/product\/466","targetHints":{"allow":["GET"]}}],"collection":[{"href":"https:\/\/aircompressorforlasercutter.com\/pt_pt\/wp-json\/wp\/v2\/product"}],"about":[{"href":"https:\/\/aircompressorforlasercutter.com\/pt_pt\/wp-json\/wp\/v2\/types\/product"}],"replies":[{"embeddable":true,"href":"https:\/\/aircompressorforlasercutter.com\/pt_pt\/wp-json\/wp\/v2\/comments?post=466"}],"wp:featuredmedia":[{"embeddable":true,"href":"https:\/\/aircompressorforlasercutter.com\/pt_pt\/wp-json\/wp\/v2\/media\/454"}],"wp:attachment":[{"href":"https:\/\/aircompressorforlasercutter.com\/pt_pt\/wp-json\/wp\/v2\/media?parent=466"}],"wp:term":[{"taxonomy":"product_brand","embeddable":true,"href":"https:\/\/aircompressorforlasercutter.com\/pt_pt\/wp-json\/wp\/v2\/product_brand?post=466"},{"taxonomy":"product_cat","embeddable":true,"href":"https:\/\/aircompressorforlasercutter.com\/pt_pt\/wp-json\/wp\/v2\/product_cat?post=466"},{"taxonomy":"product_tag","embeddable":true,"href":"https:\/\/aircompressorforlasercutter.com\/pt_pt\/wp-json\/wp\/v2\/product_tag?post=466"}],"curies":[{"name":"wp","href":"https:\/\/api.w.org\/{rel}","templated":true}]}}