{"id":473,"date":"2026-01-14T08:26:18","date_gmt":"2026-01-14T08:26:18","guid":{"rendered":"https:\/\/aircompressorforlasercutter.com\/product\/portable-mini-air-compressor-for-laser-marking\/"},"modified":"2026-01-14T08:41:19","modified_gmt":"2026-01-14T08:41:19","slug":"portable-mini-air-compressor-for-laser-marking","status":"publish","type":"product","link":"https:\/\/aircompressorforlasercutter.com\/pt_pt\/produto\/mini-compressor-de-ar-portatil-para-marcacao-a-laser\/","title":{"rendered":"Mini compressor de ar port\u00e1til para marca\u00e7\u00e3o a laser"},"content":{"rendered":"<h1>Mini compressor de ar port\u00e1til para marca\u00e7\u00e3o a laser: o her\u00f3i desconhecido do seu equipamento de grava\u00e7\u00e3o a laser.<\/h1>\n<h2>1. Contexto: A realidade do mercado<\/h2>\n<p>No competitivo mercado de grava\u00e7\u00e3o a laser, a maioria dos compradores investe significativamente em m\u00e1quinas de corte a laser de alta qualidade, muitas vezes negligenciando um componente igualmente crucial: o compressor de ar. Este acess\u00f3rio essencial desempenha um papel fundamental na melhoria do desempenho geral e na longevidade dos sistemas a laser.<\/p>\n<p>A assist\u00eancia pneum\u00e1tica n\u00e3o \u00e9 meramente uma unidade auxiliar; \u00e9 um fator decisivo que influencia tanto o desempenho quanto o desempenho. <strong>qualidade de corte<\/strong> e o <strong>durabilidade da m\u00e1quina<\/strong>Um compressor de ar de alta qualidade pode fazer toda a diferen\u00e7a entre uma grava\u00e7\u00e3o perfeita e um resultado inferior.<\/p>\n<h2>Valor fundamental<\/h2>\n<p>Para os distribuidores, selecionar uma bomba de ar confi\u00e1vel se traduz diretamente em menos reclama\u00e7\u00f5es de clientes relacionadas a problemas como: <strong>cortes incompletos<\/strong> ou <strong>lentes danificadas<\/strong>Isso n\u00e3o s\u00f3 aumenta a satisfa\u00e7\u00e3o do cliente, como tamb\u00e9m impulsiona significativamente... <strong>taxas de reten\u00e7\u00e3o de clientes<\/strong>Investir em um compressor de ar de alta qualidade pode, portanto, ser visto como um investimento na longevidade do relacionamento com o cliente.<\/p>\n<h2>2. An\u00e1lise dos Pontos Cr\u00edticos: Custos Ocultos das Bombas de Ar Baratas<\/h2>\n<h3>Qualidade de corte ruim<\/h3>\n<p>Um dos problemas mais comuns associados \u00e0s bombas de ar baratas \u00e9 a instabilidade do fluxo de ar. Isso pode levar a resultados indesej\u00e1veis, como bordas do material carbonizadas, diminui\u00e7\u00e3o da efici\u00eancia de corte e um impacto negativo geral no apelo est\u00e9tico dos produtos finais.<\/p>\n<h3>Risco de danos ao equipamento<\/h3>\n<p>Bombas de ar de qualidade inferior, principalmente as que utilizam \u00f3leo, podem acidentalmente pulverizar n\u00e9voa de \u00f3leo ou umidade na lente do laser, resultando em reparos dispendiosos e custos operacionais elevados. Esse custo oculto pode corroer as margens de lucro de qualquer empresa.<\/p>\n<h3>Opera\u00e7\u00e3o ruidosa<\/h3>\n<p>Os compressores de ar tradicionais costumam operar com n\u00edveis de ru\u00eddo inc\u00f4modos, o que limita sua aplicabilidade em ambientes dom\u00e9sticos ou espa\u00e7os de cria\u00e7\u00e3o educacionais. Isso restringe seu alcance de mercado e diminui as oportunidades de venda.<\/p>\n<h2>3. Nossa solu\u00e7\u00e3o: Redefinindo a assist\u00eancia pneum\u00e1tica de n\u00edvel profissional<\/h2>\n<h3>Design sem \u00f3leo e sem umidade<\/h3>\n<p>Nosso mini compressor de ar port\u00e1til possui um design isento de \u00f3leo e umidade (modelo 100%), garantindo que as lentes a laser permane\u00e7am limpas. Isso n\u00e3o s\u00f3 simplifica a manuten\u00e7\u00e3o para os usu\u00e1rios finais, como tamb\u00e9m aumenta a produtividade e a tranquilidade.<\/p>\n<h3>Tecnologia ultrassilenciosa<\/h3>\n<p>Projetado especificamente para aplica\u00e7\u00f5es em est\u00fadios dom\u00e9sticos e ambientes internos, nosso compressor mant\u00e9m os n\u00edveis de ru\u00eddo abaixo de 60dB. Essa opera\u00e7\u00e3o ultrassilenciosa aprimora a experi\u00eancia do usu\u00e1rio, tornando-o ideal para ambientes onde o ru\u00eddo possa ser uma preocupa\u00e7\u00e3o.<\/p>\n<h3>Desempenho robusto<\/h3>\n<p>Com uma vaz\u00e3o est\u00e1vel de 30 L\/min, este compressor de ar garante cortes limpos e sem fuma\u00e7a, mesmo ao trabalhar com materiais mais espessos, como madeira compensada ou acr\u00edlico. O fluxo de ar constante \u00e9 essencial para obter resultados de grava\u00e7\u00e3o superiores.<\/p>\n<h2>4. Ampla compatibilidade: Correspond\u00eancia completa (Problemas de estoque resolvidos)<\/h2>\n<h3>Ampla aplicabilidade<\/h3>\n<p>Este compressor foi projetado para se integrar perfeitamente com o modelo 95% dos principais lasers do mercado, incluindo marcas populares como xTool, Ortur, Atomstack e diversas m\u00e1quinas de laser de CO2.<\/p>\n<h3>Benef\u00edcios para distribuidores<\/h3>\n<p>Ao fornecer um \u00fanico SKU compat\u00edvel com v\u00e1rias m\u00e1quinas, os distribuidores podem reduzir significativamente a press\u00e3o sobre o estoque e simplificar as complexidades de armazenamento, facilitando o gerenciamento das linhas de produtos.<\/p>\n<h2>5. Vantagens da Cadeia de Suprimentos e das Parcerias<\/h2>\n<h3>For\u00e7a de f\u00e1brica<\/h3>\n<p>Nossos rigorosos processos de controle de qualidade garantem uma taxa de defeitos notavelmente baixa, inferior a 1%. Essa confiabilidade permite que voc\u00ea economize nos custos log\u00edsticos associados a devolu\u00e7\u00f5es e trocas.<\/p>\n<h3>Servi\u00e7os de personaliza\u00e7\u00e3o (OEM\/ODM)<\/h3>\n<p>Oferecemos solu\u00e7\u00f5es personalizadas, incluindo impress\u00e3o de logotipos, design de embalagens e adapta\u00e7\u00f5es para diversas especifica\u00e7\u00f5es de plugues, de acordo com as exig\u00eancias regionais. Essa flexibilidade permite que voc\u00ea estabele\u00e7a e promova sua pr\u00f3pria marca com efic\u00e1cia.<\/p>\n<h3>Suporte p\u00f3s-venda<\/h3>\n<p>Nosso compromisso com o atendimento ao cliente inclui respostas t\u00e9cnicas r\u00e1pidas e capacidade de fornecimento de pe\u00e7as de reposi\u00e7\u00e3o, garantindo que suas opera\u00e7\u00f5es funcionem sem problemas e sem tempo de inatividade desnecess\u00e1rio.<\/p>\n<h2>6.<\/h2>\n<p>N\u00e3o deixe que componentes inferiores prejudiquem a reputa\u00e7\u00e3o de suas m\u00e1quinas de alta qualidade. Selecionar um compressor de ar de alta qualidade \u00e9 crucial para manter a qualidade e a confiabilidade que seus clientes esperam.<\/p>\n<p>Entre em contato conosco hoje mesmo para solicitar testes de amostras ou obter os pre\u00e7os de atacado B2B mais recentes. Deixe-nos ajud\u00e1-lo a aprimorar sua oferta de produtos e fortalecer o relacionamento com seus clientes.<\/p>\n<p>Para obter mais informa\u00e7\u00f5es, visite <a href=\"https:\/\/aircompressorforlasercutter.com\/pt_pt\/contate-nos\/\">nossa p\u00e1gina de contato<\/a>.<\/p>","protected":false},"excerpt":{"rendered":"<p>Portable Mini Air Compressor for Laser Marking: The Unsung Hero of Your Laser Engraving Setup 1. Background: The Market Reality In the competitive landscape of laser engraving, most buyers invest significantly in high-end laser cutting machines, often overlooking an equally crucial component: the air compressor. This essential accessory plays a pivotal role in enhancing the [&hellip;]<\/p>","protected":false},"featured_media":456,"comment_status":"open","ping_status":"closed","template":"","meta":{"_et_pb_use_builder":"","_et_pb_old_content":"","_et_gb_content_width":""},"product_brand":[],"product_cat":[1093],"product_tag":[1096],"class_list":{"0":"post-473","1":"product","2":"type-product","3":"status-publish","4":"has-post-thumbnail","6":"product_cat-air-compressor-for-laser-cutter","7":"product_tag-air-compressor-for-laser-cutter-cost","9":"first","10":"instock","11":"shipping-taxable","12":"product-type-simple"},"_links":{"self":[{"href":"https:\/\/aircompressorforlasercutter.com\/pt_pt\/wp-json\/wp\/v2\/product\/473","targetHints":{"allow":["GET"]}}],"collection":[{"href":"https:\/\/aircompressorforlasercutter.com\/pt_pt\/wp-json\/wp\/v2\/product"}],"about":[{"href":"https:\/\/aircompressorforlasercutter.com\/pt_pt\/wp-json\/wp\/v2\/types\/product"}],"replies":[{"embeddable":true,"href":"https:\/\/aircompressorforlasercutter.com\/pt_pt\/wp-json\/wp\/v2\/comments?post=473"}],"wp:featuredmedia":[{"embeddable":true,"href":"https:\/\/aircompressorforlasercutter.com\/pt_pt\/wp-json\/wp\/v2\/media\/456"}],"wp:attachment":[{"href":"https:\/\/aircompressorforlasercutter.com\/pt_pt\/wp-json\/wp\/v2\/media?parent=473"}],"wp:term":[{"taxonomy":"product_brand","embeddable":true,"href":"https:\/\/aircompressorforlasercutter.com\/pt_pt\/wp-json\/wp\/v2\/product_brand?post=473"},{"taxonomy":"product_cat","embeddable":true,"href":"https:\/\/aircompressorforlasercutter.com\/pt_pt\/wp-json\/wp\/v2\/product_cat?post=473"},{"taxonomy":"product_tag","embeddable":true,"href":"https:\/\/aircompressorforlasercutter.com\/pt_pt\/wp-json\/wp\/v2\/product_tag?post=473"}],"curies":[{"name":"wp","href":"https:\/\/api.w.org\/{rel}","templated":true}]}}