{"id":474,"date":"2026-01-14T08:26:19","date_gmt":"2026-01-14T08:26:19","guid":{"rendered":"https:\/\/aircompressorforlasercutter.com\/product\/continuous-duty-air-pump-for-commercial-laser-cutting\/"},"modified":"2026-01-14T08:39:03","modified_gmt":"2026-01-14T08:39:03","slug":"continuous-duty-air-pump-for-commercial-laser-cutting","status":"publish","type":"product","link":"https:\/\/aircompressorforlasercutter.com\/pt_pt\/produto\/bomba-de-ar-de-servico-continuo-para-corte-a-laser-comercial\/","title":{"rendered":"Bomba de ar de servi\u00e7o cont\u00ednuo para corte a laser comercial."},"content":{"rendered":"<h1>Bomba de ar de servi\u00e7o cont\u00ednuo para corte a laser comercial.<\/h1>\n<h2>O Her\u00f3i Desconhecido<\/h2>\n<p>No mundo do corte a laser, onde precis\u00e3o e qualidade s\u00e3o fundamentais, um componente cr\u00edtico muitas vezes fica em segundo plano: a bomba de ar. Embora os compradores invistam quantias consider\u00e1veis \u200b\u200bem m\u00e1quinas de grava\u00e7\u00e3o a laser de alta qualidade, a import\u00e2ncia da bomba de ar \u2014 um acess\u00f3rio vital \u2014 permanece amplamente negligenciada. Essa omiss\u00e3o pode comprometer os pr\u00f3prios objetivos que esses compradores buscam alcan\u00e7ar.<\/p>\n<p>A assist\u00eancia pneum\u00e1tica transcende o papel de um mero acess\u00f3rio; ela desempenha um papel fundamental na determina\u00e7\u00e3o da qualidade de corte final e na longevidade do equipamento. Em um mercado onde a efici\u00eancia e a satisfa\u00e7\u00e3o do cliente s\u00e3o primordiais, escolher a bomba de ar certa pode impactar significativamente os resultados do neg\u00f3cio.<\/p>\n<h2>An\u00e1lise de Mercado: O Custo de Ignorar as Bombas de Ar<\/h2>\n<p>Para os distribuidores, selecionar uma bomba de ar de alta qualidade significa reduzir as reclama\u00e7\u00f5es dos clientes relacionadas a problemas como \"cortes incompletos\" e \"lentes danificadas\". Essa escolha est\u00e1 diretamente relacionada a maiores taxas de reten\u00e7\u00e3o de clientes, fomentando relacionamentos de longo prazo e fortalecendo a fidelidade \u00e0 marca.<\/p>\n<h3>Analisando os pontos problem\u00e1ticos: os custos ocultos das bombas de ar baratas<\/h3>\n<p>Embora possa ser tentador optar por alternativas mais baratas, os custos ocultos associados a bombas de ar de baixo custo podem ser prejudiciais:<\/p>\n<ul>\n<li><strong>Qualidade de corte ruim:<\/strong> O fluxo de ar inst\u00e1vel leva \u00e0 carboniza\u00e7\u00e3o das bordas do material e \u00e0 diminui\u00e7\u00e3o da efici\u00eancia de corte, afetando negativamente a apar\u00eancia do produto final para os usu\u00e1rios finais.<\/li>\n<li><strong>Risco de danos ao equipamento:<\/strong> Bombas de qualidade inferior, especialmente as impregnadas de \u00f3leo, podem emitir n\u00e9voa de \u00f3leo ou umidade que contamina as lentes do laser, resultando em custos de reparo elevados e devolu\u00e7\u00f5es do produto.<\/li>\n<li><strong>Polui\u00e7\u00e3o sonora:<\/strong> Os compressores de ar tradicionais costumam operar com altos n\u00edveis de ru\u00eddo, o que limita seu uso em ambientes dom\u00e9sticos e espa\u00e7os educacionais criativos, reduzindo assim o alcance potencial do mercado.<\/li>\n<\/ul>\n<h2>Nossa solu\u00e7\u00e3o: Redefinindo o conceito de assist\u00eancia a\u00e9rea de \"n\u00edvel profissional\".<\/h2>\n<p>A Ever-power tem o orgulho de apresentar uma bomba de ar revolucion\u00e1ria, projetada especificamente para aplica\u00e7\u00f5es comerciais de corte a laser. Nossa bomba de ar para uso cont\u00ednuo redefine os padr\u00f5es de assist\u00eancia pneum\u00e1tica, com foco em desempenho, confiabilidade e experi\u00eancia do usu\u00e1rio.<\/p>\n<h3>Design sem \u00f3leo e sem \u00e1gua<\/h3>\n<p>Nossa bomba de ar possui um design isento de \u00f3leo e \u00e1gua (modelo 100%) que garante a m\u00e1xima prote\u00e7\u00e3o para lentes a laser. Os usu\u00e1rios n\u00e3o precisam mais se preocupar com a manuten\u00e7\u00e3o, podendo se concentrar em suas atividades principais sem esfor\u00e7o.<\/p>\n<h3>Tecnologia ultrassilenciosa<\/h3>\n<p>Desenvolvida especificamente para ambientes internos e est\u00fadios dom\u00e9sticos, nossa bomba de ar opera com um n\u00edvel de ru\u00eddo inferior a 60 dB. Essa opera\u00e7\u00e3o ultrassilenciosa aprimora significativamente a experi\u00eancia do usu\u00e1rio, tornando-a ideal para aplica\u00e7\u00f5es educacionais e criativas.<\/p>\n<h3>Desempenho robusto<\/h3>\n<p>Com uma vaz\u00e3o cont\u00ednua de 30 litros por minuto, nossa bomba de ar garante um fluxo de ar est\u00e1vel e potente, proporcionando cortes limpos e sem fuma\u00e7a, mesmo ao processar materiais espessos como madeira ou acr\u00edlico. Esse desempenho n\u00e3o s\u00f3 aprimora a qualidade do corte, como tamb\u00e9m melhora a efici\u00eancia do fluxo de trabalho.<\/p>\n<h2>Ampla compatibilidade: uma solu\u00e7\u00e3o completa.<\/h2>\n<p>Nossa bomba de ar foi projetada para ampla compatibilidade, encaixando-se perfeitamente em m\u00e1quinas de corte a laser convencionais, incluindo modelos populares como xTool, Ortur, Atomstack e diversas m\u00e1quinas a laser de CO2, at\u00e9 o modelo 95%.<\/p>\n<p>Para os distribuidores, isso significa que um \u00fanico SKU pode atender a v\u00e1rios tipos de m\u00e1quinas, reduzindo efetivamente a press\u00e3o sobre o estoque e simplificando a gest\u00e3o de produtos.<\/p>\n<h2>Vantagens da Cadeia de Suprimentos e das Parcerias<\/h2>\n<p>Na Ever-power, orgulhamo-nos dos nossos rigorosos processos de controlo de qualidade, garantindo uma taxa de defeitos excecionalmente baixa, inferior a 1%. Este compromisso traduz-se em poupan\u00e7as para os distribuidores, minimizando as devolu\u00e7\u00f5es e as despesas log\u00edsticas.<\/p>\n<p>Oferecemos tamb\u00e9m servi\u00e7os personalizados, incluindo op\u00e7\u00f5es de OEM e ODM, permitindo a cria\u00e7\u00e3o de marcas, designs de embalagens e especifica\u00e7\u00f5es de plugues sob medida para atender a diversos mercados. Nossos r\u00e1pidos tempos de resposta t\u00e9cnica e nossa capacidade de fornecimento de pe\u00e7as de reposi\u00e7\u00e3o consolidam ainda mais nossa posi\u00e7\u00e3o como um parceiro confi\u00e1vel.<\/p>\n<p>N\u00e3o deixe que acess\u00f3rios de qualidade inferior prejudiquem a reputa\u00e7\u00e3o de suas m\u00e1quinas de alta gama. Escolher uma bomba de ar compat\u00edvel com a qualidade do seu equipamento \u00e9 crucial para manter a excel\u00eancia operacional.<\/p>\n<p>Entre em contato conosco hoje mesmo para solicitar uma amostra para testes ou para obter a lista de pre\u00e7os de atacado B2B mais recente. Aprimore sua oferta de produtos com uma bomba de ar de servi\u00e7o cont\u00ednuo que oferece desempenho e confiabilidade incompar\u00e1veis.<\/p>\n<p><a href=\"https:\/\/aircompressorforlasercutter.com\/pt_pt\/contate-nos\/\">Contate-nos<\/a><\/p>","protected":false},"excerpt":{"rendered":"<p>Continuous Duty Air Pump for Commercial Laser Cutting The Unsung Hero In the realm of laser cutting, where precision and quality reign supreme, one critical component often fades into the background: the air pump. While buyers invest substantial sums into high-end laser engraving machines, the importance of the air pump??a vital accessory??remains largely overlooked. This [&hellip;]<\/p>","protected":false},"featured_media":456,"comment_status":"open","ping_status":"closed","template":"","meta":{"_et_pb_use_builder":"","_et_pb_old_content":"","_et_gb_content_width":""},"product_brand":[],"product_cat":[1093],"product_tag":[1094],"class_list":{"0":"post-474","1":"product","2":"type-product","3":"status-publish","4":"has-post-thumbnail","6":"product_cat-air-compressor-for-laser-cutter","7":"product_tag-air-compressor-for-laser-cutter","9":"first","10":"instock","11":"shipping-taxable","12":"product-type-simple"},"_links":{"self":[{"href":"https:\/\/aircompressorforlasercutter.com\/pt_pt\/wp-json\/wp\/v2\/product\/474","targetHints":{"allow":["GET"]}}],"collection":[{"href":"https:\/\/aircompressorforlasercutter.com\/pt_pt\/wp-json\/wp\/v2\/product"}],"about":[{"href":"https:\/\/aircompressorforlasercutter.com\/pt_pt\/wp-json\/wp\/v2\/types\/product"}],"replies":[{"embeddable":true,"href":"https:\/\/aircompressorforlasercutter.com\/pt_pt\/wp-json\/wp\/v2\/comments?post=474"}],"wp:featuredmedia":[{"embeddable":true,"href":"https:\/\/aircompressorforlasercutter.com\/pt_pt\/wp-json\/wp\/v2\/media\/456"}],"wp:attachment":[{"href":"https:\/\/aircompressorforlasercutter.com\/pt_pt\/wp-json\/wp\/v2\/media?parent=474"}],"wp:term":[{"taxonomy":"product_brand","embeddable":true,"href":"https:\/\/aircompressorforlasercutter.com\/pt_pt\/wp-json\/wp\/v2\/product_brand?post=474"},{"taxonomy":"product_cat","embeddable":true,"href":"https:\/\/aircompressorforlasercutter.com\/pt_pt\/wp-json\/wp\/v2\/product_cat?post=474"},{"taxonomy":"product_tag","embeddable":true,"href":"https:\/\/aircompressorforlasercutter.com\/pt_pt\/wp-json\/wp\/v2\/product_tag?post=474"}],"curies":[{"name":"wp","href":"https:\/\/api.w.org\/{rel}","templated":true}]}}