{"id":479,"date":"2026-01-14T08:26:20","date_gmt":"2026-01-14T08:26:20","guid":{"rendered":"https:\/\/aircompressorforlasercutter.com\/product\/high-pressure-air-assist-for-deep-laser-cutting\/"},"modified":"2026-01-14T08:32:16","modified_gmt":"2026-01-14T08:32:16","slug":"high-pressure-air-assist-for-deep-laser-cutting","status":"publish","type":"product","link":"https:\/\/aircompressorforlasercutter.com\/pt_pt\/produto\/assistencia-de-ar-comprimido-de-alta-pressao-para-corte-a-laser-profundo\/","title":{"rendered":"Assist\u00eancia de ar comprimido de alta press\u00e3o para corte a laser profundo"},"content":{"rendered":"<h1>Assist\u00eancia de ar comprimido de alta press\u00e3o para corte a laser profundo: o her\u00f3i desconhecido e muitas vezes ignorado<\/h1>\n<h2>1. Contexto: O Panorama Atual do Mercado<\/h2>\n<p>No cen\u00e1rio em r\u00e1pida evolu\u00e7\u00e3o da tecnologia de corte a laser, a maioria dos compradores investe quantias consider\u00e1veis \u200b\u200bem m\u00e1quinas de grava\u00e7\u00e3o a laser avan\u00e7adas, muitas vezes negligenciando um componente cr\u00edtico: o compressor de ar. Embora o foco principal esteja no pr\u00f3prio dispositivo de corte, a bomba de ar desempenha um papel fundamental para garantir desempenho, efici\u00eancia e qualidade de produ\u00e7\u00e3o ideais. Na verdade, o compressor de ar n\u00e3o \u00e9 apenas um acess\u00f3rio; ele influencia fundamentalmente a qualidade do corte e prolonga a vida \u00fatil das m\u00e1quinas a laser.<\/p>\n<p>A import\u00e2ncia da assist\u00eancia pneum\u00e1tica n\u00e3o pode ser subestimada. Para clientes B2B, selecionar a bomba de ar correta se traduz em menos reclama\u00e7\u00f5es sobre problemas como cortes incompletos ou lentes danificadas, resultando em maiores taxas de fideliza\u00e7\u00e3o de clientes. \u00c9 essencial reconhecer que os sistemas de assist\u00eancia pneum\u00e1tica impactam diretamente os resultados financeiros, aprimorando tanto a usabilidade quanto a satisfa\u00e7\u00e3o do cliente.<\/p>\n<h2>2. An\u00e1lise dos Pontos Cr\u00edticos: Os Custos Ocultos das Bombas de Ar Baratas<\/h2>\n<p>Optar por bombas de ar de baixo custo pode acarretar uma s\u00e9rie de custos ocultos que comprometem tanto a qualidade quanto a satisfa\u00e7\u00e3o do cliente. As consequ\u00eancias da escolha de um compressor de ar de qualidade inferior podem se manifestar de diversas maneiras:<\/p>\n<h3>Problemas de qualidade de corte<\/h3>\n<p>O fluxo de ar inst\u00e1vel proveniente de compressores de qualidade inferior pode resultar em bordas queimadas ou carbonizadas nos materiais, diminuindo seu apelo est\u00e9tico. A efici\u00eancia do corte fica comprometida, levando a resultados inconsistentes. Quando os usu\u00e1rios finais recebem produtos de qualidade inferior, isso afeta negativamente suas vendas e reputa\u00e7\u00e3o.<\/p>\n<h3>Risco de danos ao equipamento<\/h3>\n<p>O uso de bombas de ar de baixa qualidade, principalmente as que cont\u00eam \u00f3leo, pode liberar n\u00e9voa de \u00f3leo ou umidade, contaminando as lentes do laser. Isso n\u00e3o s\u00f3 exige reparos dispendiosos, como tamb\u00e9m pode levar a um aumento nas taxas de devolu\u00e7\u00e3o, afetando, em \u00faltima an\u00e1lise, a sua lucratividade.<\/p>\n<h3>Dissuas\u00e3o sonora<\/h3>\n<p>Os compressores de ar tradicionais costumam produzir ru\u00eddo excessivo, o que pode dissuadir usu\u00e1rios dom\u00e9sticos e espa\u00e7os de cria\u00e7\u00e3o educacionais de utilizarem a tecnologia de corte a laser. Essa limita\u00e7\u00e3o reduz o mercado potencial de vendas, impactando o crescimento da receita.<\/p>\n<h2>3. Nossa solu\u00e7\u00e3o: Redefinindo o conceito de assist\u00eancia pneum\u00e1tica de \"n\u00edvel profissional\"<\/h2>\n<p>Na Ever-power, temos o compromisso de fornecer uma solu\u00e7\u00e3o de assist\u00eancia pneum\u00e1tica de alto desempenho que supera as limita\u00e7\u00f5es dos compressores de ar convencionais. Nossos recursos inovadores aprimoram a experi\u00eancia do usu\u00e1rio e garantem resultados de corte superiores.<\/p>\n<h3>Design sem \u00f3leo e sem \u00e1gua<\/h3>\n<p>Nossas bombas de ar possuem um design isento de \u00f3leo e \u00e1gua (modelo 100%), garantindo a prote\u00e7\u00e3o das lentes a laser. Isso elimina as preocupa\u00e7\u00f5es com manuten\u00e7\u00e3o para os usu\u00e1rios finais, oferecendo uma experi\u00eancia descomplicada.<\/p>\n<h3>Tecnologia ultrassilenciosa<\/h3>\n<p>Projetadas especificamente para ambientes internos e est\u00fadios dom\u00e9sticos, nossas bombas de ar mant\u00eam os n\u00edveis de ru\u00eddo abaixo de 60dB. Essa opera\u00e7\u00e3o ultrassilenciosa aumenta a satisfa\u00e7\u00e3o do usu\u00e1rio e amplia a usabilidade em diversos ambientes.<\/p>\n<h3>Desempenho robusto<\/h3>\n<p>Com um fluxo de ar consistente e est\u00e1vel de 30 L\/min, nossas bombas de ar garantem o corte limpo, sem fuma\u00e7a ou poeira, mesmo de materiais espessos como madeira ou acr\u00edlico. Isso resulta em produtos finais de alta qualidade para os usu\u00e1rios.<\/p>\n<h2>4. Ampla compatibilidade: Correspond\u00eancia completa (Invent\u00e1rio sem preocupa\u00e7\u00f5es)<\/h2>\n<p>Nossa solu\u00e7\u00e3o de assist\u00eancia pneum\u00e1tica oferece ampla compatibilidade com os principais modelos dispon\u00edveis no mercado, incluindo xTool, Ortur, Atomstack e diversas m\u00e1quinas a laser de CO2. Essa versatilidade oferece vantagens significativas para os distribuidores:<\/p>\n<h3>Compatibilidade com um \u00fanico SKU<\/h3>\n<p>Com um \u00fanico SKU que serve para v\u00e1rias m\u00e1quinas, os distribuidores podem reduzir significativamente a press\u00e3o sobre o estoque e as complexidades associadas \u00e0 gest\u00e3o de estoque. Essa simplifica\u00e7\u00e3o leva a uma maior efici\u00eancia operacional.<\/p>\n<h2>5. Vantagens da Cadeia de Suprimentos e da Colabora\u00e7\u00e3o<\/h2>\n<p>A Ever-power se dedica a fornecer aos nossos parceiros recursos robustos de cadeia de suprimentos que aprimoram a confiabilidade do produto e a satisfa\u00e7\u00e3o do cliente:<\/p>\n<h3>For\u00e7a da f\u00e1brica e controle de qualidade<\/h3>\n<p>Nossos rigorosos processos de controle de qualidade garantem uma impressionante taxa de defeitos de menos de 1%. Essa significativa redu\u00e7\u00e3o nas falhas de produto se traduz em economias consider\u00e1veis \u200b\u200bem devolu\u00e7\u00f5es e custos de log\u00edstica para nossos parceiros.<\/p>\n<h3>Servi\u00e7os personalizados (OEM\/ODM)<\/h3>\n<p>Oferecemos solu\u00e7\u00f5es personalizadas, incluindo oportunidades de branding com logotipos customizados, design de embalagens e especifica\u00e7\u00f5es de plugues para diversos pa\u00edses. Isso permite que voc\u00ea construa uma identidade de marca \u00fanica no mercado.<\/p>\n<h3>Suporte p\u00f3s-venda<\/h3>\n<p>Nosso compromisso com um atendimento ao cliente superior inclui tempos de resposta t\u00e9cnica r\u00e1pidos e capacidade eficiente de fornecimento de pe\u00e7as de reposi\u00e7\u00e3o, garantindo que suas opera\u00e7\u00f5es funcionem de forma tranquila e eficaz.<\/p>\n<h2>6. Conclus\u00e3o e Chamada para A\u00e7\u00e3o (CTA)<\/h2>\n<p>N\u00e3o deixe que componentes inferiores prejudiquem a reputa\u00e7\u00e3o de suas m\u00e1quinas de alta qualidade. Opte por uma bomba de ar que esteja \u00e0 altura da qualidade de seus equipamentos. Ao investir em uma solu\u00e7\u00e3o de assist\u00eancia pneum\u00e1tica premium, voc\u00ea aumentar\u00e1 a satisfa\u00e7\u00e3o e a fideliza\u00e7\u00e3o de seus clientes.<\/p>\n<p>Entre em contato conosco hoje mesmo para solicitar testes de amostra ou obter as informa\u00e7\u00f5es mais recentes sobre pre\u00e7os de atacado B2B. Juntos, vamos elevar a experi\u00eancia de corte a laser.<\/p>\n<p><a href=\"https:\/\/aircompressorforlasercutter.com\/pt_pt\/contate-nos\/\">Contate-nos<\/a><\/p>","protected":false},"excerpt":{"rendered":"<p>High Pressure Air Assist for Deep Laser Cutting: The Overlooked Unsung Hero 1. Background: The Current Market Landscape In the rapidly evolving landscape of laser cutting technology, most buyers invest substantial amounts in advanced laser engraving machines, often overlooking a critical component: the air compressor. While the focus is primarily on the cutting device itself, [&hellip;]<\/p>","protected":false},"featured_media":457,"comment_status":"open","ping_status":"closed","template":"","meta":{"_et_pb_use_builder":"","_et_pb_old_content":"","_et_gb_content_width":""},"product_brand":[],"product_cat":[1093],"product_tag":[1096],"class_list":{"0":"post-479","1":"product","2":"type-product","3":"status-publish","4":"has-post-thumbnail","6":"product_cat-air-compressor-for-laser-cutter","7":"product_tag-air-compressor-for-laser-cutter-cost","9":"first","10":"instock","11":"shipping-taxable","12":"product-type-simple"},"_links":{"self":[{"href":"https:\/\/aircompressorforlasercutter.com\/pt_pt\/wp-json\/wp\/v2\/product\/479","targetHints":{"allow":["GET"]}}],"collection":[{"href":"https:\/\/aircompressorforlasercutter.com\/pt_pt\/wp-json\/wp\/v2\/product"}],"about":[{"href":"https:\/\/aircompressorforlasercutter.com\/pt_pt\/wp-json\/wp\/v2\/types\/product"}],"replies":[{"embeddable":true,"href":"https:\/\/aircompressorforlasercutter.com\/pt_pt\/wp-json\/wp\/v2\/comments?post=479"}],"wp:featuredmedia":[{"embeddable":true,"href":"https:\/\/aircompressorforlasercutter.com\/pt_pt\/wp-json\/wp\/v2\/media\/457"}],"wp:attachment":[{"href":"https:\/\/aircompressorforlasercutter.com\/pt_pt\/wp-json\/wp\/v2\/media?parent=479"}],"wp:term":[{"taxonomy":"product_brand","embeddable":true,"href":"https:\/\/aircompressorforlasercutter.com\/pt_pt\/wp-json\/wp\/v2\/product_brand?post=479"},{"taxonomy":"product_cat","embeddable":true,"href":"https:\/\/aircompressorforlasercutter.com\/pt_pt\/wp-json\/wp\/v2\/product_cat?post=479"},{"taxonomy":"product_tag","embeddable":true,"href":"https:\/\/aircompressorforlasercutter.com\/pt_pt\/wp-json\/wp\/v2\/product_tag?post=479"}],"curies":[{"name":"wp","href":"https:\/\/api.w.org\/{rel}","templated":true}]}}