{"id":480,"date":"2026-01-14T08:26:20","date_gmt":"2026-01-14T08:26:20","guid":{"rendered":"https:\/\/aircompressorforlasercutter.com\/product\/laser-lens-cooling-air-pump-system\/"},"modified":"2026-01-14T08:32:05","modified_gmt":"2026-01-14T08:32:05","slug":"laser-lens-cooling-air-pump-system","status":"publish","type":"product","link":"https:\/\/aircompressorforlasercutter.com\/pt_pt\/produto\/sistema-de-bomba-de-ar-para-resfriamento-de-lentes-laser\/","title":{"rendered":"Sistema de bomba de ar para resfriamento de lentes a laser"},"content":{"rendered":"<h1>Sistema de bomba de ar para resfriamento de lentes a laser: o her\u00f3i desconhecido do corte a laser<\/h1>\n<h2>1. Introdu\u00e7\u00e3o: O Her\u00f3i Desconhecido<\/h2>\n<p>No mundo do corte e grava\u00e7\u00e3o a laser, os compradores costumam investir bastante em m\u00e1quinas a laser de alta qualidade, mas o papel crucial das bombas de ar \u00e9 frequentemente negligenciado. Esses componentes podem parecer secund\u00e1rios, mas desempenham um papel vital na melhoria do desempenho geral e na longevidade dos sistemas a laser. Sem a assist\u00eancia de ar adequada, os resultados das opera\u00e7\u00f5es a laser podem ser seriamente comprometidos, afetando tanto a qualidade do corte quanto a vida \u00fatil da m\u00e1quina.<\/p>\n<h2>2. Panorama do Mercado: O Componente Esquecido<\/h2>\n<p>O mercado atual demonstra uma tend\u00eancia de foco na aquisi\u00e7\u00e3o de m\u00e1quinas de grava\u00e7\u00e3o a laser de \u00faltima gera\u00e7\u00e3o. No entanto, a bomba de ar essencial para o funcionamento dessas m\u00e1quinas costuma ser um acess\u00f3rio negligenciado. Os compradores que investem fortemente em tecnologia laser precisam entender que a assist\u00eancia pneum\u00e1tica n\u00e3o \u00e9 um mero recurso complementar; trata-se de um fator decisivo que influencia a qualidade final do corte e a durabilidade do equipamento.<\/p>\n<h3>Principal conclus\u00e3o: O impacto direto da assist\u00eancia a\u00e9rea<\/h3>\n<p>Para clientes B2B, selecionar a bomba de ar correta se traduz em menos reclama\u00e7\u00f5es sobre cortes incompletos ou lentes danificadas. Isso, por sua vez, leva a taxas de reten\u00e7\u00e3o de clientes mais altas. Uma bomba de ar confi\u00e1vel pode eliminar problemas relacionados \u00e0 qualidade do corte e garantir uma experi\u00eancia operacional tranquila, aumentando, assim, a satisfa\u00e7\u00e3o e a fidelidade do cliente.<\/p>\n<h2>3. An\u00e1lise dos Pontos Cr\u00edticos: Os Custos Ocultos das Bombas de Ar Baratas<\/h2>\n<p>Embora optar por uma bomba de ar mais barata possa parecer inicialmente vantajoso em termos de custo-benef\u00edcio, isso pode acarretar custos ocultos significativos que comprometem a efici\u00eancia operacional.<\/p>\n<h3>Qualidade de corte ruim<\/h3>\n<p>O fluxo de ar inst\u00e1vel devido a bombas de qualidade inferior frequentemente resulta em bordas queimadas ou cortes borrados, levando a acabamentos de qualidade inferior que podem prejudicar a reputa\u00e7\u00e3o de uma empresa. A qualidade est\u00e9tica do produto final \u00e9 fundamental, especialmente para os usu\u00e1rios finais que dependem de precis\u00e3o e nitidez.<\/p>\n<h3>Risco de danos ao equipamento<\/h3>\n<p>Bombas de ar de qualidade inferior, especialmente as que cont\u00eam \u00f3leo, podem emitir n\u00e9voa de \u00f3leo ou umidade que contamina as lentes do laser. Isso n\u00e3o s\u00f3 exige reparos dispendiosos, como tamb\u00e9m pode resultar em devolu\u00e7\u00f5es de produtos, afetando ainda mais a lucratividade.<\/p>\n<h3>Dissuasor de ru\u00eddo<\/h3>\n<p>Os compressores de ar tradicionais podem produzir ru\u00eddo excessivo, o que impede que usu\u00e1rios dom\u00e9sticos e espa\u00e7os de cria\u00e7\u00e3o educacionais utilizem m\u00e1quinas de corte a laser. Essa limita\u00e7\u00e3o restringe o potencial de mercado e as oportunidades de vendas para distribuidores.<\/p>\n<h2>4. Nossa solu\u00e7\u00e3o: Redefinindo a assist\u00eancia a\u00e9rea profissional<\/h2>\n<h3>Design sem \u00f3leo e sem \u00e1gua<\/h3>\n<p>Nossa bomba de ar possui um design isento de \u00f3leo e \u00e1gua (modelo 100%), garantindo a prote\u00e7\u00e3o completa das lentes a laser. Isso significa que os usu\u00e1rios finais podem operar seus equipamentos com tranquilidade, sem se preocupar com manuten\u00e7\u00f5es frequentes ou contamina\u00e7\u00e3o.<\/p>\n<h3>Tecnologia ultrassilenciosa<\/h3>\n<p>Projetada especificamente para ambientes internos e est\u00fadios dom\u00e9sticos, nossa bomba de ar opera com um n\u00edvel de ru\u00eddo excepcionalmente baixo (menos de 60 dB). Essa caracter\u00edstica melhora significativamente a experi\u00eancia do usu\u00e1rio, tornando-a adequada para diversas aplica\u00e7\u00f5es sem perturbar o ambiente.<\/p>\n<h3>Desempenho poderoso<\/h3>\n<p>Com uma vaz\u00e3o constante de 30 L\/min, nossa bomba garante que, mesmo ao cortar madeira espessa ou materiais acr\u00edlicos, os cortes permane\u00e7am limpos e livres de fuma\u00e7a e detritos. Essa confiabilidade se traduz em maior efici\u00eancia e melhor qualidade de produ\u00e7\u00e3o para os usu\u00e1rios finais.<\/p>\n<h2>5. Ampla compatibilidade: combina\u00e7\u00e3o completa em um s\u00f3 lugar<\/h2>\n<p>Nossa bomba de ar foi projetada para ser compat\u00edvel com o modelo 95% das principais m\u00e1quinas de corte a laser do mercado, incluindo xTool, Ortur, Atomstack e diversos sistemas de laser de CO2. Essa ampla compatibilidade oferece aos distribuidores uma vantagem significativa.<\/p>\n<h3>Benef\u00edcios para distribuidores<\/h3>\n<p>Ao manterem em estoque nossa bomba de ar, os distribuidores podem desfrutar da conveni\u00eancia de um \u00fanico produto que serve para v\u00e1rias m\u00e1quinas, o que reduz significativamente a press\u00e3o sobre o estoque e a complexidade na gest\u00e3o de invent\u00e1rio. Essa efici\u00eancia permite que os distribuidores se concentrem na expans\u00e3o de seus neg\u00f3cios sem o fardo de uma gest\u00e3o excessiva de estoque.<\/p>\n<h2>6. Vantagens da Cadeia de Suprimentos e das Parcerias<\/h2>\n<h3>For\u00e7a de f\u00e1brica<\/h3>\n<p>Nosso compromisso com a qualidade se reflete em nossos rigorosos processos de controle de qualidade, garantindo uma taxa de defeitos notavelmente baixa, inferior a 1%. Essa confiabilidade ajuda a reduzir os custos log\u00edsticos relacionados a devolu\u00e7\u00f5es e trocas, proporcionando uma experi\u00eancia operacional tranquila para nossos parceiros.<\/p>\n<h3>Servi\u00e7os personalizados (OEM\/ODM)<\/h3>\n<p>Oferecemos servi\u00e7os personaliz\u00e1veis, incluindo a inser\u00e7\u00e3o do logotipo da marca, o design da embalagem e a adapta\u00e7\u00e3o a diversas especifica\u00e7\u00f5es de plugues. Essa flexibilidade permite que os parceiros estabele\u00e7am sua pr\u00f3pria identidade de marca, ampliando ainda mais sua presen\u00e7a no mercado.<\/p>\n<h3>Suporte p\u00f3s-venda<\/h3>\n<p>Nossa equipe se dedica a fornecer respostas t\u00e9cnicas r\u00e1pidas e capacidade de fornecimento de pe\u00e7as de reposi\u00e7\u00e3o. Esse compromisso com o suporte garante que os clientes possam contar conosco para assist\u00eancia oportuna e efici\u00eancia operacional cont\u00ednua.<\/p>\n<h2>7. Conclus\u00e3o e Chamada para A\u00e7\u00e3o (CTA)<\/h2>\n<p>Em suma, n\u00e3o deixe que acess\u00f3rios inferiores comprometam a reputa\u00e7\u00e3o de suas m\u00e1quinas de alta qualidade. Selecionar uma bomba de ar de qualidade que esteja \u00e0 altura do seu equipamento \u00e9 essencial para manter uma reputa\u00e7\u00e3o impec\u00e1vel no setor.<\/p>\n<p>Tome uma atitude hoje mesmo entrando em contato conosco para solicitar testes de amostras ou para receber os pre\u00e7os de atacado B2B mais recentes.<\/p>\n<p>Visita <a href=\"https:\/\/aircompressorforlasercutter.com\/pt_pt\/contate-nos\/\">aqui<\/a> entrar em contato.<\/p>","protected":false},"excerpt":{"rendered":"<p>Laser Lens Cooling Air Pump System: The Unsung Hero of Laser Cutting 1. Introduction: The Unsung Hero In the world of laser cutting and engraving, buyers often invest significantly in high-end laser machines, yet the critical role of air pumps is frequently overlooked. These components might seem secondary, but they play a vital role in [&hellip;]<\/p>","protected":false},"featured_media":457,"comment_status":"open","ping_status":"closed","template":"","meta":{"_et_pb_use_builder":"","_et_pb_old_content":"","_et_gb_content_width":""},"product_brand":[],"product_cat":[1093],"product_tag":[1094],"class_list":{"0":"post-480","1":"product","2":"type-product","3":"status-publish","4":"has-post-thumbnail","6":"product_cat-air-compressor-for-laser-cutter","7":"product_tag-air-compressor-for-laser-cutter","9":"first","10":"instock","11":"shipping-taxable","12":"product-type-simple"},"_links":{"self":[{"href":"https:\/\/aircompressorforlasercutter.com\/pt_pt\/wp-json\/wp\/v2\/product\/480","targetHints":{"allow":["GET"]}}],"collection":[{"href":"https:\/\/aircompressorforlasercutter.com\/pt_pt\/wp-json\/wp\/v2\/product"}],"about":[{"href":"https:\/\/aircompressorforlasercutter.com\/pt_pt\/wp-json\/wp\/v2\/types\/product"}],"replies":[{"embeddable":true,"href":"https:\/\/aircompressorforlasercutter.com\/pt_pt\/wp-json\/wp\/v2\/comments?post=480"}],"wp:featuredmedia":[{"embeddable":true,"href":"https:\/\/aircompressorforlasercutter.com\/pt_pt\/wp-json\/wp\/v2\/media\/457"}],"wp:attachment":[{"href":"https:\/\/aircompressorforlasercutter.com\/pt_pt\/wp-json\/wp\/v2\/media?parent=480"}],"wp:term":[{"taxonomy":"product_brand","embeddable":true,"href":"https:\/\/aircompressorforlasercutter.com\/pt_pt\/wp-json\/wp\/v2\/product_brand?post=480"},{"taxonomy":"product_cat","embeddable":true,"href":"https:\/\/aircompressorforlasercutter.com\/pt_pt\/wp-json\/wp\/v2\/product_cat?post=480"},{"taxonomy":"product_tag","embeddable":true,"href":"https:\/\/aircompressorforlasercutter.com\/pt_pt\/wp-json\/wp\/v2\/product_tag?post=480"}],"curies":[{"name":"wp","href":"https:\/\/api.w.org\/{rel}","templated":true}]}}